{"id":1571,"date":"2020-01-20T20:18:14","date_gmt":"2020-01-20T20:18:14","guid":{"rendered":"https:\/\/simicur.dalphes.com\/?page_id=1571"},"modified":"2020-01-20T20:18:14","modified_gmt":"2020-01-20T20:18:14","slug":"graphicur-2","status":"publish","type":"page","link":"https:\/\/simicur.com\/de\/homoeopathische-arzneimittel\/graphicur-2\/","title":{"rendered":"Graphicur 2"},"content":{"rendered":"<div class=\"woocommerce\">\t\t\t<div class=\"single-product\" data-product-page-preselected-id=\"0\">\n\t\t\t\t<div class=\"woocommerce-notices-wrapper\"><\/div><div id=\"product-1443\" class=\"product type-product post-1443 status-publish first instock product_cat-homoopathische-arzneimittel has-post-thumbnail taxable shipping-taxable purchasable product-type-simple product-grid-view\">\n\n\t<div class=\"avada-single-product-gallery-wrapper\">\n<div class=\"woocommerce-product-gallery woocommerce-product-gallery--with-images woocommerce-product-gallery--columns-4 images avada-product-gallery\" data-columns=\"4\" style=\"opacity: 0; transition: opacity .25s ease-in-out;\">\n\t<div class=\"woocommerce-product-gallery__wrapper\">\n\t\t<div data-thumb=\"https:\/\/simicur.com\/wp-content\/uploads\/2020\/01\/10_simicur_graphicur-100x100.jpg\" data-thumb-alt=\"Graphicur 2\" data-thumb-srcset=\"https:\/\/simicur.com\/wp-content\/uploads\/2020\/01\/10_simicur_graphicur-66x66.jpg 66w, https:\/\/simicur.com\/wp-content\/uploads\/2020\/01\/10_simicur_graphicur-100x100.jpg 100w, https:\/\/simicur.com\/wp-content\/uploads\/2020\/01\/10_simicur_graphicur-150x150.jpg 150w\"  data-thumb-sizes=\"(max-width: 100px) 100vw, 100px\" class=\"woocommerce-product-gallery__image\"><a href=\"https:\/\/simicur.com\/wp-content\/uploads\/2020\/01\/10_simicur_graphicur.jpg\"><img decoding=\"async\" width=\"640\" height=\"800\" src=\"https:\/\/simicur.com\/wp-content\/uploads\/2020\/01\/10_simicur_graphicur.jpg\" class=\"wp-post-image\" alt=\"Graphicur 2\" data-caption=\"\" data-src=\"https:\/\/simicur.com\/wp-content\/uploads\/2020\/01\/10_simicur_graphicur.jpg\" data-large_image=\"https:\/\/simicur.com\/wp-content\/uploads\/2020\/01\/10_simicur_graphicur.jpg\" data-large_image_width=\"640\" data-large_image_height=\"800\" srcset=\"https:\/\/simicur.com\/wp-content\/uploads\/2020\/01\/10_simicur_graphicur-200x250.jpg 200w, https:\/\/simicur.com\/wp-content\/uploads\/2020\/01\/10_simicur_graphicur-240x300.jpg 240w, https:\/\/simicur.com\/wp-content\/uploads\/2020\/01\/10_simicur_graphicur-400x500.jpg 400w, https:\/\/simicur.com\/wp-content\/uploads\/2020\/01\/10_simicur_graphicur-500x625.jpg 500w, https:\/\/simicur.com\/wp-content\/uploads\/2020\/01\/10_simicur_graphicur-600x750.jpg 600w, https:\/\/simicur.com\/wp-content\/uploads\/2020\/01\/10_simicur_graphicur.jpg 640w\" sizes=\"(max-width: 640px) 100vw, 640px\" \/><\/a><a class=\"avada-product-gallery-lightbox-trigger\" href=\"https:\/\/simicur.com\/wp-content\/uploads\/2020\/01\/10_simicur_graphicur.jpg\" data-rel=\"iLightbox[]\" alt=\"\" data-title=\"10_simicur_graphicur\" title=\"10_simicur_graphicur\" data-caption=\"\"><\/a><\/div>\t<\/div>\n<\/div>\n<\/div>\n\n\t<div class=\"summary entry-summary\">\n\t\t<div class=\"summary-container\"><h1 class=\"product_title entry-title\">Graphicur 2<\/h1><p class=\"price\"><span class=\"woocommerce-Price-amount amount\"><bdi><span class=\"woocommerce-Price-currencySymbol\">&euro;<\/span>27.99<\/bdi><\/span><\/p>\n\n<div class=\"post-content woocommerce-product-details__short-description\">\n\t<p><b>Anwendung:<\/b> Ekzem, n\u00e4ssendes Ekzem, nasse Mauke, feuchter und eiternder Hautausschlag.<\/p>\n<\/div>\n\n\t\n\t<form class=\"cart\" action=\"\" method=\"post\" enctype='multipart\/form-data'>\n\t\t\n\t\t<div class=\"quantity\">\n\t\t<label class=\"screen-reader-text\" for=\"quantity_69eb10084d6a2\">Graphicur 2 Menge<\/label>\n\t<input\n\t\ttype=\"number\"\n\t\t\t\tid=\"quantity_69eb10084d6a2\"\n\t\tclass=\"input-text qty text\"\n\t\tname=\"quantity\"\n\t\tvalue=\"1\"\n\t\taria-label=\"Produktmenge\"\n\t\t\t\tmin=\"1\"\n\t\t\t\t\t\t\tstep=\"1\"\n\t\t\tplaceholder=\"\"\n\t\t\tinputmode=\"numeric\"\n\t\t\tautocomplete=\"off\"\n\t\t\t\/>\n\t<\/div>\n\n\t\t<button type=\"submit\" name=\"add-to-cart\" value=\"1443\" class=\"single_add_to_cart_button button alt\">In den Warenkorb<\/button>\n\n\t\t\t<\/form>\n\n\t\n<div class=\"product_meta\">\n\n\t\n\t\n\t<span class=\"posted_in\">Kategorie: <a href=\"https:\/\/simicur.com\/de\/product-category\/homoopathische-arzneimittel\/\" rel=\"tag\">Hom\u00f6opathische Arzneimittel<\/a><\/span>\n\t\n\t\n<\/div>\n<\/div>\t<\/div>\n\n\t\n\t<div class=\"woocommerce-tabs wc-tabs-wrapper\">\n\t\t<ul class=\"tabs wc-tabs\" role=\"tablist\">\n\t\t\t\t\t\t\t<li role=\"presentation\" class=\"description_tab\" id=\"tab-title-description\">\n\t\t\t\t\t<a href=\"#tab-description\" role=\"tab\" aria-controls=\"tab-description\">\n\t\t\t\t\t\tBeschreibung\t\t\t\t\t<\/a>\n\t\t\t\t<\/li>\n\t\t\t\t\t\t\t<li role=\"presentation\" class=\"additional_information_tab\" id=\"tab-title-additional_information\">\n\t\t\t\t\t<a href=\"#tab-additional_information\" role=\"tab\" aria-controls=\"tab-additional_information\">\n\t\t\t\t\t\tZus\u00e4tzliche Informationen\t\t\t\t\t<\/a>\n\t\t\t\t<\/li>\n\t\t\t\t\t<\/ul>\n\t\t\t\t\t<div class=\"woocommerce-Tabs-panel woocommerce-Tabs-panel--description panel entry-content wc-tab\" id=\"tab-description\" role=\"tabpanel\" aria-labelledby=\"tab-title-description\">\n\t\t\t\t\n<div class=\"post-content\">\n\t\t  <h3 class=\"fusion-woocommerce-tab-title\">Beschreibung<\/h3>\n\t\n\t<p><strong>GRAPHICUR II &#8211; compositum f\u00fcr n\u00e4ssende Mauke und Ekzem<\/strong><\/p>\n<p>Graphicur II ist eine hom\u00f6opathische Tinktur in eine 100 ml Tropfflasche von SIMICUR zur oralen Anwendung bei Hunden, Katzen, Pferden und Ponys.<br \/>\nGraphicur II ist auf der Basis von Hom\u00f6opathie und Phytotherapie aus stark verd\u00fcnnten Pflanzenextrakten und Mineralien zusammengesetzt:<\/p>\n<ul>\n<li>Carbo mineralis D6 (risse, chronisches Ekzem)<\/li>\n<li>Daphne mezereum D6 (hautausschlag mit Blasenbildung)<\/li>\n<\/ul>\n<hr \/>\n<p><strong>Anwendung:<\/strong> Dem Futter beigef\u00fcgt sorgt Graphicur II f\u00fcr einen optimalen Stoffwechsel der Haut. Graphicur II wirkt auf feuchten und eiternden Hautausschlag regulierend und ist dadurch anwendbar bei der Behandlung von nasser Mauke und n\u00e4ssendem Ekzem, einhergehend mit Schorfbildung. Vorzugsweise erfolgt die Anwendung in Kombination mit SIMICUR Wundspray.<\/p>\n<hr \/>\n<p><strong>Wirkung:<\/strong> Mauke ist eine Sammelname f\u00fcr verschiedenartige Formen von Hautentz\u00fcndung an den F\u00fc\u00dfen. Trockenen Mauke ist durch Risse gekennzeichnet, w\u00e4hrend nasse Mauke ein nasser Ausschlag mit dicken Krusten ist. Graphicur II weist eine heilende Wirkung auf nasse Mauke und n\u00e4ssende Ekzeme auf. Graphites (Carbo mineralis) wirkt auf Hautrisse , wobei Mezereum gegen den eiternden Hautausschlag wirksam ist, der kennzeichnend f\u00fcr nasse Mauke ist.<\/p>\n<hr \/>\n<p><strong>Dosierung:<\/strong> Graphicur II soll oral durch das Futter, in das Trinkwasser oder direkt in das Maul in folgenden Dosierungen verabreicht werden:<\/p>\n<table border=\"0\" align=\"left\">\n<tbody>\n<tr>\n<td>Pferde\/Pony:<\/td>\n<td>2 x t\u00e4glich 30 Tropfen<\/td>\n<\/tr>\n<tr>\n<td>Hunde:<\/td>\n<td>2 x t\u00e4glich 15-25 Tropfen<\/td>\n<\/tr>\n<tr>\n<td>Katze:<\/td>\n<td>2 x t\u00e4glich 10-15 Tropfen<\/td>\n<\/tr>\n<\/tbody>\n<\/table>\n<p>&nbsp;<\/p>\n<p>&nbsp;<\/p>\n<p><strong><br \/>\nInhalt:<\/strong> 100 ml = 2250 tropfen<\/p>\n<hr \/>\n<p><strong>Anmerkung:<\/strong> Bei der Behandlung von Mauke emfehlt es sich, die befallenen Teile trocken und sauber zu halten. Lange Haare m\u00fcssen weggeschnitten werden und wenn die Haut na\u00df geworden ist, mu\u00df diese sorgf\u00e4ltig getrocknet werden. Es empfiehlt sich, SIMICUR Wundspray in Kombination mit Graphicur anzuwenden.<\/p>\n<hr \/>\n<p><strong>Indikationen f\u00fcr Graphicur II sind:<\/strong><\/p>\n<table border=\"0\">\n<tbody>\n<tr>\n<td><strong>Pferde\/Pony<\/strong><\/td>\n<td><strong>Hunde<\/strong><\/td>\n<td><strong>Katze<\/strong><\/td>\n<\/tr>\n<tr>\n<td>nasse mauke<\/td>\n<td>n\u00e4ssendem ekzem<\/td>\n<td>n\u00e4ssendem ekzem<\/td>\n<\/tr>\n<tr>\n<td>ekzem<\/td>\n<\/tr>\n<\/tbody>\n<\/table>\n<\/div>\n\t\t\t<\/div>\n\t\t\t\t\t<div class=\"woocommerce-Tabs-panel woocommerce-Tabs-panel--additional_information panel entry-content wc-tab\" id=\"tab-additional_information\" role=\"tabpanel\" aria-labelledby=\"tab-title-additional_information\">\n\t\t\t\t\n\t<h3 class=\"fusion-woocommerce-tab-title\">Zus\u00e4tzliche Informationen<\/h3>\n\n<table class=\"woocommerce-product-attributes shop_attributes\" aria-label=\"Produktdetails\">\n\t\t\t<tr class=\"woocommerce-product-attributes-item woocommerce-product-attributes-item--weight\">\n\t\t\t<th class=\"woocommerce-product-attributes-item__label\" scope=\"row\">Gewicht<\/th>\n\t\t\t<td class=\"woocommerce-product-attributes-item__value\">0.21 kg<\/td>\n\t\t<\/tr>\n\t<\/table>\n\t\t\t<\/div>\n\t\t\n\t\t\t<\/div>\n\n<div class=\"fusion-clearfix\"><\/div>\n\n<div class=\"fusion-clearfix\"><\/div>\n\t<section class=\"related products\">\n\n\t\t\t\t\t<h2>\u00c4hnliche Produkte<\/h2>\n\t\t\t\t<ul class=\"products clearfix products-4\">\n\n\t\t\t\n\t\t\t\t\t<li class=\"product type-product post-1450 status-publish first instock product_cat-homoopathische-arzneimittel has-post-thumbnail taxable shipping-taxable purchasable product-type-simple product-grid-view\">\n\t<div class=\"fusion-product-wrapper\">\n<a href=\"https:\/\/simicur.com\/de\/shop\/homoopathische-arzneimittel\/arthricur\/\" class=\"product-images\" aria-label=\"Arthricur\">\n\n<div class=\"featured-image\">\n\t\t<img decoding=\"async\" width=\"500\" height=\"625\" src=\"https:\/\/simicur.com\/wp-content\/uploads\/2020\/01\/03_simicur_arthricur-500x625.jpg\" class=\"attachment-woocommerce_thumbnail size-woocommerce_thumbnail wp-post-image\" alt=\"\" srcset=\"https:\/\/simicur.com\/wp-content\/uploads\/2020\/01\/03_simicur_arthricur-200x250.jpg 200w, https:\/\/simicur.com\/wp-content\/uploads\/2020\/01\/03_simicur_arthricur-240x300.jpg 240w, https:\/\/simicur.com\/wp-content\/uploads\/2020\/01\/03_simicur_arthricur-400x500.jpg 400w, https:\/\/simicur.com\/wp-content\/uploads\/2020\/01\/03_simicur_arthricur-500x625.jpg 500w, https:\/\/simicur.com\/wp-content\/uploads\/2020\/01\/03_simicur_arthricur-600x750.jpg 600w, https:\/\/simicur.com\/wp-content\/uploads\/2020\/01\/03_simicur_arthricur.jpg 640w\" sizes=\"(max-width: 500px) 100vw, 500px\" \/>\n\t\t\t\t\t\t<div class=\"cart-loading\"><i class=\"awb-icon-spinner\" aria-hidden=\"true\"><\/i><\/div>\n\t\t\t<\/div>\n<\/a>\n<div class=\"fusion-product-content\">\n\t<div class=\"product-details\">\n\t\t<div class=\"product-details-container\">\n<h3 class=\"product-title\">\n\t<a href=\"https:\/\/simicur.com\/de\/shop\/homoopathische-arzneimittel\/arthricur\/\">\n\t\tArthricur\t<\/a>\n<\/h3>\n<div class=\"fusion-price-rating\">\n\t<div itemprop=\"description\" style=\"font-size: 80%; height:150px;\">\r\n\t\t<p><b>Anwendung:<\/b> R\u00fcckenschmerzen, &#8218;Kissing Spines&#8216;, Muskelschmerzen, Arthrose, steife Muskeln, Muskelverletzungen, Kreuzverschlag, Arthritis.<\/p>\n\t<\/div>\r\n\t\n\t<span class=\"price\"><span class=\"woocommerce-Price-amount amount\"><bdi><span class=\"woocommerce-Price-currencySymbol\">&euro;<\/span>27.99<\/bdi><\/span><\/span>\n\t\t<\/div>\n\t<\/div>\n<\/div>\n\n\n\t<div class=\"product-buttons\">\n\t\t<div class=\"fusion-content-sep sep-double sep-solid\"><\/div>\n\t\t<div class=\"product-buttons-container clearfix\">\n<a href=\"\/de\/wp-json\/wp\/v2\/pages\/1571?add-to-cart=1450\" aria-describedby=\"woocommerce_loop_add_to_cart_link_describedby_1450\" data-quantity=\"1\" class=\"button product_type_simple add_to_cart_button ajax_add_to_cart\" data-product_id=\"1450\" data-product_sku=\"\" aria-label=\"In den Warenkorb legen: \u201eArthricur\u201c\" rel=\"nofollow\">In den Warenkorb<\/a>\t<span id=\"woocommerce_loop_add_to_cart_link_describedby_1450\" class=\"screen-reader-text\">\n\t\t\t<\/span>\n\n<a href=\"https:\/\/simicur.com\/de\/shop\/homoopathische-arzneimittel\/arthricur\/\" class=\"show_details_button\">\n\tDetails<\/a>\n\n\n\t<\/div>\n\t<\/div>\n\n\t<\/div> <\/div>\n<\/li>\n\n\t\t\t\n\t\t\t\t\t<li class=\"product type-product post-4826 status-publish instock product_cat-homoopathische-arzneimittel has-post-thumbnail taxable shipping-taxable purchasable product-type-simple product-grid-view\">\n\t<div class=\"fusion-product-wrapper\">\n<a href=\"https:\/\/simicur.com\/de\/shop\/homoopathische-arzneimittel\/traumacur\/\" class=\"product-images\" aria-label=\"Traumacur\">\n\n<div class=\"featured-image\">\n\t\t<img decoding=\"async\" width=\"500\" height=\"625\" src=\"https:\/\/simicur.com\/wp-content\/uploads\/2020\/01\/18_simicur_traumacur-500x625.jpg\" class=\"attachment-woocommerce_thumbnail size-woocommerce_thumbnail wp-post-image\" alt=\"\" srcset=\"https:\/\/simicur.com\/wp-content\/uploads\/2020\/01\/18_simicur_traumacur-200x250.jpg 200w, https:\/\/simicur.com\/wp-content\/uploads\/2020\/01\/18_simicur_traumacur-240x300.jpg 240w, https:\/\/simicur.com\/wp-content\/uploads\/2020\/01\/18_simicur_traumacur-400x500.jpg 400w, https:\/\/simicur.com\/wp-content\/uploads\/2020\/01\/18_simicur_traumacur-500x625.jpg 500w, https:\/\/simicur.com\/wp-content\/uploads\/2020\/01\/18_simicur_traumacur-600x750.jpg 600w, https:\/\/simicur.com\/wp-content\/uploads\/2020\/01\/18_simicur_traumacur.jpg 640w\" sizes=\"(max-width: 500px) 100vw, 500px\" \/>\n\t\t\t\t\t\t<div class=\"cart-loading\"><i class=\"awb-icon-spinner\" aria-hidden=\"true\"><\/i><\/div>\n\t\t\t<\/div>\n<\/a>\n<div class=\"fusion-product-content\">\n\t<div class=\"product-details\">\n\t\t<div class=\"product-details-container\">\n<h3 class=\"product-title\">\n\t<a href=\"https:\/\/simicur.com\/de\/shop\/homoopathische-arzneimittel\/traumacur\/\">\n\t\tTraumacur\t<\/a>\n<\/h3>\n<div class=\"fusion-price-rating\">\n\t<div itemprop=\"description\" style=\"font-size: 80%; height:150px;\">\r\n\t\t<p><strong>Anwendung:<\/strong> Schmerzen, Zerrungen und Verstauchungen, Verletzung, Bluterguss (H\u00e4matom), Arthrose und Unfall, Wunden (Bisswunde, Schnittwunde, Drahtwunde), Nachbehandlung von Operationswunden, Entz\u00fcndung der Blutgef\u00e4\u00dfe, schmerzender steifer Nacken.    <\/p>\n\t<\/div>\r\n\t\n\t<span class=\"price\"><span class=\"woocommerce-Price-amount amount\"><bdi><span class=\"woocommerce-Price-currencySymbol\">&euro;<\/span>27.99<\/bdi><\/span><\/span>\n\t\t<\/div>\n\t<\/div>\n<\/div>\n\n\n\t<div class=\"product-buttons\">\n\t\t<div class=\"fusion-content-sep sep-double sep-solid\"><\/div>\n\t\t<div class=\"product-buttons-container clearfix\">\n<a href=\"\/de\/wp-json\/wp\/v2\/pages\/1571?add-to-cart=4826\" aria-describedby=\"woocommerce_loop_add_to_cart_link_describedby_4826\" data-quantity=\"1\" class=\"button product_type_simple add_to_cart_button ajax_add_to_cart\" data-product_id=\"4826\" data-product_sku=\"\" aria-label=\"In den Warenkorb legen: \u201eTraumacur\u201c\" rel=\"nofollow\">In den Warenkorb<\/a>\t<span id=\"woocommerce_loop_add_to_cart_link_describedby_4826\" class=\"screen-reader-text\">\n\t\t\t<\/span>\n\n<a href=\"https:\/\/simicur.com\/de\/shop\/homoopathische-arzneimittel\/traumacur\/\" class=\"show_details_button\">\n\tDetails<\/a>\n\n\n\t<\/div>\n\t<\/div>\n\n\t<\/div> <\/div>\n<\/li>\n\n\t\t\t\n\t\t\t\t\t<li class=\"product type-product post-1437 status-publish instock product_cat-homoopathische-arzneimittel has-post-thumbnail taxable shipping-taxable purchasable product-type-simple product-grid-view\">\n\t<div class=\"fusion-product-wrapper\">\n<a href=\"https:\/\/simicur.com\/de\/shop\/homoopathische-arzneimittel\/stopcur\/\" class=\"product-images\" aria-label=\"Stopcur\">\n\n<div class=\"featured-image\">\n\t\t<img decoding=\"async\" width=\"500\" height=\"625\" src=\"https:\/\/simicur.com\/wp-content\/uploads\/2020\/01\/16_simicur_stopcur-500x625.jpg\" class=\"attachment-woocommerce_thumbnail size-woocommerce_thumbnail wp-post-image\" alt=\"\" srcset=\"https:\/\/simicur.com\/wp-content\/uploads\/2020\/01\/16_simicur_stopcur-200x250.jpg 200w, https:\/\/simicur.com\/wp-content\/uploads\/2020\/01\/16_simicur_stopcur-240x300.jpg 240w, https:\/\/simicur.com\/wp-content\/uploads\/2020\/01\/16_simicur_stopcur-400x500.jpg 400w, https:\/\/simicur.com\/wp-content\/uploads\/2020\/01\/16_simicur_stopcur-500x625.jpg 500w, https:\/\/simicur.com\/wp-content\/uploads\/2020\/01\/16_simicur_stopcur-600x750.jpg 600w, https:\/\/simicur.com\/wp-content\/uploads\/2020\/01\/16_simicur_stopcur.jpg 640w\" sizes=\"(max-width: 500px) 100vw, 500px\" \/>\n\t\t\t\t\t\t<div class=\"cart-loading\"><i class=\"awb-icon-spinner\" aria-hidden=\"true\"><\/i><\/div>\n\t\t\t<\/div>\n<\/a>\n<div class=\"fusion-product-content\">\n\t<div class=\"product-details\">\n\t\t<div class=\"product-details-container\">\n<h3 class=\"product-title\">\n\t<a href=\"https:\/\/simicur.com\/de\/shop\/homoopathische-arzneimittel\/stopcur\/\">\n\t\tStopcur\t<\/a>\n<\/h3>\n<div class=\"fusion-price-rating\">\n\t<div itemprop=\"description\" style=\"font-size: 80%; height:150px;\">\r\n\t\t<p><b>Anwendung:<\/b> Durchfall, Darmentz\u00fcndung (Dickdarmentz\u00fcndung und Blinddarmentz\u00fcndung), Kolik, Nervosit\u00e4t.<\/p>\n\t<\/div>\r\n\t\n\t<span class=\"price\"><span class=\"woocommerce-Price-amount amount\"><bdi><span class=\"woocommerce-Price-currencySymbol\">&euro;<\/span>27.99<\/bdi><\/span><\/span>\n\t\t<\/div>\n\t<\/div>\n<\/div>\n\n\n\t<div class=\"product-buttons\">\n\t\t<div class=\"fusion-content-sep sep-double sep-solid\"><\/div>\n\t\t<div class=\"product-buttons-container clearfix\">\n<a href=\"\/de\/wp-json\/wp\/v2\/pages\/1571?add-to-cart=1437\" aria-describedby=\"woocommerce_loop_add_to_cart_link_describedby_1437\" data-quantity=\"1\" class=\"button product_type_simple add_to_cart_button ajax_add_to_cart\" data-product_id=\"1437\" data-product_sku=\"\" aria-label=\"In den Warenkorb legen: \u201eStopcur\u201c\" rel=\"nofollow\">In den Warenkorb<\/a>\t<span id=\"woocommerce_loop_add_to_cart_link_describedby_1437\" class=\"screen-reader-text\">\n\t\t\t<\/span>\n\n<a href=\"https:\/\/simicur.com\/de\/shop\/homoopathische-arzneimittel\/stopcur\/\" class=\"show_details_button\">\n\tDetails<\/a>\n\n\n\t<\/div>\n\t<\/div>\n\n\t<\/div> <\/div>\n<\/li>\n\n\t\t\t\n\t\t\t\t\t<li class=\"product type-product post-1439 status-publish last instock product_cat-homoopathische-arzneimittel has-post-thumbnail featured taxable shipping-taxable purchasable product-type-simple product-grid-view\">\n\t<div class=\"fusion-product-wrapper\">\n<a href=\"https:\/\/simicur.com\/de\/shop\/homoopathische-arzneimittel\/lamicur\/\" class=\"product-images\" aria-label=\"Lamicur\">\n\n<div class=\"featured-image\">\n\t\t<img decoding=\"async\" width=\"500\" height=\"625\" src=\"https:\/\/simicur.com\/wp-content\/uploads\/2020\/01\/13_simicur_lamicur-500x625.jpg\" class=\"attachment-woocommerce_thumbnail size-woocommerce_thumbnail wp-post-image\" alt=\"\" srcset=\"https:\/\/simicur.com\/wp-content\/uploads\/2020\/01\/13_simicur_lamicur-200x250.jpg 200w, https:\/\/simicur.com\/wp-content\/uploads\/2020\/01\/13_simicur_lamicur-240x300.jpg 240w, https:\/\/simicur.com\/wp-content\/uploads\/2020\/01\/13_simicur_lamicur-400x500.jpg 400w, https:\/\/simicur.com\/wp-content\/uploads\/2020\/01\/13_simicur_lamicur-500x625.jpg 500w, https:\/\/simicur.com\/wp-content\/uploads\/2020\/01\/13_simicur_lamicur-600x750.jpg 600w, https:\/\/simicur.com\/wp-content\/uploads\/2020\/01\/13_simicur_lamicur.jpg 640w\" sizes=\"(max-width: 500px) 100vw, 500px\" \/>\n\t\t\t\t\t\t<div class=\"cart-loading\"><i class=\"awb-icon-spinner\" aria-hidden=\"true\"><\/i><\/div>\n\t\t\t<\/div>\n<\/a>\n<div class=\"fusion-product-content\">\n\t<div class=\"product-details\">\n\t\t<div class=\"product-details-container\">\n<h3 class=\"product-title\">\n\t<a href=\"https:\/\/simicur.com\/de\/shop\/homoopathische-arzneimittel\/lamicur\/\">\n\t\tLamicur\t<\/a>\n<\/h3>\n<div class=\"fusion-price-rating\">\n\t<div itemprop=\"description\" style=\"font-size: 80%; height:150px;\">\r\n\t\t<p><b>Anwendung (Pferde):<\/b> Hufrehe und entz\u00fcndete Huflederhaut<\/p>\n\t<\/div>\r\n\t\n\t<span class=\"price\"><span class=\"woocommerce-Price-amount amount\"><bdi><span class=\"woocommerce-Price-currencySymbol\">&euro;<\/span>27.99<\/bdi><\/span><\/span>\n\t\t<\/div>\n\t<\/div>\n<\/div>\n\n\n\t<div class=\"product-buttons\">\n\t\t<div class=\"fusion-content-sep sep-double sep-solid\"><\/div>\n\t\t<div class=\"product-buttons-container clearfix\">\n<a href=\"\/de\/wp-json\/wp\/v2\/pages\/1571?add-to-cart=1439\" aria-describedby=\"woocommerce_loop_add_to_cart_link_describedby_1439\" data-quantity=\"1\" class=\"button product_type_simple add_to_cart_button ajax_add_to_cart\" data-product_id=\"1439\" data-product_sku=\"\" aria-label=\"In den Warenkorb legen: \u201eLamicur\u201c\" rel=\"nofollow\">In den Warenkorb<\/a>\t<span id=\"woocommerce_loop_add_to_cart_link_describedby_1439\" class=\"screen-reader-text\">\n\t\t\t<\/span>\n\n<a href=\"https:\/\/simicur.com\/de\/shop\/homoopathische-arzneimittel\/lamicur\/\" class=\"show_details_button\">\n\tDetails<\/a>\n\n\n\t<\/div>\n\t<\/div>\n\n\t<\/div> <\/div>\n<\/li>\n\n\t\t\t\n\t\t<\/ul>\n\n\t<\/section>\n\t<\/div>\n\n\t\t\t<\/div>\n\t\t\t<\/div>\n","protected":false},"excerpt":{"rendered":"","protected":false},"author":1,"featured_media":0,"parent":1056,"menu_order":0,"comment_status":"closed","ping_status":"closed","template":"","meta":{"footnotes":""},"class_list":["post-1571","page","type-page","status-publish","hentry"],"_links":{"self":[{"href":"https:\/\/simicur.com\/de\/wp-json\/wp\/v2\/pages\/1571","targetHints":{"allow":["GET"]}}],"collection":[{"href":"https:\/\/simicur.com\/de\/wp-json\/wp\/v2\/pages"}],"about":[{"href":"https:\/\/simicur.com\/de\/wp-json\/wp\/v2\/types\/page"}],"author":[{"embeddable":true,"href":"https:\/\/simicur.com\/de\/wp-json\/wp\/v2\/users\/1"}],"replies":[{"embeddable":true,"href":"https:\/\/simicur.com\/de\/wp-json\/wp\/v2\/comments?post=1571"}],"version-history":[{"count":2,"href":"https:\/\/simicur.com\/de\/wp-json\/wp\/v2\/pages\/1571\/revisions"}],"predecessor-version":[{"id":1591,"href":"https:\/\/simicur.com\/de\/wp-json\/wp\/v2\/pages\/1571\/revisions\/1591"}],"up":[{"embeddable":true,"href":"https:\/\/simicur.com\/de\/wp-json\/wp\/v2\/pages\/1056"}],"wp:attachment":[{"href":"https:\/\/simicur.com\/de\/wp-json\/wp\/v2\/media?parent=1571"}],"curies":[{"name":"wp","href":"https:\/\/api.w.org\/{rel}","templated":true}]}}