{"id":1592,"date":"2020-01-20T20:18:50","date_gmt":"2020-01-20T20:18:50","guid":{"rendered":"https:\/\/simicur.dalphes.com\/?page_id=1592"},"modified":"2020-01-20T20:18:50","modified_gmt":"2020-01-20T20:18:50","slug":"hepacur","status":"publish","type":"page","link":"https:\/\/simicur.com\/de\/homoeopathische-arzneimittel\/hepacur\/","title":{"rendered":"Hepacur"},"content":{"rendered":"<div class=\"woocommerce\">\t\t\t<div class=\"single-product\" data-product-page-preselected-id=\"0\">\n\t\t\t\t<div class=\"woocommerce-notices-wrapper\"><\/div><div id=\"product-1442\" class=\"product type-product post-1442 status-publish first instock product_cat-homoopathische-arzneimittel has-post-thumbnail taxable shipping-taxable purchasable product-type-simple product-grid-view\">\n\n\t<div class=\"avada-single-product-gallery-wrapper\">\n<div class=\"woocommerce-product-gallery woocommerce-product-gallery--with-images woocommerce-product-gallery--columns-4 images avada-product-gallery\" data-columns=\"4\" style=\"opacity: 0; transition: opacity .25s ease-in-out;\">\n\t<div class=\"woocommerce-product-gallery__wrapper\">\n\t\t<div data-thumb=\"https:\/\/simicur.com\/wp-content\/uploads\/2020\/01\/11_simicur_hepacur-100x100.jpg\" data-thumb-alt=\"Hepacur\" data-thumb-srcset=\"https:\/\/simicur.com\/wp-content\/uploads\/2020\/01\/11_simicur_hepacur-66x66.jpg 66w, https:\/\/simicur.com\/wp-content\/uploads\/2020\/01\/11_simicur_hepacur-100x100.jpg 100w, https:\/\/simicur.com\/wp-content\/uploads\/2020\/01\/11_simicur_hepacur-150x150.jpg 150w\"  data-thumb-sizes=\"(max-width: 100px) 100vw, 100px\" class=\"woocommerce-product-gallery__image\"><a href=\"https:\/\/simicur.com\/wp-content\/uploads\/2020\/01\/11_simicur_hepacur.jpg\"><img decoding=\"async\" width=\"640\" height=\"800\" src=\"https:\/\/simicur.com\/wp-content\/uploads\/2020\/01\/11_simicur_hepacur.jpg\" class=\"wp-post-image\" alt=\"Hepacur\" data-caption=\"\" data-src=\"https:\/\/simicur.com\/wp-content\/uploads\/2020\/01\/11_simicur_hepacur.jpg\" data-large_image=\"https:\/\/simicur.com\/wp-content\/uploads\/2020\/01\/11_simicur_hepacur.jpg\" data-large_image_width=\"640\" data-large_image_height=\"800\" srcset=\"https:\/\/simicur.com\/wp-content\/uploads\/2020\/01\/11_simicur_hepacur-200x250.jpg 200w, https:\/\/simicur.com\/wp-content\/uploads\/2020\/01\/11_simicur_hepacur-240x300.jpg 240w, https:\/\/simicur.com\/wp-content\/uploads\/2020\/01\/11_simicur_hepacur-400x500.jpg 400w, https:\/\/simicur.com\/wp-content\/uploads\/2020\/01\/11_simicur_hepacur-500x625.jpg 500w, https:\/\/simicur.com\/wp-content\/uploads\/2020\/01\/11_simicur_hepacur-600x750.jpg 600w, https:\/\/simicur.com\/wp-content\/uploads\/2020\/01\/11_simicur_hepacur.jpg 640w\" sizes=\"(max-width: 640px) 100vw, 640px\" \/><\/a><a class=\"avada-product-gallery-lightbox-trigger\" href=\"https:\/\/simicur.com\/wp-content\/uploads\/2020\/01\/11_simicur_hepacur.jpg\" data-rel=\"iLightbox[]\" alt=\"\" data-title=\"11_simicur_hepacur\" title=\"11_simicur_hepacur\" data-caption=\"\"><\/a><\/div>\t<\/div>\n<\/div>\n<\/div>\n\n\t<div class=\"summary entry-summary\">\n\t\t<div class=\"summary-container\"><h1 class=\"product_title entry-title\">Hepacur<\/h1><p class=\"price\"><span class=\"woocommerce-Price-amount amount\"><bdi><span class=\"woocommerce-Price-currencySymbol\">&euro;<\/span>27.99<\/bdi><\/span><\/p>\n\n<div class=\"post-content woocommerce-product-details__short-description\">\n\t<p><b>Anwendung:<\/b> Leberentz\u00fcndung, M\u00fcdigkeit, Entz\u00fcndung der Galleng\u00e4nge, Gelbsucht, Hepatitis, Dermatitis.<\/p>\n<\/div>\n\n\t\n\t<form class=\"cart\" action=\"\" method=\"post\" enctype='multipart\/form-data'>\n\t\t\n\t\t<div class=\"quantity\">\n\t\t<label class=\"screen-reader-text\" for=\"quantity_69f7356f419a1\">Hepacur Menge<\/label>\n\t<input\n\t\ttype=\"number\"\n\t\t\t\tid=\"quantity_69f7356f419a1\"\n\t\tclass=\"input-text qty text\"\n\t\tname=\"quantity\"\n\t\tvalue=\"1\"\n\t\taria-label=\"Produktmenge\"\n\t\t\t\tmin=\"1\"\n\t\t\t\t\t\t\tstep=\"1\"\n\t\t\tplaceholder=\"\"\n\t\t\tinputmode=\"numeric\"\n\t\t\tautocomplete=\"off\"\n\t\t\t\/>\n\t<\/div>\n\n\t\t<button type=\"submit\" name=\"add-to-cart\" value=\"1442\" class=\"single_add_to_cart_button button alt\">In den Warenkorb<\/button>\n\n\t\t\t<\/form>\n\n\t\n<div class=\"product_meta\">\n\n\t\n\t\n\t<span class=\"posted_in\">Kategorie: <a href=\"https:\/\/simicur.com\/de\/product-category\/homoopathische-arzneimittel\/\" rel=\"tag\">Hom\u00f6opathische Arzneimittel<\/a><\/span>\n\t\n\t\n<\/div>\n<\/div>\t<\/div>\n\n\t\n\t<div class=\"woocommerce-tabs wc-tabs-wrapper\">\n\t\t<ul class=\"tabs wc-tabs\" role=\"tablist\">\n\t\t\t\t\t\t\t<li role=\"presentation\" class=\"description_tab\" id=\"tab-title-description\">\n\t\t\t\t\t<a href=\"#tab-description\" role=\"tab\" aria-controls=\"tab-description\">\n\t\t\t\t\t\tBeschreibung\t\t\t\t\t<\/a>\n\t\t\t\t<\/li>\n\t\t\t\t\t\t\t<li role=\"presentation\" class=\"additional_information_tab\" id=\"tab-title-additional_information\">\n\t\t\t\t\t<a href=\"#tab-additional_information\" role=\"tab\" aria-controls=\"tab-additional_information\">\n\t\t\t\t\t\tZus\u00e4tzliche Informationen\t\t\t\t\t<\/a>\n\t\t\t\t<\/li>\n\t\t\t\t\t<\/ul>\n\t\t\t\t\t<div class=\"woocommerce-Tabs-panel woocommerce-Tabs-panel--description panel entry-content wc-tab\" id=\"tab-description\" role=\"tabpanel\" aria-labelledby=\"tab-title-description\">\n\t\t\t\t\n<div class=\"post-content\">\n\t\t  <h3 class=\"fusion-woocommerce-tab-title\">Beschreibung<\/h3>\n\t\n\t<p><strong>HEPACUR &#8211; compositum f\u00fcr Leber und Stoffwechsel<\/strong><\/p>\n<p>Hepacur ist eine hom\u00f6opathische Tinktur in eine 100 ml Tropfflasche von SIMICUR zur oralen Anwendung bei Hunden, Katzen, Pferden und Ponys.<br \/>\nHepacur ist auf der Basis von Hom\u00f6opathie und Phytotherapie aus stark verd\u00fcnnten Pflanzenextrakten zusammengesetzt:<\/p>\n<ul>\n<li>Taraxacum off. D3 (Leber- und Gallemittel)<\/li>\n<li>Hydrastis canadensis D6 (anregend auf schleimhautsekretion)<\/li>\n<li>Nux vomica D6 (Leber-, Galle-, Darm- und Magenmittel)<\/li>\n<\/ul>\n<hr \/>\n<p><strong>Anwendung:<\/strong> Dem Futter beigef\u00fcgt sorgt Hepacur f\u00fcr einen optimalen Stoffwechsel, wodurch eine gesunde und normale Reaktion auf \u00dcberbelastung und St\u00f6rungen der Leber sichergestellt wird. Deshalb kann Hepacur angewendet werden bei \u00dcberm\u00fcdung infolge einer defekten Funktion der Leber, bei Leberentz\u00fcndung einhergehend mit einer erh\u00f6hten Menge Leberenzyme im Blutserum und bei Gelbsucht (Gelbf\u00e4rbung der Schleimh\u00e4ute und des Augenwei\u00dfes)infolge einer Gallengiftst\u00f6rung.<\/p>\n<hr \/>\n<p><strong>Wirkung:<\/strong> St\u00f6rungen in der Funktion von Leber und Gallens\u00e4ften k\u00f6nnen auftreten infolge einer \u00dcberbelastung der Verdauung und des allgemeinen Stoffwechsels. Taraxacum wirkt seprtionsf\u00f6rdernd auf die Dr\u00fcsen des Mafen-Darmkanals. diese Witkung wird angeregt durch Hydrastis, das ebenfalls die Verdauung f\u00f6rdert. Nux vomica ist ein allgemeines Mittel zur Bek\u00e4mpfung von Verdauungsst\u00f6rungen.<\/p>\n<hr \/>\n<p><strong>Dosierung:<\/strong> Hepacur soll oral durch das Futter, in das Trinkwasser oder direkt in das Maul in folgenden Dosierungen verabreicht werden:<\/p>\n<table border=\"0\" align=\"left\">\n<tbody>\n<tr>\n<td>Pferde\/Pony:<\/td>\n<td>2 x t\u00e4glich 30 Tropfen<\/td>\n<\/tr>\n<tr>\n<td>Hunde:<\/td>\n<td>2 x t\u00e4glich 15-25 Tropfen<\/td>\n<\/tr>\n<tr>\n<td>Katze:<\/td>\n<td>2 x t\u00e4glich 10-15 Tropfen<\/td>\n<\/tr>\n<\/tbody>\n<\/table>\n<p>&nbsp;<\/p>\n<p>&nbsp;<\/p>\n<p><strong><br \/>\nInhalt:<\/strong> 100 ml = 2250 tropfen<\/p>\n<hr \/>\n<p><strong>Indikationen f\u00fcr Hepacur sind:<\/strong><\/p>\n<table border=\"0\">\n<tbody>\n<tr>\n<td><strong>Pferde\/Pony<\/strong><\/td>\n<td><strong>Hunde<\/strong><\/td>\n<td><strong>Katze<\/strong><\/td>\n<\/tr>\n<tr>\n<td>Leberegelinfektion<\/td>\n<td>Hepatitis<\/td>\n<td>Hepatitis<\/td>\n<\/tr>\n<tr>\n<td>Icterus<\/td>\n<td><\/td>\n<td>Gallblasenentz\u00fcndung<\/td>\n<\/tr>\n<tr>\n<td>M\u00fcdigkeit<\/td>\n<td><\/td>\n<td><\/td>\n<\/tr>\n<\/tbody>\n<\/table>\n<\/div>\n\t\t\t<\/div>\n\t\t\t\t\t<div class=\"woocommerce-Tabs-panel woocommerce-Tabs-panel--additional_information panel entry-content wc-tab\" id=\"tab-additional_information\" role=\"tabpanel\" aria-labelledby=\"tab-title-additional_information\">\n\t\t\t\t\n\t<h3 class=\"fusion-woocommerce-tab-title\">Zus\u00e4tzliche Informationen<\/h3>\n\n<table class=\"woocommerce-product-attributes shop_attributes\" aria-label=\"Produktdetails\">\n\t\t\t<tr class=\"woocommerce-product-attributes-item woocommerce-product-attributes-item--weight\">\n\t\t\t<th class=\"woocommerce-product-attributes-item__label\" scope=\"row\">Gewicht<\/th>\n\t\t\t<td class=\"woocommerce-product-attributes-item__value\">0.21 kg<\/td>\n\t\t<\/tr>\n\t<\/table>\n\t\t\t<\/div>\n\t\t\n\t\t\t<\/div>\n\n<div class=\"fusion-clearfix\"><\/div>\n\n<div class=\"fusion-clearfix\"><\/div>\n\t<section class=\"related products\">\n\n\t\t\t\t\t<h2>\u00c4hnliche Produkte<\/h2>\n\t\t\t\t<ul class=\"products clearfix products-4\">\n\n\t\t\t\n\t\t\t\t\t<li class=\"product type-product post-1439 status-publish first instock product_cat-homoopathische-arzneimittel has-post-thumbnail featured taxable shipping-taxable purchasable product-type-simple product-grid-view\">\n\t<div class=\"fusion-product-wrapper\">\n<a href=\"https:\/\/simicur.com\/de\/shop\/homoopathische-arzneimittel\/lamicur\/\" class=\"product-images\" aria-label=\"Lamicur\">\n\n<div class=\"featured-image\">\n\t\t<img decoding=\"async\" width=\"500\" height=\"625\" src=\"https:\/\/simicur.com\/wp-content\/uploads\/2020\/01\/13_simicur_lamicur-500x625.jpg\" class=\"attachment-woocommerce_thumbnail size-woocommerce_thumbnail wp-post-image\" alt=\"\" srcset=\"https:\/\/simicur.com\/wp-content\/uploads\/2020\/01\/13_simicur_lamicur-200x250.jpg 200w, https:\/\/simicur.com\/wp-content\/uploads\/2020\/01\/13_simicur_lamicur-240x300.jpg 240w, https:\/\/simicur.com\/wp-content\/uploads\/2020\/01\/13_simicur_lamicur-400x500.jpg 400w, https:\/\/simicur.com\/wp-content\/uploads\/2020\/01\/13_simicur_lamicur-500x625.jpg 500w, https:\/\/simicur.com\/wp-content\/uploads\/2020\/01\/13_simicur_lamicur-600x750.jpg 600w, https:\/\/simicur.com\/wp-content\/uploads\/2020\/01\/13_simicur_lamicur.jpg 640w\" sizes=\"(max-width: 500px) 100vw, 500px\" \/>\n\t\t\t\t\t\t<div class=\"cart-loading\"><i class=\"awb-icon-spinner\" aria-hidden=\"true\"><\/i><\/div>\n\t\t\t<\/div>\n<\/a>\n<div class=\"fusion-product-content\">\n\t<div class=\"product-details\">\n\t\t<div class=\"product-details-container\">\n<h3 class=\"product-title\">\n\t<a href=\"https:\/\/simicur.com\/de\/shop\/homoopathische-arzneimittel\/lamicur\/\">\n\t\tLamicur\t<\/a>\n<\/h3>\n<div class=\"fusion-price-rating\">\n\t<div itemprop=\"description\" style=\"font-size: 80%; height:150px;\">\r\n\t\t<p><b>Anwendung (Pferde):<\/b> Hufrehe und entz\u00fcndete Huflederhaut<\/p>\n\t<\/div>\r\n\t\n\t<span class=\"price\"><span class=\"woocommerce-Price-amount amount\"><bdi><span class=\"woocommerce-Price-currencySymbol\">&euro;<\/span>27.99<\/bdi><\/span><\/span>\n\t\t<\/div>\n\t<\/div>\n<\/div>\n\n\n\t<div class=\"product-buttons\">\n\t\t<div class=\"fusion-content-sep sep-double sep-solid\"><\/div>\n\t\t<div class=\"product-buttons-container clearfix\">\n<a href=\"\/de\/wp-json\/wp\/v2\/pages\/1592?add-to-cart=1439\" aria-describedby=\"woocommerce_loop_add_to_cart_link_describedby_1439\" data-quantity=\"1\" class=\"button product_type_simple add_to_cart_button ajax_add_to_cart\" data-product_id=\"1439\" data-product_sku=\"\" aria-label=\"In den Warenkorb legen: \u201eLamicur\u201c\" rel=\"nofollow\">In den Warenkorb<\/a>\t<span id=\"woocommerce_loop_add_to_cart_link_describedby_1439\" class=\"screen-reader-text\">\n\t\t\t<\/span>\n\n<a href=\"https:\/\/simicur.com\/de\/shop\/homoopathische-arzneimittel\/lamicur\/\" class=\"show_details_button\">\n\tDetails<\/a>\n\n\n\t<\/div>\n\t<\/div>\n\n\t<\/div> <\/div>\n<\/li>\n\n\t\t\t\n\t\t\t\t\t<li class=\"product type-product post-1436 status-publish instock product_cat-homoopathische-arzneimittel has-post-thumbnail featured taxable shipping-taxable purchasable product-type-simple product-grid-view\">\n\t<div class=\"fusion-product-wrapper\">\n<a href=\"https:\/\/simicur.com\/de\/shop\/homoopathische-arzneimittel\/tendocur\/\" class=\"product-images\" aria-label=\"Tendocur\">\n\n<div class=\"featured-image\">\n\t\t<img decoding=\"async\" width=\"500\" height=\"625\" src=\"https:\/\/simicur.com\/wp-content\/uploads\/2020\/01\/17_simicur_tendocur-500x625.jpg\" class=\"attachment-woocommerce_thumbnail size-woocommerce_thumbnail wp-post-image\" alt=\"\" srcset=\"https:\/\/simicur.com\/wp-content\/uploads\/2020\/01\/17_simicur_tendocur-200x250.jpg 200w, https:\/\/simicur.com\/wp-content\/uploads\/2020\/01\/17_simicur_tendocur-240x300.jpg 240w, https:\/\/simicur.com\/wp-content\/uploads\/2020\/01\/17_simicur_tendocur-400x500.jpg 400w, https:\/\/simicur.com\/wp-content\/uploads\/2020\/01\/17_simicur_tendocur-500x625.jpg 500w, https:\/\/simicur.com\/wp-content\/uploads\/2020\/01\/17_simicur_tendocur-600x750.jpg 600w, https:\/\/simicur.com\/wp-content\/uploads\/2020\/01\/17_simicur_tendocur.jpg 640w\" sizes=\"(max-width: 500px) 100vw, 500px\" \/>\n\t\t\t\t\t\t<div class=\"cart-loading\"><i class=\"awb-icon-spinner\" aria-hidden=\"true\"><\/i><\/div>\n\t\t\t<\/div>\n<\/a>\n<div class=\"fusion-product-content\">\n\t<div class=\"product-details\">\n\t\t<div class=\"product-details-container\">\n<h3 class=\"product-title\">\n\t<a href=\"https:\/\/simicur.com\/de\/shop\/homoopathische-arzneimittel\/tendocur\/\">\n\t\tTendocur\t<\/a>\n<\/h3>\n<div class=\"fusion-price-rating\">\n\t<div itemprop=\"description\" style=\"font-size: 80%; height:150px;\">\r\n\t\t<p><b>Anwendung:<\/b> Sehnenverletzungen, Sehnenentz\u00fcndung, Sehnenschlag, Knieverletzungen und lose Knie\/ Luxation der Patella, entz\u00fcndete oder gezerrte B\u00e4nder, Verstauchungen.<\/p>\n\t<\/div>\r\n\t\n\t<span class=\"price\"><span class=\"woocommerce-Price-amount amount\"><bdi><span class=\"woocommerce-Price-currencySymbol\">&euro;<\/span>27.99<\/bdi><\/span><\/span>\n\t\t<\/div>\n\t<\/div>\n<\/div>\n\n\n\t<div class=\"product-buttons\">\n\t\t<div class=\"fusion-content-sep sep-double sep-solid\"><\/div>\n\t\t<div class=\"product-buttons-container clearfix\">\n<a href=\"\/de\/wp-json\/wp\/v2\/pages\/1592?add-to-cart=1436\" aria-describedby=\"woocommerce_loop_add_to_cart_link_describedby_1436\" data-quantity=\"1\" class=\"button product_type_simple add_to_cart_button ajax_add_to_cart\" data-product_id=\"1436\" data-product_sku=\"\" aria-label=\"In den Warenkorb legen: \u201eTendocur\u201c\" rel=\"nofollow\">In den Warenkorb<\/a>\t<span id=\"woocommerce_loop_add_to_cart_link_describedby_1436\" class=\"screen-reader-text\">\n\t\t\t<\/span>\n\n<a href=\"https:\/\/simicur.com\/de\/shop\/homoopathische-arzneimittel\/tendocur\/\" class=\"show_details_button\">\n\tDetails<\/a>\n\n\n\t<\/div>\n\t<\/div>\n\n\t<\/div> <\/div>\n<\/li>\n\n\t\t\t\n\t\t\t\t\t<li class=\"product type-product post-1450 status-publish instock product_cat-homoopathische-arzneimittel has-post-thumbnail taxable shipping-taxable purchasable product-type-simple product-grid-view\">\n\t<div class=\"fusion-product-wrapper\">\n<a href=\"https:\/\/simicur.com\/de\/shop\/homoopathische-arzneimittel\/arthricur\/\" class=\"product-images\" aria-label=\"Arthricur\">\n\n<div class=\"featured-image\">\n\t\t<img decoding=\"async\" width=\"500\" height=\"625\" src=\"https:\/\/simicur.com\/wp-content\/uploads\/2020\/01\/03_simicur_arthricur-500x625.jpg\" class=\"attachment-woocommerce_thumbnail size-woocommerce_thumbnail wp-post-image\" alt=\"\" srcset=\"https:\/\/simicur.com\/wp-content\/uploads\/2020\/01\/03_simicur_arthricur-200x250.jpg 200w, https:\/\/simicur.com\/wp-content\/uploads\/2020\/01\/03_simicur_arthricur-240x300.jpg 240w, https:\/\/simicur.com\/wp-content\/uploads\/2020\/01\/03_simicur_arthricur-400x500.jpg 400w, https:\/\/simicur.com\/wp-content\/uploads\/2020\/01\/03_simicur_arthricur-500x625.jpg 500w, https:\/\/simicur.com\/wp-content\/uploads\/2020\/01\/03_simicur_arthricur-600x750.jpg 600w, https:\/\/simicur.com\/wp-content\/uploads\/2020\/01\/03_simicur_arthricur.jpg 640w\" sizes=\"(max-width: 500px) 100vw, 500px\" \/>\n\t\t\t\t\t\t<div class=\"cart-loading\"><i class=\"awb-icon-spinner\" aria-hidden=\"true\"><\/i><\/div>\n\t\t\t<\/div>\n<\/a>\n<div class=\"fusion-product-content\">\n\t<div class=\"product-details\">\n\t\t<div class=\"product-details-container\">\n<h3 class=\"product-title\">\n\t<a href=\"https:\/\/simicur.com\/de\/shop\/homoopathische-arzneimittel\/arthricur\/\">\n\t\tArthricur\t<\/a>\n<\/h3>\n<div class=\"fusion-price-rating\">\n\t<div itemprop=\"description\" style=\"font-size: 80%; height:150px;\">\r\n\t\t<p><b>Anwendung:<\/b> R\u00fcckenschmerzen, &#8218;Kissing Spines&#8216;, Muskelschmerzen, Arthrose, steife Muskeln, Muskelverletzungen, Kreuzverschlag, Arthritis.<\/p>\n\t<\/div>\r\n\t\n\t<span class=\"price\"><span class=\"woocommerce-Price-amount amount\"><bdi><span class=\"woocommerce-Price-currencySymbol\">&euro;<\/span>27.99<\/bdi><\/span><\/span>\n\t\t<\/div>\n\t<\/div>\n<\/div>\n\n\n\t<div class=\"product-buttons\">\n\t\t<div class=\"fusion-content-sep sep-double sep-solid\"><\/div>\n\t\t<div class=\"product-buttons-container clearfix\">\n<a href=\"\/de\/wp-json\/wp\/v2\/pages\/1592?add-to-cart=1450\" aria-describedby=\"woocommerce_loop_add_to_cart_link_describedby_1450\" data-quantity=\"1\" class=\"button product_type_simple add_to_cart_button ajax_add_to_cart\" data-product_id=\"1450\" data-product_sku=\"\" aria-label=\"In den Warenkorb legen: \u201eArthricur\u201c\" rel=\"nofollow\">In den Warenkorb<\/a>\t<span id=\"woocommerce_loop_add_to_cart_link_describedby_1450\" class=\"screen-reader-text\">\n\t\t\t<\/span>\n\n<a href=\"https:\/\/simicur.com\/de\/shop\/homoopathische-arzneimittel\/arthricur\/\" class=\"show_details_button\">\n\tDetails<\/a>\n\n\n\t<\/div>\n\t<\/div>\n\n\t<\/div> <\/div>\n<\/li>\n\n\t\t\t\n\t\t\t\t\t<li class=\"product type-product post-1441 status-publish last instock product_cat-homoopathische-arzneimittel has-post-thumbnail taxable shipping-taxable purchasable product-type-simple product-grid-view\">\n\t<div class=\"fusion-product-wrapper\">\n<a href=\"https:\/\/simicur.com\/de\/shop\/homoopathische-arzneimittel\/hustcur\/\" class=\"product-images\" aria-label=\"Hustcur\">\n\n<div class=\"featured-image\">\n\t\t<img decoding=\"async\" width=\"500\" height=\"625\" src=\"https:\/\/simicur.com\/wp-content\/uploads\/2020\/01\/12_simicur_hoestcur-500x625.jpg\" class=\"attachment-woocommerce_thumbnail size-woocommerce_thumbnail wp-post-image\" alt=\"\" srcset=\"https:\/\/simicur.com\/wp-content\/uploads\/2020\/01\/12_simicur_hoestcur-200x250.jpg 200w, https:\/\/simicur.com\/wp-content\/uploads\/2020\/01\/12_simicur_hoestcur-240x300.jpg 240w, https:\/\/simicur.com\/wp-content\/uploads\/2020\/01\/12_simicur_hoestcur-400x500.jpg 400w, https:\/\/simicur.com\/wp-content\/uploads\/2020\/01\/12_simicur_hoestcur-500x625.jpg 500w, https:\/\/simicur.com\/wp-content\/uploads\/2020\/01\/12_simicur_hoestcur-600x750.jpg 600w, https:\/\/simicur.com\/wp-content\/uploads\/2020\/01\/12_simicur_hoestcur.jpg 640w\" sizes=\"(max-width: 500px) 100vw, 500px\" \/>\n\t\t\t\t\t\t<div class=\"cart-loading\"><i class=\"awb-icon-spinner\" aria-hidden=\"true\"><\/i><\/div>\n\t\t\t<\/div>\n<\/a>\n<div class=\"fusion-product-content\">\n\t<div class=\"product-details\">\n\t\t<div class=\"product-details-container\">\n<h3 class=\"product-title\">\n\t<a href=\"https:\/\/simicur.com\/de\/shop\/homoopathische-arzneimittel\/hustcur\/\">\n\t\tHustcur\t<\/a>\n<\/h3>\n<div class=\"fusion-price-rating\">\n\t<div itemprop=\"description\" style=\"font-size: 80%; height:150px;\">\r\n\t\t<p><b>Anwendung:<\/b> Zwingerhusten, Schnupfen, Halsentz\u00fcndung, Erk\u00e4ltung, Bronchitis.<\/p>\n\t<\/div>\r\n\t\n\t<span class=\"price\"><span class=\"woocommerce-Price-amount amount\"><bdi><span class=\"woocommerce-Price-currencySymbol\">&euro;<\/span>27.99<\/bdi><\/span><\/span>\n\t\t<\/div>\n\t<\/div>\n<\/div>\n\n\n\t<div class=\"product-buttons\">\n\t\t<div class=\"fusion-content-sep sep-double sep-solid\"><\/div>\n\t\t<div class=\"product-buttons-container clearfix\">\n<a href=\"\/de\/wp-json\/wp\/v2\/pages\/1592?add-to-cart=1441\" aria-describedby=\"woocommerce_loop_add_to_cart_link_describedby_1441\" data-quantity=\"1\" class=\"button product_type_simple add_to_cart_button ajax_add_to_cart\" data-product_id=\"1441\" data-product_sku=\"\" aria-label=\"In den Warenkorb legen: \u201eHustcur\u201c\" rel=\"nofollow\">In den Warenkorb<\/a>\t<span id=\"woocommerce_loop_add_to_cart_link_describedby_1441\" class=\"screen-reader-text\">\n\t\t\t<\/span>\n\n<a href=\"https:\/\/simicur.com\/de\/shop\/homoopathische-arzneimittel\/hustcur\/\" class=\"show_details_button\">\n\tDetails<\/a>\n\n\n\t<\/div>\n\t<\/div>\n\n\t<\/div> <\/div>\n<\/li>\n\n\t\t\t\n\t\t<\/ul>\n\n\t<\/section>\n\t<\/div>\n\n\t\t\t<\/div>\n\t\t\t<\/div>\n","protected":false},"excerpt":{"rendered":"","protected":false},"author":1,"featured_media":0,"parent":1056,"menu_order":0,"comment_status":"closed","ping_status":"closed","template":"","meta":{"footnotes":""},"class_list":["post-1592","page","type-page","status-publish","hentry"],"_links":{"self":[{"href":"https:\/\/simicur.com\/de\/wp-json\/wp\/v2\/pages\/1592","targetHints":{"allow":["GET"]}}],"collection":[{"href":"https:\/\/simicur.com\/de\/wp-json\/wp\/v2\/pages"}],"about":[{"href":"https:\/\/simicur.com\/de\/wp-json\/wp\/v2\/types\/page"}],"author":[{"embeddable":true,"href":"https:\/\/simicur.com\/de\/wp-json\/wp\/v2\/users\/1"}],"replies":[{"embeddable":true,"href":"https:\/\/simicur.com\/de\/wp-json\/wp\/v2\/comments?post=1592"}],"version-history":[{"count":2,"href":"https:\/\/simicur.com\/de\/wp-json\/wp\/v2\/pages\/1592\/revisions"}],"predecessor-version":[{"id":1602,"href":"https:\/\/simicur.com\/de\/wp-json\/wp\/v2\/pages\/1592\/revisions\/1602"}],"up":[{"embeddable":true,"href":"https:\/\/simicur.com\/de\/wp-json\/wp\/v2\/pages\/1056"}],"wp:attachment":[{"href":"https:\/\/simicur.com\/de\/wp-json\/wp\/v2\/media?parent=1592"}],"curies":[{"name":"wp","href":"https:\/\/api.w.org\/{rel}","templated":true}]}}