{"id":1593,"date":"2020-01-20T20:19:02","date_gmt":"2020-01-20T20:19:02","guid":{"rendered":"https:\/\/simicur.dalphes.com\/?page_id=1593"},"modified":"2020-01-20T20:19:02","modified_gmt":"2020-01-20T20:19:02","slug":"lamicur","status":"publish","type":"page","link":"https:\/\/simicur.com\/de\/homoeopathische-arzneimittel\/lamicur\/","title":{"rendered":"Lamicur"},"content":{"rendered":"<div class=\"woocommerce\">\t\t\t<div class=\"single-product\" data-product-page-preselected-id=\"0\">\n\t\t\t\t<div class=\"woocommerce-notices-wrapper\"><\/div><div id=\"product-1439\" class=\"product type-product post-1439 status-publish first instock product_cat-homoopathische-arzneimittel has-post-thumbnail featured taxable shipping-taxable purchasable product-type-simple product-grid-view\">\n\n\t<div class=\"avada-single-product-gallery-wrapper\">\n<div class=\"woocommerce-product-gallery woocommerce-product-gallery--with-images woocommerce-product-gallery--columns-4 images avada-product-gallery\" data-columns=\"4\" style=\"opacity: 0; transition: opacity .25s ease-in-out;\">\n\t<div class=\"woocommerce-product-gallery__wrapper\">\n\t\t<div data-thumb=\"https:\/\/simicur.com\/wp-content\/uploads\/2020\/01\/13_simicur_lamicur-100x100.jpg\" data-thumb-alt=\"Lamicur\" data-thumb-srcset=\"https:\/\/simicur.com\/wp-content\/uploads\/2020\/01\/13_simicur_lamicur-66x66.jpg 66w, https:\/\/simicur.com\/wp-content\/uploads\/2020\/01\/13_simicur_lamicur-100x100.jpg 100w, https:\/\/simicur.com\/wp-content\/uploads\/2020\/01\/13_simicur_lamicur-150x150.jpg 150w\"  data-thumb-sizes=\"(max-width: 100px) 100vw, 100px\" class=\"woocommerce-product-gallery__image\"><a href=\"https:\/\/simicur.com\/wp-content\/uploads\/2020\/01\/13_simicur_lamicur.jpg\"><img decoding=\"async\" width=\"640\" height=\"800\" src=\"https:\/\/simicur.com\/wp-content\/uploads\/2020\/01\/13_simicur_lamicur.jpg\" class=\"wp-post-image\" alt=\"Lamicur\" data-caption=\"\" data-src=\"https:\/\/simicur.com\/wp-content\/uploads\/2020\/01\/13_simicur_lamicur.jpg\" data-large_image=\"https:\/\/simicur.com\/wp-content\/uploads\/2020\/01\/13_simicur_lamicur.jpg\" data-large_image_width=\"640\" data-large_image_height=\"800\" srcset=\"https:\/\/simicur.com\/wp-content\/uploads\/2020\/01\/13_simicur_lamicur-200x250.jpg 200w, https:\/\/simicur.com\/wp-content\/uploads\/2020\/01\/13_simicur_lamicur-240x300.jpg 240w, https:\/\/simicur.com\/wp-content\/uploads\/2020\/01\/13_simicur_lamicur-400x500.jpg 400w, https:\/\/simicur.com\/wp-content\/uploads\/2020\/01\/13_simicur_lamicur-500x625.jpg 500w, https:\/\/simicur.com\/wp-content\/uploads\/2020\/01\/13_simicur_lamicur-600x750.jpg 600w, https:\/\/simicur.com\/wp-content\/uploads\/2020\/01\/13_simicur_lamicur.jpg 640w\" sizes=\"(max-width: 640px) 100vw, 640px\" \/><\/a><a class=\"avada-product-gallery-lightbox-trigger\" href=\"https:\/\/simicur.com\/wp-content\/uploads\/2020\/01\/13_simicur_lamicur.jpg\" data-rel=\"iLightbox[]\" alt=\"\" data-title=\"13_simicur_lamicur\" title=\"13_simicur_lamicur\" data-caption=\"\"><\/a><\/div>\t<\/div>\n<\/div>\n<\/div>\n\n\t<div class=\"summary entry-summary\">\n\t\t<div class=\"summary-container\"><h1 class=\"product_title entry-title\">Lamicur<\/h1><p class=\"price\"><span class=\"woocommerce-Price-amount amount\"><bdi><span class=\"woocommerce-Price-currencySymbol\">&euro;<\/span>27.99<\/bdi><\/span><\/p>\n\n<div class=\"post-content woocommerce-product-details__short-description\">\n\t<p><b>Anwendung (Pferde):<\/b> Hufrehe und entz\u00fcndete Huflederhaut<\/p>\n<\/div>\n\n\t\n\t<form class=\"cart\" action=\"\" method=\"post\" enctype='multipart\/form-data'>\n\t\t\n\t\t<div class=\"quantity\">\n\t\t<label class=\"screen-reader-text\" for=\"quantity_69e21dcdb352c\">Lamicur Menge<\/label>\n\t<input\n\t\ttype=\"number\"\n\t\t\t\tid=\"quantity_69e21dcdb352c\"\n\t\tclass=\"input-text qty text\"\n\t\tname=\"quantity\"\n\t\tvalue=\"1\"\n\t\taria-label=\"Produktmenge\"\n\t\t\t\tmin=\"1\"\n\t\t\t\t\t\t\tstep=\"1\"\n\t\t\tplaceholder=\"\"\n\t\t\tinputmode=\"numeric\"\n\t\t\tautocomplete=\"off\"\n\t\t\t\/>\n\t<\/div>\n\n\t\t<button type=\"submit\" name=\"add-to-cart\" value=\"1439\" class=\"single_add_to_cart_button button alt\">In den Warenkorb<\/button>\n\n\t\t\t<\/form>\n\n\t\n<div class=\"product_meta\">\n\n\t\n\t\n\t<span class=\"posted_in\">Kategorie: <a href=\"https:\/\/simicur.com\/de\/product-category\/homoopathische-arzneimittel\/\" rel=\"tag\">Hom\u00f6opathische Arzneimittel<\/a><\/span>\n\t\n\t\n<\/div>\n<\/div>\t<\/div>\n\n\t\n\t<div class=\"woocommerce-tabs wc-tabs-wrapper\">\n\t\t<ul class=\"tabs wc-tabs\" role=\"tablist\">\n\t\t\t\t\t\t\t<li role=\"presentation\" class=\"description_tab\" id=\"tab-title-description\">\n\t\t\t\t\t<a href=\"#tab-description\" role=\"tab\" aria-controls=\"tab-description\">\n\t\t\t\t\t\tBeschreibung\t\t\t\t\t<\/a>\n\t\t\t\t<\/li>\n\t\t\t\t\t\t\t<li role=\"presentation\" class=\"additional_information_tab\" id=\"tab-title-additional_information\">\n\t\t\t\t\t<a href=\"#tab-additional_information\" role=\"tab\" aria-controls=\"tab-additional_information\">\n\t\t\t\t\t\tZus\u00e4tzliche Informationen\t\t\t\t\t<\/a>\n\t\t\t\t<\/li>\n\t\t\t\t\t<\/ul>\n\t\t\t\t\t<div class=\"woocommerce-Tabs-panel woocommerce-Tabs-panel--description panel entry-content wc-tab\" id=\"tab-description\" role=\"tabpanel\" aria-labelledby=\"tab-title-description\">\n\t\t\t\t\n<div class=\"post-content\">\n\t\t  <h3 class=\"fusion-woocommerce-tab-title\">Beschreibung<\/h3>\n\t\n\t<p><strong>LAMICUR &#8211; compositum f\u00fcr Hufe und Lederhaut<\/strong><\/p>\n<p>Lamicur ist eine hom\u00f6opathische Tinktur in eine 100 ml Tropfflasche von SIMICUR zur oralen Anwendung bei Pferden und Ponys.<br \/>\nLamicur ist auf der Basis von Hom\u00f6opathie und Phytotherapie aus stark verd\u00fcnnten Pflanzenextrakten zusammengesetzt:<\/p>\n<ul>\n<li>Ledum palustre D6 (auswurff\u00f6rdernd)<\/li>\n<li>Amica montana D6 (entz\u00fcndungshemmend, resorbtionsmittel)<\/li>\n<\/ul>\n<hr \/>\n<p><strong>Anwendung:<\/strong> Dem Futter beigef\u00fcgt sorgt Lamicur f\u00fcr einen optimalen Stoffwechsel, wodurch eine gesunde Entwicklung und Instandhaltung von Hufen und Huflederhaut sichergestellt wird. Deshalb kann Lamicur bei Entz\u00fcndungen der Huflederhaut angewendet werden, welche mit W\u00e4rme und stechenden Schmerzen einhergehen. Indikationen sind akute Hufrehe und \u00dcberempfindlichkeit f\u00fcr Hufrehe.<\/p>\n<hr \/>\n<p><strong>Wirkung:<\/strong> Hufrehe wird gekennzeichnet durch eine Entz\u00fcndung der Huflederhaut. Ddurch Anh\u00e4ufung von Entz\u00fcndungsprodukten zwischen der Huflederhaut und der Hornschicht des Hufes, kann Hufrehe bis zum Losl\u00f6sen der Hufwand f\u00fchren. Durch die entz\u00fcndungshemmende Wirkung von Arnika und die Abfallstoffe entfernende Wirkung von Ledum tr\u00e4gt Lamicur Sorge davor, da\u00df Hufrehe bei empfindlichen Pferden vorkommt; unter der Bedingung, da\u00df Lamicur regelm\u00e4\u00dfig und fr\u00fchzeitig angewendet wird. Bei einer bestehenden Hufrehe sorgt Lamicur daf\u00fcr, da\u00df die sich angeh\u00e4uften Abfallstoffe zwischen Huflederhaut und Hornschicht schnellstens abgef\u00fchrt werden.<\/p>\n<hr \/>\n<p><strong>Dosierung:<\/strong> Lamicur soll oral durch das Futter, in das Trinkwasser oder direkt in das Maul in folgenden Dosierungen verabreicht werden:<\/p>\n<table border=\"0\" align=\"left\">\n<tbody>\n<tr>\n<td>Pferde\/Pony:<\/td>\n<td>2 x t\u00e4glich 30 Tropfen<\/td>\n<\/tr>\n<tr>\n<td><\/td>\n<td><\/td>\n<\/tr>\n<tr>\n<td><\/td>\n<td><\/td>\n<\/tr>\n<\/tbody>\n<\/table>\n<p>&nbsp;<\/p>\n<p>&nbsp;<\/p>\n<p><strong><br \/>\nInhalt:<\/strong> 100 ml = 2250 tropfen<\/p>\n<hr \/>\n<p><strong>Anmerkungen:<\/strong> Bei Pferden, die empfindlich f\u00fcr Hufrehe sind, sollte man Lamicur bereits geraume Zeit bevor das Pferd im Fr\u00fchjahr auf die Weide geht, zuf\u00fchren.<\/p>\n<hr \/>\n<p><strong>Indikationen f\u00fcr Lamicur sind:<\/strong><\/p>\n<table border=\"0\">\n<tbody>\n<tr>\n<td><strong>Pferde\/Pony<\/strong><\/td>\n<td><\/td>\n<td><\/td>\n<\/tr>\n<tr>\n<td>Hufrehe<\/td>\n<td><\/td>\n<td><\/td>\n<\/tr>\n<tr>\n<td>Huflederhautentz\u00fcndung<\/td>\n<\/tr>\n<\/tbody>\n<\/table>\n<\/div>\n\t\t\t<\/div>\n\t\t\t\t\t<div class=\"woocommerce-Tabs-panel woocommerce-Tabs-panel--additional_information panel entry-content wc-tab\" id=\"tab-additional_information\" role=\"tabpanel\" aria-labelledby=\"tab-title-additional_information\">\n\t\t\t\t\n\t<h3 class=\"fusion-woocommerce-tab-title\">Zus\u00e4tzliche Informationen<\/h3>\n\n<table class=\"woocommerce-product-attributes shop_attributes\" aria-label=\"Produktdetails\">\n\t\t\t<tr class=\"woocommerce-product-attributes-item woocommerce-product-attributes-item--weight\">\n\t\t\t<th class=\"woocommerce-product-attributes-item__label\" scope=\"row\">Gewicht<\/th>\n\t\t\t<td class=\"woocommerce-product-attributes-item__value\">0.21 kg<\/td>\n\t\t<\/tr>\n\t<\/table>\n\t\t\t<\/div>\n\t\t\n\t\t\t<\/div>\n\n<div class=\"fusion-clearfix\"><\/div>\n\n<div class=\"fusion-clearfix\"><\/div>\n\t<section class=\"related products\">\n\n\t\t\t\t\t<h2>\u00c4hnliche Produkte<\/h2>\n\t\t\t\t<ul class=\"products clearfix products-4\">\n\n\t\t\t\n\t\t\t\t\t<li class=\"product type-product post-1442 status-publish first instock product_cat-homoopathische-arzneimittel has-post-thumbnail taxable shipping-taxable purchasable product-type-simple product-grid-view\">\n\t<div class=\"fusion-product-wrapper\">\n<a href=\"https:\/\/simicur.com\/de\/shop\/homoopathische-arzneimittel\/hepacur\/\" class=\"product-images\" aria-label=\"Hepacur\">\n\n<div class=\"featured-image\">\n\t\t<img decoding=\"async\" width=\"500\" height=\"625\" src=\"https:\/\/simicur.com\/wp-content\/uploads\/2020\/01\/11_simicur_hepacur-500x625.jpg\" class=\"attachment-woocommerce_thumbnail size-woocommerce_thumbnail wp-post-image\" alt=\"\" srcset=\"https:\/\/simicur.com\/wp-content\/uploads\/2020\/01\/11_simicur_hepacur-200x250.jpg 200w, https:\/\/simicur.com\/wp-content\/uploads\/2020\/01\/11_simicur_hepacur-240x300.jpg 240w, https:\/\/simicur.com\/wp-content\/uploads\/2020\/01\/11_simicur_hepacur-400x500.jpg 400w, https:\/\/simicur.com\/wp-content\/uploads\/2020\/01\/11_simicur_hepacur-500x625.jpg 500w, https:\/\/simicur.com\/wp-content\/uploads\/2020\/01\/11_simicur_hepacur-600x750.jpg 600w, https:\/\/simicur.com\/wp-content\/uploads\/2020\/01\/11_simicur_hepacur.jpg 640w\" sizes=\"(max-width: 500px) 100vw, 500px\" \/>\n\t\t\t\t\t\t<div class=\"cart-loading\"><i class=\"awb-icon-spinner\" aria-hidden=\"true\"><\/i><\/div>\n\t\t\t<\/div>\n<\/a>\n<div class=\"fusion-product-content\">\n\t<div class=\"product-details\">\n\t\t<div class=\"product-details-container\">\n<h3 class=\"product-title\">\n\t<a href=\"https:\/\/simicur.com\/de\/shop\/homoopathische-arzneimittel\/hepacur\/\">\n\t\tHepacur\t<\/a>\n<\/h3>\n<div class=\"fusion-price-rating\">\n\t<div itemprop=\"description\" style=\"font-size: 80%; height:150px;\">\r\n\t\t<p><b>Anwendung:<\/b> Leberentz\u00fcndung, M\u00fcdigkeit, Entz\u00fcndung der Galleng\u00e4nge, Gelbsucht, Hepatitis, Dermatitis.<\/p>\n\t<\/div>\r\n\t\n\t<span class=\"price\"><span class=\"woocommerce-Price-amount amount\"><bdi><span class=\"woocommerce-Price-currencySymbol\">&euro;<\/span>27.99<\/bdi><\/span><\/span>\n\t\t<\/div>\n\t<\/div>\n<\/div>\n\n\n\t<div class=\"product-buttons\">\n\t\t<div class=\"fusion-content-sep sep-double sep-solid\"><\/div>\n\t\t<div class=\"product-buttons-container clearfix\">\n<a href=\"\/de\/wp-json\/wp\/v2\/pages\/1593?add-to-cart=1442\" aria-describedby=\"woocommerce_loop_add_to_cart_link_describedby_1442\" data-quantity=\"1\" class=\"button product_type_simple add_to_cart_button ajax_add_to_cart\" data-product_id=\"1442\" data-product_sku=\"\" aria-label=\"In den Warenkorb legen: \u201eHepacur\u201c\" rel=\"nofollow\">In den Warenkorb<\/a>\t<span id=\"woocommerce_loop_add_to_cart_link_describedby_1442\" class=\"screen-reader-text\">\n\t\t\t<\/span>\n\n<a href=\"https:\/\/simicur.com\/de\/shop\/homoopathische-arzneimittel\/hepacur\/\" class=\"show_details_button\">\n\tDetails<\/a>\n\n\n\t<\/div>\n\t<\/div>\n\n\t<\/div> <\/div>\n<\/li>\n\n\t\t\t\n\t\t\t\t\t<li class=\"product type-product post-4826 status-publish instock product_cat-homoopathische-arzneimittel has-post-thumbnail taxable shipping-taxable purchasable product-type-simple product-grid-view\">\n\t<div class=\"fusion-product-wrapper\">\n<a href=\"https:\/\/simicur.com\/de\/shop\/homoopathische-arzneimittel\/traumacur\/\" class=\"product-images\" aria-label=\"Traumacur\">\n\n<div class=\"featured-image\">\n\t\t<img decoding=\"async\" width=\"500\" height=\"625\" src=\"https:\/\/simicur.com\/wp-content\/uploads\/2020\/01\/18_simicur_traumacur-500x625.jpg\" class=\"attachment-woocommerce_thumbnail size-woocommerce_thumbnail wp-post-image\" alt=\"\" srcset=\"https:\/\/simicur.com\/wp-content\/uploads\/2020\/01\/18_simicur_traumacur-200x250.jpg 200w, https:\/\/simicur.com\/wp-content\/uploads\/2020\/01\/18_simicur_traumacur-240x300.jpg 240w, https:\/\/simicur.com\/wp-content\/uploads\/2020\/01\/18_simicur_traumacur-400x500.jpg 400w, https:\/\/simicur.com\/wp-content\/uploads\/2020\/01\/18_simicur_traumacur-500x625.jpg 500w, https:\/\/simicur.com\/wp-content\/uploads\/2020\/01\/18_simicur_traumacur-600x750.jpg 600w, https:\/\/simicur.com\/wp-content\/uploads\/2020\/01\/18_simicur_traumacur.jpg 640w\" sizes=\"(max-width: 500px) 100vw, 500px\" \/>\n\t\t\t\t\t\t<div class=\"cart-loading\"><i class=\"awb-icon-spinner\" aria-hidden=\"true\"><\/i><\/div>\n\t\t\t<\/div>\n<\/a>\n<div class=\"fusion-product-content\">\n\t<div class=\"product-details\">\n\t\t<div class=\"product-details-container\">\n<h3 class=\"product-title\">\n\t<a href=\"https:\/\/simicur.com\/de\/shop\/homoopathische-arzneimittel\/traumacur\/\">\n\t\tTraumacur\t<\/a>\n<\/h3>\n<div class=\"fusion-price-rating\">\n\t<div itemprop=\"description\" style=\"font-size: 80%; height:150px;\">\r\n\t\t<p><strong>Anwendung:<\/strong> Schmerzen, Zerrungen und Verstauchungen, Verletzung, Bluterguss (H\u00e4matom), Arthrose und Unfall, Wunden (Bisswunde, Schnittwunde, Drahtwunde), Nachbehandlung von Operationswunden, Entz\u00fcndung der Blutgef\u00e4\u00dfe, schmerzender steifer Nacken.    <\/p>\n\t<\/div>\r\n\t\n\t<span class=\"price\"><span class=\"woocommerce-Price-amount amount\"><bdi><span class=\"woocommerce-Price-currencySymbol\">&euro;<\/span>27.99<\/bdi><\/span><\/span>\n\t\t<\/div>\n\t<\/div>\n<\/div>\n\n\n\t<div class=\"product-buttons\">\n\t\t<div class=\"fusion-content-sep sep-double sep-solid\"><\/div>\n\t\t<div class=\"product-buttons-container clearfix\">\n<a href=\"\/de\/wp-json\/wp\/v2\/pages\/1593?add-to-cart=4826\" aria-describedby=\"woocommerce_loop_add_to_cart_link_describedby_4826\" data-quantity=\"1\" class=\"button product_type_simple add_to_cart_button ajax_add_to_cart\" data-product_id=\"4826\" data-product_sku=\"\" aria-label=\"In den Warenkorb legen: \u201eTraumacur\u201c\" rel=\"nofollow\">In den Warenkorb<\/a>\t<span id=\"woocommerce_loop_add_to_cart_link_describedby_4826\" class=\"screen-reader-text\">\n\t\t\t<\/span>\n\n<a href=\"https:\/\/simicur.com\/de\/shop\/homoopathische-arzneimittel\/traumacur\/\" class=\"show_details_button\">\n\tDetails<\/a>\n\n\n\t<\/div>\n\t<\/div>\n\n\t<\/div> <\/div>\n<\/li>\n\n\t\t\t\n\t\t\t\t\t<li class=\"product type-product post-1436 status-publish instock product_cat-homoopathische-arzneimittel has-post-thumbnail featured taxable shipping-taxable purchasable product-type-simple product-grid-view\">\n\t<div class=\"fusion-product-wrapper\">\n<a href=\"https:\/\/simicur.com\/de\/shop\/homoopathische-arzneimittel\/tendocur\/\" class=\"product-images\" aria-label=\"Tendocur\">\n\n<div class=\"featured-image\">\n\t\t<img decoding=\"async\" width=\"500\" height=\"625\" src=\"https:\/\/simicur.com\/wp-content\/uploads\/2020\/01\/17_simicur_tendocur-500x625.jpg\" class=\"attachment-woocommerce_thumbnail size-woocommerce_thumbnail wp-post-image\" alt=\"\" srcset=\"https:\/\/simicur.com\/wp-content\/uploads\/2020\/01\/17_simicur_tendocur-200x250.jpg 200w, https:\/\/simicur.com\/wp-content\/uploads\/2020\/01\/17_simicur_tendocur-240x300.jpg 240w, https:\/\/simicur.com\/wp-content\/uploads\/2020\/01\/17_simicur_tendocur-400x500.jpg 400w, https:\/\/simicur.com\/wp-content\/uploads\/2020\/01\/17_simicur_tendocur-500x625.jpg 500w, https:\/\/simicur.com\/wp-content\/uploads\/2020\/01\/17_simicur_tendocur-600x750.jpg 600w, https:\/\/simicur.com\/wp-content\/uploads\/2020\/01\/17_simicur_tendocur.jpg 640w\" sizes=\"(max-width: 500px) 100vw, 500px\" \/>\n\t\t\t\t\t\t<div class=\"cart-loading\"><i class=\"awb-icon-spinner\" aria-hidden=\"true\"><\/i><\/div>\n\t\t\t<\/div>\n<\/a>\n<div class=\"fusion-product-content\">\n\t<div class=\"product-details\">\n\t\t<div class=\"product-details-container\">\n<h3 class=\"product-title\">\n\t<a href=\"https:\/\/simicur.com\/de\/shop\/homoopathische-arzneimittel\/tendocur\/\">\n\t\tTendocur\t<\/a>\n<\/h3>\n<div class=\"fusion-price-rating\">\n\t<div itemprop=\"description\" style=\"font-size: 80%; height:150px;\">\r\n\t\t<p><b>Anwendung:<\/b> Sehnenverletzungen, Sehnenentz\u00fcndung, Sehnenschlag, Knieverletzungen und lose Knie\/ Luxation der Patella, entz\u00fcndete oder gezerrte B\u00e4nder, Verstauchungen.<\/p>\n\t<\/div>\r\n\t\n\t<span class=\"price\"><span class=\"woocommerce-Price-amount amount\"><bdi><span class=\"woocommerce-Price-currencySymbol\">&euro;<\/span>27.99<\/bdi><\/span><\/span>\n\t\t<\/div>\n\t<\/div>\n<\/div>\n\n\n\t<div class=\"product-buttons\">\n\t\t<div class=\"fusion-content-sep sep-double sep-solid\"><\/div>\n\t\t<div class=\"product-buttons-container clearfix\">\n<a href=\"\/de\/wp-json\/wp\/v2\/pages\/1593?add-to-cart=1436\" aria-describedby=\"woocommerce_loop_add_to_cart_link_describedby_1436\" data-quantity=\"1\" class=\"button product_type_simple add_to_cart_button ajax_add_to_cart\" data-product_id=\"1436\" data-product_sku=\"\" aria-label=\"In den Warenkorb legen: \u201eTendocur\u201c\" rel=\"nofollow\">In den Warenkorb<\/a>\t<span id=\"woocommerce_loop_add_to_cart_link_describedby_1436\" class=\"screen-reader-text\">\n\t\t\t<\/span>\n\n<a href=\"https:\/\/simicur.com\/de\/shop\/homoopathische-arzneimittel\/tendocur\/\" class=\"show_details_button\">\n\tDetails<\/a>\n\n\n\t<\/div>\n\t<\/div>\n\n\t<\/div> <\/div>\n<\/li>\n\n\t\t\t\n\t\t\t\t\t<li class=\"product type-product post-1440 status-publish last instock product_cat-homoopathische-arzneimittel has-post-thumbnail taxable shipping-taxable purchasable product-type-simple product-grid-view\">\n\t<div class=\"fusion-product-wrapper\">\n<a href=\"https:\/\/simicur.com\/de\/shop\/homoopathische-arzneimittel\/neuralcur\/\" class=\"product-images\" aria-label=\"Neuralcur\">\n\n<div class=\"featured-image\">\n\t\t<img decoding=\"async\" width=\"500\" height=\"625\" src=\"https:\/\/simicur.com\/wp-content\/uploads\/2020\/01\/14_simicur_neuralcur-500x625.jpg\" class=\"attachment-woocommerce_thumbnail size-woocommerce_thumbnail wp-post-image\" alt=\"\" srcset=\"https:\/\/simicur.com\/wp-content\/uploads\/2020\/01\/14_simicur_neuralcur-200x250.jpg 200w, https:\/\/simicur.com\/wp-content\/uploads\/2020\/01\/14_simicur_neuralcur-240x300.jpg 240w, https:\/\/simicur.com\/wp-content\/uploads\/2020\/01\/14_simicur_neuralcur-400x500.jpg 400w, https:\/\/simicur.com\/wp-content\/uploads\/2020\/01\/14_simicur_neuralcur-500x625.jpg 500w, https:\/\/simicur.com\/wp-content\/uploads\/2020\/01\/14_simicur_neuralcur-600x750.jpg 600w, https:\/\/simicur.com\/wp-content\/uploads\/2020\/01\/14_simicur_neuralcur.jpg 640w\" sizes=\"(max-width: 500px) 100vw, 500px\" \/>\n\t\t\t\t\t\t<div class=\"cart-loading\"><i class=\"awb-icon-spinner\" aria-hidden=\"true\"><\/i><\/div>\n\t\t\t<\/div>\n<\/a>\n<div class=\"fusion-product-content\">\n\t<div class=\"product-details\">\n\t\t<div class=\"product-details-container\">\n<h3 class=\"product-title\">\n\t<a href=\"https:\/\/simicur.com\/de\/shop\/homoopathische-arzneimittel\/neuralcur\/\">\n\t\tNeuralcur\t<\/a>\n<\/h3>\n<div class=\"fusion-price-rating\">\n\t<div itemprop=\"description\" style=\"font-size: 80%; height:150px;\">\r\n\t\t<p><b>Anwendung:<\/b> L\u00e4hmungen und L\u00e4hmungserscheinungen, Ataxie, Nervenentz\u00fcndung, Trauma, Bandscheibenvorfall R\u00fccken.<\/p>\n\t<\/div>\r\n\t\n\t<span class=\"price\"><span class=\"woocommerce-Price-amount amount\"><bdi><span class=\"woocommerce-Price-currencySymbol\">&euro;<\/span>27.99<\/bdi><\/span><\/span>\n\t\t<\/div>\n\t<\/div>\n<\/div>\n\n\n\t<div class=\"product-buttons\">\n\t\t<div class=\"fusion-content-sep sep-double sep-solid\"><\/div>\n\t\t<div class=\"product-buttons-container clearfix\">\n<a href=\"\/de\/wp-json\/wp\/v2\/pages\/1593?add-to-cart=1440\" aria-describedby=\"woocommerce_loop_add_to_cart_link_describedby_1440\" data-quantity=\"1\" class=\"button product_type_simple add_to_cart_button ajax_add_to_cart\" data-product_id=\"1440\" data-product_sku=\"\" aria-label=\"In den Warenkorb legen: \u201eNeuralcur\u201c\" rel=\"nofollow\">In den Warenkorb<\/a>\t<span id=\"woocommerce_loop_add_to_cart_link_describedby_1440\" class=\"screen-reader-text\">\n\t\t\t<\/span>\n\n<a href=\"https:\/\/simicur.com\/de\/shop\/homoopathische-arzneimittel\/neuralcur\/\" class=\"show_details_button\">\n\tDetails<\/a>\n\n\n\t<\/div>\n\t<\/div>\n\n\t<\/div> <\/div>\n<\/li>\n\n\t\t\t\n\t\t<\/ul>\n\n\t<\/section>\n\t<\/div>\n\n\t\t\t<\/div>\n\t\t\t<\/div>\n","protected":false},"excerpt":{"rendered":"","protected":false},"author":1,"featured_media":0,"parent":1056,"menu_order":0,"comment_status":"closed","ping_status":"closed","template":"","meta":{"footnotes":""},"class_list":["post-1593","page","type-page","status-publish","hentry"],"_links":{"self":[{"href":"https:\/\/simicur.com\/de\/wp-json\/wp\/v2\/pages\/1593","targetHints":{"allow":["GET"]}}],"collection":[{"href":"https:\/\/simicur.com\/de\/wp-json\/wp\/v2\/pages"}],"about":[{"href":"https:\/\/simicur.com\/de\/wp-json\/wp\/v2\/types\/page"}],"author":[{"embeddable":true,"href":"https:\/\/simicur.com\/de\/wp-json\/wp\/v2\/users\/1"}],"replies":[{"embeddable":true,"href":"https:\/\/simicur.com\/de\/wp-json\/wp\/v2\/comments?post=1593"}],"version-history":[{"count":2,"href":"https:\/\/simicur.com\/de\/wp-json\/wp\/v2\/pages\/1593\/revisions"}],"predecessor-version":[{"id":1608,"href":"https:\/\/simicur.com\/de\/wp-json\/wp\/v2\/pages\/1593\/revisions\/1608"}],"up":[{"embeddable":true,"href":"https:\/\/simicur.com\/de\/wp-json\/wp\/v2\/pages\/1056"}],"wp:attachment":[{"href":"https:\/\/simicur.com\/de\/wp-json\/wp\/v2\/media?parent=1593"}],"curies":[{"name":"wp","href":"https:\/\/api.w.org\/{rel}","templated":true}]}}