{"id":1621,"date":"2020-01-20T20:20:28","date_gmt":"2020-01-20T20:20:28","guid":{"rendered":"https:\/\/simicur.dalphes.com\/?page_id=1621"},"modified":"2020-01-20T20:20:28","modified_gmt":"2020-01-20T20:20:28","slug":"digesticur","status":"publish","type":"page","link":"https:\/\/simicur.com\/de\/kraeuter-nahrungsergaenzung\/digesticur\/","title":{"rendered":"Digesticur"},"content":{"rendered":"<div class=\"woocommerce\">\t\t\t<div class=\"single-product\" data-product-page-preselected-id=\"0\">\n\t\t\t\t<div class=\"woocommerce-notices-wrapper\"><\/div><div id=\"product-1426\" class=\"product type-product post-1426 status-publish first instock product_cat-krauter-nahrungserganzung has-post-thumbnail taxable shipping-taxable purchasable product-type-variable product-grid-view\">\n\n\t<div class=\"avada-single-product-gallery-wrapper\">\n<div class=\"woocommerce-product-gallery woocommerce-product-gallery--with-images woocommerce-product-gallery--columns-4 images avada-product-gallery\" data-columns=\"4\" style=\"opacity: 0; transition: opacity .25s ease-in-out;\">\n\t<div class=\"woocommerce-product-gallery__wrapper\">\n\t\t<div data-thumb=\"https:\/\/simicur.com\/wp-content\/uploads\/2020\/01\/Digesticur_4b8157a83eead-100x100.png\" data-thumb-alt=\"Digesticur\" data-thumb-srcset=\"https:\/\/simicur.com\/wp-content\/uploads\/2020\/01\/Digesticur_4b8157a83eead-66x66.png 66w, https:\/\/simicur.com\/wp-content\/uploads\/2020\/01\/Digesticur_4b8157a83eead-100x100.png 100w, https:\/\/simicur.com\/wp-content\/uploads\/2020\/01\/Digesticur_4b8157a83eead-150x150.png 150w\"  data-thumb-sizes=\"(max-width: 100px) 100vw, 100px\" class=\"woocommerce-product-gallery__image\"><a href=\"https:\/\/simicur.com\/wp-content\/uploads\/2020\/01\/Digesticur_4b8157a83eead.png\"><img decoding=\"async\" width=\"300\" height=\"450\" src=\"https:\/\/simicur.com\/wp-content\/uploads\/2020\/01\/Digesticur_4b8157a83eead.png\" class=\"wp-post-image\" alt=\"Digesticur\" data-caption=\"\" data-src=\"https:\/\/simicur.com\/wp-content\/uploads\/2020\/01\/Digesticur_4b8157a83eead.png\" data-large_image=\"https:\/\/simicur.com\/wp-content\/uploads\/2020\/01\/Digesticur_4b8157a83eead.png\" data-large_image_width=\"300\" data-large_image_height=\"450\" skip-lazyload=\"1\" srcset=\"https:\/\/simicur.com\/wp-content\/uploads\/2020\/01\/Digesticur_4b8157a83eead-200x300.png 200w, https:\/\/simicur.com\/wp-content\/uploads\/2020\/01\/Digesticur_4b8157a83eead.png 300w\" sizes=\"(max-width: 300px) 100vw, 300px\" \/><\/a><a class=\"avada-product-gallery-lightbox-trigger\" href=\"https:\/\/simicur.com\/wp-content\/uploads\/2020\/01\/Digesticur_4b8157a83eead.png\" data-rel=\"iLightbox[]\" alt=\"\" data-title=\"Digesticur_4b8157a83eead\" title=\"Digesticur_4b8157a83eead\" data-caption=\"\"><\/a><\/div>\t<\/div>\n<\/div>\n<\/div>\n\n\t<div class=\"summary entry-summary\">\n\t\t<div class=\"summary-container\"><h1 class=\"product_title entry-title\">Digesticur<\/h1><p class=\"price\">Vanaf : <span class=\"woocommerce-Price-amount amount\"><bdi><span class=\"woocommerce-Price-currencySymbol\">&euro;<\/span>22.70<\/bdi><\/span><\/p>\n\n<div class=\"post-content woocommerce-product-details__short-description\">\n\t<p><b>Anwendung:<\/b> Kr\u00e4uterpr\u00e4parat f\u00fcr gesunde D\u00e4rme und Futteraufnahme. Anzuwenden bei empfindlichen D\u00e4rmen, Allergie, Immunschw\u00e4che, Darmkr\u00e4mpfe. Vorbeugung vor Wurmbefall, Stallbeine und schlechtes Hufwachstum.<\/p>\n<\/div>\n\n<form class=\"variations_form cart\" action=\"\" method=\"post\" enctype='multipart\/form-data' data-product_id=\"1426\" data-product_variations=\"[{&quot;attributes&quot;:{&quot;attribute_hoeveelheid-liter&quot;:&quot;5&quot;},&quot;availability_html&quot;:&quot;&quot;,&quot;backorders_allowed&quot;:false,&quot;dimensions&quot;:{&quot;length&quot;:&quot;&quot;,&quot;width&quot;:&quot;&quot;,&quot;height&quot;:&quot;&quot;},&quot;dimensions_html&quot;:&quot;n.\\u00a0a.&quot;,&quot;display_price&quot;:22.7,&quot;display_regular_price&quot;:22.7,&quot;image&quot;:{&quot;title&quot;:&quot;Digesticur_4b8157a83eead&quot;,&quot;caption&quot;:&quot;&quot;,&quot;url&quot;:&quot;https:\\\/\\\/simicur.com\\\/wp-content\\\/uploads\\\/2020\\\/01\\\/Digesticur_4b8157a83eead.png&quot;,&quot;alt&quot;:&quot;Digesticur_4b8157a83eead&quot;,&quot;src&quot;:&quot;https:\\\/\\\/simicur.com\\\/wp-content\\\/uploads\\\/2020\\\/01\\\/Digesticur_4b8157a83eead.png&quot;,&quot;srcset&quot;:&quot;https:\\\/\\\/simicur.com\\\/wp-content\\\/uploads\\\/2020\\\/01\\\/Digesticur_4b8157a83eead-200x300.png 200w, https:\\\/\\\/simicur.com\\\/wp-content\\\/uploads\\\/2020\\\/01\\\/Digesticur_4b8157a83eead.png 300w&quot;,&quot;sizes&quot;:&quot;(max-width: 300px) 100vw, 300px&quot;,&quot;full_src&quot;:&quot;https:\\\/\\\/simicur.com\\\/wp-content\\\/uploads\\\/2020\\\/01\\\/Digesticur_4b8157a83eead.png&quot;,&quot;full_src_w&quot;:300,&quot;full_src_h&quot;:450,&quot;gallery_thumbnail_src&quot;:&quot;https:\\\/\\\/simicur.com\\\/wp-content\\\/uploads\\\/2020\\\/01\\\/Digesticur_4b8157a83eead-100x100.png&quot;,&quot;gallery_thumbnail_src_w&quot;:100,&quot;gallery_thumbnail_src_h&quot;:100,&quot;thumb_src&quot;:&quot;https:\\\/\\\/simicur.com\\\/wp-content\\\/uploads\\\/2020\\\/01\\\/Digesticur_4b8157a83eead.png&quot;,&quot;thumb_src_w&quot;:300,&quot;thumb_src_h&quot;:450,&quot;src_w&quot;:300,&quot;src_h&quot;:450},&quot;image_id&quot;:1783,&quot;is_downloadable&quot;:false,&quot;is_in_stock&quot;:true,&quot;is_purchasable&quot;:true,&quot;is_sold_individually&quot;:&quot;no&quot;,&quot;is_virtual&quot;:false,&quot;max_qty&quot;:&quot;&quot;,&quot;min_qty&quot;:1,&quot;price_html&quot;:&quot;&lt;span class=\\&quot;price\\&quot;&gt;&lt;span class=\\&quot;woocommerce-Price-amount amount\\&quot;&gt;&lt;bdi&gt;&lt;span class=\\&quot;woocommerce-Price-currencySymbol\\&quot;&gt;&amp;euro;&lt;\\\/span&gt;22.70&lt;\\\/bdi&gt;&lt;\\\/span&gt;&lt;\\\/span&gt;&quot;,&quot;sku&quot;:&quot;di-5&quot;,&quot;variation_description&quot;:&quot;&quot;,&quot;variation_id&quot;:63950,&quot;variation_is_active&quot;:true,&quot;variation_is_visible&quot;:true,&quot;weight&quot;:&quot;5&quot;,&quot;weight_html&quot;:&quot;5 kg&quot;},{&quot;attributes&quot;:{&quot;attribute_hoeveelheid-liter&quot;:&quot;10&quot;},&quot;availability_html&quot;:&quot;&quot;,&quot;backorders_allowed&quot;:false,&quot;dimensions&quot;:{&quot;length&quot;:&quot;&quot;,&quot;width&quot;:&quot;&quot;,&quot;height&quot;:&quot;&quot;},&quot;dimensions_html&quot;:&quot;n.\\u00a0a.&quot;,&quot;display_price&quot;:43.21,&quot;display_regular_price&quot;:43.21,&quot;image&quot;:{&quot;title&quot;:&quot;Digesticur_4b8157a83eead&quot;,&quot;caption&quot;:&quot;&quot;,&quot;url&quot;:&quot;https:\\\/\\\/simicur.com\\\/wp-content\\\/uploads\\\/2020\\\/01\\\/Digesticur_4b8157a83eead.png&quot;,&quot;alt&quot;:&quot;Digesticur_4b8157a83eead&quot;,&quot;src&quot;:&quot;https:\\\/\\\/simicur.com\\\/wp-content\\\/uploads\\\/2020\\\/01\\\/Digesticur_4b8157a83eead.png&quot;,&quot;srcset&quot;:&quot;https:\\\/\\\/simicur.com\\\/wp-content\\\/uploads\\\/2020\\\/01\\\/Digesticur_4b8157a83eead-200x300.png 200w, https:\\\/\\\/simicur.com\\\/wp-content\\\/uploads\\\/2020\\\/01\\\/Digesticur_4b8157a83eead.png 300w&quot;,&quot;sizes&quot;:&quot;(max-width: 300px) 100vw, 300px&quot;,&quot;full_src&quot;:&quot;https:\\\/\\\/simicur.com\\\/wp-content\\\/uploads\\\/2020\\\/01\\\/Digesticur_4b8157a83eead.png&quot;,&quot;full_src_w&quot;:300,&quot;full_src_h&quot;:450,&quot;gallery_thumbnail_src&quot;:&quot;https:\\\/\\\/simicur.com\\\/wp-content\\\/uploads\\\/2020\\\/01\\\/Digesticur_4b8157a83eead-100x100.png&quot;,&quot;gallery_thumbnail_src_w&quot;:100,&quot;gallery_thumbnail_src_h&quot;:100,&quot;thumb_src&quot;:&quot;https:\\\/\\\/simicur.com\\\/wp-content\\\/uploads\\\/2020\\\/01\\\/Digesticur_4b8157a83eead.png&quot;,&quot;thumb_src_w&quot;:300,&quot;thumb_src_h&quot;:450,&quot;src_w&quot;:300,&quot;src_h&quot;:450},&quot;image_id&quot;:1783,&quot;is_downloadable&quot;:false,&quot;is_in_stock&quot;:true,&quot;is_purchasable&quot;:true,&quot;is_sold_individually&quot;:&quot;no&quot;,&quot;is_virtual&quot;:false,&quot;max_qty&quot;:&quot;&quot;,&quot;min_qty&quot;:1,&quot;price_html&quot;:&quot;&lt;span class=\\&quot;price\\&quot;&gt;&lt;span class=\\&quot;woocommerce-Price-amount amount\\&quot;&gt;&lt;bdi&gt;&lt;span class=\\&quot;woocommerce-Price-currencySymbol\\&quot;&gt;&amp;euro;&lt;\\\/span&gt;43.21&lt;\\\/bdi&gt;&lt;\\\/span&gt;&lt;\\\/span&gt;&quot;,&quot;sku&quot;:&quot;di-10&quot;,&quot;variation_description&quot;:&quot;&quot;,&quot;variation_id&quot;:65990,&quot;variation_is_active&quot;:true,&quot;variation_is_visible&quot;:true,&quot;weight&quot;:&quot;10&quot;,&quot;weight_html&quot;:&quot;10 kg&quot;}]\">\n\t\n\t\t\t<table class=\"variations\" cellspacing=\"0\" role=\"presentation\">\n\t\t\t<tbody>\n\t\t\t\t\t\t\t\t\t<tr>\n\t\t\t\t\t\t<th class=\"label\"><label for=\"hoeveelheid-liter\">Hoeveelheid (liter)<\/label><\/th>\n\t\t\t\t\t\t<td class=\"value\">\n\t\t\t\t\t\t\t<select id=\"hoeveelheid-liter\" class=\"\" name=\"attribute_hoeveelheid-liter\" data-attribute_name=\"attribute_hoeveelheid-liter\" data-show_option_none=\"yes\"><option value=\"\">W\u00e4hle eine Option<\/option><option value=\"5\" >5<\/option><option value=\"10\" >10<\/option><\/select><\/td>\n\t\t\t\t<\/tr>\n\t\t\t\t<tr>\n\t\t\t\t\t<td class=\"label\"><\/td>\n\t\t\t\t\t<td class=\"value\">\n\t\t\t\t\t\t<div class=\"single_variation_price_reset\">\n\t\t\t\t\t\t\t<div class=\"single_variation_wrap\">\n\t\t\t\t\t\t\t\t<div class=\"avada-variation single_variation\"><\/div>\n\t\t\t\t\t\t\t<\/div><a class=\"reset_variations\" href=\"#\">Clear selection<\/a><\/div>\t\t\t\t\t\t<\/td>\n\t\t\t\t\t<\/tr>\n\t\t\t\t\t\t\t<\/tbody>\n\t\t<\/table>\n\t\t<div class=\"reset_variations_alert screen-reader-text\" role=\"alert\" aria-live=\"polite\" aria-relevant=\"all\"><\/div>\n\t\t\n\t\t<div class=\"single_variation_wrap\">\n\t\t\t<div class=\"woocommerce-variation single_variation\" role=\"alert\" aria-relevant=\"additions\"><\/div><div class=\"woocommerce-variation-add-to-cart variations_button\">\n\t\n\t<div class=\"quantity\">\n\t\t<label class=\"screen-reader-text\" for=\"quantity_69fe37390bf57\">Digesticur Menge<\/label>\n\t<input\n\t\ttype=\"number\"\n\t\t\t\tid=\"quantity_69fe37390bf57\"\n\t\tclass=\"input-text qty text\"\n\t\tname=\"quantity\"\n\t\tvalue=\"1\"\n\t\taria-label=\"Produktmenge\"\n\t\t\t\tmin=\"1\"\n\t\t\t\t\t\t\tstep=\"1\"\n\t\t\tplaceholder=\"\"\n\t\t\tinputmode=\"numeric\"\n\t\t\tautocomplete=\"off\"\n\t\t\t\/>\n\t<\/div>\n\n\t<button type=\"submit\" class=\"single_add_to_cart_button button alt\">In den Warenkorb<\/button>\n\n\t\n\t<input type=\"hidden\" name=\"add-to-cart\" value=\"1426\" \/>\n\t<input type=\"hidden\" name=\"product_id\" value=\"1426\" \/>\n\t<input type=\"hidden\" name=\"variation_id\" class=\"variation_id\" value=\"0\" \/>\n<\/div>\n\t\t<\/div>\n\t\n\t<\/form>\n\n<div class=\"product_meta\">\n\n\t\n\t\n\t\t<span class=\"sku_wrapper\">Artikelnummer: <span class=\"sku\">ks-1<\/span><\/span>\n\n\t\n\t<span class=\"posted_in\">Kategorie: <a href=\"https:\/\/simicur.com\/de\/product-category\/krauter-nahrungserganzung\/\" rel=\"tag\">Kr\u00e4uter &amp; Nahrungserg\u00e4nzung<\/a><\/span>\n\t\n\t\n<\/div>\n<\/div>\t<\/div>\n\n\t\n\t<div class=\"woocommerce-tabs wc-tabs-wrapper\">\n\t\t<ul class=\"tabs wc-tabs\" role=\"tablist\">\n\t\t\t\t\t\t\t<li role=\"presentation\" class=\"description_tab\" id=\"tab-title-description\">\n\t\t\t\t\t<a href=\"#tab-description\" role=\"tab\" aria-controls=\"tab-description\">\n\t\t\t\t\t\tBeschreibung\t\t\t\t\t<\/a>\n\t\t\t\t<\/li>\n\t\t\t\t\t\t\t<li role=\"presentation\" class=\"additional_information_tab\" id=\"tab-title-additional_information\">\n\t\t\t\t\t<a href=\"#tab-additional_information\" role=\"tab\" aria-controls=\"tab-additional_information\">\n\t\t\t\t\t\tZus\u00e4tzliche Informationen\t\t\t\t\t<\/a>\n\t\t\t\t<\/li>\n\t\t\t\t\t<\/ul>\n\t\t\t\t\t<div class=\"woocommerce-Tabs-panel woocommerce-Tabs-panel--description panel entry-content wc-tab\" id=\"tab-description\" role=\"tabpanel\" aria-labelledby=\"tab-title-description\">\n\t\t\t\t\n<div class=\"post-content\">\n\t\t  <h3 class=\"fusion-woocommerce-tab-title\">Beschreibung<\/h3>\n\t\n\t<p><strong>Digesticur, Kr\u00e4uterpr\u00e4parat f\u00fcr gesunde D\u00e4rme und bessere Nahrungsaufnahme<\/strong><br \/>\nDigesticur ist ein erg\u00e4nzender Trank, der zus\u00e4tzlich zur t\u00e4glichen Tagesration gegeben, f\u00fcr eine optimale Darmarbeit und verbesserte Verdauung sorgt. Digesticur besteht aus:<\/p>\n<ul>\n<li>Kr\u00e4uteressig mit Milchs\u00e4ure. (Essig (4%)<\/li>\n<li>Anethum graveolens (2%)<\/li>\n<li>Astragalus membranaceus (2%)<\/li>\n<li>Dioscorea opposita (1%)<\/li>\n<li>Sambucus nigra (1%)<\/li>\n<li>Milchs\u00e4ure (2%)<\/li>\n<\/ul>\n<p><strong>Anwendung:<\/strong> Digesticur ist anzuwenden bei beeintr\u00e4chtigter Verdauung und N\u00e4hrstoff bezogenen Symptomen, wie vermindertes Hufwachstum, Probleme infolge von Wurminfektionen, bei Abwehrschw\u00e4che (Immunit\u00e4t), bei Stallbeinen und Darmkr\u00e4mpfen. Bei Allergien gegen Bestandteile im Futter sorgt Digesticur f\u00fcr eine bessere Verdauung.<\/p>\n<p><strong>Dosierung:<\/strong><\/p>\n<p><strong>Pferde und Ponys: <\/strong>1-2-mal t\u00e4glich 100ml \u00fcber das Futter oder das Trinkwasser geben. Bei Problemen mit der Darmgesundheit in der ersten Woche der Behandlung 25ml pro Tag geben und danach w\u00f6chentlich die Dosierung um jeweils 25ml bis zur angegebenen Dosis erh\u00f6hen.<\/p>\n<p><strong>Hunde und Katzen:<\/strong> 1 Essl\u00f6ffel \u00fcber jede Mahlzeit.<\/p>\n<p>Digesticur ist in einer 5-Liter-Packung erh\u00e4ltlich.<\/p>\n<\/div>\n\t\t\t<\/div>\n\t\t\t\t\t<div class=\"woocommerce-Tabs-panel woocommerce-Tabs-panel--additional_information panel entry-content wc-tab\" id=\"tab-additional_information\" role=\"tabpanel\" aria-labelledby=\"tab-title-additional_information\">\n\t\t\t\t\n\t<h3 class=\"fusion-woocommerce-tab-title\">Zus\u00e4tzliche Informationen<\/h3>\n\n<table class=\"woocommerce-product-attributes shop_attributes\" aria-label=\"Produktdetails\">\n\t\t\t<tr class=\"woocommerce-product-attributes-item woocommerce-product-attributes-item--weight\">\n\t\t\t<th class=\"woocommerce-product-attributes-item__label\" scope=\"row\">Gewicht<\/th>\n\t\t\t<td class=\"woocommerce-product-attributes-item__value\">n.\u00a0a.<\/td>\n\t\t<\/tr>\n\t\t\t<tr class=\"woocommerce-product-attributes-item woocommerce-product-attributes-item--attribute_hoeveelheid-liter\">\n\t\t\t<th class=\"woocommerce-product-attributes-item__label\" scope=\"row\">Hoeveelheid (liter)<\/th>\n\t\t\t<td class=\"woocommerce-product-attributes-item__value\"><p>5, 10<\/p>\n<\/td>\n\t\t<\/tr>\n\t<\/table>\n\t\t\t<\/div>\n\t\t\n\t\t\t<\/div>\n\n<div class=\"fusion-clearfix\"><\/div>\n\n<div class=\"fusion-clearfix\"><\/div>\n\t<section class=\"related products\">\n\n\t\t\t\t\t<h2>\u00c4hnliche Produkte<\/h2>\n\t\t\t\t<ul class=\"products clearfix products-4\">\n\n\t\t\t\n\t\t\t\t\t<li class=\"product type-product post-1432 status-publish first instock product_cat-krauter-nahrungserganzung has-post-thumbnail taxable shipping-taxable purchasable product-type-simple product-grid-view\">\n\t<div class=\"fusion-product-wrapper\">\n<a href=\"https:\/\/simicur.com\/de\/shop\/krauter-nahrungserganzung\/knoblauchgranulat\/\" class=\"product-images\" aria-label=\"Knoblauchgranulat\">\n\n<div class=\"featured-image\">\n\t\t<img decoding=\"async\" width=\"300\" height=\"450\" src=\"https:\/\/simicur.com\/wp-content\/uploads\/2020\/01\/knoflook.jpg\" class=\"attachment-woocommerce_thumbnail size-woocommerce_thumbnail wp-post-image\" alt=\"\" srcset=\"https:\/\/simicur.com\/wp-content\/uploads\/2020\/01\/knoflook-200x300.jpg 200w, https:\/\/simicur.com\/wp-content\/uploads\/2020\/01\/knoflook.jpg 300w\" sizes=\"(max-width: 300px) 100vw, 300px\" \/>\n\t\t\t\t\t\t<div class=\"cart-loading\"><i class=\"awb-icon-spinner\" aria-hidden=\"true\"><\/i><\/div>\n\t\t\t<\/div>\n<\/a>\n<div class=\"fusion-product-content\">\n\t<div class=\"product-details\">\n\t\t<div class=\"product-details-container\">\n<h3 class=\"product-title\">\n\t<a href=\"https:\/\/simicur.com\/de\/shop\/krauter-nahrungserganzung\/knoblauchgranulat\/\">\n\t\tKnoblauchgranulat\t<\/a>\n<\/h3>\n<div class=\"fusion-price-rating\">\n\t<div itemprop=\"description\" style=\"font-size: 80%; height:150px;\">\r\n\t\t<p><b>Anwendung:<\/b> Kr\u00e4uterpr\u00e4parat f\u00fcr gesunde Verdauung und Blutgef\u00e4\u00dfe. Zu verabreichen zur Steigerung der Abwehrkraft, F\u00f6rderung der Verdauung und als Abwehrmittel gegen Fliegen und M\u00fccken.<\/p>\n\t<\/div>\r\n\t\n\t<span class=\"price\"><span class=\"woocommerce-Price-amount amount\"><bdi><span class=\"woocommerce-Price-currencySymbol\">&euro;<\/span>11.99<\/bdi><\/span><\/span>\n\t\t<\/div>\n\t<\/div>\n<\/div>\n\n\n\t<div class=\"product-buttons\">\n\t\t<div class=\"fusion-content-sep sep-double sep-solid\"><\/div>\n\t\t<div class=\"product-buttons-container clearfix\">\n<a href=\"\/de\/wp-json\/wp\/v2\/pages\/1621?add-to-cart=1432\" aria-describedby=\"woocommerce_loop_add_to_cart_link_describedby_1432\" data-quantity=\"1\" class=\"button product_type_simple add_to_cart_button ajax_add_to_cart\" data-product_id=\"1432\" data-product_sku=\"ks-6\" aria-label=\"In den Warenkorb legen: \u201eKnoblauchgranulat\u201c\" rel=\"nofollow\">In den Warenkorb<\/a>\t<span id=\"woocommerce_loop_add_to_cart_link_describedby_1432\" class=\"screen-reader-text\">\n\t\t\t<\/span>\n\n<a href=\"https:\/\/simicur.com\/de\/shop\/krauter-nahrungserganzung\/knoblauchgranulat\/\" class=\"show_details_button\">\n\tDetails<\/a>\n\n\n\t<\/div>\n\t<\/div>\n\n\t<\/div> <\/div>\n<\/li>\n\n\t\t\t\n\t\t\t\t\t<li class=\"product type-product post-1425 status-publish instock product_cat-krauter-nahrungserganzung has-post-thumbnail sale taxable shipping-taxable purchasable product-type-simple product-grid-view\">\n\t<div class=\"fusion-product-wrapper\">\n<a href=\"https:\/\/simicur.com\/de\/shop\/krauter-nahrungserganzung\/teufelskralle\/\" class=\"product-images\" aria-label=\"Teufelskralle\">\n<div class=\"fusion-woo-badges-wrapper\">\n\n\t<span class=\"onsale\">Sale!<\/span>\n\t<\/div><div class=\"featured-image\">\n\t\t<img decoding=\"async\" width=\"300\" height=\"450\" src=\"https:\/\/simicur.com\/wp-content\/uploads\/2020\/01\/duivelsklauw.jpg\" class=\"attachment-woocommerce_thumbnail size-woocommerce_thumbnail wp-post-image\" alt=\"\" srcset=\"https:\/\/simicur.com\/wp-content\/uploads\/2020\/01\/duivelsklauw-200x300.jpg 200w, https:\/\/simicur.com\/wp-content\/uploads\/2020\/01\/duivelsklauw.jpg 300w\" sizes=\"(max-width: 300px) 100vw, 300px\" \/>\n\t\t\t\t\t\t<div class=\"cart-loading\"><i class=\"awb-icon-spinner\" aria-hidden=\"true\"><\/i><\/div>\n\t\t\t<\/div>\n<\/a>\n<div class=\"fusion-product-content\">\n\t<div class=\"product-details\">\n\t\t<div class=\"product-details-container\">\n<h3 class=\"product-title\">\n\t<a href=\"https:\/\/simicur.com\/de\/shop\/krauter-nahrungserganzung\/teufelskralle\/\">\n\t\tTeufelskralle\t<\/a>\n<\/h3>\n<div class=\"fusion-price-rating\">\n\t<div itemprop=\"description\" style=\"font-size: 80%; height:150px;\">\r\n\t\t<p><b>Anwendung:<\/b> Anzuwenden bei Gelenkproblemen (Arthrose, Dysplasie) und bei allen Arten von Schmerzen (Muskeln und Gelenke).<\/p>\n\t<\/div>\r\n\t\n\t<span class=\"price\"><del aria-hidden=\"true\"><span class=\"woocommerce-Price-amount amount\"><bdi><span class=\"woocommerce-Price-currencySymbol\">&euro;<\/span>24.99<\/bdi><\/span><\/del> <span class=\"screen-reader-text\">Urspr\u00fcnglicher Preis war: &euro;24.99<\/span><ins aria-hidden=\"true\"><span class=\"woocommerce-Price-amount amount\"><bdi><span class=\"woocommerce-Price-currencySymbol\">&euro;<\/span>14.99<\/bdi><\/span><\/ins><span class=\"screen-reader-text\">Aktueller Preis ist: &euro;14.99.<\/span><\/span>\n\t\t<\/div>\n\t<\/div>\n<\/div>\n\n\n\t<div class=\"product-buttons\">\n\t\t<div class=\"fusion-content-sep sep-double sep-solid\"><\/div>\n\t\t<div class=\"product-buttons-container clearfix\">\n<a href=\"\/de\/wp-json\/wp\/v2\/pages\/1621?add-to-cart=1425\" aria-describedby=\"woocommerce_loop_add_to_cart_link_describedby_1425\" data-quantity=\"1\" class=\"button product_type_simple add_to_cart_button ajax_add_to_cart\" data-product_id=\"1425\" data-product_sku=\"ks-2\" aria-label=\"In den Warenkorb legen: \u201eTeufelskralle\u201c\" rel=\"nofollow\">In den Warenkorb<\/a>\t<span id=\"woocommerce_loop_add_to_cart_link_describedby_1425\" class=\"screen-reader-text\">\n\t\t\t<\/span>\n\n<a href=\"https:\/\/simicur.com\/de\/shop\/krauter-nahrungserganzung\/teufelskralle\/\" class=\"show_details_button\">\n\tDetails<\/a>\n\n\n\t<\/div>\n\t<\/div>\n\n\t<\/div> <\/div>\n<\/li>\n\n\t\t\t\n\t\t\t\t\t<li class=\"product type-product post-1431 status-publish instock product_cat-krauter-nahrungserganzung has-post-thumbnail taxable shipping-taxable purchasable product-type-simple product-grid-view\">\n\t<div class=\"fusion-product-wrapper\">\n<a href=\"https:\/\/simicur.com\/de\/shop\/krauter-nahrungserganzung\/hoestmix\/\" class=\"product-images\" aria-label=\"Hoestmix\">\n\n<div class=\"featured-image\">\n\t\t<img decoding=\"async\" width=\"300\" height=\"450\" src=\"https:\/\/simicur.com\/wp-content\/uploads\/2020\/01\/hoestmix.jpg\" class=\"attachment-woocommerce_thumbnail size-woocommerce_thumbnail wp-post-image\" alt=\"\" srcset=\"https:\/\/simicur.com\/wp-content\/uploads\/2020\/01\/hoestmix-200x300.jpg 200w, https:\/\/simicur.com\/wp-content\/uploads\/2020\/01\/hoestmix.jpg 300w\" sizes=\"(max-width: 300px) 100vw, 300px\" \/>\n\t\t\t\t\t\t<div class=\"cart-loading\"><i class=\"awb-icon-spinner\" aria-hidden=\"true\"><\/i><\/div>\n\t\t\t<\/div>\n<\/a>\n<div class=\"fusion-product-content\">\n\t<div class=\"product-details\">\n\t\t<div class=\"product-details-container\">\n<h3 class=\"product-title\">\n\t<a href=\"https:\/\/simicur.com\/de\/shop\/krauter-nahrungserganzung\/hoestmix\/\">\n\t\tHoestmix\t<\/a>\n<\/h3>\n<div class=\"fusion-price-rating\">\n\t<div itemprop=\"description\" style=\"font-size: 80%; height:150px;\">\r\n\t\t<p><b>Anwendung:<\/b> Kr\u00e4uterpr\u00e4parat f\u00fcr die Atemwege und Lungen. Zu verabreichen bei empfindlichen Atemwegen und hustenden Tieren, f\u00fcr eine optimale Kondition von Kehle, Luftr\u00f6hre und Bronchien.<\/p>\n\t<\/div>\r\n\t\n\t<span class=\"price\"><span class=\"woocommerce-Price-amount amount\"><bdi><span class=\"woocommerce-Price-currencySymbol\">&euro;<\/span>24.99<\/bdi><\/span><\/span>\n\t\t<\/div>\n\t<\/div>\n<\/div>\n\n\n\t<div class=\"product-buttons\">\n\t\t<div class=\"fusion-content-sep sep-double sep-solid\"><\/div>\n\t\t<div class=\"product-buttons-container clearfix\">\n<a href=\"\/de\/wp-json\/wp\/v2\/pages\/1621?add-to-cart=1431\" aria-describedby=\"woocommerce_loop_add_to_cart_link_describedby_1431\" data-quantity=\"1\" class=\"button product_type_simple add_to_cart_button ajax_add_to_cart\" data-product_id=\"1431\" data-product_sku=\"ks-5\" aria-label=\"In den Warenkorb legen: \u201eHoestmix\u201c\" rel=\"nofollow\">In den Warenkorb<\/a>\t<span id=\"woocommerce_loop_add_to_cart_link_describedby_1431\" class=\"screen-reader-text\">\n\t\t\t<\/span>\n\n<a href=\"https:\/\/simicur.com\/de\/shop\/krauter-nahrungserganzung\/hoestmix\/\" class=\"show_details_button\">\n\tDetails<\/a>\n\n\n\t<\/div>\n\t<\/div>\n\n\t<\/div> <\/div>\n<\/li>\n\n\t\t\t\n\t\t\t\t\t<li class=\"product type-product post-1430 status-publish last instock product_cat-krauter-nahrungserganzung has-post-thumbnail taxable shipping-taxable purchasable product-type-simple product-grid-view\">\n\t<div class=\"fusion-product-wrapper\">\n<a href=\"https:\/\/simicur.com\/de\/shop\/krauter-nahrungserganzung\/fenegriek\/\" class=\"product-images\" aria-label=\"Fenegriek\">\n\n<div class=\"featured-image\">\n\t\t<img decoding=\"async\" width=\"300\" height=\"450\" src=\"https:\/\/simicur.com\/wp-content\/uploads\/2020\/01\/fenergiek.jpg\" class=\"attachment-woocommerce_thumbnail size-woocommerce_thumbnail wp-post-image\" alt=\"\" srcset=\"https:\/\/simicur.com\/wp-content\/uploads\/2020\/01\/fenergiek-200x300.jpg 200w, https:\/\/simicur.com\/wp-content\/uploads\/2020\/01\/fenergiek.jpg 300w\" sizes=\"(max-width: 300px) 100vw, 300px\" \/>\n\t\t\t\t\t\t<div class=\"cart-loading\"><i class=\"awb-icon-spinner\" aria-hidden=\"true\"><\/i><\/div>\n\t\t\t<\/div>\n<\/a>\n<div class=\"fusion-product-content\">\n\t<div class=\"product-details\">\n\t\t<div class=\"product-details-container\">\n<h3 class=\"product-title\">\n\t<a href=\"https:\/\/simicur.com\/de\/shop\/krauter-nahrungserganzung\/fenegriek\/\">\n\t\tFenegriek\t<\/a>\n<\/h3>\n<div class=\"fusion-price-rating\">\n\t<div itemprop=\"description\" style=\"font-size: 80%; height:150px;\">\r\n\t\t<p><b>Anwendung:<\/b> Kr\u00e4uterpr\u00e4parat f\u00fcr Atemwege und Kondition. Zu verabreichen bei Hustenproblemen und schwacher Kondition.<\/p>\n\t<\/div>\r\n\t\n\t<span class=\"price\"><span class=\"woocommerce-Price-amount amount\"><bdi><span class=\"woocommerce-Price-currencySymbol\">&euro;<\/span>9.99<\/bdi><\/span><\/span>\n\t\t<\/div>\n\t<\/div>\n<\/div>\n\n\n\t<div class=\"product-buttons\">\n\t\t<div class=\"fusion-content-sep sep-double sep-solid\"><\/div>\n\t\t<div class=\"product-buttons-container clearfix\">\n<a href=\"\/de\/wp-json\/wp\/v2\/pages\/1621?add-to-cart=1430\" aria-describedby=\"woocommerce_loop_add_to_cart_link_describedby_1430\" data-quantity=\"1\" class=\"button product_type_simple add_to_cart_button ajax_add_to_cart\" data-product_id=\"1430\" data-product_sku=\"ks-4\" aria-label=\"In den Warenkorb legen: \u201eFenegriek\u201c\" rel=\"nofollow\">In den Warenkorb<\/a>\t<span id=\"woocommerce_loop_add_to_cart_link_describedby_1430\" class=\"screen-reader-text\">\n\t\t\t<\/span>\n\n<a href=\"https:\/\/simicur.com\/de\/shop\/krauter-nahrungserganzung\/fenegriek\/\" class=\"show_details_button\">\n\tDetails<\/a>\n\n\n\t<\/div>\n\t<\/div>\n\n\t<\/div> <\/div>\n<\/li>\n\n\t\t\t\n\t\t<\/ul>\n\n\t<\/section>\n\t<\/div>\n\n\t\t\t<\/div>\n\t\t\t<\/div>\n","protected":false},"excerpt":{"rendered":"","protected":false},"author":1,"featured_media":0,"parent":1047,"menu_order":0,"comment_status":"closed","ping_status":"closed","template":"","meta":{"footnotes":""},"class_list":["post-1621","page","type-page","status-publish","hentry"],"_links":{"self":[{"href":"https:\/\/simicur.com\/de\/wp-json\/wp\/v2\/pages\/1621","targetHints":{"allow":["GET"]}}],"collection":[{"href":"https:\/\/simicur.com\/de\/wp-json\/wp\/v2\/pages"}],"about":[{"href":"https:\/\/simicur.com\/de\/wp-json\/wp\/v2\/types\/page"}],"author":[{"embeddable":true,"href":"https:\/\/simicur.com\/de\/wp-json\/wp\/v2\/users\/1"}],"replies":[{"embeddable":true,"href":"https:\/\/simicur.com\/de\/wp-json\/wp\/v2\/comments?post=1621"}],"version-history":[{"count":2,"href":"https:\/\/simicur.com\/de\/wp-json\/wp\/v2\/pages\/1621\/revisions"}],"predecessor-version":[{"id":1623,"href":"https:\/\/simicur.com\/de\/wp-json\/wp\/v2\/pages\/1621\/revisions\/1623"}],"up":[{"embeddable":true,"href":"https:\/\/simicur.com\/de\/wp-json\/wp\/v2\/pages\/1047"}],"wp:attachment":[{"href":"https:\/\/simicur.com\/de\/wp-json\/wp\/v2\/media?parent=1621"}],"curies":[{"name":"wp","href":"https:\/\/api.w.org\/{rel}","templated":true}]}}