{"id":1624,"date":"2020-01-20T20:20:46","date_gmt":"2020-01-20T20:20:46","guid":{"rendered":"https:\/\/simicur.dalphes.com\/?page_id=1624"},"modified":"2020-01-20T20:20:46","modified_gmt":"2020-01-20T20:20:46","slug":"teufelskralle","status":"publish","type":"page","link":"https:\/\/simicur.com\/de\/kraeuter-nahrungsergaenzung\/teufelskralle\/","title":{"rendered":"Teufelskralle"},"content":{"rendered":"<div class=\"woocommerce\">\t\t\t<div class=\"single-product\" data-product-page-preselected-id=\"0\">\n\t\t\t\t<div class=\"woocommerce-notices-wrapper\"><\/div><div id=\"product-1425\" class=\"product type-product post-1425 status-publish first instock product_cat-krauter-nahrungserganzung has-post-thumbnail sale taxable shipping-taxable purchasable product-type-simple product-grid-view\">\n\n\t<div class=\"avada-single-product-gallery-wrapper\">\n\n\t<span class=\"onsale\">Sale!<\/span>\n\t<div class=\"woocommerce-product-gallery woocommerce-product-gallery--with-images woocommerce-product-gallery--columns-4 images avada-product-gallery\" data-columns=\"4\" style=\"opacity: 0; transition: opacity .25s ease-in-out;\">\n\t<div class=\"woocommerce-product-gallery__wrapper\">\n\t\t<div data-thumb=\"https:\/\/simicur.com\/wp-content\/uploads\/2020\/01\/duivelsklauw-100x100.jpg\" data-thumb-alt=\"Teufelskralle\" data-thumb-srcset=\"https:\/\/simicur.com\/wp-content\/uploads\/2020\/01\/duivelsklauw-66x66.jpg 66w, https:\/\/simicur.com\/wp-content\/uploads\/2020\/01\/duivelsklauw-100x100.jpg 100w, https:\/\/simicur.com\/wp-content\/uploads\/2020\/01\/duivelsklauw-150x150.jpg 150w\"  data-thumb-sizes=\"(max-width: 100px) 100vw, 100px\" class=\"woocommerce-product-gallery__image\"><a href=\"https:\/\/simicur.com\/wp-content\/uploads\/2020\/01\/duivelsklauw.jpg\"><img decoding=\"async\" width=\"300\" height=\"450\" src=\"https:\/\/simicur.com\/wp-content\/uploads\/2020\/01\/duivelsklauw.jpg\" class=\"wp-post-image\" alt=\"Teufelskralle\" data-caption=\"\" data-src=\"https:\/\/simicur.com\/wp-content\/uploads\/2020\/01\/duivelsklauw.jpg\" data-large_image=\"https:\/\/simicur.com\/wp-content\/uploads\/2020\/01\/duivelsklauw.jpg\" data-large_image_width=\"300\" data-large_image_height=\"450\" srcset=\"https:\/\/simicur.com\/wp-content\/uploads\/2020\/01\/duivelsklauw-200x300.jpg 200w, https:\/\/simicur.com\/wp-content\/uploads\/2020\/01\/duivelsklauw.jpg 300w\" sizes=\"(max-width: 300px) 100vw, 300px\" \/><\/a><a class=\"avada-product-gallery-lightbox-trigger\" href=\"https:\/\/simicur.com\/wp-content\/uploads\/2020\/01\/duivelsklauw.jpg\" data-rel=\"iLightbox[]\" alt=\"\" data-title=\"duivelsklauw\" title=\"duivelsklauw\" data-caption=\"\"><\/a><\/div>\t<\/div>\n<\/div>\n<\/div>\n\n\t<div class=\"summary entry-summary\">\n\t\t<div class=\"summary-container\"><h1 class=\"product_title entry-title\">Teufelskralle<\/h1><p class=\"price\"><del aria-hidden=\"true\"><span class=\"woocommerce-Price-amount amount\"><bdi><span class=\"woocommerce-Price-currencySymbol\">&euro;<\/span>24.99<\/bdi><\/span><\/del> <span class=\"screen-reader-text\">Urspr\u00fcnglicher Preis war: &euro;24.99<\/span><ins aria-hidden=\"true\"><span class=\"woocommerce-Price-amount amount\"><bdi><span class=\"woocommerce-Price-currencySymbol\">&euro;<\/span>14.99<\/bdi><\/span><\/ins><span class=\"screen-reader-text\">Aktueller Preis ist: &euro;14.99.<\/span><\/p>\n\n<div class=\"post-content woocommerce-product-details__short-description\">\n\t<p><b>Anwendung:<\/b> Anzuwenden bei Gelenkproblemen (Arthrose, Dysplasie) und bei allen Arten von Schmerzen (Muskeln und Gelenke).<\/p>\n<\/div>\n\n\t\n\t<form class=\"cart\" action=\"\" method=\"post\" enctype='multipart\/form-data'>\n\t\t\n\t\t<div class=\"quantity\">\n\t\t<label class=\"screen-reader-text\" for=\"quantity_69e1e018b8470\">Teufelskralle Menge<\/label>\n\t<input\n\t\ttype=\"number\"\n\t\t\t\tid=\"quantity_69e1e018b8470\"\n\t\tclass=\"input-text qty text\"\n\t\tname=\"quantity\"\n\t\tvalue=\"1\"\n\t\taria-label=\"Produktmenge\"\n\t\t\t\tmin=\"1\"\n\t\t\t\t\t\t\tstep=\"1\"\n\t\t\tplaceholder=\"\"\n\t\t\tinputmode=\"numeric\"\n\t\t\tautocomplete=\"off\"\n\t\t\t\/>\n\t<\/div>\n\n\t\t<button type=\"submit\" name=\"add-to-cart\" value=\"1425\" class=\"single_add_to_cart_button button alt\">In den Warenkorb<\/button>\n\n\t\t\t<\/form>\n\n\t\n<div class=\"product_meta\">\n\n\t\n\t\n\t\t<span class=\"sku_wrapper\">Artikelnummer: <span class=\"sku\">ks-2<\/span><\/span>\n\n\t\n\t<span class=\"posted_in\">Kategorie: <a href=\"https:\/\/simicur.com\/de\/product-category\/krauter-nahrungserganzung\/\" rel=\"tag\">Kr\u00e4uter &amp; Nahrungserg\u00e4nzung<\/a><\/span>\n\t\n\t\n<\/div>\n<\/div>\t<\/div>\n\n\t\n\t<div class=\"woocommerce-tabs wc-tabs-wrapper\">\n\t\t<ul class=\"tabs wc-tabs\" role=\"tablist\">\n\t\t\t\t\t\t\t<li role=\"presentation\" class=\"description_tab\" id=\"tab-title-description\">\n\t\t\t\t\t<a href=\"#tab-description\" role=\"tab\" aria-controls=\"tab-description\">\n\t\t\t\t\t\tBeschreibung\t\t\t\t\t<\/a>\n\t\t\t\t<\/li>\n\t\t\t\t\t\t\t<li role=\"presentation\" class=\"additional_information_tab\" id=\"tab-title-additional_information\">\n\t\t\t\t\t<a href=\"#tab-additional_information\" role=\"tab\" aria-controls=\"tab-additional_information\">\n\t\t\t\t\t\tZus\u00e4tzliche Informationen\t\t\t\t\t<\/a>\n\t\t\t\t<\/li>\n\t\t\t\t\t<\/ul>\n\t\t\t\t\t<div class=\"woocommerce-Tabs-panel woocommerce-Tabs-panel--description panel entry-content wc-tab\" id=\"tab-description\" role=\"tabpanel\" aria-labelledby=\"tab-title-description\">\n\t\t\t\t\n<div class=\"post-content\">\n\t\t  <h3 class=\"fusion-woocommerce-tab-title\">Beschreibung<\/h3>\n\t\n\t<p><strong>Teufelskralle (400 g) , Kr\u00e4uterpr\u00e4parat f\u00fcr die Gelenke und bei Schmerzen<\/strong><br \/>\nTeufelskralle ist ein nat\u00fcrliches Nahrungserg\u00e4nzungsmittel f\u00fcr Pferde, Hunde und Katzen auf der Basis von Harpagophytum procumbens. Die krallenartigen Wurzeln der Teufelskralle sind reich an Glucocininen, die den Wurzeln eine schmerzstillende und entz\u00fcndungshemmende Wirkung geben. Die Wirkung von Teufelskralle richtet sich vor allem auf Muskeln und Gelenke, wodurch sich die Beweglichkeit der Gelenke verbessert. Pr\u00e4ventiv beugt Teufelskralle Gelenkschmerzen vor, die durch \u00dcberlastung entstehen. Teufelskralle ist frei von (Pharma)chemischen Stoffen, dadurch hat es keine sch\u00e4dlichen Nebenwirkungen auf den Magen.<\/p>\n<p><strong>Anwendung:<\/strong> Anzuwenden bei Gelenkproblemen (Arthrose, Dysplasie) und bei allen Arten von Schmerzen (Muskeln und Gelenke).<\/p>\n<p><strong>Dosierung:<\/strong> Teufelskralle in folgender Dosierung dem Futter beif\u00fcgen:<\/p>\n<table border=\"0\" align=\"left\">\n<tbody>\n<tr>\n<td>Pferd\/ Pony:<\/td>\n<td>1-2 x t\u00e4glich 10 Gramm<\/td>\n<\/tr>\n<tr>\n<td>Hund:<\/td>\n<td>1-2 x t\u00e4glich 5 Gramm<\/td>\n<\/tr>\n<tr>\n<td>Katze:<\/td>\n<td>1 x t\u00e4glich 2,5 Gramm<\/td>\n<\/tr>\n<\/tbody>\n<\/table>\n<p>&nbsp;<\/p>\n<p>&nbsp;<\/p>\n<p>&nbsp;<\/p>\n<p><strong>Packungsinhalt: <\/strong>400 Gramm<strong><br \/>\n<\/strong><strong>1 Messl\u00f6ffel<\/strong>: 5 Gramm<\/p>\n<\/div>\n\t\t\t<\/div>\n\t\t\t\t\t<div class=\"woocommerce-Tabs-panel woocommerce-Tabs-panel--additional_information panel entry-content wc-tab\" id=\"tab-additional_information\" role=\"tabpanel\" aria-labelledby=\"tab-title-additional_information\">\n\t\t\t\t\n\t<h3 class=\"fusion-woocommerce-tab-title\">Zus\u00e4tzliche Informationen<\/h3>\n\n<table class=\"woocommerce-product-attributes shop_attributes\" aria-label=\"Produktdetails\">\n\t\t\t<tr class=\"woocommerce-product-attributes-item woocommerce-product-attributes-item--weight\">\n\t\t\t<th class=\"woocommerce-product-attributes-item__label\" scope=\"row\">Gewicht<\/th>\n\t\t\t<td class=\"woocommerce-product-attributes-item__value\">0.6 kg<\/td>\n\t\t<\/tr>\n\t<\/table>\n\t\t\t<\/div>\n\t\t\n\t\t\t<\/div>\n\n<div class=\"fusion-clearfix\"><\/div>\n\n<div class=\"fusion-clearfix\"><\/div>\n\t<section class=\"related products\">\n\n\t\t\t\t\t<h2>\u00c4hnliche Produkte<\/h2>\n\t\t\t\t<ul class=\"products clearfix products-4\">\n\n\t\t\t\n\t\t\t\t\t<li class=\"product type-product post-1430 status-publish first instock product_cat-krauter-nahrungserganzung has-post-thumbnail taxable shipping-taxable purchasable product-type-simple product-grid-view\">\n\t<div class=\"fusion-product-wrapper\">\n<a href=\"https:\/\/simicur.com\/de\/shop\/krauter-nahrungserganzung\/fenegriek\/\" class=\"product-images\" aria-label=\"Fenegriek\">\n\n<div class=\"featured-image\">\n\t\t<img decoding=\"async\" width=\"300\" height=\"450\" src=\"https:\/\/simicur.com\/wp-content\/uploads\/2020\/01\/fenergiek.jpg\" class=\"attachment-woocommerce_thumbnail size-woocommerce_thumbnail wp-post-image\" alt=\"\" srcset=\"https:\/\/simicur.com\/wp-content\/uploads\/2020\/01\/fenergiek-200x300.jpg 200w, https:\/\/simicur.com\/wp-content\/uploads\/2020\/01\/fenergiek.jpg 300w\" sizes=\"(max-width: 300px) 100vw, 300px\" \/>\n\t\t\t\t\t\t<div class=\"cart-loading\"><i class=\"awb-icon-spinner\" aria-hidden=\"true\"><\/i><\/div>\n\t\t\t<\/div>\n<\/a>\n<div class=\"fusion-product-content\">\n\t<div class=\"product-details\">\n\t\t<div class=\"product-details-container\">\n<h3 class=\"product-title\">\n\t<a href=\"https:\/\/simicur.com\/de\/shop\/krauter-nahrungserganzung\/fenegriek\/\">\n\t\tFenegriek\t<\/a>\n<\/h3>\n<div class=\"fusion-price-rating\">\n\t<div itemprop=\"description\" style=\"font-size: 80%; height:150px;\">\r\n\t\t<p><b>Anwendung:<\/b> Kr\u00e4uterpr\u00e4parat f\u00fcr Atemwege und Kondition. Zu verabreichen bei Hustenproblemen und schwacher Kondition.<\/p>\n\t<\/div>\r\n\t\n\t<span class=\"price\"><span class=\"woocommerce-Price-amount amount\"><bdi><span class=\"woocommerce-Price-currencySymbol\">&euro;<\/span>9.99<\/bdi><\/span><\/span>\n\t\t<\/div>\n\t<\/div>\n<\/div>\n\n\n\t<div class=\"product-buttons\">\n\t\t<div class=\"fusion-content-sep sep-double sep-solid\"><\/div>\n\t\t<div class=\"product-buttons-container clearfix\">\n<a href=\"\/de\/wp-json\/wp\/v2\/pages\/1624?add-to-cart=1430\" aria-describedby=\"woocommerce_loop_add_to_cart_link_describedby_1430\" data-quantity=\"1\" class=\"button product_type_simple add_to_cart_button ajax_add_to_cart\" data-product_id=\"1430\" data-product_sku=\"ks-4\" aria-label=\"In den Warenkorb legen: \u201eFenegriek\u201c\" rel=\"nofollow\">In den Warenkorb<\/a>\t<span id=\"woocommerce_loop_add_to_cart_link_describedby_1430\" class=\"screen-reader-text\">\n\t\t\t<\/span>\n\n<a href=\"https:\/\/simicur.com\/de\/shop\/krauter-nahrungserganzung\/fenegriek\/\" class=\"show_details_button\">\n\tDetails<\/a>\n\n\n\t<\/div>\n\t<\/div>\n\n\t<\/div> <\/div>\n<\/li>\n\n\t\t\t\n\t\t\t\t\t<li class=\"product type-product post-1431 status-publish instock product_cat-krauter-nahrungserganzung has-post-thumbnail taxable shipping-taxable purchasable product-type-simple product-grid-view\">\n\t<div class=\"fusion-product-wrapper\">\n<a href=\"https:\/\/simicur.com\/de\/shop\/krauter-nahrungserganzung\/hoestmix\/\" class=\"product-images\" aria-label=\"Hoestmix\">\n\n<div class=\"featured-image\">\n\t\t<img decoding=\"async\" width=\"300\" height=\"450\" src=\"https:\/\/simicur.com\/wp-content\/uploads\/2020\/01\/hoestmix.jpg\" class=\"attachment-woocommerce_thumbnail size-woocommerce_thumbnail wp-post-image\" alt=\"\" srcset=\"https:\/\/simicur.com\/wp-content\/uploads\/2020\/01\/hoestmix-200x300.jpg 200w, https:\/\/simicur.com\/wp-content\/uploads\/2020\/01\/hoestmix.jpg 300w\" sizes=\"(max-width: 300px) 100vw, 300px\" \/>\n\t\t\t\t\t\t<div class=\"cart-loading\"><i class=\"awb-icon-spinner\" aria-hidden=\"true\"><\/i><\/div>\n\t\t\t<\/div>\n<\/a>\n<div class=\"fusion-product-content\">\n\t<div class=\"product-details\">\n\t\t<div class=\"product-details-container\">\n<h3 class=\"product-title\">\n\t<a href=\"https:\/\/simicur.com\/de\/shop\/krauter-nahrungserganzung\/hoestmix\/\">\n\t\tHoestmix\t<\/a>\n<\/h3>\n<div class=\"fusion-price-rating\">\n\t<div itemprop=\"description\" style=\"font-size: 80%; height:150px;\">\r\n\t\t<p><b>Anwendung:<\/b> Kr\u00e4uterpr\u00e4parat f\u00fcr die Atemwege und Lungen. Zu verabreichen bei empfindlichen Atemwegen und hustenden Tieren, f\u00fcr eine optimale Kondition von Kehle, Luftr\u00f6hre und Bronchien.<\/p>\n\t<\/div>\r\n\t\n\t<span class=\"price\"><span class=\"woocommerce-Price-amount amount\"><bdi><span class=\"woocommerce-Price-currencySymbol\">&euro;<\/span>24.99<\/bdi><\/span><\/span>\n\t\t<\/div>\n\t<\/div>\n<\/div>\n\n\n\t<div class=\"product-buttons\">\n\t\t<div class=\"fusion-content-sep sep-double sep-solid\"><\/div>\n\t\t<div class=\"product-buttons-container clearfix\">\n<a href=\"\/de\/wp-json\/wp\/v2\/pages\/1624?add-to-cart=1431\" aria-describedby=\"woocommerce_loop_add_to_cart_link_describedby_1431\" data-quantity=\"1\" class=\"button product_type_simple add_to_cart_button ajax_add_to_cart\" data-product_id=\"1431\" data-product_sku=\"ks-5\" aria-label=\"In den Warenkorb legen: \u201eHoestmix\u201c\" rel=\"nofollow\">In den Warenkorb<\/a>\t<span id=\"woocommerce_loop_add_to_cart_link_describedby_1431\" class=\"screen-reader-text\">\n\t\t\t<\/span>\n\n<a href=\"https:\/\/simicur.com\/de\/shop\/krauter-nahrungserganzung\/hoestmix\/\" class=\"show_details_button\">\n\tDetails<\/a>\n\n\n\t<\/div>\n\t<\/div>\n\n\t<\/div> <\/div>\n<\/li>\n\n\t\t\t\n\t\t\t\t\t<li class=\"product type-product post-1432 status-publish instock product_cat-krauter-nahrungserganzung has-post-thumbnail taxable shipping-taxable purchasable product-type-simple product-grid-view\">\n\t<div class=\"fusion-product-wrapper\">\n<a href=\"https:\/\/simicur.com\/de\/shop\/krauter-nahrungserganzung\/knoblauchgranulat\/\" class=\"product-images\" aria-label=\"Knoblauchgranulat\">\n\n<div class=\"featured-image\">\n\t\t<img decoding=\"async\" width=\"300\" height=\"450\" src=\"https:\/\/simicur.com\/wp-content\/uploads\/2020\/01\/knoflook.jpg\" class=\"attachment-woocommerce_thumbnail size-woocommerce_thumbnail wp-post-image\" alt=\"\" srcset=\"https:\/\/simicur.com\/wp-content\/uploads\/2020\/01\/knoflook-200x300.jpg 200w, https:\/\/simicur.com\/wp-content\/uploads\/2020\/01\/knoflook.jpg 300w\" sizes=\"(max-width: 300px) 100vw, 300px\" \/>\n\t\t\t\t\t\t<div class=\"cart-loading\"><i class=\"awb-icon-spinner\" aria-hidden=\"true\"><\/i><\/div>\n\t\t\t<\/div>\n<\/a>\n<div class=\"fusion-product-content\">\n\t<div class=\"product-details\">\n\t\t<div class=\"product-details-container\">\n<h3 class=\"product-title\">\n\t<a href=\"https:\/\/simicur.com\/de\/shop\/krauter-nahrungserganzung\/knoblauchgranulat\/\">\n\t\tKnoblauchgranulat\t<\/a>\n<\/h3>\n<div class=\"fusion-price-rating\">\n\t<div itemprop=\"description\" style=\"font-size: 80%; height:150px;\">\r\n\t\t<p><b>Anwendung:<\/b> Kr\u00e4uterpr\u00e4parat f\u00fcr gesunde Verdauung und Blutgef\u00e4\u00dfe. Zu verabreichen zur Steigerung der Abwehrkraft, F\u00f6rderung der Verdauung und als Abwehrmittel gegen Fliegen und M\u00fccken.<\/p>\n\t<\/div>\r\n\t\n\t<span class=\"price\"><span class=\"woocommerce-Price-amount amount\"><bdi><span class=\"woocommerce-Price-currencySymbol\">&euro;<\/span>11.99<\/bdi><\/span><\/span>\n\t\t<\/div>\n\t<\/div>\n<\/div>\n\n\n\t<div class=\"product-buttons\">\n\t\t<div class=\"fusion-content-sep sep-double sep-solid\"><\/div>\n\t\t<div class=\"product-buttons-container clearfix\">\n<a href=\"\/de\/wp-json\/wp\/v2\/pages\/1624?add-to-cart=1432\" aria-describedby=\"woocommerce_loop_add_to_cart_link_describedby_1432\" data-quantity=\"1\" class=\"button product_type_simple add_to_cart_button ajax_add_to_cart\" data-product_id=\"1432\" data-product_sku=\"ks-6\" aria-label=\"In den Warenkorb legen: \u201eKnoblauchgranulat\u201c\" rel=\"nofollow\">In den Warenkorb<\/a>\t<span id=\"woocommerce_loop_add_to_cart_link_describedby_1432\" class=\"screen-reader-text\">\n\t\t\t<\/span>\n\n<a href=\"https:\/\/simicur.com\/de\/shop\/krauter-nahrungserganzung\/knoblauchgranulat\/\" class=\"show_details_button\">\n\tDetails<\/a>\n\n\n\t<\/div>\n\t<\/div>\n\n\t<\/div> <\/div>\n<\/li>\n\n\t\t\t\n\t\t\t\t\t<li class=\"product type-product post-1433 status-publish last instock product_cat-krauter-nahrungserganzung has-post-thumbnail sold-individually taxable shipping-taxable purchasable product-type-simple product-grid-view\">\n\t<div class=\"fusion-product-wrapper\">\n<a href=\"https:\/\/simicur.com\/de\/shop\/krauter-nahrungserganzung\/herbalmix\/\" class=\"product-images\" aria-label=\"Herbalmix\">\n\n<div class=\"featured-image\">\n\t\t<img decoding=\"async\" width=\"450\" height=\"750\" src=\"https:\/\/simicur.com\/wp-content\/uploads\/2020\/01\/21_simicur_herbalmix.jpg\" class=\"attachment-woocommerce_thumbnail size-woocommerce_thumbnail wp-post-image\" alt=\"\" srcset=\"https:\/\/simicur.com\/wp-content\/uploads\/2020\/01\/21_simicur_herbalmix-180x300.jpg 180w, https:\/\/simicur.com\/wp-content\/uploads\/2020\/01\/21_simicur_herbalmix-200x333.jpg 200w, https:\/\/simicur.com\/wp-content\/uploads\/2020\/01\/21_simicur_herbalmix-400x667.jpg 400w, https:\/\/simicur.com\/wp-content\/uploads\/2020\/01\/21_simicur_herbalmix.jpg 450w\" sizes=\"(max-width: 450px) 100vw, 450px\" \/>\n\t\t\t\t\t\t<div class=\"cart-loading\"><i class=\"awb-icon-spinner\" aria-hidden=\"true\"><\/i><\/div>\n\t\t\t<\/div>\n<\/a>\n<div class=\"fusion-product-content\">\n\t<div class=\"product-details\">\n\t\t<div class=\"product-details-container\">\n<h3 class=\"product-title\">\n\t<a href=\"https:\/\/simicur.com\/de\/shop\/krauter-nahrungserganzung\/herbalmix\/\">\n\t\tHerbalmix\t<\/a>\n<\/h3>\n<div class=\"fusion-price-rating\">\n\t<div itemprop=\"description\" style=\"font-size: 80%; height:150px;\">\r\n\t\t<p><strong>Anwendung:<\/strong> Kr\u00e4uterpr\u00e4parat f\u00fcr Verdauung, Fell und Kondition. Zu verabreichen bei Problemen mit dem Fellwechsel, schlechter Kondition, Fressen von Kot und Problemen mit Knochen und Gelenken.<\/p>\n\t<\/div>\r\n\t\n\t<span class=\"price\"><span class=\"woocommerce-Price-amount amount\"><bdi><span class=\"woocommerce-Price-currencySymbol\">&euro;<\/span>24.99<\/bdi><\/span><\/span>\n\t\t<\/div>\n\t<\/div>\n<\/div>\n\n\n\t<div class=\"product-buttons\">\n\t\t<div class=\"fusion-content-sep sep-double sep-solid\"><\/div>\n\t\t<div class=\"product-buttons-container clearfix\">\n<a href=\"\/de\/wp-json\/wp\/v2\/pages\/1624?add-to-cart=1433\" aria-describedby=\"woocommerce_loop_add_to_cart_link_describedby_1433\" data-quantity=\"1\" class=\"button product_type_simple add_to_cart_button ajax_add_to_cart\" data-product_id=\"1433\" data-product_sku=\"ks-3\" aria-label=\"In den Warenkorb legen: \u201eHerbalmix\u201c\" rel=\"nofollow\">In den Warenkorb<\/a>\t<span id=\"woocommerce_loop_add_to_cart_link_describedby_1433\" class=\"screen-reader-text\">\n\t\t\t<\/span>\n\n<a href=\"https:\/\/simicur.com\/de\/shop\/krauter-nahrungserganzung\/herbalmix\/\" class=\"show_details_button\">\n\tDetails<\/a>\n\n\n\t<\/div>\n\t<\/div>\n\n\t<\/div> <\/div>\n<\/li>\n\n\t\t\t\n\t\t<\/ul>\n\n\t<\/section>\n\t<\/div>\n\n\t\t\t<\/div>\n\t\t\t<\/div>\n","protected":false},"excerpt":{"rendered":"","protected":false},"author":1,"featured_media":0,"parent":1047,"menu_order":0,"comment_status":"closed","ping_status":"closed","template":"","meta":{"footnotes":""},"class_list":["post-1624","page","type-page","status-publish","hentry"],"_links":{"self":[{"href":"https:\/\/simicur.com\/de\/wp-json\/wp\/v2\/pages\/1624","targetHints":{"allow":["GET"]}}],"collection":[{"href":"https:\/\/simicur.com\/de\/wp-json\/wp\/v2\/pages"}],"about":[{"href":"https:\/\/simicur.com\/de\/wp-json\/wp\/v2\/types\/page"}],"author":[{"embeddable":true,"href":"https:\/\/simicur.com\/de\/wp-json\/wp\/v2\/users\/1"}],"replies":[{"embeddable":true,"href":"https:\/\/simicur.com\/de\/wp-json\/wp\/v2\/comments?post=1624"}],"version-history":[{"count":2,"href":"https:\/\/simicur.com\/de\/wp-json\/wp\/v2\/pages\/1624\/revisions"}],"predecessor-version":[{"id":1626,"href":"https:\/\/simicur.com\/de\/wp-json\/wp\/v2\/pages\/1624\/revisions\/1626"}],"up":[{"embeddable":true,"href":"https:\/\/simicur.com\/de\/wp-json\/wp\/v2\/pages\/1047"}],"wp:attachment":[{"href":"https:\/\/simicur.com\/de\/wp-json\/wp\/v2\/media?parent=1624"}],"curies":[{"name":"wp","href":"https:\/\/api.w.org\/{rel}","templated":true}]}}