{"id":2228,"date":"2020-02-03T23:03:09","date_gmt":"2020-02-03T23:03:09","guid":{"rendered":"https:\/\/simicur.dalphes.com\/?page_id=2228"},"modified":"2020-02-03T23:03:09","modified_gmt":"2020-02-03T23:03:09","slug":"allgemeine-geschaeftsbedingungen","status":"publish","type":"page","link":"https:\/\/simicur.com\/de\/allgemeine-geschaeftsbedingungen\/","title":{"rendered":"Allgemeine Gesch\u00e4ftsbedingungen"},"content":{"rendered":"<div id=\"vmMainPage\">\n<p><strong>Artikel 1 \u2013 Definition<\/strong><br \/>\nUnter diesen Bedingungen versteht man:<br \/>\n1. Unternehmer: Die nat\u00fcrliche oder Rechtsperson, die Produkte und\/oder Dienste aus der Distanz dem Konsumenten anbietet;<br \/>\n2. Konsument: Die nat\u00fcrliche Person, die nicht in der Aus\u00fcbung des Berufes oder Gewerbes handelt und aus der Distanz eine Vereinbarung mit dem Unternehmer eingeht;<br \/>\n3. Distanzvereinbarung: Eine \u00dcbereinkunft, wobei im Rahmen eines durch den Unternehmer organisierten Systems f\u00fcr Distanzverk\u00e4ufe von Produkten und\/oder Diensten, bis zum und mit dem Abschluss der Vereinbarung, ausschlie\u00dflich Gebrauch gemacht wird von einer oder mehrerer Techniken f\u00fcr Kommunikation aus der Distanz;<br \/>\n4. Technik f\u00fcr Kommunikation aus der Distanz: Dieses Mittel kann f\u00fcr den Abschluss einer Vereinbarung verwendet werden, ohne das Konsument und Unternehmer gleichzeitig im selben Raum zusammen gekommen sind;<br \/>\n5. Bedenkzeit: Die Frist, in der der Konsument von seinem Widerrufsrecht Gebrauch machen kann;<br \/>\n6. Widerrufsfrist: Die M\u00f6glichkeit f\u00fcr den Konsumenten, innerhalb der Bedenkzeit von einer Vereinbarung auf Distanz abzusehen;<br \/>\n7. Dag: Kalendertag;<br \/>\n8. Dauer des Gesch\u00e4ftsabschlusses: Eine Distanzvereinbarung in Bezug auf eine Reihe von Produkten und\/oder Diensten, bei der die Lieferung und\/oder Abnahmeverpflichtung zeitlich gesetzt ist.<br \/>\n9. Dauerhafte Datentr\u00e4ger: Jedes Mittel, das der Konsument oder Unternehmer einstellt, um Informationen, die an ihn pers\u00f6nlich gerichtet sind irgendwie zu speichern, die eine k\u00fcnftige Einsichtnahme und unver\u00e4nderte Reproduktion der gespeicherten Information m\u00f6glich macht.<\/p>\n<p><strong>Artikel 2 \u2013 Identit\u00e4t des Unternehmers<\/strong><\/p>\n<p>Simicur International BV handelt unter dem Name\/Namen: Simicur<br \/>\nNiederlassung- Hausanschrift<br \/>\nGrathemerweg 6<br \/>\n6037 NR Kelpen<br \/>\nTelefonnummer: 0495-651825<\/p>\n<p><strong>Erreichbarkeit:<\/strong><br \/>\nVon Montag bis Samstag von 9:00 Uhr bis 18:00 Uhr<br \/>\n<strong>E-mail Adresse: <\/strong>info@simicur.nl<br \/>\n<strong>KvK-Nummer:<\/strong> 13032360<br \/>\n<strong>BTW-Identifikationsnummer:<\/strong> NL009764471B01<\/p>\n<p><strong>Artikel 3 &#8211; Anwendbarkeit<\/strong><\/p>\n<p>1. Diese allgemeinen Gesch\u00e4ftsbedingungen gelten f\u00fcr jedes Angebot des Unternehmers und f\u00fcr jede zustande gekommene Distanzvereinbarung zwischen Unternehmer und Konsument.<br \/>\n2. Bevor die Distanzvereinbarung geschlossen wird, wird der Text dieser allgemeinen Gesch\u00e4ftsbedingungen dem Konsumenten zur Verf\u00fcgung gestellt. Wenn das berechtigterweise nicht m\u00f6glich ist, wird vor Abschluss der Distanzvereinbarung angezeigt, dass die allgemeinen Gesch\u00e4ftsbedingungen beim Unternehmer einzusehen sind und sie auf Antrag des Konsumenten so schnell wie m\u00f6glich kostenlos zugesandt werden.<br \/>\n3. Wenn die Distanzvereinbarung elektronisch geschlossen wird, kann in Abweichung des vorigen Absatzes und bevor die Distanzvereinbarung geschlossen wird, der Text dieser allgemeinen Gesch\u00e4ftsbedingungen dem Konsumenten auf elektronischen Wege auf solche Weise zur Verf\u00fcgung gestellt werden, dass diese durch den Konsumenten auf einfache Art, auf einem dauerhaften Datentr\u00e4ger, ge\u00f6ffnet werden kann. Wenn das berechtigterweise nicht m\u00f6glich ist, wird vor Abschluss der Distanzvereinbarung angegeben, wo von den allgemeinen Gesch\u00e4ftsbedingungen auf elektronischem Wege Kenntnis genommen werden kann und das sie auf Antrag des Konsumenten auf elektronischem Wege oder auf andere Weise kostenlos zugesandt werden k\u00f6nnen.<br \/>\n4. F\u00fcr den Fall, dass neben diesen allgemeinen Gesch\u00e4ftsbedingungen zugleich spezifische Produkt- oder Dienstvereinbarungen Anwendung finden, ist der zweite und dritte Absatz von entsprechender Anwendung und der Konsument kann sich im Falle von gegens\u00e4tzlichen allgemeinen Gesch\u00e4ftbedingungen immer auf die anwendbare Klausel berufen, die f\u00fcr ihn am g\u00fcnstigsten ist.<\/p>\n<p><strong>Artikel 4 \u2013 Das Angebot<\/strong><\/p>\n<p>1. Wenn ein Angebot eine befristete Geltungsdauer hat, oder unter Bedingungen zuteil wird, wird dies nachdr\u00fccklich im Angebot vermerkt.<br \/>\n2. Das Angebot enth\u00e4lt eine vollst\u00e4ndige und genaue Beschreibung der angebotenen Produkte und\/oder Dienste. Die Beschreibung ist ausreichend genug detailliert, um eine gute Beurteilung des Angebots durch den Konsumenten m\u00f6glich zu machenWenn der Unternehmer Abbildungen verwendet, sind diese eine wahrheitsgetreue Wiedergabe der angebotenen Produkte und\/oder Dienste. Sichtliche Irrt\u00fcmer oder Fehler im Angebot binden den Unternehmer nicht.<br \/>\n3. Jedes Angebot enth\u00e4lt derartige Informationen, dass f\u00fcr den Konsumenten deutlich ist, was die Rechte und Verpflichtungen sind, die mit der Annahme des Angebots verbunden sind. Das betrifft insbesondere:<br \/>\nDen Preis inklusive Steuern;<br \/>\nDie eventuellen Lieferkosten;<br \/>\nDie Weise, worauf die Vereinbarung zustande kommen soll und welche Handlungen daf\u00fcr notwendig sind;<br \/>\nWenn dass alles nicht anwendbar ist, das Widerrufsrecht;<br \/>\nDie Art der Bezahlung, Lieferung oder Ausf\u00fchrung der Vereinbarung;<br \/>\nDer Termin f\u00fcr die Annahme des Angebots, dann auch der Termin, wie lange der Preis gilt;<br \/>\nDie H\u00f6he der Geb\u00fchr f\u00fcr Kommunikation auf Distanz, falls die Kosten f\u00fcr die Verwendung der Technik f\u00fcr Kommunikation auf Distanz auf einer anderen Grundlage als dem Basistarif berechnet werden;<br \/>\nWenn die Vereinbarung nach dem zustande kommen archiviert wird, auf welche Weise diese f\u00fcr den Konsumenten nachzuschlagen ist;<br \/>\nDie Weise, worauf der Konsument vor dem Abschluss von durch ihm nicht gewollte Handlungen in Kenntnis gesetzt werden kann, wie auch die Weise, worauf er diese beheben kann, bevor die Vereinbarung zustande kommt;<br \/>\nDie eventuelle Sprache, in der neben der niederl\u00e4ndischen, die Vereinbarung geschlossen werden kann;<br \/>\nDie Verhaltensregeln, denen der Unternehmer sich unterworfen hat und die Weise, wie der Konsument diese Verhaltensregeln auf elektronischem Wege nachschlagen kann; und<br \/>\nDie minimale Dauer der Distanzvereinbarung im Falle einer Vereinbarung, die sich in einer andauernden oder periodischen Lieferung von Produkten oder Diensten erstreckt.<\/p>\n<p><strong>Artikel 5 \u2013 Der Vertrag<\/strong><\/p>\n<p>1. Der Vertrag kommt, unter bestimmten Vorbehalten in Absatz 4, in dem Moment zustande, wenn der Konsument das Angebot bejaht und es den gestellten Bedingungen entspricht.<br \/>\n2. Wenn der Konsument das Angebot auf elektronischem Wege annimmt, best\u00e4tigt der Unternehmer unverz\u00fcglich auf elektronischem Wege den Erhalt der Annahme des Angebotes. Solange der Erhalt dieser Annahme nicht best\u00e4tigt ist, kann der Konsument den Vertrag aufl\u00f6sen.<br \/>\n3. Wenn der Vertrag elektronisch zustande kommt, trifft der Unternehmer passende technische und organisatorische Ma\u00dfregeln zur Sicherheit der elektronischen \u00dcbermittlung von Daten und sorgt f\u00fcr eine sichere Webumgebung. Wenn der Konsument elektronisch bezahlen kann, sollte der Unternehmer dazu passende Sicherheitsma\u00dfnahmen beachten.<br \/>\n4. Der Unternehmer kann sich &#8211; innerhalb der gesetzlichen Bestimmungen \u2013 informieren, ob der Konsument seine Zahlungsverpflichtungen erf\u00fcllen kann, wie auch \u00fcber alle Sachverhalte und Faktoren, die wichtig sind f\u00fcr ein verantwortliches Eingehen eines Vertrages auf Distanz.. Wenn der Unternehmer aufgrund dieser Ermittlungen gute Gr\u00fcnde hat, den Vertrag nicht abzuschlie\u00dfen, ist er berechtigt motiviert, eine Bestellung oder Anfrage zu verweigern oder mit der Ausf\u00fchrung besondere Bedingungen zu verbinden.<br \/>\n5. Der Unternehmer soll zu dem Produkt oder Dienst dem Konsumenten die folgende Information mitschicken, schriftlich oder auf solche Weise, dass diese durch den Konsumenten auf eine zug\u00e4ngliche Art und auf einem dauerhaften Datentr\u00e4ger nachgeschlagen werden kann:<br \/>\na. Die Hausanschrift der Niederlassung des Unternehmers wo der Konsument mit Beschwerden erscheinen kann;<br \/>\nb. Die Bedingungen worunter und die Weise, worauf der Konsument vom Widerspruchsrecht Gebrauch machen kann, dann aber auch eine deutliche Mitteilung, in Sachen ausgeschlossen sein vom Widerrufsrecht;<br \/>\nc. Die Information \u00fcber bestehenden Service nach Kauf und Garantien;<br \/>\nd. Die in Artikel 4 Absatz 3 dieser Allgemeinen Gesch\u00e4ftsbedingungen aufgenommenen Informationen, au\u00dfer der Unternehmer hat diese Bedingungen dem Konsumenten bereits vor der Durchf\u00fchrung des Vertrages gegeben.<br \/>\ne. Die Voraussetzungen f\u00fcr eine K\u00fcndigung des Vertrages, wenn der Vertrag eine Dauer von \u00fcber einem Jahr hat oder von unbestimmter Dauer ist.<br \/>\n6. Wenn der Unternehmer sich verpflichtet hat, eine Reihe von Produkten zu liefern oder eine Dienstleistung zu erbringen, findet die Klausel im vorherigen Abschnitt nur bei der ersten Lieferung Anwendung.<\/p>\n<p><strong>Artikel 6 \u2013 Widerrufsrecht bei Lieferung von Produkten<\/strong><\/p>\n<p>F\u00fcr Produkte, die \u00fcber Simicur Int. BV geliefert werden gilt der gesetzliche Standard von 8 Tagen Recht auf Retoure nach Empfang. Das gilt jedoch nur f\u00fcr unge\u00f6ffnete Verpackungen und nicht gebrauchte Artikel. Wegen der gesetzlichen Vorschriften (Tierarzneimittelgesetz) k\u00f6nnen Tierarzneimittel, Di\u00e4tfutter und Futterzus\u00e4tze nicht retourniert werden.<\/p>\n<p>Retoursendungen m\u00fcssen ausreichend frankiert sein. Unfrankierte oder besch\u00e4digte Pakete werden nicht akzeptiert. Geringe Abweichungen in Farbe und Ausf\u00fchrung sind kein Grund f\u00fcr Retoure.<\/p>\n<p><strong>Artikel 7 \u2013 Kosten im Falle eines Widerrufs <\/strong><\/p>\n<p>1. Wenn der Konsument von seinem Widerrufsrecht Gebrauch macht, kommen als H\u00f6chstbeitrag die Kosten der R\u00fccksendung f\u00fcr ihn zustande.<br \/>\n2. Wenn der Konsument einen Betrag bezahlt hat, wird der Unternehmer den Betrag m\u00f6glichst bald, doch sp\u00e4testens innerhalb von 30 Tagen nach der R\u00fccksendung oder nach Widerruf, r\u00fcckerstatten.<br \/>\nArtikel 8 \u2013 Ausschluss des Widerrufrechts<br \/>\n7. Wenn der Konsument nicht \u00fcber ein Widerrufsrecht verf\u00fcgt, kann das nur durch den Unternehmer ausgeschlossen werden, der Unternehmer legt es im Angebot deutlich vor, zumindest rechtzeitig vor Abschluss des Vertrages hat er es angegeben.<br \/>\n8. Ausschluss des Widerrufrechts ist nur m\u00f6glich f\u00fcr Produkte:<br \/>\n9. a. Die durch den Unternehmer zustande gekommenen spezifischen Bestimmungen des Konsumenten;<br \/>\nb. Die eindeutig von pers\u00f6nlicher Art sind;<br \/>\nc. Die durch Ihre Beschaffenheit nicht wieder zur\u00fcckgesandt werden k\u00f6nnen ;<br \/>\nd. Die schnell verderben oder veralten k\u00f6nnen;<br \/>\ne. Bei denen der Preis gebunden ist an der Schwankungen des Finanzmarktes, worauf der Unternehmer keinen Einfluss hat;<\/p>\n<p><strong>Artikel 9 \u2013 Der Preis<\/strong><\/p>\n<p>1. W\u00e4hrend der im Angebot genannten Geltungsdauer werden die Preise der angebotenen Produkte und\/ oder Dienstleistungen nicht erh\u00f6ht, vorbehaltlich Preisbeschl\u00fcssen als Folge von Ver\u00e4nderungen in Mehrwertsteuer Tarifen.<br \/>\n2. In Abweichung des vorherigen Absatzes kann der Unternehmer Produkte oder Dienstleistungen, bei denen die Preise an den Schwankungen des Finanzmarktes gebunden sind und auf die der Unternehmer keinen Einfluss hat, mit variablen Preisen anbieten. Diese Gebundenheit an Schwankungen und die Tatsache, dass eventuell genannte Preise Richtpreise sind, werden beim Angebot angegeben.<br \/>\n3. Preiserh\u00f6hungen innerhalb von 3 Monaten nach Zustandekommen des Vertrages sind nur zul\u00e4ssig, wenn sie die Folge von rechtlichen Regelungen oder Rechtvorschriften sind.<br \/>\n4. Preiserh\u00f6hungen ab 3 Monaten nach dem Zustandekommen des Vertrages sind nur zul\u00e4ssig, wenn der Unternehmer das vereinbart hat und:<br \/>\na. Diese die Folge von rechtlichen Regelungen oder Rechtsvorschriften sind; oder<br \/>\nb. der Konsument befugt ist, den Vertrag bis zu dem Tag zu k\u00fcndigen, bis die Preiserh\u00f6hung in Kraft tritt.<br \/>\n5. Die im Angebot von Produkten oder Dienstleistungen angegebenen Preise sind inklusive Mehrwertsteuer.<\/p>\n<p><strong>Artikel 10 \u2013 Konformit\u00e4t und Garantie<\/strong><\/p>\n<p>1. Der Unternehmer steht daf\u00fcr ein, dass die Produkte und\/oder Dienstleistungen dem Vertrag gerecht werden, f\u00fcr die im Angebot genannten Spezifikationen, den angemessenen Anspr\u00fcchen auf Tauglichkeit und\/oder Brauchbarkeit und f\u00fcr die auf dem Datum des Zustande kommen des Vertrage bestehenden Rechtsvorschriften und\/oder beh\u00f6rdlichen Vorschriften.<br \/>\n2. Eine durch den Unternehmer, Fabrikant oder Importeur als Garantie angebotene Regelung \u00e4ndert nichts an den Rechten und Forderungen, die der Konsument bez\u00fcglich eines Mangels in der Erf\u00fcllung der Verpflichtungen des Unternehmers geltend machen kann, auf Grund des Gesetzes und\/oder der Distanzvereinbarung.<\/p>\n<p><strong>Artikel 11 \u2013 Lieferung und Ausf\u00fchrung<\/strong><\/p>\n<p>Der Unternehmer wird die gr\u00f6\u00dftm\u00f6gliche Sorgfalt beachten bei der Entgegennahme und bei der Ausf\u00fchrung von Bestellungen von Produkten und bei der Beurteilung von Anfragen zur Vergabe von Dienstleistungen.<br \/>\nAls Lieferadresse gilt die Adresse, die der Konsument dem Unternehmen bekannt gegeben hat.<br \/>\nUnter Beachtung dessen, was hier\u00fcber in Artikel 4 dieser Allgemeinen Gesch\u00e4ftsbedingungen angegeben ist, wird das Unternehmen akzeptierte Bestellungen mit geeigneter Eile, doch sp\u00e4testens innerhalb von 30 Tagen ausf\u00fchren, es sei denn, es ist ein l\u00e4ngerer Lieferungstermin abgesprochen. Wenn die Zustellung sich verz\u00f6gert, oder wenn eine Bestellung nicht oder nur zum Teil ausgef\u00fchrt werden kann, erh\u00e4lt der Konsument hiervon sp\u00e4testens einen Monat nachdem er bestellt hat, eine Mitteilung. Der Konsument hat in diesem Fall das Recht den Vertrag ohne Kosten aufzuheben und das Recht auf eventuellen Schadenersatz.<br \/>\nIm Falle einer Aufhebung entsprechend des vorherigen Absatzes wird der Unternehmer den Betrag, den der Konsument bezahlt hat, baldm\u00f6glichst, doch sp\u00e4testens innerhalb von 30 Tagen nach Aufhebung, zur\u00fcckerstatten.<br \/>\nWenn die Lieferung eines bestellten Produktes offensichtlich unm\u00f6glich ist, wird der Unternehmer sich bem\u00fchen, einen Ersatzartikel zur Verf\u00fcgung zu stellen. Sp\u00e4testens bei der Zustellung wird auf deutliche und verst\u00e4ndliche Weise mitgeteilt, dass ein Ersatzartikel geliefert wurde. Bei Ersatzartikeln kann das Widerrufsrecht nicht ausgeschlossen werden. Die Kosten der R\u00fccksendung tr\u00e4gt der Unternehmer.<br \/>\nDas Risiko von Besch\u00e4digung und\/oder vermissten Produkten beruht bis zum Moment der Zustellung an den Konsumenten beim Unternehmer, es sei denn, es ist ausdr\u00fccklich anders vereinbart worden. Sind dann noch Unvollst\u00e4ndigkeiten, Packfehler oder Bruch festgestellt worden, haben Sie 48 Stunden nach Lieferung Zeit, uns diese zu melden. Nach dieser Zeitspanne wurde erachtet, dass die Lieferung vollst\u00e4ndig wunschgem\u00e4\u00df ausgef\u00fchrt worden ist<\/p>\n<p><strong>Artikel 12 \u2013 Dauer des Gesch\u00e4ftsabschlusses<\/strong><\/p>\n<p>1. Der Konsument kann einen Vertrag, der f\u00fcr unbestimmte Zeit eingegangen worden ist, zu jederzeit k\u00fcndigen, unter Beachtung der dazu vereinbarten K\u00fcndigungsregelungen und einem K\u00fcndigungstermin von h\u00f6chstens einem Monat.<br \/>\n2. Ein Vertrag, der f\u00fcr eine bestimmte Zeit eingegangen worden ist, hat eine Laufzeit von maximal zwei Jahren. Wenn vereinbart worden ist, dass bei Stillschweigen des Konsumenten die Distanzvereinbarung verl\u00e4ngert wird, wird der Vertrag fortgesetzt wie eine Vereinbarung f\u00fcr unbestimmte Zeit und der K\u00fcndigungstermin wird nach Fortsetzung der Vereinbarung maximal einen Monat betragen.<\/p>\n<p><strong>Artikel 13 &#8211; Bezahlung<\/strong><\/p>\n<p>1. Insofern nicht sp\u00e4ter vereinbart wurde, m\u00fcssen die durch den Konsumenten ausstehenden Betr\u00e4ge innerhalb von 14 Tagen nach Zustellung des Gutes oder im Falle einer Vereinbarung zur Gew\u00e4hrung einer Dienstleistung, innerhalb von 14 Tagen nach Abgabe dieser Vereinbarung entsprechend eingehen.<br \/>\n2. Beim Verkauf von Produkten an den Konsumenten darf in den Allgemeinen Gesch\u00e4ftsbedingungen niemals eine Vorauszahlung von mehr als 50% vereinbart werden. Wenn eine Vorauszahlung vereinbart worden ist, hat der Konsument kein Recht, sich bez\u00fcglich geltendes Recht auf die Ausf\u00fchrung der jeweiligen Bestellung oder Dienstleistung(en) zu beziehen, bevor die vereinbarte Vorauszahlung stattgefunden hat.<br \/>\n3. Der Konsument hat die Pflicht, Unrichtigkeiten in geleisteter oder mitgeteilter Zahlungsangaben unverz\u00fcglich dem Unternehmer zu melden.<br \/>\n4. Im Falle von Nichtzahlung des Konsumenten hat der Unternehmer vorbehaltlich gesetzlicher Einschr\u00e4nkungen das Recht, nach dem Zahlungstermin von 14 Tagen 1,5% Zinsen pro Monat, \u00fcber den vollst\u00e4ndigen Rechnungsbetrag hinaus zu erheben, zuz\u00fcglich einer Forderung von 20 EUR Verwaltungskosten. Nach zwei Zahlungsaufforderungen werden Forderungen an unseren Inkassodienst weiter gegeben. Alle gerichtlichen und au\u00dfergerichtlichen Kosten werden \u00fcber das niederl\u00e4ndische Recht verholt.<\/p>\n<p><strong>Artikel 14 \u2013 Beschwerderegelung<\/strong><\/p>\n<p>1. Der Unternehmer verf\u00fcgt \u00fcber ein bekannt gemachtes Beschwerdeverfahren und behandelt die Beschwerden in \u00dcbereinstimmung dieser Beschwerdeverfahren.<br \/>\n2. Beschwerden \u00fcber die Ausf\u00fchrung der Vereinbarung m\u00fcssen innerhalb geeigneter Zeit vollst\u00e4ndig und deutlich beschrieben werden, eingereicht beim Unternehmer, nachdem der Konsument die Fehler festgestellt hat.<br \/>\n3. Beim Unternehmer eingereichte Beschwerden werden innerhalb von 14 Tagen, gerechnet vom Erhaltsdatum an, beantwortet. Wenn eine Beschwerde eine vorhersehbare l\u00e4ngere Verarbeitungszeit verlangt, wird durch den Unternehmer innerhalb von 14 Tagen geantwortet, mit einer Empfangsmitteilung und einer Indikation, wann der Konsument eine umfangreiche, ausf\u00fchrliche Antwort erwarten kann.<\/p>\n<p><strong>Artikel 15 &#8211; Rechtsstreitigkeiten<\/strong><\/p>\n<p>1. Auf Vertr\u00e4ge zwischen dem Unternehmer und dem Konsumenten, worauf diese Allgemeinen Gesch\u00e4ftsbedingungen sich beziehen, findet ausschlie\u00dflich das niederl\u00e4ndische Recht Anwendung.<br \/>\n2. Rechtsstreitigkeiten zwischen dem Unternehmer und dem Konsumenten \u00fcber das Zustandekommen oder die Ausf\u00fchrung von Vertr\u00e4gen hinsichtlich Lieferung durch diesen Unternehmer oder gelieferte Produkte und Dienstleistungen, werden nach aller Vernunft durch unser Team erledigt.<\/p>\n<p><strong>Artikel 16 &#8211; Datenschutz<\/strong><\/p>\n<p>1. Bei der Erteilung einer Bestellung gibt Ihnen der Unternehmer das Einverst\u00e4ndnis, Werbebotschaften(digitaler Newsletter) an Ihre E-Mail Adresse zu versenden. Diese Zustimmung kann auf der nachfolgenden Reklame E-Mail f\u00fcr ung\u00fcltig erkl\u00e4rt werden, oder direkt \u00fcber E-Mail an den Unternehmer.<\/p>\n<\/div>\n","protected":false},"excerpt":{"rendered":"<p>Artikel 1 \u2013 Definition Unter diesen Bedingungen versteht man: 1.  [&#8230;]<\/p>\n","protected":false},"author":1,"featured_media":0,"parent":0,"menu_order":0,"comment_status":"closed","ping_status":"closed","template":"","meta":{"footnotes":""},"class_list":["post-2228","page","type-page","status-publish","hentry"],"_links":{"self":[{"href":"https:\/\/simicur.com\/de\/wp-json\/wp\/v2\/pages\/2228","targetHints":{"allow":["GET"]}}],"collection":[{"href":"https:\/\/simicur.com\/de\/wp-json\/wp\/v2\/pages"}],"about":[{"href":"https:\/\/simicur.com\/de\/wp-json\/wp\/v2\/types\/page"}],"author":[{"embeddable":true,"href":"https:\/\/simicur.com\/de\/wp-json\/wp\/v2\/users\/1"}],"replies":[{"embeddable":true,"href":"https:\/\/simicur.com\/de\/wp-json\/wp\/v2\/comments?post=2228"}],"version-history":[{"count":1,"href":"https:\/\/simicur.com\/de\/wp-json\/wp\/v2\/pages\/2228\/revisions"}],"predecessor-version":[{"id":2229,"href":"https:\/\/simicur.com\/de\/wp-json\/wp\/v2\/pages\/2228\/revisions\/2229"}],"wp:attachment":[{"href":"https:\/\/simicur.com\/de\/wp-json\/wp\/v2\/media?parent=2228"}],"curies":[{"name":"wp","href":"https:\/\/api.w.org\/{rel}","templated":true}]}}