{"id":2748,"date":"2020-05-04T08:31:55","date_gmt":"2020-05-04T08:31:55","guid":{"rendered":"https:\/\/simicur.com\/?page_id=2748"},"modified":"2025-12-10T21:28:40","modified_gmt":"2025-12-10T21:28:40","slug":"indikationsliste","status":"publish","type":"page","link":"https:\/\/simicur.com\/de\/indikationsliste\/","title":{"rendered":"Indikationsliste"},"content":{"rendered":"<p>Die Indikationsliste bietet einen \u00dcberblick \u00fcber Symptome, die durch Fehlfunktionen von Organen und Organsystemen bei Tieren verursacht werden, sowie \u00fcber die Unterst\u00fctzung des K\u00f6rpers mit Bio-Kompositionen von Simicur.<\/p>\n<table border=\"0\">\n<tbody>\n<tr>\n<td valign=\"top\" width=\"48%\">\n<ul>\n<li>Abwehrschw\u00e4che &#8211; <u><a href=\"https:\/\/simicur.com\/de\/homeopathische-medicijnen\/hoestcur-100-ml.html\">hoestcur<\/a><\/u><\/li>\n<li>Akute Niereninsuffizienz &#8211; <u><a href=\"https:\/\/simicur.com\/de\/homeopathische-medicijnen\/urogenicur-100-ml.html\">urogenicur<\/a><\/u><\/li>\n<li>An\u00e4mie &#8211; <u><a href=\"https:\/\/simicur.com\/de\/homeopathische-medicijnen\/anemiacur-100-ml.html\">anemiacur<\/a><\/u><\/li>\n<li>Appetitlosigkeit &#8211; <u><a href=\"https:\/\/simicur.com\/de\/homeopathische-medicijnen\/gastricur-100-ml.html\">gastricur<\/a><\/u><\/li>\n<li>Arthritis &#8211; <u><a href=\"https:\/\/simicur.com\/de\/homeopathische-medicijnen\/arthricur-100-ml.html\">arthricur<\/a><\/u><\/li>\n<li>Arthrose &#8211; <u><a href=\"https:\/\/simicur.com\/de\/homeopathische-medicijnen\/osteocur-100-ml.html\">osteocur<\/a><\/u>, <u><a href=\"https:\/\/simicur.com\/de\/homeopathische-medicijnen\/arthricur-100-ml.html\">arthricur<\/a><\/u><\/li>\n<li>Asthmatische Bronchitis &#8211; <u><a href=\"https:\/\/simicur.com\/de\/homeopathische-medicijnen\/allergicur-100-ml.html\">allergicur<\/a><\/u><\/li>\n<li>Ataxie &#8211; <u><a href=\"https:\/\/simicur.com\/de\/homeopathische-medicijnen\/neuralcur-100-ml.html\">neuralcur<\/a><\/u><\/li>\n<li>Bandscheibenvorfall &#8211; <u><a href=\"https:\/\/simicur.com\/de\/homeopathische-medicijnen\/neuralcur-100-ml.html\">neuralcur<\/a><\/u><\/li>\n<li>Blasensteine &#8211; <u><a href=\"https:\/\/simicur.com\/de\/homeopathische-medicijnen\/urogenicur-100-ml.html\">urogenicur<\/a><\/u><\/li>\n<li>Blinddarmentz\u00fcndung &#8211; <u><a href=\"https:\/\/simicur.com\/de\/homeopathische-medicijnen\/stopcur-100-ml.html\">stopcur<\/a><\/u><\/li>\n<li>Blutarmut &#8211; <u><a href=\"https:\/\/simicur.com\/de\/homeopathische-medicijnen\/anemiacur-100-ml.html\">anemiacur<\/a><\/u><\/li>\n<li>Bluterguss &#8211; <u><a href=\"https:\/\/simicur.com\/de\/homeopathische-medicijnen\/traumacur-100-ml.html\">traumacur<\/a><\/u><\/li>\n<li>Bluterg\u00fcsse &#8211; <u><a href=\"https:\/\/simicur.com\/de\/homeopathische-medicijnen\/traumacur-100-ml.html\">traumacur<\/a><\/u><\/li>\n<li>Blutreinigend &#8211; <u><a href=\"https:\/\/simicur.com\/de\/kruiden-en-voedersupplementen\/knoblauchgranulat-800gr.html\">knoblauchgranulat<\/a><\/u><\/li>\n<li>Chronische Bronchitis &#8211; <u><a href=\"https:\/\/simicur.com\/de\/homeopathische-medicijnen\/glandulacur-100-ml.html\">glandulacur<\/a><\/u><\/li>\n<li>Chronische Niereninsuffizienz &#8211; <u><a href=\"https:\/\/simicur.com\/de\/homeopathische-medicijnen\/urogenicur-100-ml.html\">urogenicur<\/a><\/u><\/li>\n<li>Conjunctivitis &#8211; <u><a href=\"https:\/\/simicur.com\/de\/homeopathische-medicijnen\/corneacur-100-ml.html\">corneacur<\/a><\/u><\/li>\n<li>Cystitis &#8211; <u><a href=\"https:\/\/simicur.com\/de\/homeopathische-medicijnen\/urogenicur-100-ml.html\">urogenicur<\/a><\/u><\/li>\n<li>Dickdarmentz\u00fcndung &#8211; <u><a href=\"https:\/\/simicur.com\/de\/homeopathische-medicijnen\/stopcur-100-ml.html\">stopcur<\/a><\/u><\/li>\n<li>Druse &#8211; <u><a href=\"https:\/\/simicur.com\/de\/homeopathische-medicijnen\/glandulacur-100-ml.html\">glandulacur<\/a><\/u><\/li>\n<li>Durchfall &#8211; <u><a href=\"https:\/\/simicur.com\/de\/homeopathische-medicijnen\/stopcur-100-ml.html\">stopcur<\/a><\/u><\/li>\n<li>Eierstockzysten &#8211; <u><a href=\"https:\/\/simicur.com\/de\/homeopathische-medicijnen\/bronscur-100-ml.html\">bronscur<\/a><\/u><\/li>\n<li>Eiwei\u00dfallergie &#8211; <u><a href=\"https:\/\/simicur.com\/de\/kruiden-en-voedersupplementen\/digesticur.html\">digesticur<\/a><\/u><\/li>\n<li>Ekzem (N\u00e4ssendes) &#8211; <u><a href=\"https:\/\/simicur.com\/de\/homeopathische-medicijnen\/traumacur-100-ml.html\">traumacur<\/a><\/u><\/li>\n<li>Ekzem (Trockenes) einhergehend mit Schuppen- und Rissbildung &#8211; <u><a href=\"http:\/\/simicur.com\/de\/graphicur-i.html\">Graphicur I<\/a><\/u><\/li>\n<li>Ellenbogendysplasie &#8211; <u><a href=\"https:\/\/simicur.com\/de\/homeopathische-medicijnen\/osteocur-100-ml.html\">osteocur<\/a><\/u><\/li>\n<li>Empfindliche D\u00e4rme &#8211; <u><a href=\"https:\/\/simicur.com\/de\/kruiden-en-voedersupplementen\/digesticur.html\">digesticur<\/a><\/u><\/li>\n<li>Empfindliche Lungen und Luftwege &#8211; E.F.K. mix<\/li>\n<li>Entz\u00fcndete Analdr\u00fcsen &#8211; <u><a href=\"https:\/\/simicur.com\/de\/homeopathische-medicijnen\/glandulacur-100-ml.html\">glandulacur<\/a><\/u>, <u><a href=\"https:\/\/simicur.com\/de\/kruiden-en-voedersupplementen\/teufelskralle-500gr.html\">teufelskralle<\/a><\/u><\/li>\n<li>Entz\u00fcndete oder gezerrte B\u00e4nde &#8211; <u><a href=\"https:\/\/simicur.com\/de\/homeopathische-medicijnen\/tendocur-100-ml.html\">tendocur<\/a><\/u><\/li>\n<li>Entz\u00fcndete Sohlen &#8211; <u><a href=\"https:\/\/simicur.com\/de\/homeopathische-medicijnen\/glandulacur-100-ml.html\">glandulacur<\/a><\/u><\/li>\n<li>Entz\u00fcndete Talgdr\u00fcsen &#8211; <u><a href=\"http:\/\/simicur.com\/de\/graphicur-i.html\">Graphicur I<\/a><\/u><\/li>\n<li>Entz\u00fcndung der Augenschleimhaut &#8211; <u><a href=\"https:\/\/simicur.com\/de\/homeopathische-medicijnen\/corneacur-100-ml.html\">corneacur<\/a><\/u><\/li>\n<li>Entz\u00fcndung der Blutgef\u00e4\u00dfe &#8211; <u><a href=\"https:\/\/simicur.com\/de\/homeopathische-medicijnen\/traumacur-100-ml.html\">traumacur<\/a><\/u><\/li>\n<li>Entz\u00fcndung der Hornhaut &#8211; <u><a href=\"https:\/\/simicur.com\/de\/homeopathische-medicijnen\/corneacur-100-ml.html\">corneacur<\/a><\/u><\/li>\n<li>Entz\u00fcndung der Synovia (Gelenkschmiere) &#8211; <u><a href=\"https:\/\/simicur.com\/de\/homeopathische-medicijnen\/osteocur-100-ml.html\">osteocur<\/a><\/u><\/li>\n<li>Erbrechen &#8211; <u><a href=\"https:\/\/simicur.com\/de\/homeopathische-medicijnen\/gastricur-100-ml.html\">gastricur<\/a><\/u><\/li>\n<li>Erkrankungen des Magen- und Darmsystems<\/li>\n<li>Erkrankungen von Herz und Blutgef\u00e4\u00dfen<\/li>\n<li>Erkrankungen von Lunge und oberen Luftwegen<\/li>\n<li>Euterentz\u00fcndung &#8211; <u><a href=\"https:\/\/simicur.com\/de\/homeopathische-medicijnen\/bronscur-100-ml.html\">bronscur<\/a><\/u>, <u><a href=\"https:\/\/simicur.com\/de\/homeopathische-medicijnen\/glandulacur-100-ml.html\">glandulacur<\/a><\/u><\/li>\n<li>Fell- und Hautprobleme &#8211; <u><a href=\"https:\/\/simicur.com\/de\/kruiden-en-voedersupplementen\/herbalmix-800gr.html\">herbalmix<\/a><\/u><\/li>\n<li>Festsitzender Schleim in den Luftwegen &#8211; <u><a href=\"https:\/\/simicur.com\/de\/homeopathische-medicijnen\/hoestcur-100-ml.html\">hoestcur<\/a><\/u><\/li>\n<li>Fliegen abweisend &#8211; <u><a href=\"https:\/\/simicur.com\/de\/kruiden-en-voedersupplementen\/knoblauchgranulat-800gr.html\">knoblauchgranulat<\/a><\/u><\/li>\n<li>Fliegen\u00fcberempfindlichkeit &#8211; <u><a href=\"https:\/\/simicur.com\/de\/homeopathische-medicijnen\/allergicur-100-ml.html\">allergicur<\/a><\/u><\/li>\n<li>Flohallergie &#8211; <u><a href=\"https:\/\/simicur.com\/de\/homeopathische-medicijnen\/allergicur-100-ml.html\">allergicur<\/a><\/u><\/li>\n<li>Geb\u00e4rmutterentz\u00fcndung &#8211; <u><a href=\"https:\/\/simicur.com\/de\/homeopathische-medicijnen\/bronscur-100-ml.html\">bronscur<\/a><\/u><\/li>\n<li>Gelbsucht &#8211; <u><a href=\"https:\/\/simicur.com\/de\/homeopathische-medicijnen\/hepacur-100-ml.html\">hepacur<\/a><\/u><\/li>\n<li>Haare kommen) &#8211; <u><a href=\"http:\/\/simicur.com\/de\/graphicur-i.html\">Graphicur I<\/a><\/u><\/li>\n<li>Halsentz\u00fcndung &#8211; <u><a href=\"https:\/\/simicur.com\/de\/homeopathische-medicijnen\/hoestcur-100-ml.html\">hoestcur<\/a><\/u><\/li>\n<li>H\u00e4matom &#8211; <u><a href=\"https:\/\/simicur.com\/de\/homeopathische-medicijnen\/traumacur-100-ml.html\">traumacur<\/a><\/u><\/li>\n<li>Harnblasenentz\u00fcndung &#8211; <u><a href=\"https:\/\/simicur.com\/de\/homeopathische-medicijnen\/urogenicur-100-ml.html\">urogenicur<\/a><\/u><\/li>\n<li>Hautschuppung infolge von Allergien (Futter, Kontakt) &#8211; <u><a href=\"https:\/\/simicur.com\/de\/homeopathische-medicijnen\/allergicur-100-ml.html\">allergicur<\/a><\/u><\/li>\n<li>Herzversagen &#8211; Cordiscur<\/li>\n<li>Hormonelle Probleme &#8211; <u><a href=\"https:\/\/simicur.com\/de\/homeopathische-medicijnen\/bronscur-100-ml.html\">bronscur<\/a><\/u><\/li>\n<li>Hufgeschw\u00fcr &#8211; <u><a href=\"https:\/\/simicur.com\/de\/homeopathische-medicijnen\/glandulacur-100-ml.html\">glandulacur<\/a><\/u><\/li>\n<li>Hufrehe &#8211; <u><a href=\"https:\/\/simicur.com\/de\/homeopathische-medicijnen\/lamicur-100-ml.html\">lamicur<\/a><\/u>, <u><a href=\"https:\/\/simicur.com\/de\/kruiden-en-voedersupplementen\/digesticur.html\">digesticur<\/a><\/u><\/li>\n<li>Hufrollenentz\u00fcndung &#8211; <u><a href=\"https:\/\/simicur.com\/de\/homeopathische-medicijnen\/osteocur-100-ml.html\">osteocur<\/a><\/u><\/li>\n<li>H\u00fcftdysplasie &#8211; <u><a href=\"https:\/\/simicur.com\/de\/homeopathische-medicijnen\/osteocur-100-ml.html\">osteocur<\/a><\/u><\/li>\n<li>Husten (durch Entz\u00fcndungen der Schleimh\u00e4ute in Kehle und Nase) &#8211; <u><a href=\"https:\/\/simicur.com\/de\/homeopathische-medicijnen\/hoestcur-100-ml.html\">hoestcur<\/a><\/u><\/li>\n<li>Husten (und zur Vermeidung von Husten) &#8211; <u><a href=\"https:\/\/simicur.com\/de\/kruiden-en-voedersupplementen\/hoestmix-800gr.html\">hoestmix<\/a><\/u><\/li>\n<li>Immunschw\u00e4che &#8211; <u><a href=\"https:\/\/simicur.com\/de\/homeopathische-medicijnen\/hoestcur-100-ml.html\">hoestcur<\/a><\/u><\/li>\n<li>Juckreiz (\u00fcberm\u00e4\u00dfiger Wechsel und schwer durch die<\/li>\n<li>Juckreiz infolge von Allergien (Futter, Kontakt) &#8211; <u><a href=\"https:\/\/simicur.com\/de\/homeopathische-medicijnen\/allergicur-100-ml.html\">allergicur<\/a><\/u><\/li>\n<li>Kahlheit &#8211; <u><a href=\"http:\/\/simicur.com\/de\/graphicur-i.html\">Graphicur I<\/a><\/u><\/li>\n<li>Kissing Spines &#8211; <u><a href=\"https:\/\/simicur.com\/de\/homeopathische-medicijnen\/arthricur-100-ml.html\">arthricur<\/a><\/u><\/li>\n<li>Knochenhautentz\u00fcndung &#8211; <u><a href=\"https:\/\/simicur.com\/de\/homeopathische-medicijnen\/osteocur-100-ml.html\">osteocur<\/a><\/u><\/li>\n<li>Kolik &#8211; <u><a href=\"https:\/\/simicur.com\/de\/homeopathische-medicijnen\/stopcur-100-ml.html\">stopcur<\/a><\/u><\/li>\n<li>Kolik und regelm\u00e4\u00dfig wiederkehrende Koliksymptome &#8211; <u><a href=\"https:\/\/simicur.com\/de\/homeopathische-medicijnen\/gastricur-100-ml.html\">gastricur<\/a><\/u><\/li>\n<li>Kreuzverschlag &#8211; <u><a href=\"https:\/\/simicur.com\/de\/homeopathische-medicijnen\/arthricur-100-ml.html\">arthricur<\/a><\/u><\/li>\n<li>L\u00e4hmungserscheinungen &#8211; <u><a href=\"https:\/\/simicur.com\/de\/homeopathische-medicijnen\/neuralcur-100-ml.html\">neuralcur<\/a><\/u><\/li>\n<li>Leberinsuffizienz &#8211; <u><a href=\"https:\/\/simicur.com\/de\/homeopathische-medicijnen\/hepacur-100-ml.html\">hepacur<\/a><\/u><\/li>\n<\/ul>\n<\/td>\n<td width=\"2%\"><\/td>\n<td valign=\"top\" width=\"48%\">\n<ul>\n<li>Lose Knie &#8211; <u><a href=\"https:\/\/simicur.com\/de\/homeopathische-medicijnen\/tendocur-100-ml.html\">tendocur<\/a><\/u><\/li>\n<li>Magengeschw\u00fcre &#8211; <u><a href=\"https:\/\/simicur.com\/de\/homeopathische-medicijnen\/gastricur-100-ml.html\">gastricur<\/a><\/u><\/li>\n<li>Mauke &#8211; <u><a href=\"http:\/\/simicur.com\/de\/wundspray.html\">wundspray<\/a><\/u><\/li>\n<li>Mauke (N\u00e4ssendes) &#8211; <u><a href=\"https:\/\/simicur.com\/de\/homeopathische-medicijnen\/traumacur-100-ml.html\">traumacur<\/a><\/u><\/li>\n<li>Mauke (Trockene) &#8211; <u><a href=\"http:\/\/simicur.com\/de\/graphicur-i.html\">Graphicur I<\/a><\/u><\/li>\n<li>Milchdr\u00fcsen &#8211; <u><a href=\"https:\/\/simicur.com\/de\/homeopathische-medicijnen\/bronscur-100-ml.html\">bronscur<\/a><\/u>, <u><a href=\"https:\/\/simicur.com\/de\/homeopathische-medicijnen\/glandulacur-100-ml.html\">glandulacur<\/a><\/u><\/li>\n<li>Mittelohrentz\u00fcndung &#8211; <u><a href=\"https:\/\/simicur.com\/de\/homeopathische-medicijnen\/glandulacur-100-ml.html\">glandulacur<\/a><\/u><\/li>\n<li>Muskelsteifheit &#8211; <u><a href=\"https:\/\/simicur.com\/de\/homeopathische-medicijnen\/arthricur-100-ml.html\">arthricur<\/a><\/u><\/li>\n<li>Muskelverletzungen &#8211; <u><a href=\"https:\/\/simicur.com\/de\/homeopathische-medicijnen\/arthricur-100-ml.html\">arthricur<\/a><\/u>, <u><a href=\"http:\/\/simicur.com\/spiergel.html\">spiergel<\/a><\/u><\/li>\n<li>Nachbehandlung von Operationswunden &#8211; <u><a href=\"https:\/\/simicur.com\/de\/homeopathische-medicijnen\/traumacur-100-ml.html\">traumacur<\/a><\/u><\/li>\n<li>Nervenentz\u00fcndung &#8211; <u><a href=\"https:\/\/simicur.com\/de\/homeopathische-medicijnen\/neuralcur-100-ml.html\">neuralcur<\/a><\/u><\/li>\n<li>Nervosit\u00e4t &#8211; <u><a href=\"https:\/\/simicur.com\/de\/homeopathische-medicijnen\/tranquicur-100-ml.html\">tranquicur<\/a><\/u><\/li>\n<li>Nicht hengstig \/ l\u00e4ufig oder rossig werden &#8211; <u><a href=\"https:\/\/simicur.com\/de\/homeopathische-medicijnen\/bronscur-100-ml.html\">bronscur<\/a><\/u><\/li>\n<li>Nymphomanie &#8211; <u><a href=\"https:\/\/simicur.com\/de\/homeopathische-medicijnen\/bronscur-100-ml.html\">bronscur<\/a><\/u><\/li>\n<li>OCD (Osteochondrose) &#8211; <u><a href=\"https:\/\/simicur.com\/de\/homeopathische-medicijnen\/osteocur-100-ml.html\">osteocur<\/a><\/u><\/li>\n<li>Ohrenentz\u00fcndung &#8211; <u><a href=\"https:\/\/simicur.com\/de\/homeopathische-medicijnen\/glandulacur-100-ml.html\">glandulacur<\/a><\/u><\/li>\n<li>Ohrspeicheldr\u00fcsenentz\u00fcndung &#8211; <u><a href=\"https:\/\/simicur.com\/de\/homeopathische-medicijnen\/glandulacur-100-ml.html\">glandulacur<\/a><\/u><\/li>\n<li>Pannus &#8211; <u><a href=\"https:\/\/simicur.com\/de\/homeopathische-medicijnen\/corneacur-100-ml.html\">corneacur<\/a><\/u><\/li>\n<li>Patellaluxation &#8211; <u><a href=\"https:\/\/simicur.com\/de\/homeopathische-medicijnen\/tendocur-100-ml.html\">tendocur<\/a><\/u><\/li>\n<li>R\u00fcckenschmerzen &#8211; Arthicur, <u><a href=\"http:\/\/simicur.com\/spiergel.html\">spiergel<\/a><\/u><\/li>\n<li>Scheintr\u00e4chtigkeit &#8211; <u><a href=\"https:\/\/simicur.com\/de\/homeopathische-medicijnen\/bronscur-100-ml.html\">bronscur<\/a><\/u><\/li>\n<li>Scheintr\u00e4chtigkeit &#8211; <u><a href=\"http:\/\/simicur.com\/spiergel.html\">spiergel<\/a><\/u><\/li>\n<li>Scheuern von Schweif und M\u00e4hne &#8211; <u><a href=\"https:\/\/simicur.com\/de\/homeopathische-medicijnen\/allergicur-100-ml.html\">allergicur<\/a><\/u><\/li>\n<li>Schimmelinfektionen &#8211; <u><a href=\"http:\/\/simicur.com\/de\/wundspray.html\">wundspray<\/a><\/u><\/li>\n<li>Schlechte Kondition &#8211; <u><a href=\"https:\/\/simicur.com\/de\/kruiden-en-voedersupplementen\/herbalmix-800gr.html\">herbalmix<\/a><\/u><\/li>\n<li>Schlechte Verdauung &#8211; <u><a href=\"https:\/\/simicur.com\/de\/homeopathische-medicijnen\/hepacur-100-ml.html\">hepacur<\/a><\/u><\/li>\n<li>Schlechtes Wachstum der Hufe &#8211; <u><a href=\"https:\/\/simicur.com\/de\/kruiden-en-voedersupplementen\/digesticur.html\">digesticur<\/a><\/u><\/li>\n<li>Schleimhautentz\u00fcndung des Darmes &#8211; <u><a href=\"https:\/\/simicur.com\/de\/homeopathische-medicijnen\/gastricur-100-ml.html\">gastricur<\/a><\/u><\/li>\n<li>Schleimhautentz\u00fcndung des Magens &#8211; <u><a href=\"https:\/\/simicur.com\/de\/homeopathische-medicijnen\/gastricur-100-ml.html\">gastricur<\/a><\/u><\/li>\n<li>Schmerzende Gelenke &#8211; <u><a href=\"http:\/\/simicur.com\/spiergel.html\">spiergel<\/a><\/u>, <u><a href=\"https:\/\/simicur.com\/de\/kruiden-en-voedersupplementen\/teufelskralle-500gr.html\">teufelskralle<\/a><\/u><\/li>\n<li>Schmerzendes und steifes Genick &#8211; <u><a href=\"https:\/\/simicur.com\/de\/homeopathische-medicijnen\/traumacur-100-ml.html\">traumacur<\/a><\/u><\/li>\n<li>Schnupfen &#8211; <u><a href=\"https:\/\/simicur.com\/de\/homeopathische-medicijnen\/hoestcur-100-ml.html\">hoestcur<\/a><\/u>, <u><a href=\"https:\/\/simicur.com\/de\/homeopathische-medicijnen\/corneacur-100-ml.html\">corneacur<\/a><\/u><\/li>\n<li>schuppige Haut &#8211; <u><a href=\"http:\/\/simicur.com\/de\/graphicur-i.html\">Graphicur I<\/a><\/u><\/li>\n<li>Schuppige Stellen &#8211; <u><a href=\"http:\/\/simicur.com\/de\/wondzalf.html\">wundsalbe<\/a><\/u><\/li>\n<li>Schwache Herzfrequenz &#8211; <u><a href=\"https:\/\/simicur.com\/de\/homeopathische-medicijnen\/anemiacur-100-ml.html\">anemiacur<\/a><\/u><\/li>\n<li>Sehnenschl\u00e4ge &#8211; <u><a href=\"http:\/\/simicur.com\/de\/tendogel.html\">tendogel<\/a><\/u><\/li>\n<li>Sehnenverletzungen &#8211; <u><a href=\"https:\/\/simicur.com\/de\/homeopathische-medicijnen\/tendocur-100-ml.html\">tendocur<\/a><\/u>, <u><a href=\"http:\/\/simicur.com\/de\/tendogel.html\">tendogel<\/a><\/u><\/li>\n<li>Sommerekzem &#8211; <u><a href=\"https:\/\/simicur.com\/de\/homeopathische-medicijnen\/allergicur-100-ml.html\">allergicur<\/a><\/u><\/li>\n<li>Spat &#8211; <u><a href=\"https:\/\/simicur.com\/de\/homeopathische-medicijnen\/osteocur-100-ml.html\">osteocur<\/a><\/u><\/li>\n<li>Speien und \u00dcbelkeit &#8211; <u><a href=\"https:\/\/simicur.com\/de\/homeopathische-medicijnen\/gastricur-100-ml.html\">gastricur<\/a><\/u><\/li>\n<li>St\u00e4rkung der Abwehr &#8211; <u><a href=\"https:\/\/simicur.com\/de\/kruiden-en-voedersupplementen\/fenegriek-1000gr.html\">fenegriek<\/a><\/u>, <u><a href=\"https:\/\/simicur.com\/de\/kruiden-en-voedersupplementen\/digesticur.html\">digesticur<\/a><\/u><\/li>\n<li>Stauballergie &#8211; <u><a href=\"https:\/\/simicur.com\/de\/homeopathische-medicijnen\/allergicur-100-ml.html\">allergicur<\/a><\/u><\/li>\n<li>Stirnh\u00f6hlenentz\u00fcndung &#8211; <u><a href=\"https:\/\/simicur.com\/de\/homeopathische-medicijnen\/glandulacur-100-ml.html\">glandulacur<\/a><\/u><\/li>\n<li>Trockene Haut &#8211; <u><a href=\"http:\/\/simicur.com\/de\/graphicur-i.html\">Graphicur I<\/a><\/u><\/li>\n<li>\u00dcberbein &#8211; <u><a href=\"https:\/\/simicur.com\/de\/homeopathische-medicijnen\/osteocur-100-ml.html\">osteocur<\/a><\/u><\/li>\n<li>\u00dcberf\u00fcllte Analdr\u00fcsen &#8211; <u><a href=\"https:\/\/simicur.com\/de\/homeopathische-medicijnen\/glandulacur-100-ml.html\">glandulacur<\/a><\/u><\/li>\n<li>\u00dcberf\u00fcllte Talgdr\u00fcsen &#8211; Graphicur I, <u><a href=\"http:\/\/simicur.com\/de\/wondzalf.html\">wundsalbe<\/a><\/u><\/li>\n<li>\u00dcberm\u00e4\u00dfige \u00c4ngste (L\u00e4rm, Gewitter, Turnierplatz) &#8211; <u><a href=\"https:\/\/simicur.com\/de\/homeopathische-medicijnen\/tranquicur-100-ml.html\">tranquicur<\/a><\/u><\/li>\n<li>Unregelm\u00e4\u00dfiger Herzschlag &#8211; Cordiscur<\/li>\n<li>Verletzung der Augenschleimhaut &#8211; <u><a href=\"https:\/\/simicur.com\/de\/homeopathische-medicijnen\/corneacur-100-ml.html\">corneacur<\/a><\/u><\/li>\n<li>Verletzung der Hornhaut &#8211; <u><a href=\"https:\/\/simicur.com\/de\/homeopathische-medicijnen\/corneacur-100-ml.html\">corneacur<\/a><\/u><\/li>\n<li>verschlissene Gelenkknorpel &#8211; <u><a href=\"https:\/\/simicur.com\/de\/homeopathische-medicijnen\/osteocur-100-ml.html\">osteocur<\/a><\/u><\/li>\n<li>Verseuchung mit W\u00fcrmern &#8211; <u><a href=\"https:\/\/simicur.com\/de\/kruiden-en-voedersupplementen\/digesticur.html\">digesticur<\/a><\/u><\/li>\n<li>Verstauchungen &#8211; <u><a href=\"https:\/\/simicur.com\/de\/homeopathische-medicijnen\/tendocur-100-ml.html\">tendocur<\/a><\/u><\/li>\n<li>Verstauchungen &#8211; <u><a href=\"https:\/\/simicur.com\/de\/homeopathische-medicijnen\/traumacur-100-ml.html\">traumacur<\/a><\/u><\/li>\n<li>Verstopfung &#8211; <u><a href=\"https:\/\/simicur.com\/de\/homeopathische-medicijnen\/gastricur-100-ml.html\">gastricur<\/a><\/u><\/li>\n<li>Wachstumsschmerzen &#8211; <u><a href=\"https:\/\/simicur.com\/de\/homeopathische-medicijnen\/osteocur-100-ml.html\">osteocur<\/a><\/u><\/li>\n<li>Wunden (Bisswunde, Schnittwunde, Drahtwunde) &#8211; <u><a href=\"https:\/\/simicur.com\/de\/homeopathische-medicijnen\/traumacur-100-ml.html\">traumacur<\/a><\/u><\/li>\n<li>Wunden (entz\u00fcndete) &#8211; <u><a href=\"http:\/\/simicur.com\/de\/wundspray.html\">wundspray<\/a><\/u>, <u><a href=\"http:\/\/simicur.com\/de\/wondzalf.html\">wundsalbe<\/a><\/u><\/li>\n<li>Wunden (Schlecht heilende) &#8211; <u><a href=\"http:\/\/simicur.com\/de\/graphicur-i.html\">Graphicur I<\/a><\/u><\/li>\n<li>Wunden (schlecht heilende) &#8211; <u><a href=\"http:\/\/simicur.com\/de\/wundspray.html\">wundspray<\/a><\/u>, <u><a href=\"http:\/\/simicur.com\/de\/wondzalf.html\">wundsalbe<\/a><\/u><\/li>\n<li>Wunden (Tiefe) &#8211; <u><a href=\"http:\/\/simicur.com\/de\/wundspray.html\">wundspray<\/a><\/u><\/li>\n<li>Zerrungen &#8211; <u><a href=\"https:\/\/simicur.com\/de\/homeopathische-medicijnen\/traumacur-100-ml.html\">traumacur<\/a><\/u><\/li>\n<li>Zwingerhusten &#8211; <u><a href=\"https:\/\/simicur.com\/de\/homeopathische-medicijnen\/hoestcur-100-ml.html\">hoestcur<\/a><\/u><\/li>\n<\/ul>\n<\/td>\n<\/tr>\n<\/tbody>\n<\/table>\n","protected":false},"excerpt":{"rendered":"<p>Die Indikationsliste bietet einen \u00dcberblick \u00fcber Symptome, die durch Fehlfunktionen  [&#8230;]<\/p>\n","protected":false},"author":1,"featured_media":0,"parent":0,"menu_order":0,"comment_status":"closed","ping_status":"closed","template":"","meta":{"footnotes":""},"class_list":["post-2748","page","type-page","status-publish","hentry"],"_links":{"self":[{"href":"https:\/\/simicur.com\/de\/wp-json\/wp\/v2\/pages\/2748","targetHints":{"allow":["GET"]}}],"collection":[{"href":"https:\/\/simicur.com\/de\/wp-json\/wp\/v2\/pages"}],"about":[{"href":"https:\/\/simicur.com\/de\/wp-json\/wp\/v2\/types\/page"}],"author":[{"embeddable":true,"href":"https:\/\/simicur.com\/de\/wp-json\/wp\/v2\/users\/1"}],"replies":[{"embeddable":true,"href":"https:\/\/simicur.com\/de\/wp-json\/wp\/v2\/comments?post=2748"}],"version-history":[{"count":2,"href":"https:\/\/simicur.com\/de\/wp-json\/wp\/v2\/pages\/2748\/revisions"}],"predecessor-version":[{"id":64224,"href":"https:\/\/simicur.com\/de\/wp-json\/wp\/v2\/pages\/2748\/revisions\/64224"}],"wp:attachment":[{"href":"https:\/\/simicur.com\/de\/wp-json\/wp\/v2\/media?parent=2748"}],"curies":[{"name":"wp","href":"https:\/\/api.w.org\/{rel}","templated":true}]}}