{"id":950,"date":"2019-06-03T11:35:41","date_gmt":"2019-06-03T11:35:41","guid":{"rendered":"https:\/\/simicur.dalphes.com\/?page_id=950"},"modified":"2019-06-03T11:35:41","modified_gmt":"2019-06-03T11:35:41","slug":"arthrose","status":"publish","type":"page","link":"https:\/\/simicur.com\/de\/lexikon-erkrankungen-und-behandlungen\/erkrankungen-hunde\/arthrose\/","title":{"rendered":"Arthrose"},"content":{"rendered":"<p><strong>Die hom\u00f6opathische Behandlung von Arthrose beim Hund<\/strong><br \/>\nGelenkprobleme wie Verschlei\u00df, Arthrose, H\u00fcftdysplasie und Spondylose kommen \u00fcberwiegend bei \u00e4lteren Hunden vor. Arthrose ist eine chronische Entz\u00fcndung eines Gelenkes, wobei der Aufbau und die Funktion der Knorpel degenerieren. Die meisten Tiere mit Arthrose haben Phasen mit akuten Schmerzsymptomen, abwechselnd mit Perioden nachlassenden Schmerzes. Die Schmerzen werden wahrscheinlich haupts\u00e4chlich durch die Entz\u00fcndung des umliegenden Gewebes verursacht.<\/p>\n<p><strong>Ursachen und Risikofaktoren sind:<\/strong><\/p>\n<ul>\n<li>Vererbung<\/li>\n<li>\u00dcbergewicht und zu schnelles Wachstum bei jungen Tieren<\/li>\n<li>Falsche Ern\u00e4hrung<\/li>\n<\/ul>\n<p><strong>Behandlung:<\/strong> Es gibt leider keine Therapie welche nachweist, dass sie die Progression zum Stehen bringen, geschweige denn heilen kann. Die Behandlung der Arthrose hat das Ziel, Schmerzen zu lindern und die Gelenksfunktionen zu erhalten, so dass das Tier wieder nahezu normal funktionieren kann. Die Kombination von <u><a href=\"https:\/\/simicur.com\/de\/homeopathische-medicijnen\/osteocur-100-ml.html\">osteocur<\/a><\/u> mit <u><a href=\"https:\/\/simicur.com\/de\/homeopathische-medicijnen\/arthricur-100-ml.html\">arthricur<\/a><\/u> sorgt f\u00fcr eine bessere Durchblutung und einer nachlassenden Entz\u00fcndung des Gelenkes und des umliegenden Gewebes. <u><a href=\"https:\/\/simicur.com\/de\/kruiden-en-voedersupplementen\/teufelskralle-500gr.html\">teufelskralle<\/a><\/u> wirkt als nat\u00fcrlicher Schmerzstiller bei Knochen- und Gelenkproblemen, ohne die Nebenwirkungen, welche Kortikosteroide haben. Zus\u00e4tzlich ist es wichtig die Bewegung einzuschr\u00e4nken, um eine \u00fcberm\u00e4\u00dfige Belastung der betreffenden Gelenke zu verhindern. Gutes Futter ist notwendig um \u00dcbergewicht zu vermeiden. Es ist ballaststoffreich und enth\u00e4lt nicht zuviele Kalorien (<u><a href=\"https:\/\/simicur.com\/de\/voeding-voor-de-hond\/senior-balance.html\">senior balance<\/a><\/u>).<\/p>\n","protected":false},"excerpt":{"rendered":"<p>Die hom\u00f6opathische Behandlung von Arthrose beim Hund Gelenkprobleme wie Verschlei\u00df,  [&#8230;]<\/p>\n","protected":false},"author":1,"featured_media":0,"parent":1061,"menu_order":0,"comment_status":"closed","ping_status":"closed","template":"","meta":{"footnotes":""},"class_list":["post-950","page","type-page","status-publish","hentry"],"_links":{"self":[{"href":"https:\/\/simicur.com\/de\/wp-json\/wp\/v2\/pages\/950","targetHints":{"allow":["GET"]}}],"collection":[{"href":"https:\/\/simicur.com\/de\/wp-json\/wp\/v2\/pages"}],"about":[{"href":"https:\/\/simicur.com\/de\/wp-json\/wp\/v2\/types\/page"}],"author":[{"embeddable":true,"href":"https:\/\/simicur.com\/de\/wp-json\/wp\/v2\/users\/1"}],"replies":[{"embeddable":true,"href":"https:\/\/simicur.com\/de\/wp-json\/wp\/v2\/comments?post=950"}],"version-history":[{"count":1,"href":"https:\/\/simicur.com\/de\/wp-json\/wp\/v2\/pages\/950\/revisions"}],"predecessor-version":[{"id":951,"href":"https:\/\/simicur.com\/de\/wp-json\/wp\/v2\/pages\/950\/revisions\/951"}],"up":[{"embeddable":true,"href":"https:\/\/simicur.com\/de\/wp-json\/wp\/v2\/pages\/1061"}],"wp:attachment":[{"href":"https:\/\/simicur.com\/de\/wp-json\/wp\/v2\/media?parent=950"}],"curies":[{"name":"wp","href":"https:\/\/api.w.org\/{rel}","templated":true}]}}