{"id":1383,"date":"2019-05-30T06:28:05","date_gmt":"2019-05-30T06:28:05","guid":{"rendered":"https:\/\/simicur.dalphes.com\/shop\/unkategorisiert\/bioflakes\/"},"modified":"2025-06-25T14:16:09","modified_gmt":"2025-06-25T14:16:09","slug":"bioflakes","status":"publish","type":"product","link":"https:\/\/simicur.com\/de\/shop\/naturliches-hundefutter\/bioflakes\/","title":{"rendered":"BioFlakes"},"content":{"rendered":"<p>Die (fleischarme) Reismahlzeit BioFlakes ist speziell geeignet als \u00dcbergang zwischen zwei Futterarten und im Erholungszeitraum nach einer Operation oder Krankheit. Eine leicht verdauliche, fleischarme Mahlzeit f\u00fcr den genesenden Hund, mit einem niedrigen Eiwei\u00df- und Fettgehalt.<\/p>\n<p>Erg\u00e4nzendes Hundefutter f\u00fcr schlecht fressende und kranke Hunde und f\u00fcr Hunde, bei denen die Verdauung nicht mehr optimal ist. Dem Futter sind keine k\u00fcnstlichen Farb-, Duft- und Aromastoffe zugef\u00fcgt und es ist frei von chemischen Konservierungsmitteln.<\/p>\n<p>Eine leicht verdauliche Mahlzeit f\u00fcr den Seniorhund, bei der die Menge an Eiwei\u00dfen und Fetten reduziert worden ist.<\/p>\n<p>Di\u00e4t Balance ist eine ausgewogene Reismahlzeit f\u00fcr alle schlecht fressenden und von Krankheit genesenden Hunde, in Form von Reisflocken, knusprigen und knackigen expandierten Brocken, M\u00f6hren und Erbsen und Gew\u00fcrzmischung. Es ist angebracht, Di\u00e4t Balance vor dem F\u00fcttern mit Wasser zu verd\u00fcnnen. Di\u00e4t Balance ist ein vollst\u00e4ndiges Hundefutter, wenn die Mahlzeit mit frischem Fleisch oder frischem Fisch erg\u00e4nzt wird.<\/p>\n<hr \/>\n<table border=\"0\">\n<tbody>\n<tr>\n<td valign=\"top\"><strong>Zusammensetzung:<\/strong><\/td>\n<td><em>Reis, pflanzliche Nebenerzeugnisse, Fleisch und tierische Nebenerzeugnisse, \u00d6l und Fett, Mineralstoffe und Vitamine. <\/em><\/td>\n<\/tr>\n<tr>\n<td valign=\"top\"><strong>Analyse:<\/strong><\/td>\n<td><em>Roheiwei\u00df 13%, Rohfett 3,5%, Rohfaser 1,5%, Rohasche 2,5%, Fl\u00fcssigkeit max. 10%, Calcium 0,6%, Phosphor 0,5%, Natrium 0,2%, Magnesium 0,5%. <\/em><\/td>\n<\/tr>\n<tr>\n<td valign=\"top\"><strong>Vitamine &amp; Mineralstoffe \u2013 Zusatz pro Kg:<\/strong><\/td>\n<td><em>Vit. A 5000 i.E., Vit. D3 500 i.E., Vit. E 20 mg, Vit. B1 2 mg, Vit. B2 2,5 mg, Vit. B6 2 mg, Vit. B12 10 mcg, Vit. C 5 mg, Vit. H 80 mcg, Vit. K3 1 mg, Fols\u00e4ure 1 mg, Niacin 20 mg, Pantothens\u00e4ure 7 mg, Cholin 200 mg, Cu 6 mg, Fe 65 mg, Zn 26 mg, Mn 24 mg, Co 0,1 mg, I 0,1 mg.<\/em><\/td>\n<\/tr>\n<tr>\n<td><strong>Energie:<\/strong><\/td>\n<td><em>1513 KJ\/100 gr. = Verdaulicher Brennwert: 1333 KJ\/100 gr. Di\u00e4t Balance<\/em><\/td>\n<\/tr>\n<\/tbody>\n<\/table>\n<hr \/>\n<p><strong>F\u00fctterungsempfehlung:<\/strong> Geben Sie Ihrem Hund mehrere Mahlzeiten am Tag und f\u00fcttern Sie die Menge, die Ihr Hund noch mit Appetit frisst. Kontrollieren Sie die Verdauung des Futters anhand des Stuhlgangs. Bei Durchfall oder d\u00fcnnem Stuhlgang die Futtermenge reduzieren.<\/p>\n<p>Di\u00e4t Balance \u2013 BioFlakes mit lauwarmem Wasser \u00fcbergie\u00dfen, bis das Futter unter Wasser steht und dann 30 Minuten ziehen lassen bis ein Brei entstanden ist, der anschlie\u00dfend umger\u00fchrt und eventuell mit frischem Fleisch oder frischem Fisch erg\u00e4nzt werden kann.<\/p>\n<p>Nehmen Sie f\u00fcr eine auf Ihren Hund abgestimmte Empfehlung Kontakt mit Ihrem Lieferanten oder mit unserem Tierarzt auf. Ist Ihr Hund in der Genesung nach einer Krankheit oder einer Allergie, dann f\u00fcttern Sie \u00fcber einen Zeitraum von etwa 6 Wochen Di\u00e4t Balance\u2013 BioFlakes, um danach auf eines unserer anderen Komplettfutter \u00fcber zu gehen.<\/p>\n<p>Geben Sie dem Hund nach dem Fressen Ruhe, f\u00fcr eine gute Verdauung und zur Vorbeugung von Magenproblemen.<\/p>\n<p>Sorgen Sie daf\u00fcr, dass immer ausreichend frisches Trinkwasser zur Verf\u00fcgung steht.<\/p>\n","protected":false},"excerpt":{"rendered":"<p>F\u00fcr alle schlecht fressenden und von Krankheit genesenden Hunde. Die Reismahlzeit ist speziell geeignet als \u00dcbergang zwischen zwei Futterarten und im Erholungszeitraum nach einer Operation oder Krankheit. Eine fleischarme Mahlzeit f\u00fcr den genesenden Hund, mit einem niedrigen Eiwei\u00df- und Fettgehalt.<\/p>\n","protected":false},"featured_media":1787,"template":"","meta":[],"product_brand":[],"product_cat":[53],"product_tag":[],"class_list":{"0":"post-1383","1":"product","2":"type-product","3":"status-publish","4":"has-post-thumbnail","6":"product_cat-naturliches-hundefutter","8":"first","9":"outofstock","10":"taxable","11":"shipping-taxable","12":"purchasable","13":"product-type-variable"},"_links":{"self":[{"href":"https:\/\/simicur.com\/de\/wp-json\/wp\/v2\/product\/1383","targetHints":{"allow":["GET"]}}],"collection":[{"href":"https:\/\/simicur.com\/de\/wp-json\/wp\/v2\/product"}],"about":[{"href":"https:\/\/simicur.com\/de\/wp-json\/wp\/v2\/types\/product"}],"wp:featuredmedia":[{"embeddable":true,"href":"https:\/\/simicur.com\/de\/wp-json\/wp\/v2\/media\/1787"}],"wp:attachment":[{"href":"https:\/\/simicur.com\/de\/wp-json\/wp\/v2\/media?parent=1383"}],"wp:term":[{"taxonomy":"product_brand","embeddable":true,"href":"https:\/\/simicur.com\/de\/wp-json\/wp\/v2\/product_brand?post=1383"},{"taxonomy":"product_cat","embeddable":true,"href":"https:\/\/simicur.com\/de\/wp-json\/wp\/v2\/product_cat?post=1383"},{"taxonomy":"product_tag","embeddable":true,"href":"https:\/\/simicur.com\/de\/wp-json\/wp\/v2\/product_tag?post=1383"}],"curies":[{"name":"wp","href":"https:\/\/api.w.org\/{rel}","templated":true}]}}