{"id":1387,"date":"2019-05-30T06:23:27","date_gmt":"2019-05-30T06:23:27","guid":{"rendered":"https:\/\/simicur.dalphes.com\/shop\/unkategorisiert\/dinner-balance\/"},"modified":"2025-06-25T14:16:09","modified_gmt":"2025-06-25T14:16:09","slug":"dinner-balance","status":"publish","type":"product","link":"https:\/\/simicur.com\/de\/shop\/naturliches-hundefutter\/dinner-balance\/","title":{"rendered":"Dinner Balance"},"content":{"rendered":"<p>Dinner Balance ist eine ausgewogene und leicht verdauliche Fleischmahlzeit f\u00fcr alle erwachsenen, aktiven Hunde, in Form von hochwertigen Getreideflocken, Fleisch, knusprigen und knackigen expandierten Brocken, M\u00f6hren und Erbsen und Gew\u00fcrzmischung. Dinner Balance sollte vor der F\u00fctterung mit Wasser verd\u00fcnnt werden.<\/p>\n<hr \/>\n<table border=\"0\">\n<tbody>\n<tr>\n<td valign=\"top\"><strong>Zusammensetzung:<\/strong><\/td>\n<td><em>Getreide, pflanzliche Nebenerzeugnisse, Fleisch und tierische Nebenerzeugnisse, \u00d6l und Fett, Mineralstoffe und Vitamine. <\/em><\/td>\n<\/tr>\n<tr>\n<td valign=\"top\"><strong>Analyse:<\/strong><\/td>\n<td><em>Roheiwei\u00df 16%, Rohfett 4,0%, Rohfaser 2,0%, Rohasche 3,0%, Fl\u00fcssigkeit max. 10,0%, Calcium 2,2%, Phosphor 4,0%, Natrium 0,8%, Magnesium 1,1%<\/em><\/td>\n<\/tr>\n<tr>\n<td valign=\"top\"><strong>Vitamine &amp; Mineralstoffe \u2013 Zusatz pro Kg:<\/strong><\/td>\n<td><em>Vit. A 15000 i.E., Vit. D3 1500 i.E., Vit. E 50 mg, Vit. B1 5 mg, Vit. B2 7 mg., Vit. B6 5 mg, Vit. B12 30 mcg, Vit C 30 mg, Vit. H 250 mcg, Vit. K3 3 mg, Fols\u00e4ure 2 mg, Niacin 40 mg, Pantothens\u00e4ure 20 mg, Cholin 300 mg, Cu 15 mg, Fe 280 mg, Zn 100 mg, Mn 48 mg, Co 2,5 mg, I 1,5 mg.<\/em><\/td>\n<\/tr>\n<tr>\n<td><strong>Energie:<\/strong><\/td>\n<td><em>1566 KJ\/100 gr. = Verdaulicher Brennwert: 1396 KJ\/100 gr. Dinner Balance<\/em><\/td>\n<\/tr>\n<\/tbody>\n<\/table>\n<hr \/>\n<p><strong>F\u00fctterungsempfehlung:<\/strong> Geben Sie Ihrem Hund zwei Mahlzeiten am Tag und f\u00fcttern Sie die Menge, die Ihr Hund noch mit Appetit frisst. Kontrollieren Sie die Verdauung des Futters anhand des Stuhlgangs. Bei Durchfall oder d\u00fcnnem Stuhlgang die Futtermenge reduzieren.<\/p>\n<p>Dinner Balance mit lauwarmem Wasser \u00fcbergie\u00dfen, bis das Futter unter Wasser steht und dann 30 Minuten ziehen lassen bis ein Brei entstanden ist, der abschlie\u00dfend umger\u00fchrt werden sollte.<\/p>\n<p>Nehmen Sie f\u00fcr eine auf Ihren Hund abgestimmte Empfehlung Kontakt mit Ihrem Lieferanten oder mit unserem Tierarzt auf.<\/p>\n<p>Geben Sie dem Hund nach dem Fressen Ruhe, f\u00fcr eine gute Verdauung und zur Vorbeugung von Magenproblemen.<\/p>\n<p>Sorgen Sie daf\u00fcr, dass immer ausreichend frisches Trinkwasser zur Verf\u00fcgung steht.<\/p>\n<hr \/>\n<table border=\"0\" align=\"left\">\n<tbody>\n<tr>\n<td><strong>Tabelle<\/strong><\/td>\n<td><strong>Gewicht Hund<\/strong><\/td>\n<td><strong>Gramm\/Tag<\/strong><\/td>\n<\/tr>\n<tr>\n<td><\/td>\n<td>bis 5 kg<\/td>\n<td>30-100<\/td>\n<\/tr>\n<tr>\n<td><\/td>\n<td>6-10 kg<\/td>\n<td>100-195<\/td>\n<\/tr>\n<tr>\n<td><\/td>\n<td>11-20 kg<\/td>\n<td>195-310<\/td>\n<\/tr>\n<tr>\n<td><\/td>\n<td>21-30 kg<\/td>\n<td>310-425<\/td>\n<\/tr>\n<tr>\n<td><\/td>\n<td>31-40 kg<\/td>\n<td>425-550<\/td>\n<\/tr>\n<tr>\n<td><\/td>\n<td>41-50 kg<\/td>\n<td>550-675<\/td>\n<\/tr>\n<tr>\n<td><\/td>\n<td>51-60 kg<\/td>\n<td>675-775<\/td>\n<\/tr>\n<\/tbody>\n<\/table>\n","protected":false},"excerpt":{"rendered":"<p>Eine ausgewogene und leicht verdauliche Fleischmahlzeit f\u00fcr alle erwachsenen, aktiven Hunde. Die Fleischmahlzeit ist ein vollwertiges Hundefutter, speziell f\u00fcr anspruchsvolle oder schlecht fressende Hunde. Auch f\u00fcr Besitzer, die ihrem Hund lieber Nassfutter als Trockenfutter geben, ist diese Mahlzeit eine geeignete Alternative.<\/p>\n","protected":false},"featured_media":1797,"template":"","meta":[],"product_brand":[],"product_cat":[53],"product_tag":[],"class_list":{"0":"post-1387","1":"product","2":"type-product","3":"status-publish","4":"has-post-thumbnail","6":"product_cat-naturliches-hundefutter","8":"first","9":"outofstock","10":"taxable","11":"shipping-taxable","12":"purchasable","13":"product-type-variable"},"_links":{"self":[{"href":"https:\/\/simicur.com\/de\/wp-json\/wp\/v2\/product\/1387","targetHints":{"allow":["GET"]}}],"collection":[{"href":"https:\/\/simicur.com\/de\/wp-json\/wp\/v2\/product"}],"about":[{"href":"https:\/\/simicur.com\/de\/wp-json\/wp\/v2\/types\/product"}],"wp:featuredmedia":[{"embeddable":true,"href":"https:\/\/simicur.com\/de\/wp-json\/wp\/v2\/media\/1797"}],"wp:attachment":[{"href":"https:\/\/simicur.com\/de\/wp-json\/wp\/v2\/media?parent=1387"}],"wp:term":[{"taxonomy":"product_brand","embeddable":true,"href":"https:\/\/simicur.com\/de\/wp-json\/wp\/v2\/product_brand?post=1387"},{"taxonomy":"product_cat","embeddable":true,"href":"https:\/\/simicur.com\/de\/wp-json\/wp\/v2\/product_cat?post=1387"},{"taxonomy":"product_tag","embeddable":true,"href":"https:\/\/simicur.com\/de\/wp-json\/wp\/v2\/product_tag?post=1387"}],"curies":[{"name":"wp","href":"https:\/\/api.w.org\/{rel}","templated":true}]}}