{"id":1391,"date":"2019-05-29T22:55:35","date_gmt":"2019-05-29T22:55:35","guid":{"rendered":"https:\/\/simicur.dalphes.com\/shop\/unkategorisiert\/senior-balance\/"},"modified":"2025-06-25T14:16:10","modified_gmt":"2025-06-25T14:16:10","slug":"senior-balance","status":"publish","type":"product","link":"https:\/\/simicur.com\/de\/shop\/naturliches-hundefutter\/senior-balance\/","title":{"rendered":"Senior Balance"},"content":{"rendered":"<p>F\u00fcr den \u00e4lteren oder weniger aktiven Hund gibt es Senior Balance. Das Futter enth\u00e4lt wenig Eiwei\u00dfe und Fette und ist auch f\u00fcr Hunde mit Eiwei\u00dfallergie geeignet. F\u00fcr kleinere und mittlere Hunde kann man diese Brocken ab ca.10 Jahren f\u00fcttern. Gr\u00f6\u00dfere Hunde k\u00f6nnen das Futter aber schon ab 7 Jahren brauchen. Die Brocken sind ebenfalls geeignet f\u00fcr Hunde mit \u00dcbergewicht und f\u00fcr Hunde die nicht zunehmen d\u00fcrfen.<\/p>\n<p>Vollwertiges Hundefutter f\u00fcr \u00e4ltere Hunde und Hunde, deren Verdauung nicht mehr optimal ist. Dem Futter sind keine k\u00fcnstlichen Farb-, Duft- und Aromastoffe zugef\u00fcgt und es ist frei von chemischen Konservierungsmitteln.<\/p>\n<p>Eine leicht verdauliche Mahlzeit f\u00fcr den Seniorhund, bei der die Eiwei\u00df- und Fettmenge reduziert ist. Senior Balance ist ein ausgewogenes Futter f\u00fcr alle Hunde im Alter ab 6-8 Jahren, in Form von knusprigen und knackigen expandierten Brocken, die trocken gef\u00fcttert werden k\u00f6nnen und gut f\u00fcr die Z\u00e4hne sind.<\/p>\n<hr \/>\n<table border=\"0\">\n<tbody>\n<tr>\n<td valign=\"top\"><strong>Zusammensetzung:<\/strong><\/td>\n<td><em>Getreide, pflanzliche Nebenerzeugnisse, Fleisch und tierische Nebenerzeugnisse, \u00d6l und Fett, Mineralstoffe und Vitamine. <\/em><\/td>\n<\/tr>\n<tr>\n<td valign=\"top\"><strong>Analyse:<\/strong><\/td>\n<td><em>Roheiwei\u00df 22%, Rohfett 7,5%, Rohfaser 2,5%, Rohasche 7,5%, Fl\u00fcssigkeit max. 10,0%, Calcium 1,5%, Phosphor 1,1%, Natrium 0,6%, Magnesium 0,2%.<\/em><\/td>\n<\/tr>\n<tr>\n<td valign=\"top\"><strong>Vitamine &amp; Mineralstoffe \u2013 Zusatz pro Kg:<\/strong><\/td>\n<td><em>Vit. A 13.500 i.E., Vit. D3 1.350 i.E., Vit. E 50 mg, Vit. B1 5 mg, Vit. B2 7 mg, Vit. B6 5 mg, Vit. B12 25 mcg, Vit. C 25 mg, Vit. H 250 mcg, Vit. K3 3 mg, Fols\u00e4ure 2 mg, Niacin 50 mg, Pantothens\u00e4ure 20 mg, Cholin 300 mg, Cu 18 mg, Fe 210 mg, Zn 120 mg, Mn 80 mg, Co 3 mg, I 1,5 mg.<\/em><\/td>\n<\/tr>\n<tr>\n<td><strong>Energie:<\/strong><\/td>\n<td><em>1499 KJ\/100 gr. = Verdaulicher Brennwert: 1330 KJ\/100 gr. Senior Balance<\/em><\/td>\n<\/tr>\n<\/tbody>\n<\/table>\n<hr \/>\n<p><strong>F\u00fctterungsempfehlung:<\/strong> Die Hunde brauchen die Menge an Futter, wie in der nachfolgenden Tabelle angegeben ist. Die angegebenen Mengen sind Richtwerte. Das Futter wird trocken verabreicht, am besten \u00fcber 2 Mahlzeiten verteilt.<\/p>\n<p>Geben Sie dem Hund nach dem Fressen Ruhe, f\u00fcr eine gute Verdauung und zur Vorbeugung von Magenproblemen.<\/p>\n<p>Sorgen Sie daf\u00fcr, dass immer ausreichend frisches Trinkwasser zur Verf\u00fcgung steht.<\/p>\n<hr \/>\n<table border=\"0\" align=\"left\">\n<tbody>\n<tr>\n<td><strong>Tabelle<\/strong><\/td>\n<td><strong>Gewicht Hund<\/strong><\/td>\n<td><strong>Gramm\/Tag<\/strong><\/td>\n<\/tr>\n<tr>\n<td><\/td>\n<td>bis 5 kg<\/td>\n<td>30-100<\/td>\n<\/tr>\n<tr>\n<td><\/td>\n<td>6-10 kg<\/td>\n<td>100-195<\/td>\n<\/tr>\n<tr>\n<td><\/td>\n<td>11-20 kg<\/td>\n<td>195-310<\/td>\n<\/tr>\n<tr>\n<td><\/td>\n<td>21-30 kg<\/td>\n<td>310-425<\/td>\n<\/tr>\n<tr>\n<td><\/td>\n<td>31-40 kg<\/td>\n<td>425-550<\/td>\n<\/tr>\n<tr>\n<td><\/td>\n<td>41-50 kg<\/td>\n<td>550-675<\/td>\n<\/tr>\n<tr>\n<td><\/td>\n<td>51-60 kg<\/td>\n<td>675-775<\/td>\n<\/tr>\n<\/tbody>\n<\/table>\n","protected":false},"excerpt":{"rendered":"<p>Ein nat\u00fcrliches Futter f\u00fcr den \u00e4lteren oder weniger aktiven Hund. Das Futter enth\u00e4lt wenig Eiwei\u00dfe und Fette und ist auch f\u00fcr Hunde mit Eiwei\u00dfallergie geeignet. Die Brocken sind ebenfalls geeignet f\u00fcr Hunde mit \u00dcbergewicht und f\u00fcr Hunde, die nicht zunehmen d\u00fcrfen.<\/p>\n","protected":false},"featured_media":1791,"template":"","meta":[],"product_brand":[],"product_cat":[53],"product_tag":[],"class_list":{"0":"post-1391","1":"product","2":"type-product","3":"status-publish","4":"has-post-thumbnail","6":"product_cat-naturliches-hundefutter","8":"first","9":"outofstock","10":"taxable","11":"shipping-taxable","12":"purchasable","13":"product-type-variable"},"_links":{"self":[{"href":"https:\/\/simicur.com\/de\/wp-json\/wp\/v2\/product\/1391","targetHints":{"allow":["GET"]}}],"collection":[{"href":"https:\/\/simicur.com\/de\/wp-json\/wp\/v2\/product"}],"about":[{"href":"https:\/\/simicur.com\/de\/wp-json\/wp\/v2\/types\/product"}],"wp:featuredmedia":[{"embeddable":true,"href":"https:\/\/simicur.com\/de\/wp-json\/wp\/v2\/media\/1791"}],"wp:attachment":[{"href":"https:\/\/simicur.com\/de\/wp-json\/wp\/v2\/media?parent=1391"}],"wp:term":[{"taxonomy":"product_brand","embeddable":true,"href":"https:\/\/simicur.com\/de\/wp-json\/wp\/v2\/product_brand?post=1391"},{"taxonomy":"product_cat","embeddable":true,"href":"https:\/\/simicur.com\/de\/wp-json\/wp\/v2\/product_cat?post=1391"},{"taxonomy":"product_tag","embeddable":true,"href":"https:\/\/simicur.com\/de\/wp-json\/wp\/v2\/product_tag?post=1391"}],"curies":[{"name":"wp","href":"https:\/\/api.w.org\/{rel}","templated":true}]}}