{"id":1400,"date":"2019-05-29T22:26:33","date_gmt":"2019-05-29T22:26:33","guid":{"rendered":"https:\/\/simicur.dalphes.com\/shop\/unkategorisiert\/welpen-balance\/"},"modified":"2025-06-25T14:16:10","modified_gmt":"2025-06-25T14:16:10","slug":"welpen-balance","status":"publish","type":"product","link":"https:\/\/simicur.com\/de\/shop\/naturliches-hundefutter\/welpen-balance\/","title":{"rendered":"Welpen Balance"},"content":{"rendered":"<p>F\u00fcr alle jungen, wachsenden Hunde bis zum Alter von 12-16 Monaten. Vollwertiges Hundefutter f\u00fcr Welpen aller Rassen ab der 3. Lebenswoche und f\u00fcr tr\u00e4chtige oder s\u00e4ugende Hunde. Dieses Futter enth\u00e4lt (im Verh\u00e4ltnis) viel Eiwei\u00dfe und Fette und hat ein Calcium-Phosphor-Verh\u00e4ltnis, das f\u00fcr ein optimales Knochenwachstum notwendig ist.<\/p>\n","protected":false},"excerpt":{"rendered":"<p>F\u00fcr alle jungen, wachsenden Hunde bis zum Alter von 12-16 Monaten. Vollwertiges Hundefutter f\u00fcr Welpen aller Rassen ab der 3. Lebenswoche und f\u00fcr tr\u00e4chtige oder s\u00e4ugende Hunde. Dieses Futter enth\u00e4lt (im Verh\u00e4ltnis) viel Eiwei\u00dfe und Fette und hat ein Calcium-Phosphor-Verh\u00e4ltnis, das f\u00fcr ein optimales Knochenwachstum notwendig ist.<\/p>\n","protected":false},"featured_media":1799,"template":"","meta":[],"product_brand":[],"product_cat":[53],"product_tag":[],"class_list":{"0":"post-1400","1":"product","2":"type-product","3":"status-publish","4":"has-post-thumbnail","6":"product_cat-naturliches-hundefutter","8":"first","9":"outofstock","10":"taxable","11":"shipping-taxable","12":"purchasable","13":"product-type-variable"},"_links":{"self":[{"href":"https:\/\/simicur.com\/de\/wp-json\/wp\/v2\/product\/1400","targetHints":{"allow":["GET"]}}],"collection":[{"href":"https:\/\/simicur.com\/de\/wp-json\/wp\/v2\/product"}],"about":[{"href":"https:\/\/simicur.com\/de\/wp-json\/wp\/v2\/types\/product"}],"wp:featuredmedia":[{"embeddable":true,"href":"https:\/\/simicur.com\/de\/wp-json\/wp\/v2\/media\/1799"}],"wp:attachment":[{"href":"https:\/\/simicur.com\/de\/wp-json\/wp\/v2\/media?parent=1400"}],"wp:term":[{"taxonomy":"product_brand","embeddable":true,"href":"https:\/\/simicur.com\/de\/wp-json\/wp\/v2\/product_brand?post=1400"},{"taxonomy":"product_cat","embeddable":true,"href":"https:\/\/simicur.com\/de\/wp-json\/wp\/v2\/product_cat?post=1400"},{"taxonomy":"product_tag","embeddable":true,"href":"https:\/\/simicur.com\/de\/wp-json\/wp\/v2\/product_tag?post=1400"}],"curies":[{"name":"wp","href":"https:\/\/api.w.org\/{rel}","templated":true}]}}