{"id":1404,"date":"2019-05-29T22:17:00","date_gmt":"2019-05-29T22:17:00","guid":{"rendered":"https:\/\/simicur.dalphes.com\/shop\/unkategorisiert\/lamb-rice-balance\/"},"modified":"2025-06-25T14:16:10","modified_gmt":"2025-06-25T14:16:10","slug":"lamb-rice-balance","status":"publish","type":"product","link":"https:\/\/simicur.com\/de\/shop\/naturliches-hundefutter\/lamb-rice-balance\/","title":{"rendered":"Lamb &#038; Rice Balance"},"content":{"rendered":"<p>F\u00fcr Hunde mit einer Nahrungsmittelallergie, dass hei\u00dft meistens Hautprobleme (Juckreiz und schwarze Verf\u00e4rbung der Haut) und\/ oder Probleme mit der Verdauung (Durchfall), haben wir ein spezielles hypoallergenes Futter, Lamb\/Rice Balance. Dieses Futter hilft in den meisten F\u00e4llen, wenn die medizinischen Probleme bei der Nahrung liegen.<\/p>\n<p>Vollwertiges Hundefutter f\u00fcr Hunde mit einer Nahrungsmittelallergie und\/ oder Hautproblemen. Dem Futter sind keine k\u00fcnstlichen Farb-, Duft- und Aromastoffe zugef\u00fcgt und es ist frei von chemischen Konservierungsmitteln.<\/p>\n<p>Eine leicht verdauliche Mahlzeit f\u00fcr den allergischen Hund, auf der Basis von Lammfleisch und Reis. Lamb\/Rice Balance ist ein ausgewogenes Futter f\u00fcr alle Hunde jeden Alters, in Form von knusprigen und knackigen expandierten Brocken, die trocken gef\u00fcttert werden k\u00f6nnen und gut f\u00fcr die Z\u00e4hne sind.<\/p>\n<hr \/>\n<table border=\"0\">\n<tbody>\n<tr>\n<td valign=\"top\"><strong>Zusammensetzung:<\/strong><\/td>\n<td><em>Reis, Getreide, pflanzliche Nebenerzeugnisse, Fleisch und tierische Nebenerzeugnisse, \u00d6l und Fett, Mineralstoffe und Vitamine.<\/em><\/td>\n<\/tr>\n<tr>\n<td valign=\"top\"><strong>Analyse:<\/strong><\/td>\n<td><em>Roheiwei\u00df 25%, Rohfett 10%, Rohfaser 2%, Rohasche 6,5%, Fl\u00fcssigkeit max. 10,0%, Calcium 1,5%, Phosphor 1,1%, Natrium 0,2%, Magnesium 0,2%.<\/em><\/td>\n<\/tr>\n<tr>\n<td valign=\"top\"><strong>Vitamine &amp; Mineralstoffe \u2013 Zusatz pro Kg:<\/strong><\/td>\n<td><em>Vit. A 13.500 i.E., Vit. D3 1.350 i.E., Vit. E 50 mg., Vit. B1 5 mg, Vit. B2 7 mg, Vit. B6 5 mg, Vit. B12 25 mcg, Vit. C 25 mg, Vit. H 250 mcg, Vit. K3 3 mg, Fols\u00e4ure 2 mg, Niacin 40 mg, Pantothens\u00e4ure 20 mg, Cholin 300 mg, Cu 22 mg, FE 220 mg, Zn 115 mg, Mn 68 mg, Co 3 mg, I 1,5 mg.<\/em><\/td>\n<\/tr>\n<tr>\n<td><strong>Energie:<\/strong><\/td>\n<td><em>1574 KJ\/100 gr. = Verdaulicher Brennwert: 1402 KJ\/100 gr. Lamb\/Rice Balance<\/em><\/td>\n<\/tr>\n<\/tbody>\n<\/table>\n<hr \/>\n<p><strong>F\u00fctterungsempfehlung:<\/strong> Die Hunde brauchen die Menge an Futter, wie in der nachfolgenden Tabelle angegeben ist. Die angegebenen Mengen sind Richtwerte. Das Futter wird trocken verabreicht, am besten \u00fcber 2 Mahlzeiten verteilt.<\/p>\n<p>Geben Sie dem Hund nach dem Fressen Ruhe, f\u00fcr eine gute Verdauung und zur Vorbeugung von Magenproblemen.<\/p>\n<p>Sorgen Sie daf\u00fcr, dass immer ausreichend frisches Trinkwasser zur Verf\u00fcgung steht.<\/p>\n<hr \/>\n<table border=\"0\" align=\"left\">\n<tbody>\n<tr>\n<td><strong>Tabelle<\/strong><\/td>\n<td><strong>Gewicht Hund<\/strong><\/td>\n<td><strong>Gramm\/Tag<\/strong><\/td>\n<\/tr>\n<tr>\n<td><\/td>\n<td>bis 5 kg<\/td>\n<td>45-115<\/td>\n<\/tr>\n<tr>\n<td><\/td>\n<td>6-10 kg<\/td>\n<td>115-210<\/td>\n<\/tr>\n<tr>\n<td><\/td>\n<td>11-20 kg<\/td>\n<td>210-325<\/td>\n<\/tr>\n<tr>\n<td><\/td>\n<td>21-30 kg<\/td>\n<td>325-440<\/td>\n<\/tr>\n<tr>\n<td><\/td>\n<td>31-40 kg<\/td>\n<td>440-565<\/td>\n<\/tr>\n<tr>\n<td><\/td>\n<td>41-50 kg<\/td>\n<td>565-690<\/td>\n<\/tr>\n<tr>\n<td><\/td>\n<td>51-60 kg<\/td>\n<td>690-800<\/td>\n<\/tr>\n<\/tbody>\n<\/table>\n","protected":false},"excerpt":{"rendered":"<table width=\"100%\">\n<tbody>\n<tr>\n<td>Ein nat\u00fcrliches Futter f\u00fcr alle Hunde jeden Alters. Vollwertiges Hundefutter f\u00fcr Hunde mit einer Nahrungsmittelallergie und \/ oder Hautproblemen. Dieses Futter hilft in den meisten F\u00e4llen, wenn die Ursache der medizinischen Probleme bei der Nahrung liegt.<\/td>\n<\/tr>\n<tr>\n<td><\/td>\n<\/tr>\n<\/tbody>\n<\/table>\n","protected":false},"featured_media":1803,"template":"","meta":[],"product_brand":[],"product_cat":[53],"product_tag":[],"class_list":{"0":"post-1404","1":"product","2":"type-product","3":"status-publish","4":"has-post-thumbnail","6":"product_cat-naturliches-hundefutter","8":"first","9":"outofstock","10":"taxable","11":"shipping-taxable","12":"purchasable","13":"product-type-variable"},"_links":{"self":[{"href":"https:\/\/simicur.com\/de\/wp-json\/wp\/v2\/product\/1404","targetHints":{"allow":["GET"]}}],"collection":[{"href":"https:\/\/simicur.com\/de\/wp-json\/wp\/v2\/product"}],"about":[{"href":"https:\/\/simicur.com\/de\/wp-json\/wp\/v2\/types\/product"}],"wp:featuredmedia":[{"embeddable":true,"href":"https:\/\/simicur.com\/de\/wp-json\/wp\/v2\/media\/1803"}],"wp:attachment":[{"href":"https:\/\/simicur.com\/de\/wp-json\/wp\/v2\/media?parent=1404"}],"wp:term":[{"taxonomy":"product_brand","embeddable":true,"href":"https:\/\/simicur.com\/de\/wp-json\/wp\/v2\/product_brand?post=1404"},{"taxonomy":"product_cat","embeddable":true,"href":"https:\/\/simicur.com\/de\/wp-json\/wp\/v2\/product_cat?post=1404"},{"taxonomy":"product_tag","embeddable":true,"href":"https:\/\/simicur.com\/de\/wp-json\/wp\/v2\/product_tag?post=1404"}],"curies":[{"name":"wp","href":"https:\/\/api.w.org\/{rel}","templated":true}]}}