{"id":1408,"date":"2019-05-31T11:37:30","date_gmt":"2019-05-31T11:37:30","guid":{"rendered":"https:\/\/simicur.dalphes.com\/shop\/unkategorisiert\/adult-balance-2\/"},"modified":"2025-06-25T14:16:09","modified_gmt":"2025-06-25T14:16:09","slug":"adult-balance-katze","status":"publish","type":"product","link":"https:\/\/simicur.com\/de\/shop\/uncategorized-de\/adult-balance-katze\/","title":{"rendered":"Adult Balance"},"content":{"rendered":"<p>Ein ausgewogenes Futter f\u00fcr erwachsene Katzen aller Rassen, das nach dem Futter f\u00fcr junge Katzen gegeben werden kann. Vollwertiges Katzenfutter f\u00fcr erwachsene Katzen. Dem Futter sind keine k\u00fcnstlichen Farb-, Duft- und Aromastoffe zugef\u00fcgt und es ist frei von chemischen Konservierungsmitteln. Eine leicht verdauliche Mahlzeit f\u00fcr die Katze mit extra Beigabe von Taurin zur Vorbeugung von Blasengrie\u00df. Adult Balance ist ein ausgewogenes und vollwertiges Futter, mit allen Vitaminen und Mineralien im richtigen Verh\u00e4ltnis, in Form von knusprigen, knackigen expandierten Brocken. Sie k\u00f6nnen trocken gef\u00fcttert werden und sie sind gut f\u00fcr die Z\u00e4hne.<\/p>\n<hr \/>\n<table border=\"0\">\n<tbody>\n<tr>\n<td valign=\"top\"><strong>Zusammensetzung:<\/strong><\/td>\n<td><em>Getreide, pflanzliche Nebenerzeugnisse, Fleisch und tierische Nebenerzeugnisse, \u00d6l und Fett, Mineralstoffe und Vitamine.<\/em><\/td>\n<\/tr>\n<tr>\n<td valign=\"top\"><strong>Analyse:<\/strong><\/td>\n<td><em>Roheiwei\u00df 29,5%, Rohfett 9,5%, Rohfaser 2,5%, Rohasche 8%, Fl\u00fcssigkeit max. 10,0%, Calcium 1,5%, Phosphor 1,1%, Natrium 0,6%, Magnesium 0,2%.<\/em><\/td>\n<\/tr>\n<tr>\n<td valign=\"top\"><strong>Vitamine &amp; Mineralstoffe \u2013 Zusatz pro Kg:<\/strong><\/td>\n<td><em>Vit. A 20.000 i.E., Vit. D3 2000 i.E., Vit. E 100 mg, Vit. B1 10 mg, Vit. B2 14 mg, Vit. B6 6 mg, Vit. B12 5 mcg, Vit. C 25 mg, Vit. H 50 mcg, Vit. K3 6 mg, Fols\u00e4ure 4 mg, Niacin 80 mg, Pantothens\u00e4ure 40 mg, Cholin 600 mg, Cu 22 mg, Fe 150 mg, Zn 110mg, Mn 60 mg, Co 3 mg, I 1,5 mg Taurin 450 mg <\/em><\/td>\n<\/tr>\n<tr>\n<td><strong>Energie:<\/strong><\/td>\n<td><em>1530 KJ\/100 gr. = Verdaulicher Brennwert: 1362 KJ\/100 gr. Adult Balance<\/em><\/td>\n<\/tr>\n<\/tbody>\n<\/table>\n<hr \/>\n<p><strong>Voedingsadvies:<\/strong> Eine erwachsene Katze hat mit ca. 70 Gramm Adult Balance genug, um dem Futterbedarf zu entsprechen. Das Futter kann trocken verabreicht werden, am besten \u00fcber 2 Mahlzeiten verteilt.<\/p>\n<p>Geben Sie der Katze nach dem Fressen Ruhe, f\u00fcr eine gute Verdauung und zur Vorbeugung von Magenproblemen.<\/p>\n<p>Sorgen Sie daf\u00fcr, dass immer ausreichend frisches Trinkwasser zur Verf\u00fcgung steht.<\/p>\n","protected":false},"excerpt":{"rendered":"<p>Ein ausgewogenes Futter f\u00fcr erwachsene Katzen aller Rassen, das nach dem Futter f\u00fcr junge Katzen gegeben werden kann. Dem Futter sind keine k\u00fcnstlichen Farb-, Duft- und Aromastoffe zugef\u00fcgt und es ist frei von chemischen Konservierungsmitteln.<\/p>\n","protected":false},"featured_media":1829,"template":"","meta":[],"product_brand":[],"product_cat":[63],"product_tag":[],"class_list":{"0":"post-1408","1":"product","2":"type-product","3":"status-publish","4":"has-post-thumbnail","6":"product_cat-uncategorized-de","8":"first","9":"outofstock","10":"taxable","11":"shipping-taxable","12":"purchasable","13":"product-type-variable"},"_links":{"self":[{"href":"https:\/\/simicur.com\/de\/wp-json\/wp\/v2\/product\/1408","targetHints":{"allow":["GET"]}}],"collection":[{"href":"https:\/\/simicur.com\/de\/wp-json\/wp\/v2\/product"}],"about":[{"href":"https:\/\/simicur.com\/de\/wp-json\/wp\/v2\/types\/product"}],"wp:featuredmedia":[{"embeddable":true,"href":"https:\/\/simicur.com\/de\/wp-json\/wp\/v2\/media\/1829"}],"wp:attachment":[{"href":"https:\/\/simicur.com\/de\/wp-json\/wp\/v2\/media?parent=1408"}],"wp:term":[{"taxonomy":"product_brand","embeddable":true,"href":"https:\/\/simicur.com\/de\/wp-json\/wp\/v2\/product_brand?post=1408"},{"taxonomy":"product_cat","embeddable":true,"href":"https:\/\/simicur.com\/de\/wp-json\/wp\/v2\/product_cat?post=1408"},{"taxonomy":"product_tag","embeddable":true,"href":"https:\/\/simicur.com\/de\/wp-json\/wp\/v2\/product_tag?post=1408"}],"curies":[{"name":"wp","href":"https:\/\/api.w.org\/{rel}","templated":true}]}}