{"id":1416,"date":"2019-05-29T21:52:15","date_gmt":"2019-05-29T21:52:15","guid":{"rendered":"https:\/\/simicur.dalphes.com\/shop\/unkategorisiert\/spiergel-500-und-2000-ml\/"},"modified":"2025-11-21T11:40:29","modified_gmt":"2025-11-21T11:40:29","slug":"spiergel","status":"publish","type":"product","link":"https:\/\/simicur.com\/de\/shop\/pflegende-produkte\/spiergel\/","title":{"rendered":"Spiergel"},"content":{"rendered":"<p>SIMICUR Spiergel ist ein k\u00fchlendes Gel auf naturreiner Basis. Das Spiergel wirkt erleichternd bei Verletzungen von Muskeln, Gelenken und Sehnen und h\u00e4lt den K\u00f6rper des Pferdes geschmeidig. Das Spiergel kann man au\u00dferdem f\u00fcr Massagen verwenden, um die Beine nach der Arbeit zu k\u00fchlen.<\/p>\n<p><strong>Wirkung: <\/strong>SIMICUR Spiergel ist ein Menthogel, erg\u00e4nzt mit den \u00e4therischen \u00d6len Eucalyptus und Rosmarin. Hierdurch hat das Gel eine anregende Wirkung auf die Durchblutung des Gewebes. Das Spiergel hat eine k\u00fchlende, krampf- und schmerzstillende Wirkung und ist anzuwenden bei Verletzungen von Muskeln, Gelenken und Sehnen. Au\u00dferdem kann das Gel vor und nach der Arbeit verwendet werden, um die Muskeln und Sehnen von Hals, R\u00fccken und Extremit\u00e4ten geschmeidig zu halten.<\/p>\n<p><strong>Anwendung: <\/strong>Spiergel auf die Handfl\u00e4che auftragen und durch reibende Bewegungen den K\u00f6rper einschmieren und massieren. Spiergel kann auch bei verdickten oder geschwollenen Teilen des K\u00f6rpers angewendet werden. Spiergel ist ausschlie\u00dflich f\u00fcr den \u00e4u\u00dferlichen Gebrauch bestimmt und kann so im Sport verwendet werden.<\/p>\n<p><strong>Inhalt:<\/strong> 500 ml<\/p>\n","protected":false},"excerpt":{"rendered":"<p><b>Indikationen:<\/b> Versorgung von Muskeln und Gelenken. Anzuwenden bei Verletzungen von Muskeln, Sehnen und Gelenken; als &#8218;warming up&#8216; und &#8218;cooling down&#8216; von Muskeln und Extremit\u00e4ten; um Muskeln geschmeidig zu halten und bei R\u00fcckenschmerzen.<\/p>\n","protected":false},"featured_media":1813,"template":"","meta":[],"product_brand":[],"product_cat":[52],"product_tag":[],"class_list":{"0":"post-1416","1":"product","2":"type-product","3":"status-publish","4":"has-post-thumbnail","6":"product_cat-pflegende-produkte","8":"first","9":"instock","10":"featured","11":"taxable","12":"shipping-taxable","13":"purchasable","14":"product-type-simple"},"_links":{"self":[{"href":"https:\/\/simicur.com\/de\/wp-json\/wp\/v2\/product\/1416","targetHints":{"allow":["GET"]}}],"collection":[{"href":"https:\/\/simicur.com\/de\/wp-json\/wp\/v2\/product"}],"about":[{"href":"https:\/\/simicur.com\/de\/wp-json\/wp\/v2\/types\/product"}],"wp:featuredmedia":[{"embeddable":true,"href":"https:\/\/simicur.com\/de\/wp-json\/wp\/v2\/media\/1813"}],"wp:attachment":[{"href":"https:\/\/simicur.com\/de\/wp-json\/wp\/v2\/media?parent=1416"}],"wp:term":[{"taxonomy":"product_brand","embeddable":true,"href":"https:\/\/simicur.com\/de\/wp-json\/wp\/v2\/product_brand?post=1416"},{"taxonomy":"product_cat","embeddable":true,"href":"https:\/\/simicur.com\/de\/wp-json\/wp\/v2\/product_cat?post=1416"},{"taxonomy":"product_tag","embeddable":true,"href":"https:\/\/simicur.com\/de\/wp-json\/wp\/v2\/product_tag?post=1416"}],"curies":[{"name":"wp","href":"https:\/\/api.w.org\/{rel}","templated":true}]}}