{"id":1419,"date":"2019-05-29T22:01:10","date_gmt":"2019-05-29T22:01:10","guid":{"rendered":"https:\/\/simicur.dalphes.com\/shop\/unkategorisiert\/tendogel-500-ml\/"},"modified":"2025-06-25T14:15:57","modified_gmt":"2025-06-25T14:15:57","slug":"tendogel","status":"publish","type":"product","link":"https:\/\/simicur.com\/de\/shop\/pflegende-produkte\/tendogel\/","title":{"rendered":"Tendogel"},"content":{"rendered":"<p>SIMICUR Tendogel ist ein pflanzliches Gel auf naturreiner Basis. Das Tendogel wirkt anregend auf die Durchblutung von Sehnen und B\u00e4ndern und hat dadurch eine st\u00e4rkende Wirkung auf Sehnenverletzungen und verstauchte Gelenke. Tendogel ist speziell ausgerichtet auf das Einreiben und Massieren von Sehnen und B\u00e4ndern.<\/p>\n<p><strong>Wirkung: <\/strong>SIMICUR Tendogel ist ein pflanzliches Gel auf der Basis von Extrakten aus Arnica, Symphytum, Rhus toxicodendron, Ledum und Harpagophytum. Hierdurch hat das Gel eine anregende Wirkung auf die Gewebedurchblutung und eine schmerzstillende Wirkung. Das Tendogel ist anwendbar bei Verletzungen von Muskeln, Gelenken und Sehnen. Au\u00dferdem kann das Gel f\u00fcr die Massage von gef\u00fcllten Gelenken verwendet werden.<\/p>\n<p><strong>Anwendung: <\/strong>Tendogel auf die Handfl\u00e4che auftragen und durch reibende Bewegungen den K\u00f6rper einschmieren und massieren. Tendogel kann auch bei verdickten oder geschwollenen Teilen des K\u00f6rpers angewendet werden. Tendogel ist ausschlie\u00dflich f\u00fcr den \u00e4u\u00dferlichen Gebrauch bestimmt und kann so im Sport verwendet werden.<\/p>\n<p><strong>Inhalt:<\/strong> 500 ml<\/p>\n","protected":false},"excerpt":{"rendered":"<p><b>Indikationen:<\/b> Versorgung von Sehnen und B\u00e4ndern. Anzuwenden bei Sehnenverletzungen und bei Gelenkverstauchungen.<\/p>\n","protected":false},"featured_media":1815,"template":"","meta":[],"product_brand":[],"product_cat":[52],"product_tag":[],"class_list":{"0":"post-1419","1":"product","2":"type-product","3":"status-publish","4":"has-post-thumbnail","6":"product_cat-pflegende-produkte","8":"first","9":"instock","10":"taxable","11":"shipping-taxable","12":"purchasable","13":"product-type-simple"},"_links":{"self":[{"href":"https:\/\/simicur.com\/de\/wp-json\/wp\/v2\/product\/1419","targetHints":{"allow":["GET"]}}],"collection":[{"href":"https:\/\/simicur.com\/de\/wp-json\/wp\/v2\/product"}],"about":[{"href":"https:\/\/simicur.com\/de\/wp-json\/wp\/v2\/types\/product"}],"wp:featuredmedia":[{"embeddable":true,"href":"https:\/\/simicur.com\/de\/wp-json\/wp\/v2\/media\/1815"}],"wp:attachment":[{"href":"https:\/\/simicur.com\/de\/wp-json\/wp\/v2\/media?parent=1419"}],"wp:term":[{"taxonomy":"product_brand","embeddable":true,"href":"https:\/\/simicur.com\/de\/wp-json\/wp\/v2\/product_brand?post=1419"},{"taxonomy":"product_cat","embeddable":true,"href":"https:\/\/simicur.com\/de\/wp-json\/wp\/v2\/product_cat?post=1419"},{"taxonomy":"product_tag","embeddable":true,"href":"https:\/\/simicur.com\/de\/wp-json\/wp\/v2\/product_tag?post=1419"}],"curies":[{"name":"wp","href":"https:\/\/api.w.org\/{rel}","templated":true}]}}