{"id":1420,"date":"2019-05-29T22:02:13","date_gmt":"2019-05-29T22:02:13","guid":{"rendered":"https:\/\/simicur.dalphes.com\/shop\/unkategorisiert\/wundsalbe-200-gr\/"},"modified":"2026-03-28T18:24:52","modified_gmt":"2026-03-28T18:24:52","slug":"wundsalbe","status":"publish","type":"product","link":"https:\/\/simicur.com\/de\/shop\/pflegende-produkte\/wundsalbe\/","title":{"rendered":"Wundsalbe"},"content":{"rendered":"<p>Simicur Wundsalbe ist eine naturreine Salbe aus Johanniskraut- und Weizenkeim\u00f6l, mit Extrakten aus Symphytum, Calendula und Hamamelis. Hierdurch regt die Hautsalbe die Hautdurchblutung an und hat eine reinigende, lindernde und granulierende Wirkung. Die Wundsalbe kann angewendet werden bei empfindlicher, trockener Haut und steuert Wildfleischbildung bei schlecht heilenden Wunden entgegen.<\/p>\n<p><strong>Anwendung: <\/strong>SIMICUR Wundsalbe wird bei schlecht heilenden und entz\u00fcndeten Wunden angewendet und bei trockener, gereizter, schuppiger Haut. Die Wundsalbe kann mehrmals am Tag auf die Haut aufgetragen werden, indem man eine d\u00fcnne Lage auftr\u00e4gt und die Wundr\u00e4nder gut mit Salbe einschmiert. Schmutzige und eiternde Wunden zuerst mit Wasser aussp\u00fclen und die Wunde vor dem Auftragen der Salbe trocknen lassen.<\/p>\n<p><strong>Inhalt:<\/strong> 200 Gramm<\/p>\n","protected":false},"excerpt":{"rendered":"<p><b>Indikationen:<\/b> Versorgung von Haut und Wunden. Anzuwenden bei schlecht heilenden Wunden und bei empfindlicher und trockener Haut.<\/p>\n","protected":false},"featured_media":1809,"template":"","meta":[],"product_brand":[],"product_cat":[52],"product_tag":[],"class_list":{"0":"post-1420","1":"product","2":"type-product","3":"status-publish","4":"has-post-thumbnail","6":"product_cat-pflegende-produkte","8":"first","9":"outofstock","10":"taxable","11":"shipping-taxable","12":"purchasable","13":"product-type-simple"},"_links":{"self":[{"href":"https:\/\/simicur.com\/de\/wp-json\/wp\/v2\/product\/1420","targetHints":{"allow":["GET"]}}],"collection":[{"href":"https:\/\/simicur.com\/de\/wp-json\/wp\/v2\/product"}],"about":[{"href":"https:\/\/simicur.com\/de\/wp-json\/wp\/v2\/types\/product"}],"wp:featuredmedia":[{"embeddable":true,"href":"https:\/\/simicur.com\/de\/wp-json\/wp\/v2\/media\/1809"}],"wp:attachment":[{"href":"https:\/\/simicur.com\/de\/wp-json\/wp\/v2\/media?parent=1420"}],"wp:term":[{"taxonomy":"product_brand","embeddable":true,"href":"https:\/\/simicur.com\/de\/wp-json\/wp\/v2\/product_brand?post=1420"},{"taxonomy":"product_cat","embeddable":true,"href":"https:\/\/simicur.com\/de\/wp-json\/wp\/v2\/product_cat?post=1420"},{"taxonomy":"product_tag","embeddable":true,"href":"https:\/\/simicur.com\/de\/wp-json\/wp\/v2\/product_tag?post=1420"}],"curies":[{"name":"wp","href":"https:\/\/api.w.org\/{rel}","templated":true}]}}