{"id":1422,"date":"2019-05-29T22:05:27","date_gmt":"2019-05-29T22:05:27","guid":{"rendered":"https:\/\/simicur.dalphes.com\/shop\/unkategorisiert\/hufol-250ml\/"},"modified":"2025-06-25T14:15:56","modified_gmt":"2025-06-25T14:15:56","slug":"hufol","status":"publish","type":"product","link":"https:\/\/simicur.com\/de\/shop\/pflegende-produkte\/hufol\/","title":{"rendered":"Huf\u00f6l"},"content":{"rendered":"<p>Simicur Huf\u00f6l pflegt und h\u00e4lt die Hufe bei Pferden und Ponys geschmeidig und sorgt f\u00fcr sch\u00f6n gl\u00e4nzende Hufe.<\/p>\n<p>Ausf\u00fchrliche Informationen \u00fcber dieses Produkt sind in K\u00fcrze verf\u00fcgbar! F\u00fcr Fragen k\u00f6nnen Sie nat\u00fcrlich Kontakt mit uns aufnehmen:<\/p>\n<p>Tel: 0031-495-651825<br \/>\nFax: 0031-496-652312<br \/>\nEmail: info@simicur.nl<\/p>\n","protected":false},"excerpt":{"rendered":"<p>Simicur Huf\u00f6l pflegt und h\u00e4lt die Hufe bei Pferden und Ponys geschmeidig und sorgt f\u00fcr sch\u00f6n gl\u00e4nzende Hufe.<\/p>\n","protected":false},"featured_media":1811,"template":"","meta":[],"product_brand":[],"product_cat":[52],"product_tag":[],"class_list":{"0":"post-1422","1":"product","2":"type-product","3":"status-publish","4":"has-post-thumbnail","6":"product_cat-pflegende-produkte","8":"first","9":"outofstock","10":"taxable","11":"shipping-taxable","12":"purchasable","13":"product-type-simple"},"_links":{"self":[{"href":"https:\/\/simicur.com\/de\/wp-json\/wp\/v2\/product\/1422","targetHints":{"allow":["GET"]}}],"collection":[{"href":"https:\/\/simicur.com\/de\/wp-json\/wp\/v2\/product"}],"about":[{"href":"https:\/\/simicur.com\/de\/wp-json\/wp\/v2\/types\/product"}],"wp:featuredmedia":[{"embeddable":true,"href":"https:\/\/simicur.com\/de\/wp-json\/wp\/v2\/media\/1811"}],"wp:attachment":[{"href":"https:\/\/simicur.com\/de\/wp-json\/wp\/v2\/media?parent=1422"}],"wp:term":[{"taxonomy":"product_brand","embeddable":true,"href":"https:\/\/simicur.com\/de\/wp-json\/wp\/v2\/product_brand?post=1422"},{"taxonomy":"product_cat","embeddable":true,"href":"https:\/\/simicur.com\/de\/wp-json\/wp\/v2\/product_cat?post=1422"},{"taxonomy":"product_tag","embeddable":true,"href":"https:\/\/simicur.com\/de\/wp-json\/wp\/v2\/product_tag?post=1422"}],"curies":[{"name":"wp","href":"https:\/\/api.w.org\/{rel}","templated":true}]}}