{"id":1423,"date":"2019-05-29T22:11:27","date_gmt":"2019-05-29T22:11:27","guid":{"rendered":"https:\/\/simicur.dalphes.com\/shop\/unkategorisiert\/hautol-100ml\/"},"modified":"2025-06-25T14:15:55","modified_gmt":"2025-06-25T14:15:55","slug":"hautol","status":"publish","type":"product","link":"https:\/\/simicur.com\/de\/shop\/pflegende-produkte\/hautol\/","title":{"rendered":"Haut\u00f6l"},"content":{"rendered":"<p>Simicur Haut\u00f6l ist ein naturreines \u00d6l auf der Basis von Squalen (aus Oliven\u00f6l) und Teebaum\u00f6l. Durch die tief in die Haut dringende und juckreizstillende Wirkung von Squalen in Kombination mit der k\u00fchlenden und lindernden Wirkung von Teebaum wird Haut\u00f6l bei Juckreiz und Hautirritationen angewendet.<\/p>\n<p><strong>Anwendung: <\/strong>Simicur Haut\u00f6l kann mehrmals am Tag auf die Haut aufgetragen werden. Die juckende Haut wird d\u00fcnn einge\u00f6lt. Haut\u00f6l wird bei Pferden und Ponys mit Sommerekzem und bei Flohallergie und anderen allergischen Hautreaktionen bei Hunden und Katzen angewendet.<\/p>\n","protected":false},"excerpt":{"rendered":"<p><b>Indikationen:<\/b> Versorgung der juckenden Haut. Anzuwenden bei Sommerekzem, Flohallergie, allergischen Hautreaktionen die mit Juckreiz einhergehen.<\/p>\n","protected":false},"featured_media":1821,"template":"","meta":[],"product_brand":[],"product_cat":[52],"product_tag":[],"class_list":{"0":"post-1423","1":"product","2":"type-product","3":"status-publish","4":"has-post-thumbnail","6":"product_cat-pflegende-produkte","8":"first","9":"instock","10":"taxable","11":"shipping-taxable","12":"purchasable","13":"product-type-simple"},"_links":{"self":[{"href":"https:\/\/simicur.com\/de\/wp-json\/wp\/v2\/product\/1423","targetHints":{"allow":["GET"]}}],"collection":[{"href":"https:\/\/simicur.com\/de\/wp-json\/wp\/v2\/product"}],"about":[{"href":"https:\/\/simicur.com\/de\/wp-json\/wp\/v2\/types\/product"}],"wp:featuredmedia":[{"embeddable":true,"href":"https:\/\/simicur.com\/de\/wp-json\/wp\/v2\/media\/1821"}],"wp:attachment":[{"href":"https:\/\/simicur.com\/de\/wp-json\/wp\/v2\/media?parent=1423"}],"wp:term":[{"taxonomy":"product_brand","embeddable":true,"href":"https:\/\/simicur.com\/de\/wp-json\/wp\/v2\/product_brand?post=1423"},{"taxonomy":"product_cat","embeddable":true,"href":"https:\/\/simicur.com\/de\/wp-json\/wp\/v2\/product_cat?post=1423"},{"taxonomy":"product_tag","embeddable":true,"href":"https:\/\/simicur.com\/de\/wp-json\/wp\/v2\/product_tag?post=1423"}],"curies":[{"name":"wp","href":"https:\/\/api.w.org\/{rel}","templated":true}]}}