{"id":1424,"date":"2019-05-29T22:12:35","date_gmt":"2019-05-29T22:12:35","guid":{"rendered":"https:\/\/simicur.dalphes.com\/shop\/unkategorisiert\/shampoo-250-ml\/"},"modified":"2025-06-25T14:15:55","modified_gmt":"2025-06-25T14:15:55","slug":"shampoo","status":"publish","type":"product","link":"https:\/\/simicur.com\/de\/shop\/pflegende-produkte\/shampoo\/","title":{"rendered":"Shampoo"},"content":{"rendered":"<p>SIMICUR Shampoo ist ein naturreines Shampoo, hat eine biologische, pflegende und nicht entfettende Wirkung und ist lindernd und desinfizierend. Das Shampoo wird verwendet bei schlechter Hautstruktur und stumpfen Fell.<\/p>\n<p><strong>Wirkung: <\/strong>SIMICUR Shampoo ist mit Eukalyptus Extrakt angereichert, mit zus\u00e4tzlich beigemischtem Salbei-, Rosmarin-, Kokos- und Palm\u00f6l. Durch die Anregung der Hautdurchblutung sorgt das Shampoo f\u00fcr eine bessere Hautstruktur und gibt ein gl\u00e4nzendes Fell. Das Shampoo wirkt au\u00dferdem Schimmel abt\u00f6tend (fungizid) und erfrischend.<\/p>\n<p><strong>Inhalt:<\/strong> 250 ml<\/p>\n","protected":false},"excerpt":{"rendered":"<p>SIMICUR Shampoo ist ein von Natur aus reines Shampoo, wirkt biologisch, pflegend und entfettend sowie beruhigend und desinfizierend.<\/p>\n","protected":false},"featured_media":1817,"template":"","meta":[],"product_brand":[],"product_cat":[52],"product_tag":[],"class_list":{"0":"post-1424","1":"product","2":"type-product","3":"status-publish","4":"has-post-thumbnail","6":"product_cat-pflegende-produkte","8":"first","9":"outofstock","10":"taxable","11":"shipping-taxable","12":"purchasable","13":"product-type-simple"},"_links":{"self":[{"href":"https:\/\/simicur.com\/de\/wp-json\/wp\/v2\/product\/1424","targetHints":{"allow":["GET"]}}],"collection":[{"href":"https:\/\/simicur.com\/de\/wp-json\/wp\/v2\/product"}],"about":[{"href":"https:\/\/simicur.com\/de\/wp-json\/wp\/v2\/types\/product"}],"wp:featuredmedia":[{"embeddable":true,"href":"https:\/\/simicur.com\/de\/wp-json\/wp\/v2\/media\/1817"}],"wp:attachment":[{"href":"https:\/\/simicur.com\/de\/wp-json\/wp\/v2\/media?parent=1424"}],"wp:term":[{"taxonomy":"product_brand","embeddable":true,"href":"https:\/\/simicur.com\/de\/wp-json\/wp\/v2\/product_brand?post=1424"},{"taxonomy":"product_cat","embeddable":true,"href":"https:\/\/simicur.com\/de\/wp-json\/wp\/v2\/product_cat?post=1424"},{"taxonomy":"product_tag","embeddable":true,"href":"https:\/\/simicur.com\/de\/wp-json\/wp\/v2\/product_tag?post=1424"}],"curies":[{"name":"wp","href":"https:\/\/api.w.org\/{rel}","templated":true}]}}