{"id":1425,"date":"2019-05-29T20:54:24","date_gmt":"2019-05-29T20:54:24","guid":{"rendered":"https:\/\/simicur.dalphes.com\/shop\/unkategorisiert\/teufelskralle-400gr\/"},"modified":"2026-02-08T17:12:28","modified_gmt":"2026-02-08T17:12:28","slug":"teufelskralle","status":"publish","type":"product","link":"https:\/\/simicur.com\/de\/shop\/krauter-nahrungserganzung\/teufelskralle\/","title":{"rendered":"Teufelskralle"},"content":{"rendered":"<p><strong>Teufelskralle (400 g) , Kr\u00e4uterpr\u00e4parat f\u00fcr die Gelenke und bei Schmerzen<\/strong><br \/>\nTeufelskralle ist ein nat\u00fcrliches Nahrungserg\u00e4nzungsmittel f\u00fcr Pferde, Hunde und Katzen auf der Basis von Harpagophytum procumbens. Die krallenartigen Wurzeln der Teufelskralle sind reich an Glucocininen, die den Wurzeln eine schmerzstillende und entz\u00fcndungshemmende Wirkung geben. Die Wirkung von Teufelskralle richtet sich vor allem auf Muskeln und Gelenke, wodurch sich die Beweglichkeit der Gelenke verbessert. Pr\u00e4ventiv beugt Teufelskralle Gelenkschmerzen vor, die durch \u00dcberlastung entstehen. Teufelskralle ist frei von (Pharma)chemischen Stoffen, dadurch hat es keine sch\u00e4dlichen Nebenwirkungen auf den Magen.<\/p>\n<p><strong>Anwendung:<\/strong> Anzuwenden bei Gelenkproblemen (Arthrose, Dysplasie) und bei allen Arten von Schmerzen (Muskeln und Gelenke).<\/p>\n<p><strong>Dosierung:<\/strong> Teufelskralle in folgender Dosierung dem Futter beif\u00fcgen:<\/p>\n<table border=\"0\" align=\"left\">\n<tbody>\n<tr>\n<td>Pferd\/ Pony:<\/td>\n<td>1-2 x t\u00e4glich 10 Gramm<\/td>\n<\/tr>\n<tr>\n<td>Hund:<\/td>\n<td>1-2 x t\u00e4glich 5 Gramm<\/td>\n<\/tr>\n<tr>\n<td>Katze:<\/td>\n<td>1 x t\u00e4glich 2,5 Gramm<\/td>\n<\/tr>\n<\/tbody>\n<\/table>\n<p>&nbsp;<\/p>\n<p>&nbsp;<\/p>\n<p>&nbsp;<\/p>\n<p><strong>Packungsinhalt: <\/strong>400 Gramm<strong><br \/>\n<\/strong><strong>1 Messl\u00f6ffel<\/strong>: 5 Gramm<\/p>\n","protected":false},"excerpt":{"rendered":"<p><b>Anwendung:<\/b> Anzuwenden bei Gelenkproblemen (Arthrose, Dysplasie) und bei allen Arten von Schmerzen (Muskeln und Gelenke).<\/p>\n","protected":false},"featured_media":1768,"template":"","meta":[],"product_brand":[],"product_cat":[51],"product_tag":[],"class_list":{"0":"post-1425","1":"product","2":"type-product","3":"status-publish","4":"has-post-thumbnail","6":"product_cat-krauter-nahrungserganzung","8":"first","9":"instock","10":"sale","11":"taxable","12":"shipping-taxable","13":"purchasable","14":"product-type-simple"},"_links":{"self":[{"href":"https:\/\/simicur.com\/de\/wp-json\/wp\/v2\/product\/1425","targetHints":{"allow":["GET"]}}],"collection":[{"href":"https:\/\/simicur.com\/de\/wp-json\/wp\/v2\/product"}],"about":[{"href":"https:\/\/simicur.com\/de\/wp-json\/wp\/v2\/types\/product"}],"wp:featuredmedia":[{"embeddable":true,"href":"https:\/\/simicur.com\/de\/wp-json\/wp\/v2\/media\/1768"}],"wp:attachment":[{"href":"https:\/\/simicur.com\/de\/wp-json\/wp\/v2\/media?parent=1425"}],"wp:term":[{"taxonomy":"product_brand","embeddable":true,"href":"https:\/\/simicur.com\/de\/wp-json\/wp\/v2\/product_brand?post=1425"},{"taxonomy":"product_cat","embeddable":true,"href":"https:\/\/simicur.com\/de\/wp-json\/wp\/v2\/product_cat?post=1425"},{"taxonomy":"product_tag","embeddable":true,"href":"https:\/\/simicur.com\/de\/wp-json\/wp\/v2\/product_tag?post=1425"}],"curies":[{"name":"wp","href":"https:\/\/api.w.org\/{rel}","templated":true}]}}