{"id":1426,"date":"2019-05-29T21:22:53","date_gmt":"2019-05-29T21:22:53","guid":{"rendered":"https:\/\/simicur.dalphes.com\/shop\/unkategorisiert\/digesticur\/"},"modified":"2026-02-08T17:17:47","modified_gmt":"2026-02-08T17:17:47","slug":"digesticur","status":"publish","type":"product","link":"https:\/\/simicur.com\/de\/shop\/krauter-nahrungserganzung\/digesticur\/","title":{"rendered":"Digesticur"},"content":{"rendered":"<p><strong>Digesticur, Kr\u00e4uterpr\u00e4parat f\u00fcr gesunde D\u00e4rme und bessere Nahrungsaufnahme<\/strong><br \/>\nDigesticur ist ein erg\u00e4nzender Trank, der zus\u00e4tzlich zur t\u00e4glichen Tagesration gegeben, f\u00fcr eine optimale Darmarbeit und verbesserte Verdauung sorgt. Digesticur besteht aus:<\/p>\n<ul>\n<li>Kr\u00e4uteressig mit Milchs\u00e4ure. (Essig (4%)<\/li>\n<li>Anethum graveolens (2%)<\/li>\n<li>Astragalus membranaceus (2%)<\/li>\n<li>Dioscorea opposita (1%)<\/li>\n<li>Sambucus nigra (1%)<\/li>\n<li>Milchs\u00e4ure (2%)<\/li>\n<\/ul>\n<p><strong>Anwendung:<\/strong> Digesticur ist anzuwenden bei beeintr\u00e4chtigter Verdauung und N\u00e4hrstoff bezogenen Symptomen, wie vermindertes Hufwachstum, Probleme infolge von Wurminfektionen, bei Abwehrschw\u00e4che (Immunit\u00e4t), bei Stallbeinen und Darmkr\u00e4mpfen. Bei Allergien gegen Bestandteile im Futter sorgt Digesticur f\u00fcr eine bessere Verdauung.<\/p>\n<p><strong>Dosierung:<\/strong><\/p>\n<p><strong>Pferde und Ponys: <\/strong>1-2-mal t\u00e4glich 100ml \u00fcber das Futter oder das Trinkwasser geben. Bei Problemen mit der Darmgesundheit in der ersten Woche der Behandlung 25ml pro Tag geben und danach w\u00f6chentlich die Dosierung um jeweils 25ml bis zur angegebenen Dosis erh\u00f6hen.<\/p>\n<p><strong>Hunde und Katzen:<\/strong> 1 Essl\u00f6ffel \u00fcber jede Mahlzeit.<\/p>\n<p>Digesticur ist in einer 5-Liter-Packung erh\u00e4ltlich.<\/p>\n","protected":false},"excerpt":{"rendered":"<p><b>Anwendung:<\/b> Kr\u00e4uterpr\u00e4parat f\u00fcr gesunde D\u00e4rme und Futteraufnahme. Anzuwenden bei empfindlichen D\u00e4rmen, Allergie, Immunschw\u00e4che, Darmkr\u00e4mpfe. Vorbeugung vor Wurmbefall, Stallbeine und schlechtes Hufwachstum.<\/p>\n","protected":false},"featured_media":1783,"template":"","meta":[],"product_brand":[],"product_cat":[51],"product_tag":[],"class_list":{"0":"post-1426","1":"product","2":"type-product","3":"status-publish","4":"has-post-thumbnail","6":"product_cat-krauter-nahrungserganzung","8":"first","9":"instock","10":"taxable","11":"shipping-taxable","12":"purchasable","13":"product-type-variable"},"_links":{"self":[{"href":"https:\/\/simicur.com\/de\/wp-json\/wp\/v2\/product\/1426","targetHints":{"allow":["GET"]}}],"collection":[{"href":"https:\/\/simicur.com\/de\/wp-json\/wp\/v2\/product"}],"about":[{"href":"https:\/\/simicur.com\/de\/wp-json\/wp\/v2\/types\/product"}],"wp:featuredmedia":[{"embeddable":true,"href":"https:\/\/simicur.com\/de\/wp-json\/wp\/v2\/media\/1783"}],"wp:attachment":[{"href":"https:\/\/simicur.com\/de\/wp-json\/wp\/v2\/media?parent=1426"}],"wp:term":[{"taxonomy":"product_brand","embeddable":true,"href":"https:\/\/simicur.com\/de\/wp-json\/wp\/v2\/product_brand?post=1426"},{"taxonomy":"product_cat","embeddable":true,"href":"https:\/\/simicur.com\/de\/wp-json\/wp\/v2\/product_cat?post=1426"},{"taxonomy":"product_tag","embeddable":true,"href":"https:\/\/simicur.com\/de\/wp-json\/wp\/v2\/product_tag?post=1426"}],"curies":[{"name":"wp","href":"https:\/\/api.w.org\/{rel}","templated":true}]}}