{"id":1430,"date":"2019-05-29T21:44:33","date_gmt":"2019-05-29T21:44:33","guid":{"rendered":"https:\/\/simicur.dalphes.com\/shop\/unkategorisiert\/fenegriek-1000gr\/"},"modified":"2025-06-25T14:15:58","modified_gmt":"2025-06-25T14:15:58","slug":"fenegriek","status":"publish","type":"product","link":"https:\/\/simicur.com\/de\/shop\/krauter-nahrungserganzung\/fenegriek\/","title":{"rendered":"Fenegriek"},"content":{"rendered":"<p><strong>Fenegriek, Kr\u00e4uterpr\u00e4parat f\u00fcr die Atemwege und Kondition<\/strong><br \/>\nFenegriek (Bockshornklee) ist ein nat\u00fcrliches Nahrungserg\u00e4nzungsmittel f\u00fcr Pferde, Hunde und Katzen auf der Basis von Trichonella foenum graecum. Fenegriek enth\u00e4lt eine Vielzahl von Schleimstoffen, wodurch es eine sch\u00fctzende Wirkung auf die Schleimh\u00e4ute, vor allem der oberen Atemwege hat. Durch seine schleiml\u00f6sende Wirkung ist Fenegriek bei Tieren mit Hustenproblemen anwendbar. Ebenfalls kann Fenegriek durch seine gro\u00dfe Menge Vitamine und Mineralien angewendet werden, um die Tiere (unter anderem nach Krankheit) wieder zu Kr\u00e4ften zu bringen oder diese zu erhalten.<\/p>\n<p><strong>Anwendung:<\/strong> Fenegriek wird angewendet bei Hustenproblemen und schwacher Kondition.<\/p>\n<p><strong>Dosierung:<\/strong> Fenegriek in folgender Dosierung dem Futter beif\u00fcgen:<\/p>\n<table border=\"0\" align=\"left\">\n<tbody>\n<tr>\n<td>Pferd \/ Pony:<\/td>\n<td>1-2 x t\u00e4glich 10 Gramm<\/td>\n<\/tr>\n<tr>\n<td>Hund:<\/td>\n<td>1x t\u00e4glich 5 Gramm<\/td>\n<\/tr>\n<tr>\n<td>Katze:<\/td>\n<td>1 x t\u00e4glich 2,5 gram<\/td>\n<\/tr>\n<\/tbody>\n<\/table>\n<p>&nbsp;<\/p>\n<p>&nbsp;<\/p>\n<p>&nbsp;<\/p>\n<p><strong>Inhalt:<\/strong> 1000 gram<br \/>\n<strong>1 Messl\u00f6ffel:<\/strong> 5 Gramm<\/p>\n","protected":false},"excerpt":{"rendered":"<p><b>Anwendung:<\/b> Kr\u00e4uterpr\u00e4parat f\u00fcr Atemwege und Kondition. Zu verabreichen bei Hustenproblemen und schwacher Kondition.<\/p>\n","protected":false},"featured_media":1772,"template":"","meta":[],"product_brand":[],"product_cat":[51],"product_tag":[],"class_list":{"0":"post-1430","1":"product","2":"type-product","3":"status-publish","4":"has-post-thumbnail","6":"product_cat-krauter-nahrungserganzung","8":"first","9":"instock","10":"taxable","11":"shipping-taxable","12":"purchasable","13":"product-type-simple"},"_links":{"self":[{"href":"https:\/\/simicur.com\/de\/wp-json\/wp\/v2\/product\/1430","targetHints":{"allow":["GET"]}}],"collection":[{"href":"https:\/\/simicur.com\/de\/wp-json\/wp\/v2\/product"}],"about":[{"href":"https:\/\/simicur.com\/de\/wp-json\/wp\/v2\/types\/product"}],"wp:featuredmedia":[{"embeddable":true,"href":"https:\/\/simicur.com\/de\/wp-json\/wp\/v2\/media\/1772"}],"wp:attachment":[{"href":"https:\/\/simicur.com\/de\/wp-json\/wp\/v2\/media?parent=1430"}],"wp:term":[{"taxonomy":"product_brand","embeddable":true,"href":"https:\/\/simicur.com\/de\/wp-json\/wp\/v2\/product_brand?post=1430"},{"taxonomy":"product_cat","embeddable":true,"href":"https:\/\/simicur.com\/de\/wp-json\/wp\/v2\/product_cat?post=1430"},{"taxonomy":"product_tag","embeddable":true,"href":"https:\/\/simicur.com\/de\/wp-json\/wp\/v2\/product_tag?post=1430"}],"curies":[{"name":"wp","href":"https:\/\/api.w.org\/{rel}","templated":true}]}}