{"id":1431,"date":"2019-05-29T21:45:12","date_gmt":"2019-05-29T21:45:12","guid":{"rendered":"https:\/\/simicur.dalphes.com\/shop\/unkategorisiert\/hoestmix-800gr\/"},"modified":"2026-02-08T17:19:15","modified_gmt":"2026-02-08T17:19:15","slug":"hoestmix","status":"publish","type":"product","link":"https:\/\/simicur.com\/de\/shop\/krauter-nahrungserganzung\/hoestmix\/","title":{"rendered":"Hoestmix"},"content":{"rendered":"<p><strong>Hoestmix\/Hustmix (600g), Kr\u00e4uterpr\u00e4parat f\u00fcr die Atemwege und Lungen<\/strong><br \/>\nHoestmix ist ein nat\u00fcrliches Nahrungserg\u00e4nzungsmittel f\u00fcr Pferde, Hunde und Katzen auf der Basis von Trichonella foenum graecum, Allium sativum und Glycyrrhiza glabra. Frei von (Pharma)chemischen Stoffen, dadurch hat Hoestmix keine Nebenwirkungen. Hoestmix wird angewendet bei erk\u00e4lteten und hustenden Tieren und zur Pr\u00e4vention von Hustenproblemen. Die Behandlung ist darauf ausgerichtet Bakterien auszuschalten, Schleim zu l\u00f6sen und abzuf\u00fchren und die Lungenfunktion wiederherzustellen.<\/p>\n<p><strong>Anwendung:<\/strong><br \/>\nDem Futter beigef\u00fcgt gibt Hoestmix eine optimale Kondition f\u00fcr Hals, Luftr\u00f6hre und Bronchien. Anzuwenden bei empfindlichen Atemwegen und hustenden Tieren.<\/p>\n<p><strong>Dosierung:<\/strong> Hoestmix in folgender Dosierung dem Futter beif\u00fcgen:<\/p>\n<table border=\"0\" align=\"left\">\n<tbody>\n<tr>\n<td>Pferd \/ Pony:<\/td>\n<td>1-2 x t\u00e4glich 10 Gramm<\/td>\n<\/tr>\n<tr>\n<td>Hund:<\/td>\n<td>1x t\u00e4glich 5 Gramm<\/td>\n<\/tr>\n<tr>\n<td>Katze:<\/td>\n<td>1 x t\u00e4glich 2,5 gram<\/td>\n<\/tr>\n<\/tbody>\n<\/table>\n<p>&nbsp;<\/p>\n<p>&nbsp;<\/p>\n<p>&nbsp;<\/p>\n<p><strong>Inhalt:<\/strong>\u00a0600 gram<br \/>\n<strong>1 Messl\u00f6ffel:<\/strong> 5 Gramm<\/p>\n","protected":false},"excerpt":{"rendered":"<p><b>Anwendung:<\/b> Kr\u00e4uterpr\u00e4parat f\u00fcr die Atemwege und Lungen. Zu verabreichen bei empfindlichen Atemwegen und hustenden Tieren, f\u00fcr eine optimale Kondition von Kehle, Luftr\u00f6hre und Bronchien.<\/p>\n","protected":false},"featured_media":1776,"template":"","meta":[],"product_brand":[],"product_cat":[51],"product_tag":[],"class_list":{"0":"post-1431","1":"product","2":"type-product","3":"status-publish","4":"has-post-thumbnail","6":"product_cat-krauter-nahrungserganzung","8":"first","9":"instock","10":"taxable","11":"shipping-taxable","12":"purchasable","13":"product-type-simple"},"_links":{"self":[{"href":"https:\/\/simicur.com\/de\/wp-json\/wp\/v2\/product\/1431","targetHints":{"allow":["GET"]}}],"collection":[{"href":"https:\/\/simicur.com\/de\/wp-json\/wp\/v2\/product"}],"about":[{"href":"https:\/\/simicur.com\/de\/wp-json\/wp\/v2\/types\/product"}],"wp:featuredmedia":[{"embeddable":true,"href":"https:\/\/simicur.com\/de\/wp-json\/wp\/v2\/media\/1776"}],"wp:attachment":[{"href":"https:\/\/simicur.com\/de\/wp-json\/wp\/v2\/media?parent=1431"}],"wp:term":[{"taxonomy":"product_brand","embeddable":true,"href":"https:\/\/simicur.com\/de\/wp-json\/wp\/v2\/product_brand?post=1431"},{"taxonomy":"product_cat","embeddable":true,"href":"https:\/\/simicur.com\/de\/wp-json\/wp\/v2\/product_cat?post=1431"},{"taxonomy":"product_tag","embeddable":true,"href":"https:\/\/simicur.com\/de\/wp-json\/wp\/v2\/product_tag?post=1431"}],"curies":[{"name":"wp","href":"https:\/\/api.w.org\/{rel}","templated":true}]}}