{"id":1432,"date":"2019-05-29T21:46:15","date_gmt":"2019-05-29T21:46:15","guid":{"rendered":"https:\/\/simicur.dalphes.com\/shop\/unkategorisiert\/knoblauchgranulat-800gr\/"},"modified":"2026-02-08T17:13:33","modified_gmt":"2026-02-08T17:13:33","slug":"knoblauchgranulat","status":"publish","type":"product","link":"https:\/\/simicur.com\/de\/shop\/krauter-nahrungserganzung\/knoblauchgranulat\/","title":{"rendered":"Knoblauchgranulat"},"content":{"rendered":"<p><strong>Knoblauchgranulat (800g), Kr\u00e4uterpr\u00e4parat f\u00fcr gesunde Verdauung und Blutgef\u00e4\u00dfe<\/strong><br \/>\nKnoblauchgranulat ist ein nat\u00fcrliches Nahrungserg\u00e4nzungsmittel f\u00fcr Pferde, Hunde und Katzen auf der Basis von Allium sativum. Knoblauch verdankt seine Wirkung haupts\u00e4chlich einem fl\u00fcchtigen, Schwefel enthaltenden Stoff, Diallyldisulfid. Die stark antiseptische Wirkung \u00e4u\u00dfert sich in der Bek\u00e4mpfung von Bakterien und Viren. Es ist ebenfalls bekannt, dass Knoblauch gut f\u00fcr die Blutzirkulation ist. So sorgt der Bestandteil Allicin f\u00fcr eine Senkung des Blutdrucks.<\/p>\n<p><strong>Anwendung:<\/strong> Knoblauchgranulat wirkt Widerstand erh\u00f6hend und ist g\u00fcnstig f\u00fcr Verdauung und Blutgef\u00e4\u00dfe. In h\u00f6herer Dosierung ist das Kraut gleicherma\u00dfen als Abwehrmittel gegen Fliegen und M\u00fccken zu verwenden.<\/p>\n<p><strong>Dosierung:<\/strong> Knoblauchgranulat in folgender Dosierung dem Futter beif\u00fcgen:<\/p>\n<table border=\"0\" align=\"left\">\n<tbody>\n<tr>\n<td>Pferd \/ Pony:<\/td>\n<td>1-2 x t\u00e4glich 10 Gramm<\/td>\n<\/tr>\n<tr>\n<td>Hund:<\/td>\n<td>1x t\u00e4glich 5 Gramm<\/td>\n<\/tr>\n<tr>\n<td>Katze:<\/td>\n<td>1 x t\u00e4glich 2,5 gram<\/td>\n<\/tr>\n<\/tbody>\n<\/table>\n<p>&nbsp;<\/p>\n<p>&nbsp;<\/p>\n<p>&nbsp;<\/p>\n<p><strong>Inhalt:<\/strong> 800 gram<br \/>\n<strong>1 Messl\u00f6ffel:<\/strong> 5 Gramm<\/p>\n","protected":false},"excerpt":{"rendered":"<p><b>Anwendung:<\/b> Kr\u00e4uterpr\u00e4parat f\u00fcr gesunde Verdauung und Blutgef\u00e4\u00dfe. Zu verabreichen zur Steigerung der Abwehrkraft, F\u00f6rderung der Verdauung und als Abwehrmittel gegen Fliegen und M\u00fccken.<\/p>\n","protected":false},"featured_media":1778,"template":"","meta":[],"product_brand":[],"product_cat":[51],"product_tag":[],"class_list":{"0":"post-1432","1":"product","2":"type-product","3":"status-publish","4":"has-post-thumbnail","6":"product_cat-krauter-nahrungserganzung","8":"first","9":"instock","10":"taxable","11":"shipping-taxable","12":"purchasable","13":"product-type-simple"},"_links":{"self":[{"href":"https:\/\/simicur.com\/de\/wp-json\/wp\/v2\/product\/1432","targetHints":{"allow":["GET"]}}],"collection":[{"href":"https:\/\/simicur.com\/de\/wp-json\/wp\/v2\/product"}],"about":[{"href":"https:\/\/simicur.com\/de\/wp-json\/wp\/v2\/types\/product"}],"wp:featuredmedia":[{"embeddable":true,"href":"https:\/\/simicur.com\/de\/wp-json\/wp\/v2\/media\/1778"}],"wp:attachment":[{"href":"https:\/\/simicur.com\/de\/wp-json\/wp\/v2\/media?parent=1432"}],"wp:term":[{"taxonomy":"product_brand","embeddable":true,"href":"https:\/\/simicur.com\/de\/wp-json\/wp\/v2\/product_brand?post=1432"},{"taxonomy":"product_cat","embeddable":true,"href":"https:\/\/simicur.com\/de\/wp-json\/wp\/v2\/product_cat?post=1432"},{"taxonomy":"product_tag","embeddable":true,"href":"https:\/\/simicur.com\/de\/wp-json\/wp\/v2\/product_tag?post=1432"}],"curies":[{"name":"wp","href":"https:\/\/api.w.org\/{rel}","templated":true}]}}