{"id":1433,"date":"2019-05-29T20:53:21","date_gmt":"2019-05-29T20:53:21","guid":{"rendered":"https:\/\/simicur.dalphes.com\/shop\/unkategorisiert\/herbalmix-600gr\/"},"modified":"2025-06-25T14:15:59","modified_gmt":"2025-06-25T14:15:59","slug":"herbalmix","status":"publish","type":"product","link":"https:\/\/simicur.com\/de\/shop\/krauter-nahrungserganzung\/herbalmix\/","title":{"rendered":"Herbalmix"},"content":{"rendered":"<p><strong>Herbalmix, f\u00fcr Verdauung, Fell und Kondition<\/strong><br \/>\nHerbalmix ist ein nat\u00fcrliches Nahrungserg\u00e4nzungsmittel f\u00fcr Pferde, Hunde und Katzen auf der Basis von heilkr\u00e4ftigen Kr\u00e4utern, f\u00fcr einen allgemeinen Topgesundheitszustand von Pferden, Hunden und Katzen. Frei von (Pharma)chemischen Stoffen, dadurch hat Herbalmix keine Nebenwirkungen. Herbalmix verwendet man als pflanzliche Erg\u00e4nzung zur t\u00e4glichen Ration. Es sorgt f\u00fcr eine ausgeglichene Darmflora, eine optimale Verdauung und gesunden Stoffwechsel. Die Kr\u00e4uter steigern die Produktion der Verdauungss\u00e4fte und f\u00f6rdern die nat\u00fcrliche Darmperistaltik. Herbalmix wirkt blutreinigend und anregend auf die Abwehr, dadurch ist das Tier weniger anf\u00e4llig f\u00fcr Infektionen. Durch die regulierende Wirkung auf den Knochenstoffwechsel stellt Herbalmix einen gesunden Skelettaufbau sicher.<\/p>\n<p><strong>Anwendung:<\/strong> Dem Futter beigef\u00fcgt gibt Hebalmix eine optimale Kondition, gute Verdauung und gl\u00e4nzendes Fell. Anzuwenden bei Problemen mit dem Fellwechsel, schlechter Kondition, Kot fressen, Knochenproblemen.<\/p>\n<p><strong>Dosierung:<\/strong> Herbalmix in folgender Dosierung dem Futter beif\u00fcgen:<\/p>\n<table border=\"0\" align=\"left\">\n<tbody>\n<tr>\n<td>Pferd \/ Pony:<\/td>\n<td>1-2 x t\u00e4glich 20 Gramm<\/td>\n<\/tr>\n<tr>\n<td>Hund:<\/td>\n<td>1x t\u00e4glich 5 Gramm<\/td>\n<\/tr>\n<tr>\n<td>Katze:<\/td>\n<td>1 x t\u00e4glich 2,5 gram<\/td>\n<\/tr>\n<\/tbody>\n<\/table>\n<p>&nbsp;<\/p>\n<p>&nbsp;<\/p>\n<p>&nbsp;<\/p>\n<p><strong>Inhalt:<\/strong> 600 gram<br \/>\n<strong>1 Messl\u00f6ffel:<\/strong> 5 Gramm<\/p>\n","protected":false},"excerpt":{"rendered":"<p><strong>Anwendung:<\/strong> Kr\u00e4uterpr\u00e4parat f\u00fcr Verdauung, Fell und Kondition. Zu verabreichen bei Problemen mit dem Fellwechsel, schlechter Kondition, Fressen von Kot und Problemen mit Knochen und Gelenken.<\/p>\n","protected":false},"featured_media":1766,"template":"","meta":[],"product_brand":[],"product_cat":[51],"product_tag":[],"class_list":{"0":"post-1433","1":"product","2":"type-product","3":"status-publish","4":"has-post-thumbnail","6":"product_cat-krauter-nahrungserganzung","8":"first","9":"instock","10":"sold-individually","11":"taxable","12":"shipping-taxable","13":"purchasable","14":"product-type-simple"},"_links":{"self":[{"href":"https:\/\/simicur.com\/de\/wp-json\/wp\/v2\/product\/1433","targetHints":{"allow":["GET"]}}],"collection":[{"href":"https:\/\/simicur.com\/de\/wp-json\/wp\/v2\/product"}],"about":[{"href":"https:\/\/simicur.com\/de\/wp-json\/wp\/v2\/types\/product"}],"wp:featuredmedia":[{"embeddable":true,"href":"https:\/\/simicur.com\/de\/wp-json\/wp\/v2\/media\/1766"}],"wp:attachment":[{"href":"https:\/\/simicur.com\/de\/wp-json\/wp\/v2\/media?parent=1433"}],"wp:term":[{"taxonomy":"product_brand","embeddable":true,"href":"https:\/\/simicur.com\/de\/wp-json\/wp\/v2\/product_brand?post=1433"},{"taxonomy":"product_cat","embeddable":true,"href":"https:\/\/simicur.com\/de\/wp-json\/wp\/v2\/product_cat?post=1433"},{"taxonomy":"product_tag","embeddable":true,"href":"https:\/\/simicur.com\/de\/wp-json\/wp\/v2\/product_tag?post=1433"}],"curies":[{"name":"wp","href":"https:\/\/api.w.org\/{rel}","templated":true}]}}