{"id":1434,"date":"2019-05-28T12:43:59","date_gmt":"2019-05-28T12:43:59","guid":{"rendered":"https:\/\/simicur.dalphes.com\/shop\/unkategorisiert\/urogenicur\/"},"modified":"2025-10-30T22:08:11","modified_gmt":"2025-10-30T22:08:11","slug":"urogenicur","status":"publish","type":"product","link":"https:\/\/simicur.com\/de\/shop\/homoopathische-arzneimittel\/urogenicur\/","title":{"rendered":"Urogenicur"},"content":{"rendered":"<p><strong>UROGENICUR &#8211; compositum f\u00fcr Blase und Nieren<\/strong><\/p>\n<p>Urogenicur ist eine hom\u00f6opathische Tinktur in eine 100 ml Tropfflasche von SIMICUR zur oralen Anwendung bei Hunden, Katzen, Pferden und Ponys.<br \/>\nUrogenicur ist auf der Basis von Hom\u00f6opathie und Phytotherapie aus stark verd\u00fcnnten Pflanzenextrakten zusammengesetzt:<\/p>\n<ul>\n<li>Fraxinus excelsior D3 (zusammenziehend, entz\u00fcndungshemmen)<\/li>\n<li>Rubia tinctorum D3 (aufl\u00f6sung von Nieren- und Blasensteinen)<\/li>\n<li>Solidago virgaurea D3 (entw\u00e4ssernd, antiseptisch)<\/li>\n<\/ul>\n<hr \/>\n<p><strong>Anwendung:<\/strong> Dem Futter beigef\u00fcgt f\u00f6rdert Urogenicur die spontane Aufl\u00f6sung und Ausscheidung von Nieren- und Blasengries und Steinen. Es ist auch prophylactisch zu verwenden, um der Bildung von Blasen- und Nierensteinen vorzubeugen. Ferner ist Urogenicur anzuwenden bei der Behandlung von Entz\u00fcndungen von Nieren und Blase, die mit Schmerzen im Lendenbegeich einhergehen. Auch anzuwenden bei Nieren- und Blasenerkrankungen, welche einhergehen mit \u00fcberm\u00e4\u00dfigem, unzureichendem und m\u00fchsamen Urinieren.<\/p>\n<hr \/>\n<p><strong>Wirkung:<\/strong> Urogenicur f\u00f6rdert durch Rubia tinctorum die spontane Aufl\u00f6sung und Ausscheidung von Nieren- und Blasengries und Steinen. Es ist auch prophylaktisch zur Vorbeugung von neuer Steinbildung anzuwenden. Solidago virgaurea wirkt antiseptisch und entw\u00e4ssernd, wodurch die Produktion von Urin stark zunimmt. Die adstringierende und entz\u00fcndungshemmende Wirkung von Fraxinus excelsior f\u00fchrt zur Heilung entz\u00fcndeter Harnwege.<\/p>\n<hr \/>\n<p><strong>Dosierung:<\/strong> Urogenicur soll oral durch das Futter, in das Trinkwasser oder direkt in das Maul in folgenden Dosierungen verabreicht werden:<\/p>\n<table border=\"0\" align=\"left\">\n<tbody>\n<tr>\n<td>Pferde\/Pony:<\/td>\n<td>2 x t\u00e4glich 30 Tropfen<\/td>\n<\/tr>\n<tr>\n<td>Hunde:<\/td>\n<td>2 x t\u00e4glich 15-25 Tropfen<\/td>\n<\/tr>\n<tr>\n<td>Katze:<\/td>\n<td>2 x t\u00e4glich 10-15 Tropfen<\/td>\n<\/tr>\n<\/tbody>\n<\/table>\n<p>&nbsp;<\/p>\n<p>&nbsp;<\/p>\n<p><strong><br \/>\nInhalt:<\/strong> 100 ml = 2250 tropfen<\/p>\n<hr \/>\n<p><strong>Anmerkung:<\/strong> Eine eventuell rosa F\u00e4rbung des Harns ist den Farbstoffen in Rubia zuzuschreiben, ws ist kein Hinweis auf Blut im Harn. \u00dcberdosierung von Urogenicur ist nicht erw\u00fcnscht.<\/p>\n<hr \/>\n<p><strong>Indikationen f\u00fcr Urogenicur sind:<\/strong><\/p>\n<table border=\"0\">\n<tbody>\n<tr>\n<td><strong>Pferde\/Pony<\/strong><\/td>\n<td><strong>Hunde<\/strong><\/td>\n<td><strong>Katze<\/strong><\/td>\n<\/tr>\n<tr>\n<td>mictiebeschwerden<\/td>\n<td>nierenversagen<\/td>\n<td>nieren- und blasengries und steinen<\/td>\n<\/tr>\n<tr>\n<td>blasenentz\u00fcndung<\/td>\n<td>blasenentz\u00fcndung<\/td>\n<td>nierenversagen<\/td>\n<\/tr>\n<tr>\n<td>nierenprobleme<\/td>\n<td><\/td>\n<td>mictiebeschwerden<\/td>\n<\/tr>\n<\/tbody>\n<\/table>\n","protected":false},"excerpt":{"rendered":"<p><b>Anwendung:<\/b> Nierenprobleme und Niereninsuffizienz (akute und chronische), Blasenentz\u00fcndung (Cystitis), Blasengries und Blasensteine, Probleme beim Harnlassen, Miktionsst\u00f6rungen.<\/p>\n","protected":false},"featured_media":1755,"template":"","meta":[],"product_brand":[],"product_cat":[50],"product_tag":[],"class_list":{"0":"post-1434","1":"product","2":"type-product","3":"status-publish","4":"has-post-thumbnail","6":"product_cat-homoopathische-arzneimittel","8":"first","9":"instock","10":"taxable","11":"shipping-taxable","12":"purchasable","13":"product-type-simple"},"_links":{"self":[{"href":"https:\/\/simicur.com\/de\/wp-json\/wp\/v2\/product\/1434","targetHints":{"allow":["GET"]}}],"collection":[{"href":"https:\/\/simicur.com\/de\/wp-json\/wp\/v2\/product"}],"about":[{"href":"https:\/\/simicur.com\/de\/wp-json\/wp\/v2\/types\/product"}],"wp:featuredmedia":[{"embeddable":true,"href":"https:\/\/simicur.com\/de\/wp-json\/wp\/v2\/media\/1755"}],"wp:attachment":[{"href":"https:\/\/simicur.com\/de\/wp-json\/wp\/v2\/media?parent=1434"}],"wp:term":[{"taxonomy":"product_brand","embeddable":true,"href":"https:\/\/simicur.com\/de\/wp-json\/wp\/v2\/product_brand?post=1434"},{"taxonomy":"product_cat","embeddable":true,"href":"https:\/\/simicur.com\/de\/wp-json\/wp\/v2\/product_cat?post=1434"},{"taxonomy":"product_tag","embeddable":true,"href":"https:\/\/simicur.com\/de\/wp-json\/wp\/v2\/product_tag?post=1434"}],"curies":[{"name":"wp","href":"https:\/\/api.w.org\/{rel}","templated":true}]}}