{"id":1435,"date":"2019-05-28T12:42:55","date_gmt":"2019-05-28T12:42:55","guid":{"rendered":"https:\/\/simicur.dalphes.com\/shop\/unkategorisiert\/tranquicur\/"},"modified":"2025-10-30T22:08:12","modified_gmt":"2025-10-30T22:08:12","slug":"tranquicur","status":"publish","type":"product","link":"https:\/\/simicur.com\/de\/shop\/homoopathische-arzneimittel\/tranquicur\/","title":{"rendered":"Tranquicur"},"content":{"rendered":"<p><strong>TRANQUICUR &#8211; compositum f\u00fcr \u00c4ngste und Nerv\u00f6sit\u00e4t<\/strong><\/p>\n<p>Tranquicur ist eine hom\u00f6opathische Tinktur in eine 100 ml Tropfflasche von SIMICUR zur oralen Anwendung bei Hunden, Katzen, Pferden und Ponys.<br \/>\nTranquicur ist auf der Basis von Hom\u00f6opathie und Phytotherapie aus stark verd\u00fcnnten Pflanzenextrakten zusammengesetzt:<\/p>\n<ul>\n<li>Passiflora incarnata D3 (beruhigend)<\/li>\n<li>Valeriana officinalis D6 (nerv\u00f6se Beschwerden)<\/li>\n<li>Hypericum perforatum D6 (psychoregulierend)<\/li>\n<\/ul>\n<hr \/>\n<p><strong>Anwendung:<\/strong> Dem Futter beigef\u00fcgt hat Tranquicur eine beruhigende und die Psyche regulierende Wirkung. Dadurch hat Tranquicur einen beruhigenden effekt auf das Tier, ohne da\u00df eine Erschlaffung der Muskeln auftritt. Tranquicur ist indiziert bei \u00fcbertriebener \u00c4ngstlichkeit und \u00dcberempfindlichkeit f\u00fcr Umgebungsreize. Bei R\u00fcden hat Tranquicur einen beruhigenden Effekt auf das Verhalten und einen beruhigenden Effekt auf guckigen Pferden und Pferden, die w\u00e4hrend des Wettpkampfes nerv\u00f6s sind. In diesen F\u00e4llen wird Tranquicur eine halbe Stunde vorher in einer Dosierung von 4,0 ml ins Maul gegeben.<\/p>\n<hr \/>\n<p><strong>Wirkung:<\/strong> Passiflora incarnata ist leicht beruhigend und hat eine entspanende Wirkung auf die Darmmuskeln. Valeriana officinalis wirkt regulierend bei nerv\u00f6sen Erregungszust\u00e4nden. Hypericum perforatum weist einen psycheregulierenden Effekt bei psychischen St\u00f6rungen auf. Tranquicur wirkt deshalb beruhigend bei Tiere, welche die Neigung haben sich stark aufzuregen und dabei ein abweichendes Verhalten zeigen, ohne Benommenheit oder verminderte Muskelwirkung zu verursachen.<\/p>\n<hr \/>\n<p><strong>Dosierung:<\/strong> Tranquicur soll oral durch das Futter, in das Trinkwasser oder direkt in das Maul in folgenden Dosierungen verabreicht werden:<\/p>\n<table border=\"0\" align=\"left\">\n<tbody>\n<tr>\n<td>Pferde\/Pony:<\/td>\n<td>2 x t\u00e4glich 30 Tropfen<\/td>\n<\/tr>\n<tr>\n<td>Hunde:<\/td>\n<td>2 x t\u00e4glich 15-25 Tropfen<\/td>\n<\/tr>\n<tr>\n<td>Katze:<\/td>\n<td>2 x t\u00e4glich 10-15 Tropfen<\/td>\n<\/tr>\n<\/tbody>\n<\/table>\n<p>&nbsp;<\/p>\n<p>&nbsp;<\/p>\n<p><strong><br \/>\nInhalt:<\/strong> 100 ml = 2250 tropfen<\/p>\n<hr \/>\n<p><strong>Anmerkung:<\/strong> Indem Tranquicur keine Benommenheit oder verminderte Muskelwirkung verursacht, ist das Mittel ganz besonders geeignet f\u00fcr Pferde, die vor dem Wettkampf nerv\u00f6s sind. Daf\u00fcr eine Stunde vor dem Wettkampf 4 ml Tranquicur sofort im Mund spritzen.<\/p>\n<hr \/>\n<p><strong>Indikationen f\u00fcr Tranquicur sind:<\/strong><\/p>\n<table border=\"0\">\n<tbody>\n<tr>\n<td><strong>Pferde\/Pony<\/strong><\/td>\n<td><strong>Hunde<\/strong><\/td>\n<td><strong>Katze<\/strong><\/td>\n<\/tr>\n<tr>\n<td>angst<\/td>\n<td>angst (Unwetter, Feuerwerk)<\/td>\n<td>angst<\/td>\n<\/tr>\n<tr>\n<td>nerv\u00f6sit\u00e4t<\/td>\n<td>beruhigenden Effekt auf das Verhalten von R\u00fcden<\/td>\n<td>spr\u00fchen<\/td>\n<\/tr>\n<\/tbody>\n<\/table>\n","protected":false},"excerpt":{"rendered":"<p><b>Anwendung:<\/b> Angst (Feuerwerk, Gewitter), Nervosit\u00e4t, guckiges Benehmen, R\u00fcdenverhalten, spritzende Kater.<\/p>\n","protected":false},"featured_media":1753,"template":"","meta":[],"product_brand":[],"product_cat":[50],"product_tag":[],"class_list":{"0":"post-1435","1":"product","2":"type-product","3":"status-publish","4":"has-post-thumbnail","6":"product_cat-homoopathische-arzneimittel","8":"first","9":"instock","10":"taxable","11":"shipping-taxable","12":"purchasable","13":"product-type-simple"},"_links":{"self":[{"href":"https:\/\/simicur.com\/de\/wp-json\/wp\/v2\/product\/1435","targetHints":{"allow":["GET"]}}],"collection":[{"href":"https:\/\/simicur.com\/de\/wp-json\/wp\/v2\/product"}],"about":[{"href":"https:\/\/simicur.com\/de\/wp-json\/wp\/v2\/types\/product"}],"wp:featuredmedia":[{"embeddable":true,"href":"https:\/\/simicur.com\/de\/wp-json\/wp\/v2\/media\/1753"}],"wp:attachment":[{"href":"https:\/\/simicur.com\/de\/wp-json\/wp\/v2\/media?parent=1435"}],"wp:term":[{"taxonomy":"product_brand","embeddable":true,"href":"https:\/\/simicur.com\/de\/wp-json\/wp\/v2\/product_brand?post=1435"},{"taxonomy":"product_cat","embeddable":true,"href":"https:\/\/simicur.com\/de\/wp-json\/wp\/v2\/product_cat?post=1435"},{"taxonomy":"product_tag","embeddable":true,"href":"https:\/\/simicur.com\/de\/wp-json\/wp\/v2\/product_tag?post=1435"}],"curies":[{"name":"wp","href":"https:\/\/api.w.org\/{rel}","templated":true}]}}