{"id":1436,"date":"2019-05-28T12:41:55","date_gmt":"2019-05-28T12:41:55","guid":{"rendered":"https:\/\/simicur.dalphes.com\/shop\/unkategorisiert\/tendocur-100-ml\/"},"modified":"2025-10-30T22:08:12","modified_gmt":"2025-10-30T22:08:12","slug":"tendocur","status":"publish","type":"product","link":"https:\/\/simicur.com\/de\/shop\/homoopathische-arzneimittel\/tendocur\/","title":{"rendered":"Tendocur"},"content":{"rendered":"<p><strong>TENDOCUR &#8211; compositum f\u00fcr Sehnen und B\u00e4nder<\/strong><\/p>\n<p>Tendocur ist eine hom\u00f6opathische Tinktur in eine 100 ml Tropfflasche von SIMICUR zur oralen Anwendung bei Hunden, Katzen, Pferden und Ponys.<br \/>\nTendocur ist auf der Basis von Hom\u00f6opathie und Phytotherapie aus stark verd\u00fcnnten Pflanzenextrakten zusammengesetzt:<\/p>\n<ul>\n<li>Symphytum off. D3 (Geweberegeneration)<\/li>\n<li>Ruta graveolens D6 (sehnen &#8211; und b\u00e4nderherstellend)<\/li>\n<li>Amica montana D3 (resorptionsmittel, entz\u00fcndungshemmend)<\/li>\n<li>Rhus toxicodendron D6 (auswurfsteigernd)<\/li>\n<\/ul>\n<hr \/>\n<p><strong>Anwendung:<\/strong> Dem Futter beigef\u00fcgt sorgt Tendocur f\u00fcr einen optimalen Stoffwechsel, wodurch eine gesunde Entwicklung und Instandhaltung von Sehnen, B\u00e4ndern und Gelenkkapseln sichergestellt wird. Deshalb kannTendocur bei Sehnen- und Bindegewebeerkrankungen angewendet werden. Indikationen sind Sehnenrupturen, bzw. Besch\u00e4digungen von Sehnen und B\u00e4ndern, Sehnenentz\u00fcndung und Verstauchung. Tendocur ist ebenfalls anzuwenden bei schwachen Knieb\u00e4ndern, speziell bei jungen wachsenden Tieren<\/p>\n<hr \/>\n<p><strong>Wirkung:<\/strong> Besch\u00e4digungen und Entz\u00fcndungen von Sehnen und B\u00e4ndern finden ihre Ursache in \u00dcberbelastung des K\u00f6rpers oder entstehen durch \u00e4u\u00dfere Einfl\u00fcsse (Verletzungen). Die bei einem Sehnenschaden auftretenden Entz\u00fcndungen und Schwellungen werden durch Arnica montana auf wirksame Weise bek\u00e4mpft. Die giftigen Abfallstoffe werden durch Rhus toxicondendron beschleunigt ausgeschieden. Ruta graveolens ist das typische Mittel f\u00fcr gerissene oder gezerrte B\u00e4nder und Sehnen. Die Regeneration einer gesch\u00e4digten Sehne oder eines Bandes wird durch Ruta stark gef\u00f6rdert, welches in seiner Wirkung durch Symphytum officinale verst\u00e4rkt wird. Daneben hat Symphytum eine lindernde und schmerzstillende Wirkung und verbessert die Durchblutung.<\/p>\n<hr \/>\n<p><strong>Dosierung:<\/strong> Tendocur soll oral durch das Futter, in das Trinkwasser oder direkt in das Maul in folgenden Dosierungen verabreicht werden:<\/p>\n<table border=\"0\" align=\"left\">\n<tbody>\n<tr>\n<td>Pferde\/Pony:<\/td>\n<td>2 x t\u00e4glich 30 Tropfen<\/td>\n<\/tr>\n<tr>\n<td>Hunde:<\/td>\n<td>2 x t\u00e4glich 15-25 Tropfen<\/td>\n<\/tr>\n<tr>\n<td>Katze:<\/td>\n<td>2 x t\u00e4glich 10-15 Tropfen<\/td>\n<\/tr>\n<\/tbody>\n<\/table>\n<p>&nbsp;<\/p>\n<p>&nbsp;<\/p>\n<p><strong><br \/>\nInhalt:<\/strong> 100 ml = 2250 tropfen<\/p>\n<hr \/>\n<p><strong>Anmerkung:<\/strong> Die Behandlung von gerissene Sehnen wird beschleunigt wenn in kombination mit den orale Behandlung mit Tendocur, den gerissenen Sehne t\u00e4glich wird eingerieben mit Tendogel und stark einmassiert. Zur Unterst\u00fctzung der Therapie ist Laserbehandlung erforderlich.<\/p>\n<hr \/>\n<p><strong>Indikationen f\u00fcr Tendocur sind:<\/strong><\/p>\n<table border=\"0\">\n<tbody>\n<tr>\n<td><strong>Pferde\/Pony<\/strong><\/td>\n<td><strong>Hunde<\/strong><\/td>\n<td><strong>Katze<\/strong><\/td>\n<\/tr>\n<tr>\n<td>sehnenriss<\/td>\n<td>sehnenrupturen<\/td>\n<td>sehnenrupturen<\/td>\n<\/tr>\n<tr>\n<td>lose Knie<\/td>\n<td>bzw. besch\u00e4digungen von sehnen und b\u00e4ndern<\/td>\n<td>bzw. besch\u00e4digungen von sehnen und b\u00e4ndern<\/td>\n<\/tr>\n<tr>\n<td>sehenentz\u00fcndung<\/td>\n<td>sehnenentz\u00fcndung und verstauchung<\/td>\n<td>sehnenentz\u00fcndung und verstauchung<\/td>\n<\/tr>\n<tr>\n<td>verstauchung<\/td>\n<td><\/td>\n<\/tr>\n<\/tbody>\n<\/table>\n","protected":false},"excerpt":{"rendered":"<p><b>Anwendung:<\/b> Sehnenverletzungen, Sehnenentz\u00fcndung, Sehnenschlag, Knieverletzungen und lose Knie\/ Luxation der Patella, entz\u00fcndete oder gezerrte B\u00e4nder, Verstauchungen.<\/p>\n","protected":false},"featured_media":1749,"template":"","meta":[],"product_brand":[],"product_cat":[50],"product_tag":[],"class_list":{"0":"post-1436","1":"product","2":"type-product","3":"status-publish","4":"has-post-thumbnail","6":"product_cat-homoopathische-arzneimittel","8":"first","9":"instock","10":"featured","11":"taxable","12":"shipping-taxable","13":"purchasable","14":"product-type-simple"},"_links":{"self":[{"href":"https:\/\/simicur.com\/de\/wp-json\/wp\/v2\/product\/1436","targetHints":{"allow":["GET"]}}],"collection":[{"href":"https:\/\/simicur.com\/de\/wp-json\/wp\/v2\/product"}],"about":[{"href":"https:\/\/simicur.com\/de\/wp-json\/wp\/v2\/types\/product"}],"wp:featuredmedia":[{"embeddable":true,"href":"https:\/\/simicur.com\/de\/wp-json\/wp\/v2\/media\/1749"}],"wp:attachment":[{"href":"https:\/\/simicur.com\/de\/wp-json\/wp\/v2\/media?parent=1436"}],"wp:term":[{"taxonomy":"product_brand","embeddable":true,"href":"https:\/\/simicur.com\/de\/wp-json\/wp\/v2\/product_brand?post=1436"},{"taxonomy":"product_cat","embeddable":true,"href":"https:\/\/simicur.com\/de\/wp-json\/wp\/v2\/product_cat?post=1436"},{"taxonomy":"product_tag","embeddable":true,"href":"https:\/\/simicur.com\/de\/wp-json\/wp\/v2\/product_tag?post=1436"}],"curies":[{"name":"wp","href":"https:\/\/api.w.org\/{rel}","templated":true}]}}