{"id":1437,"date":"2019-05-28T12:40:30","date_gmt":"2019-05-28T12:40:30","guid":{"rendered":"https:\/\/simicur.dalphes.com\/shop\/unkategorisiert\/stopcur\/"},"modified":"2025-10-30T22:08:13","modified_gmt":"2025-10-30T22:08:13","slug":"stopcur","status":"publish","type":"product","link":"https:\/\/simicur.com\/de\/shop\/homoopathische-arzneimittel\/stopcur\/","title":{"rendered":"Stopcur"},"content":{"rendered":"<p><strong>STOPCUR &#8211; compositum f\u00fcr D\u00e4rme und Durchfall<\/strong><\/p>\n<p>Stopcur ist eine hom\u00f6opathische Tinktur in eine 100 ml Tropfflasche von SIMICUR zur oralen Anwendung bei Hunden, Katzen, Pferden und Ponys.<br \/>\nStopcur ist auf der Basis von Hom\u00f6opathie und Phytotherapie aus stark verd\u00fcnnten Pflanzenextrakten zusammengesetzt:<\/p>\n<ul>\n<li>Nux vomica D6 (gegen Durchfall)<\/li>\n<li>Quercus robur D3 (zusammenziehend)<\/li>\n<li>Plantago major D3 (schleimhautsch\u00fctzend)<\/li>\n<\/ul>\n<hr \/>\n<p><strong>Anwendung:<\/strong> Dem Futter beigef\u00fcgt sorgt Stopcur f\u00fcr einen optimalen Stoffwechsel, wodurch eine gesunde Kondition der Darmschleimh\u00e4ute sichergestellt wird. Stopcur hat eine regulierende Wirkung auf die Darmperistaltik und auf die Darmschleimh\u00e4ute. In Kombination mit der adstringierenden Wirkung ist Stopcur indiziert bei der Behandlung von Durchfall and Darmkr\u00e4mpfen, insbesondere bei nerv\u00f6sen Tieren. Stopcur ist ebenfalls anzuwenden bei schlechtem Stuhlgang infolge von Verdauungsproblemen.<\/p>\n<hr \/>\n<p><strong>Wirkung:<\/strong> Durchfall ist ein Symptom, bei dem die D\u00e4rme in starkem Ma\u00dfe versuchen, giftige Abfallstoffe abzuf\u00fchren. Durchfall geht einher mit einer erh\u00f6hten Darmt\u00e4tigkeit und einer erh\u00f6hten Wasserausscheidung. Durch die adstringierende Wirkung von Quercus wird die erh\u00f6hte Wasserausscheidung gestoppt. Die Darmt\u00e4tigkeit wird durch Nux Vomica reguliert. In Kombination mit der schleimhautheilenden Wirkung von Plantago werden die D\u00e4rme zur Ruhe gebracht und damit der Durchfall gestoppt.<\/p>\n<hr \/>\n<p><strong>Dosierung:<\/strong> Stopcur soll oral durch das Futter, in das Trinkwasser oder direkt in das Maul in folgenden Dosierungen verabreicht werden:<\/p>\n<table border=\"0\" align=\"left\">\n<tbody>\n<tr>\n<td>Pferde\/Pony:<\/td>\n<td>2 x t\u00e4glich 30 Tropfen<\/td>\n<\/tr>\n<tr>\n<td>Hunde:<\/td>\n<td>2 x t\u00e4glich 15-25 Tropfen<\/td>\n<\/tr>\n<tr>\n<td>Katze:<\/td>\n<td>2 x t\u00e4glich 10-15 Tropfen<\/td>\n<\/tr>\n<\/tbody>\n<\/table>\n<p>&nbsp;<\/p>\n<p>&nbsp;<\/p>\n<p><strong><br \/>\nInhalt:<\/strong> 100 ml = 2250 tropfen<\/p>\n<hr \/>\n<p><strong>Anmerkung:<\/strong> Stopcur ist speziell geeignet f\u00fcr nerv\u00f6se Tieren, wobei sich die Nerv\u00f6sit\u00e4t auch \u00e4ussert durch Durchfall oder d\u00fcnnere Kot. Nich vor zwei Wochen nach Anfang der Behandlung mit Stopcur wird das Tier ruhiger.<\/p>\n<hr \/>\n<p><strong>Indikationen f\u00fcr Stopcur sind:<\/strong><\/p>\n<table border=\"0\">\n<tbody>\n<tr>\n<td><strong>Pferde\/Pony<\/strong><\/td>\n<td><strong>Hunde<\/strong><\/td>\n<td><strong>Katze<\/strong><\/td>\n<\/tr>\n<tr>\n<td>durchfall<\/td>\n<td>durchfall<\/td>\n<td>durchfall<\/td>\n<\/tr>\n<tr>\n<td>Kotwasser<\/td>\n<td>magen- darmentz\u00fcndung<\/td>\n<td>magen- darmentz\u00fcndung<\/td>\n<\/tr>\n<tr>\n<td>kolik<\/td>\n<td><\/td>\n<td><\/td>\n<\/tr>\n<tr>\n<td>nerv\u00f6se d\u00e4rmen<\/td>\n<td><\/td>\n<\/tr>\n<\/tbody>\n<\/table>\n","protected":false},"excerpt":{"rendered":"<p><b>Anwendung:<\/b> Durchfall, Darmentz\u00fcndung (Dickdarmentz\u00fcndung und Blinddarmentz\u00fcndung), Kolik, Nervosit\u00e4t.<\/p>\n","protected":false},"featured_media":1747,"template":"","meta":[],"product_brand":[],"product_cat":[50],"product_tag":[],"class_list":{"0":"post-1437","1":"product","2":"type-product","3":"status-publish","4":"has-post-thumbnail","6":"product_cat-homoopathische-arzneimittel","8":"first","9":"instock","10":"taxable","11":"shipping-taxable","12":"purchasable","13":"product-type-simple"},"_links":{"self":[{"href":"https:\/\/simicur.com\/de\/wp-json\/wp\/v2\/product\/1437","targetHints":{"allow":["GET"]}}],"collection":[{"href":"https:\/\/simicur.com\/de\/wp-json\/wp\/v2\/product"}],"about":[{"href":"https:\/\/simicur.com\/de\/wp-json\/wp\/v2\/types\/product"}],"wp:featuredmedia":[{"embeddable":true,"href":"https:\/\/simicur.com\/de\/wp-json\/wp\/v2\/media\/1747"}],"wp:attachment":[{"href":"https:\/\/simicur.com\/de\/wp-json\/wp\/v2\/media?parent=1437"}],"wp:term":[{"taxonomy":"product_brand","embeddable":true,"href":"https:\/\/simicur.com\/de\/wp-json\/wp\/v2\/product_brand?post=1437"},{"taxonomy":"product_cat","embeddable":true,"href":"https:\/\/simicur.com\/de\/wp-json\/wp\/v2\/product_cat?post=1437"},{"taxonomy":"product_tag","embeddable":true,"href":"https:\/\/simicur.com\/de\/wp-json\/wp\/v2\/product_tag?post=1437"}],"curies":[{"name":"wp","href":"https:\/\/api.w.org\/{rel}","templated":true}]}}