{"id":1438,"date":"2019-05-28T12:39:37","date_gmt":"2019-05-28T12:39:37","guid":{"rendered":"https:\/\/simicur.dalphes.com\/shop\/unkategorisiert\/osteocur-100-ml\/"},"modified":"2025-10-30T22:08:13","modified_gmt":"2025-10-30T22:08:13","slug":"osteocur","status":"publish","type":"product","link":"https:\/\/simicur.com\/de\/shop\/homoopathische-arzneimittel\/osteocur\/","title":{"rendered":"Osteocur"},"content":{"rendered":"<p><strong>OSTEOCUR &#8211; compositum f\u00fcr Knochen und Gelenke<\/strong><\/p>\n<p>Osteocur ist eine hom\u00f6opathische Tinktur in eine 100 ml Tropfflasche von SIMICUR zur oralen Anwendung bei Hunden, Katzen, Pferden und Ponys.<br \/>\nOsteocur ist auf der Basis von Hom\u00f6opathie und Phytotherapie aus stark verd\u00fcnnten Pflanzenextrakten und Mineralien zusammengesetzt:<\/p>\n<ul>\n<li>Symphytum off. D3 (geweberegeneration)<\/li>\n<li>Viscum album D6 (reguliert den Blutdruck)<\/li>\n<li>Arnica montana D6 (gewebeherstellend)<\/li>\n<li>Calcium carbonicum D8 (reguliert den Kalkstoffwechsel)<\/li>\n<\/ul>\n<hr \/>\n<p><strong>Anwendung: <\/strong>Dem Futter beigef\u00fcgt sorgt Bronscur f\u00fcr einen optimalen Stoffwechsel. Das Au\u00dfert sich durch eine gesunde Entwicklung und Erhaltung von Knochen und Gelenken. Deshalb kan Osteocur bei Knochenerkrankungen angewendet werden, welche mit Wucherungen oder Ver\u00e4nderungen der Knochenstruktur einhergehen. Indikationen sind Artrose, Knochenhautentz\u00fcndung und Erkrankungen von Gelenkkn\u00f6rpel und gelenkfl\u00fcssigkeit (Synovia). Besonders spezifisch f\u00fcr Pferde bei Hufrollenentz\u00fcndung und Spat und f\u00fcr Hunde bei Huftdysplasie.<\/p>\n<hr \/>\n<p><strong>Wirkung:<\/strong>\u00dcberbelastung, eine schlechte Kondition und ein schlechter Stoffwechsel k\u00f6nnen das Entstehen einer abweichenden Struktur in einem oder mehreren Knochen veranlassen. Durch die regulierende Wirkung auf die Bluzufuhr der Knochen und den Kalkstoffwechsel hat Osteocur einen postitiven Einflu\u00df auf eine abweichende Knochenstruktur. Symphytum besitzt eine mildernde und schmerzstillende Wirkung und verbessert die Durchblutung. Einer verbesserten Durchblutung der Knochen wird au\u00dferdem Vorschub geleistet durch Visvum, das die Blutzufuhr zu den Knochen anregt. Die Wiederherstellung der Knochen wird durch Arnica gef\u00f6rdert, das dabei durch Calcium carbonicum unterst\u00fctzt wird.<\/p>\n<hr \/>\n<p><strong>Dosierung:<\/strong> Osteocur soll oral durch das Futter, in das Trinkwasser oder direkt in das Maul in folgenden Dosierungen verabreicht werden:<\/p>\n<table border=\"0\" align=\"left\">\n<tbody>\n<tr>\n<td>Pferde\/Pony:<\/td>\n<td>2 x t\u00e4glich 30 Tropfen<\/td>\n<\/tr>\n<tr>\n<td>Hunde:<\/td>\n<td>2 x t\u00e4glich 15-25 Tropfen<\/td>\n<\/tr>\n<tr>\n<td>Katze:<\/td>\n<td>2 x t\u00e4glich 10-15 Tropfen<\/td>\n<\/tr>\n<\/tbody>\n<\/table>\n<p>&nbsp;<\/p>\n<p>&nbsp;<\/p>\n<p><strong><br \/>\nInhalt:<\/strong> 100 ml = 2250 tropfen<\/p>\n<hr \/>\n<p><strong>Indikationen f\u00fcr Osteocur sind:<\/strong><\/p>\n<table border=\"0\">\n<tbody>\n<tr>\n<td><strong>Pferde\/Pony<\/strong><\/td>\n<td><strong>Hunde<\/strong><\/td>\n<td><strong>Katze<\/strong><\/td>\n<\/tr>\n<tr>\n<td>hufrolle<\/td>\n<td>huftdysplasie<\/td>\n<td>artrose<\/td>\n<\/tr>\n<tr>\n<td>spat<\/td>\n<td>wachstumsschmerze<\/td>\n<td>knochenfrakture<\/td>\n<\/tr>\n<tr>\n<td>\u00dcberbein<\/td>\n<td>artrose<\/td>\n<td><\/td>\n<\/tr>\n<tr>\n<td>artrose<\/td>\n<\/tr>\n<\/tbody>\n<\/table>\n","protected":false},"excerpt":{"rendered":"<p><b>Anwendung:<\/b> Knochenhautentz\u00fcndung, Wachstumsschmerz, H\u00fcftdysplasie, Arthrose, \u00dcberbeine, Hufrollenentz\u00fcndung, Spat, Osteochondrose OCD, Ellenbogendysplasie, Knochenbr\u00fcche, entz\u00fcndete Synovia (Gelenkfl\u00fcssigkeit).<\/p>\n","protected":false},"featured_media":1745,"template":"","meta":[],"product_brand":[],"product_cat":[50],"product_tag":[],"class_list":{"0":"post-1438","1":"product","2":"type-product","3":"status-publish","4":"has-post-thumbnail","6":"product_cat-homoopathische-arzneimittel","8":"first","9":"instock","10":"taxable","11":"shipping-taxable","12":"purchasable","13":"product-type-simple"},"_links":{"self":[{"href":"https:\/\/simicur.com\/de\/wp-json\/wp\/v2\/product\/1438","targetHints":{"allow":["GET"]}}],"collection":[{"href":"https:\/\/simicur.com\/de\/wp-json\/wp\/v2\/product"}],"about":[{"href":"https:\/\/simicur.com\/de\/wp-json\/wp\/v2\/types\/product"}],"wp:featuredmedia":[{"embeddable":true,"href":"https:\/\/simicur.com\/de\/wp-json\/wp\/v2\/media\/1745"}],"wp:attachment":[{"href":"https:\/\/simicur.com\/de\/wp-json\/wp\/v2\/media?parent=1438"}],"wp:term":[{"taxonomy":"product_brand","embeddable":true,"href":"https:\/\/simicur.com\/de\/wp-json\/wp\/v2\/product_brand?post=1438"},{"taxonomy":"product_cat","embeddable":true,"href":"https:\/\/simicur.com\/de\/wp-json\/wp\/v2\/product_cat?post=1438"},{"taxonomy":"product_tag","embeddable":true,"href":"https:\/\/simicur.com\/de\/wp-json\/wp\/v2\/product_tag?post=1438"}],"curies":[{"name":"wp","href":"https:\/\/api.w.org\/{rel}","templated":true}]}}