{"id":1439,"date":"2019-05-28T12:38:51","date_gmt":"2019-05-28T12:38:51","guid":{"rendered":"https:\/\/simicur.dalphes.com\/shop\/unkategorisiert\/lamicur\/"},"modified":"2025-10-30T22:08:14","modified_gmt":"2025-10-30T22:08:14","slug":"lamicur","status":"publish","type":"product","link":"https:\/\/simicur.com\/de\/shop\/homoopathische-arzneimittel\/lamicur\/","title":{"rendered":"Lamicur"},"content":{"rendered":"<p><strong>LAMICUR &#8211; compositum f\u00fcr Hufe und Lederhaut<\/strong><\/p>\n<p>Lamicur ist eine hom\u00f6opathische Tinktur in eine 100 ml Tropfflasche von SIMICUR zur oralen Anwendung bei Pferden und Ponys.<br \/>\nLamicur ist auf der Basis von Hom\u00f6opathie und Phytotherapie aus stark verd\u00fcnnten Pflanzenextrakten zusammengesetzt:<\/p>\n<ul>\n<li>Ledum palustre D6 (auswurff\u00f6rdernd)<\/li>\n<li>Amica montana D6 (entz\u00fcndungshemmend, resorbtionsmittel)<\/li>\n<\/ul>\n<hr \/>\n<p><strong>Anwendung:<\/strong> Dem Futter beigef\u00fcgt sorgt Lamicur f\u00fcr einen optimalen Stoffwechsel, wodurch eine gesunde Entwicklung und Instandhaltung von Hufen und Huflederhaut sichergestellt wird. Deshalb kann Lamicur bei Entz\u00fcndungen der Huflederhaut angewendet werden, welche mit W\u00e4rme und stechenden Schmerzen einhergehen. Indikationen sind akute Hufrehe und \u00dcberempfindlichkeit f\u00fcr Hufrehe.<\/p>\n<hr \/>\n<p><strong>Wirkung:<\/strong> Hufrehe wird gekennzeichnet durch eine Entz\u00fcndung der Huflederhaut. Ddurch Anh\u00e4ufung von Entz\u00fcndungsprodukten zwischen der Huflederhaut und der Hornschicht des Hufes, kann Hufrehe bis zum Losl\u00f6sen der Hufwand f\u00fchren. Durch die entz\u00fcndungshemmende Wirkung von Arnika und die Abfallstoffe entfernende Wirkung von Ledum tr\u00e4gt Lamicur Sorge davor, da\u00df Hufrehe bei empfindlichen Pferden vorkommt; unter der Bedingung, da\u00df Lamicur regelm\u00e4\u00dfig und fr\u00fchzeitig angewendet wird. Bei einer bestehenden Hufrehe sorgt Lamicur daf\u00fcr, da\u00df die sich angeh\u00e4uften Abfallstoffe zwischen Huflederhaut und Hornschicht schnellstens abgef\u00fchrt werden.<\/p>\n<hr \/>\n<p><strong>Dosierung:<\/strong> Lamicur soll oral durch das Futter, in das Trinkwasser oder direkt in das Maul in folgenden Dosierungen verabreicht werden:<\/p>\n<table border=\"0\" align=\"left\">\n<tbody>\n<tr>\n<td>Pferde\/Pony:<\/td>\n<td>2 x t\u00e4glich 30 Tropfen<\/td>\n<\/tr>\n<tr>\n<td><\/td>\n<td><\/td>\n<\/tr>\n<tr>\n<td><\/td>\n<td><\/td>\n<\/tr>\n<\/tbody>\n<\/table>\n<p>&nbsp;<\/p>\n<p>&nbsp;<\/p>\n<p><strong><br \/>\nInhalt:<\/strong> 100 ml = 2250 tropfen<\/p>\n<hr \/>\n<p><strong>Anmerkungen:<\/strong> Bei Pferden, die empfindlich f\u00fcr Hufrehe sind, sollte man Lamicur bereits geraume Zeit bevor das Pferd im Fr\u00fchjahr auf die Weide geht, zuf\u00fchren.<\/p>\n<hr \/>\n<p><strong>Indikationen f\u00fcr Lamicur sind:<\/strong><\/p>\n<table border=\"0\">\n<tbody>\n<tr>\n<td><strong>Pferde\/Pony<\/strong><\/td>\n<td><\/td>\n<td><\/td>\n<\/tr>\n<tr>\n<td>Hufrehe<\/td>\n<td><\/td>\n<td><\/td>\n<\/tr>\n<tr>\n<td>Huflederhautentz\u00fcndung<\/td>\n<\/tr>\n<\/tbody>\n<\/table>\n","protected":false},"excerpt":{"rendered":"<p><b>Anwendung (Pferde):<\/b> Hufrehe und entz\u00fcndete Huflederhaut<\/p>\n","protected":false},"featured_media":1741,"template":"","meta":[],"product_brand":[],"product_cat":[50],"product_tag":[],"class_list":{"0":"post-1439","1":"product","2":"type-product","3":"status-publish","4":"has-post-thumbnail","6":"product_cat-homoopathische-arzneimittel","8":"first","9":"instock","10":"featured","11":"taxable","12":"shipping-taxable","13":"purchasable","14":"product-type-simple"},"_links":{"self":[{"href":"https:\/\/simicur.com\/de\/wp-json\/wp\/v2\/product\/1439","targetHints":{"allow":["GET"]}}],"collection":[{"href":"https:\/\/simicur.com\/de\/wp-json\/wp\/v2\/product"}],"about":[{"href":"https:\/\/simicur.com\/de\/wp-json\/wp\/v2\/types\/product"}],"wp:featuredmedia":[{"embeddable":true,"href":"https:\/\/simicur.com\/de\/wp-json\/wp\/v2\/media\/1741"}],"wp:attachment":[{"href":"https:\/\/simicur.com\/de\/wp-json\/wp\/v2\/media?parent=1439"}],"wp:term":[{"taxonomy":"product_brand","embeddable":true,"href":"https:\/\/simicur.com\/de\/wp-json\/wp\/v2\/product_brand?post=1439"},{"taxonomy":"product_cat","embeddable":true,"href":"https:\/\/simicur.com\/de\/wp-json\/wp\/v2\/product_cat?post=1439"},{"taxonomy":"product_tag","embeddable":true,"href":"https:\/\/simicur.com\/de\/wp-json\/wp\/v2\/product_tag?post=1439"}],"curies":[{"name":"wp","href":"https:\/\/api.w.org\/{rel}","templated":true}]}}