{"id":1440,"date":"2019-05-28T12:37:49","date_gmt":"2019-05-28T12:37:49","guid":{"rendered":"https:\/\/simicur.dalphes.com\/shop\/unkategorisiert\/neuralcur\/"},"modified":"2025-10-30T22:08:16","modified_gmt":"2025-10-30T22:08:16","slug":"neuralcur","status":"publish","type":"product","link":"https:\/\/simicur.com\/de\/shop\/homoopathische-arzneimittel\/neuralcur\/","title":{"rendered":"Neuralcur"},"content":{"rendered":"<p><strong>NEURALCUR &#8211; compositum f\u00fcr Ataxie und L\u00e4hmung<\/strong><\/p>\n<p>Neuralcur ist eine hom\u00f6opathische Tinktur in eine 100 ml Tropfflasche von SIMICUR zur oralen Anwendung bei Hunden, Katzen, Pferden und Ponys.<br \/>\nNeuralcur ist auf der Basis von Hom\u00f6opathie und Phytotherapie aus stark verd\u00fcnnten Pflanzenextrakten zusammengesetzt:<\/p>\n<ul>\n<li>Hypericum perforatum D3 (nervenschmerzen nach Verletzung)<\/li>\n<li>Ruta graveolens D6 (regenerationsf\u00f6rdernd)<\/li>\n<li>Amica montana D6 (heilend)<\/li>\n<\/ul>\n<hr \/>\n<p><strong>Anwendung:<\/strong> Dem Futter beigef\u00fcgt sorgt Neuralcur f\u00fcr einen optimalen Stoffwechsel, wodurch eine gesunde Entwicklung und Instandhaltung von Nerven sichergestellt wird. Neuralcur wirkt regulierend auf das zentrale und periphere Nervensystem und hat eine regenerationsf\u00f6rdende Wirkung auf Nerven. Neuralcur ist anzuwenden bei traumatischen Nervenerkrankungen, Lahmheitssymptomen und Symptomen von Ataxie.<\/p>\n<hr \/>\n<p><strong>Wirkung:<\/strong> Besch\u00e4digungen von Nerven, verursacht durch Traumas, f\u00fchren zu L\u00e4hmungserscheinungen oder Ataxie. Die nervenregenrierende Wirkung von Hypericum, in Kombination mit der entz\u00fcndungsabwehrenden- und heilende Wirkung von Arnica und Ruta macht Neuralcur au\u00dferordentlich geeignet f\u00fcr die Behandlung von Nervensch\u00e4den. Neuralcur dem Futter zugef\u00fcgt, f\u00fchrt zu einer optimalen Aktivit\u00e4t sowohl des zentralen Nervensystems (Gehirn und R\u00fcckenmark) als auch des peripheren Nervensystems (Nerven).<\/p>\n<hr \/>\n<p><strong>Dosierung:<\/strong> Neuralcur soll oral durch das Futter, in das Trinkwasser oder direkt in das Maul in folgenden Dosierungen verabreicht werden:<\/p>\n<table border=\"0\" align=\"left\">\n<tbody>\n<tr>\n<td>Pferde\/Pony:<\/td>\n<td>2 x t\u00e4glich 30 Tropfen<\/td>\n<\/tr>\n<tr>\n<td>Hunde:<\/td>\n<td>2 x t\u00e4glich 15-25 Tropfen<\/td>\n<\/tr>\n<tr>\n<td>Katze:<\/td>\n<td>2 x t\u00e4glich 10-15 Tropfen<\/td>\n<\/tr>\n<\/tbody>\n<\/table>\n<p>&nbsp;<\/p>\n<p>&nbsp;<\/p>\n<p><strong><br \/>\nInhalt:<\/strong> 100 ml = 2250 tropfen<\/p>\n<hr \/>\n<p><strong>Indikationen f\u00fcr Neuralcur sind:<\/strong><\/p>\n<table border=\"0\">\n<tbody>\n<tr>\n<td><strong>Pferde\/Pony<\/strong><\/td>\n<td><\/td>\n<td><\/td>\n<\/tr>\n<tr>\n<td>ataxie<\/td>\n<td>l\u00e4hmungen<\/td>\n<td>l\u00e4hmungen<\/td>\n<\/tr>\n<tr>\n<td>nervenerkrankungen<\/td>\n<td>nervenentz\u00fcndungen<\/td>\n<td>trauma<\/td>\n<\/tr>\n<\/tbody>\n<\/table>\n","protected":false},"excerpt":{"rendered":"<p><b>Anwendung:<\/b> L\u00e4hmungen und L\u00e4hmungserscheinungen, Ataxie, Nervenentz\u00fcndung, Trauma, Bandscheibenvorfall R\u00fccken.<\/p>\n","protected":false},"featured_media":1743,"template":"","meta":[],"product_brand":[],"product_cat":[50],"product_tag":[],"class_list":{"0":"post-1440","1":"product","2":"type-product","3":"status-publish","4":"has-post-thumbnail","6":"product_cat-homoopathische-arzneimittel","8":"first","9":"instock","10":"taxable","11":"shipping-taxable","12":"purchasable","13":"product-type-simple"},"_links":{"self":[{"href":"https:\/\/simicur.com\/de\/wp-json\/wp\/v2\/product\/1440","targetHints":{"allow":["GET"]}}],"collection":[{"href":"https:\/\/simicur.com\/de\/wp-json\/wp\/v2\/product"}],"about":[{"href":"https:\/\/simicur.com\/de\/wp-json\/wp\/v2\/types\/product"}],"wp:featuredmedia":[{"embeddable":true,"href":"https:\/\/simicur.com\/de\/wp-json\/wp\/v2\/media\/1743"}],"wp:attachment":[{"href":"https:\/\/simicur.com\/de\/wp-json\/wp\/v2\/media?parent=1440"}],"wp:term":[{"taxonomy":"product_brand","embeddable":true,"href":"https:\/\/simicur.com\/de\/wp-json\/wp\/v2\/product_brand?post=1440"},{"taxonomy":"product_cat","embeddable":true,"href":"https:\/\/simicur.com\/de\/wp-json\/wp\/v2\/product_cat?post=1440"},{"taxonomy":"product_tag","embeddable":true,"href":"https:\/\/simicur.com\/de\/wp-json\/wp\/v2\/product_tag?post=1440"}],"curies":[{"name":"wp","href":"https:\/\/api.w.org\/{rel}","templated":true}]}}