{"id":1441,"date":"2019-05-28T12:37:00","date_gmt":"2019-05-28T12:37:00","guid":{"rendered":"https:\/\/simicur.dalphes.com\/shop\/unkategorisiert\/hustcur\/"},"modified":"2025-10-30T22:08:17","modified_gmt":"2025-10-30T22:08:17","slug":"hustcur","status":"publish","type":"product","link":"https:\/\/simicur.com\/de\/shop\/homoopathische-arzneimittel\/hustcur\/","title":{"rendered":"Hustcur"},"content":{"rendered":"<p><strong>HUSTCUR &#8211; compositum f\u00fcr Khelkopf und Husten<\/strong><\/p>\n<p>Hustcur ist eine hom\u00f6opathische Tinktur in eine 100 ml Tropfflasche von SIMICUR zur oralen Anwendung bei Hunden, Katzen, Pferden und Ponys.<br \/>\nHustcur ist auf der Basis von Hom\u00f6opathie und Phytotherapie aus stark verd\u00fcnnten Pflanzenextrakten zusammengesetzt:<\/p>\n<ul>\n<li>Allium cepa D6 (schleiml\u00f6send, antibakteriell)<\/li>\n<li>Drosera rotundifolia D3 (hustenreizd\u00e4mpfend, luftwege erweiternd)<\/li>\n<li>Thymus vulgaris D3 (schleiml\u00f6send, antiseptisch)<\/li>\n<li>Echinacea angustifolia D3 (widerstandssteigernd)<\/li>\n<\/ul>\n<hr \/>\n<p><strong>Anwendung:<\/strong> Dem Futter beigef\u00fcgt sorgt Hustcur f\u00fcr einen optimalen Stoffwechsel, wodurch eine gesunde Kondition der Schleimh\u00e4ute der oberen Luftwege sichergestellt wird. Hustcur f\u00fchrt zu erh\u00f6hter Widerstandskraft, Entz\u00fcndungshemmung, Freisetzung von Schleim und D\u00e4mpfung des Hustens. Indikation f\u00fcr Hustcur ist die Behandlung von entz\u00fcndeten Schleimh\u00e4uten der oberen Luftwege (Nase und Kehle), einhergehend mit Husten.<\/p>\n<hr \/>\n<p><strong>Wirkung:<\/strong> Die Wirkung von Hustcur bei Erk\u00e4ltungen beruht auf das steigern der k\u00f6rpereigenem Abweht, d\u00e4mpfen des Hustenreizes, eine antibakterielle Wirkung und aufl\u00f6sen des festsitzenden Schleims. Die Anwendung von Hustcur f\u00fchrt zur Verminderung der Dauer und der Intensit\u00e4t des Hustens. Das f\u00fchrt, wegen der schleiml\u00f6senden Wirkung von Hustcur, freilich nicht zur Anh\u00e4ufung von Schleim. Die antibiotischen Eigenschaften von Allium cepa und Thymus vulgaris f\u00fchren letzendlich zu einer vollst\u00e4ndigen Heilung.<\/p>\n<hr \/>\n<p><strong>Dosierung:<\/strong> Hustcur soll oral durch das Futter, in das Trinkwasser oder direkt in das Maul in folgenden Dosierungen verabreicht werden:<\/p>\n<table border=\"0\" align=\"left\">\n<tbody>\n<tr>\n<td>Pferde\/Pony:<\/td>\n<td>2 x t\u00e4glich 30 Tropfen<\/td>\n<\/tr>\n<tr>\n<td>Hunde:<\/td>\n<td>2 x t\u00e4glich 15-25 Tropfen<\/td>\n<\/tr>\n<tr>\n<td>Katze:<\/td>\n<td>2 x t\u00e4glich 10-15 Tropfen<\/td>\n<\/tr>\n<\/tbody>\n<\/table>\n<p>&nbsp;<\/p>\n<p>&nbsp;<\/p>\n<p><strong><br \/>\nInhalt:<\/strong> 100 ml = 2250 tropfen<\/p>\n<hr \/>\n<p><strong>Indikationen f\u00fcr Hustcur sind:<\/strong><\/p>\n<table border=\"0\">\n<tbody>\n<tr>\n<td><strong>Pferde\/Pony<\/strong><\/td>\n<td><strong>Hunde<\/strong><\/td>\n<td><strong>Katze<\/strong><\/td>\n<\/tr>\n<tr>\n<td>erk\u00e4ltung<\/td>\n<td>zwingerhusten<\/td>\n<td>katzenschnupfen<\/td>\n<\/tr>\n<tr>\n<td>husten<\/td>\n<td>bronchitis<\/td>\n<td>husten<\/td>\n<\/tr>\n<\/tbody>\n<\/table>\n","protected":false},"excerpt":{"rendered":"<p><b>Anwendung:<\/b> Zwingerhusten, Schnupfen, Halsentz\u00fcndung, Erk\u00e4ltung, Bronchitis.<\/p>\n","protected":false},"featured_media":1739,"template":"","meta":[],"product_brand":[],"product_cat":[50],"product_tag":[],"class_list":{"0":"post-1441","1":"product","2":"type-product","3":"status-publish","4":"has-post-thumbnail","6":"product_cat-homoopathische-arzneimittel","8":"first","9":"instock","10":"taxable","11":"shipping-taxable","12":"purchasable","13":"product-type-simple"},"_links":{"self":[{"href":"https:\/\/simicur.com\/de\/wp-json\/wp\/v2\/product\/1441","targetHints":{"allow":["GET"]}}],"collection":[{"href":"https:\/\/simicur.com\/de\/wp-json\/wp\/v2\/product"}],"about":[{"href":"https:\/\/simicur.com\/de\/wp-json\/wp\/v2\/types\/product"}],"wp:featuredmedia":[{"embeddable":true,"href":"https:\/\/simicur.com\/de\/wp-json\/wp\/v2\/media\/1739"}],"wp:attachment":[{"href":"https:\/\/simicur.com\/de\/wp-json\/wp\/v2\/media?parent=1441"}],"wp:term":[{"taxonomy":"product_brand","embeddable":true,"href":"https:\/\/simicur.com\/de\/wp-json\/wp\/v2\/product_brand?post=1441"},{"taxonomy":"product_cat","embeddable":true,"href":"https:\/\/simicur.com\/de\/wp-json\/wp\/v2\/product_cat?post=1441"},{"taxonomy":"product_tag","embeddable":true,"href":"https:\/\/simicur.com\/de\/wp-json\/wp\/v2\/product_tag?post=1441"}],"curies":[{"name":"wp","href":"https:\/\/api.w.org\/{rel}","templated":true}]}}