{"id":1442,"date":"2019-05-28T12:35:53","date_gmt":"2019-05-28T12:35:53","guid":{"rendered":"https:\/\/simicur.dalphes.com\/shop\/unkategorisiert\/hepacur\/"},"modified":"2025-10-30T22:08:17","modified_gmt":"2025-10-30T22:08:17","slug":"hepacur","status":"publish","type":"product","link":"https:\/\/simicur.com\/de\/shop\/homoopathische-arzneimittel\/hepacur\/","title":{"rendered":"Hepacur"},"content":{"rendered":"<p><strong>HEPACUR &#8211; compositum f\u00fcr Leber und Stoffwechsel<\/strong><\/p>\n<p>Hepacur ist eine hom\u00f6opathische Tinktur in eine 100 ml Tropfflasche von SIMICUR zur oralen Anwendung bei Hunden, Katzen, Pferden und Ponys.<br \/>\nHepacur ist auf der Basis von Hom\u00f6opathie und Phytotherapie aus stark verd\u00fcnnten Pflanzenextrakten zusammengesetzt:<\/p>\n<ul>\n<li>Taraxacum off. D3 (Leber- und Gallemittel)<\/li>\n<li>Hydrastis canadensis D6 (anregend auf schleimhautsekretion)<\/li>\n<li>Nux vomica D6 (Leber-, Galle-, Darm- und Magenmittel)<\/li>\n<\/ul>\n<hr \/>\n<p><strong>Anwendung:<\/strong> Dem Futter beigef\u00fcgt sorgt Hepacur f\u00fcr einen optimalen Stoffwechsel, wodurch eine gesunde und normale Reaktion auf \u00dcberbelastung und St\u00f6rungen der Leber sichergestellt wird. Deshalb kann Hepacur angewendet werden bei \u00dcberm\u00fcdung infolge einer defekten Funktion der Leber, bei Leberentz\u00fcndung einhergehend mit einer erh\u00f6hten Menge Leberenzyme im Blutserum und bei Gelbsucht (Gelbf\u00e4rbung der Schleimh\u00e4ute und des Augenwei\u00dfes)infolge einer Gallengiftst\u00f6rung.<\/p>\n<hr \/>\n<p><strong>Wirkung:<\/strong> St\u00f6rungen in der Funktion von Leber und Gallens\u00e4ften k\u00f6nnen auftreten infolge einer \u00dcberbelastung der Verdauung und des allgemeinen Stoffwechsels. Taraxacum wirkt seprtionsf\u00f6rdernd auf die Dr\u00fcsen des Mafen-Darmkanals. diese Witkung wird angeregt durch Hydrastis, das ebenfalls die Verdauung f\u00f6rdert. Nux vomica ist ein allgemeines Mittel zur Bek\u00e4mpfung von Verdauungsst\u00f6rungen.<\/p>\n<hr \/>\n<p><strong>Dosierung:<\/strong> Hepacur soll oral durch das Futter, in das Trinkwasser oder direkt in das Maul in folgenden Dosierungen verabreicht werden:<\/p>\n<table border=\"0\" align=\"left\">\n<tbody>\n<tr>\n<td>Pferde\/Pony:<\/td>\n<td>2 x t\u00e4glich 30 Tropfen<\/td>\n<\/tr>\n<tr>\n<td>Hunde:<\/td>\n<td>2 x t\u00e4glich 15-25 Tropfen<\/td>\n<\/tr>\n<tr>\n<td>Katze:<\/td>\n<td>2 x t\u00e4glich 10-15 Tropfen<\/td>\n<\/tr>\n<\/tbody>\n<\/table>\n<p>&nbsp;<\/p>\n<p>&nbsp;<\/p>\n<p><strong><br \/>\nInhalt:<\/strong> 100 ml = 2250 tropfen<\/p>\n<hr \/>\n<p><strong>Indikationen f\u00fcr Hepacur sind:<\/strong><\/p>\n<table border=\"0\">\n<tbody>\n<tr>\n<td><strong>Pferde\/Pony<\/strong><\/td>\n<td><strong>Hunde<\/strong><\/td>\n<td><strong>Katze<\/strong><\/td>\n<\/tr>\n<tr>\n<td>Leberegelinfektion<\/td>\n<td>Hepatitis<\/td>\n<td>Hepatitis<\/td>\n<\/tr>\n<tr>\n<td>Icterus<\/td>\n<td><\/td>\n<td>Gallblasenentz\u00fcndung<\/td>\n<\/tr>\n<tr>\n<td>M\u00fcdigkeit<\/td>\n<td><\/td>\n<td><\/td>\n<\/tr>\n<\/tbody>\n<\/table>\n","protected":false},"excerpt":{"rendered":"<p><b>Anwendung:<\/b> Leberentz\u00fcndung, M\u00fcdigkeit, Entz\u00fcndung der Galleng\u00e4nge, Gelbsucht, Hepatitis, Dermatitis.<\/p>\n","protected":false},"featured_media":1737,"template":"","meta":[],"product_brand":[],"product_cat":[50],"product_tag":[],"class_list":{"0":"post-1442","1":"product","2":"type-product","3":"status-publish","4":"has-post-thumbnail","6":"product_cat-homoopathische-arzneimittel","8":"first","9":"instock","10":"taxable","11":"shipping-taxable","12":"purchasable","13":"product-type-simple"},"_links":{"self":[{"href":"https:\/\/simicur.com\/de\/wp-json\/wp\/v2\/product\/1442","targetHints":{"allow":["GET"]}}],"collection":[{"href":"https:\/\/simicur.com\/de\/wp-json\/wp\/v2\/product"}],"about":[{"href":"https:\/\/simicur.com\/de\/wp-json\/wp\/v2\/types\/product"}],"wp:featuredmedia":[{"embeddable":true,"href":"https:\/\/simicur.com\/de\/wp-json\/wp\/v2\/media\/1737"}],"wp:attachment":[{"href":"https:\/\/simicur.com\/de\/wp-json\/wp\/v2\/media?parent=1442"}],"wp:term":[{"taxonomy":"product_brand","embeddable":true,"href":"https:\/\/simicur.com\/de\/wp-json\/wp\/v2\/product_brand?post=1442"},{"taxonomy":"product_cat","embeddable":true,"href":"https:\/\/simicur.com\/de\/wp-json\/wp\/v2\/product_cat?post=1442"},{"taxonomy":"product_tag","embeddable":true,"href":"https:\/\/simicur.com\/de\/wp-json\/wp\/v2\/product_tag?post=1442"}],"curies":[{"name":"wp","href":"https:\/\/api.w.org\/{rel}","templated":true}]}}