{"id":1443,"date":"2019-05-28T12:34:49","date_gmt":"2019-05-28T12:34:49","guid":{"rendered":"https:\/\/simicur.dalphes.com\/shop\/unkategorisiert\/graphicur-2\/"},"modified":"2025-10-30T22:08:18","modified_gmt":"2025-10-30T22:08:18","slug":"graphicur-2","status":"publish","type":"product","link":"https:\/\/simicur.com\/de\/shop\/homoopathische-arzneimittel\/graphicur-2\/","title":{"rendered":"Graphicur 2"},"content":{"rendered":"<p><strong>GRAPHICUR II &#8211; compositum f\u00fcr n\u00e4ssende Mauke und Ekzem<\/strong><\/p>\n<p>Graphicur II ist eine hom\u00f6opathische Tinktur in eine 100 ml Tropfflasche von SIMICUR zur oralen Anwendung bei Hunden, Katzen, Pferden und Ponys.<br \/>\nGraphicur II ist auf der Basis von Hom\u00f6opathie und Phytotherapie aus stark verd\u00fcnnten Pflanzenextrakten und Mineralien zusammengesetzt:<\/p>\n<ul>\n<li>Carbo mineralis D6 (risse, chronisches Ekzem)<\/li>\n<li>Daphne mezereum D6 (hautausschlag mit Blasenbildung)<\/li>\n<\/ul>\n<hr \/>\n<p><strong>Anwendung:<\/strong> Dem Futter beigef\u00fcgt sorgt Graphicur II f\u00fcr einen optimalen Stoffwechsel der Haut. Graphicur II wirkt auf feuchten und eiternden Hautausschlag regulierend und ist dadurch anwendbar bei der Behandlung von nasser Mauke und n\u00e4ssendem Ekzem, einhergehend mit Schorfbildung. Vorzugsweise erfolgt die Anwendung in Kombination mit SIMICUR Wundspray.<\/p>\n<hr \/>\n<p><strong>Wirkung:<\/strong> Mauke ist eine Sammelname f\u00fcr verschiedenartige Formen von Hautentz\u00fcndung an den F\u00fc\u00dfen. Trockenen Mauke ist durch Risse gekennzeichnet, w\u00e4hrend nasse Mauke ein nasser Ausschlag mit dicken Krusten ist. Graphicur II weist eine heilende Wirkung auf nasse Mauke und n\u00e4ssende Ekzeme auf. Graphites (Carbo mineralis) wirkt auf Hautrisse , wobei Mezereum gegen den eiternden Hautausschlag wirksam ist, der kennzeichnend f\u00fcr nasse Mauke ist.<\/p>\n<hr \/>\n<p><strong>Dosierung:<\/strong> Graphicur II soll oral durch das Futter, in das Trinkwasser oder direkt in das Maul in folgenden Dosierungen verabreicht werden:<\/p>\n<table border=\"0\" align=\"left\">\n<tbody>\n<tr>\n<td>Pferde\/Pony:<\/td>\n<td>2 x t\u00e4glich 30 Tropfen<\/td>\n<\/tr>\n<tr>\n<td>Hunde:<\/td>\n<td>2 x t\u00e4glich 15-25 Tropfen<\/td>\n<\/tr>\n<tr>\n<td>Katze:<\/td>\n<td>2 x t\u00e4glich 10-15 Tropfen<\/td>\n<\/tr>\n<\/tbody>\n<\/table>\n<p>&nbsp;<\/p>\n<p>&nbsp;<\/p>\n<p><strong><br \/>\nInhalt:<\/strong> 100 ml = 2250 tropfen<\/p>\n<hr \/>\n<p><strong>Anmerkung:<\/strong> Bei der Behandlung von Mauke emfehlt es sich, die befallenen Teile trocken und sauber zu halten. Lange Haare m\u00fcssen weggeschnitten werden und wenn die Haut na\u00df geworden ist, mu\u00df diese sorgf\u00e4ltig getrocknet werden. Es empfiehlt sich, SIMICUR Wundspray in Kombination mit Graphicur anzuwenden.<\/p>\n<hr \/>\n<p><strong>Indikationen f\u00fcr Graphicur II sind:<\/strong><\/p>\n<table border=\"0\">\n<tbody>\n<tr>\n<td><strong>Pferde\/Pony<\/strong><\/td>\n<td><strong>Hunde<\/strong><\/td>\n<td><strong>Katze<\/strong><\/td>\n<\/tr>\n<tr>\n<td>nasse mauke<\/td>\n<td>n\u00e4ssendem ekzem<\/td>\n<td>n\u00e4ssendem ekzem<\/td>\n<\/tr>\n<tr>\n<td>ekzem<\/td>\n<\/tr>\n<\/tbody>\n<\/table>\n","protected":false},"excerpt":{"rendered":"<p><b>Anwendung:<\/b> Ekzem, n\u00e4ssendes Ekzem, nasse Mauke, feuchter und eiternder Hautausschlag.<\/p>\n","protected":false},"featured_media":1735,"template":"","meta":[],"product_brand":[],"product_cat":[50],"product_tag":[],"class_list":{"0":"post-1443","1":"product","2":"type-product","3":"status-publish","4":"has-post-thumbnail","6":"product_cat-homoopathische-arzneimittel","8":"first","9":"instock","10":"taxable","11":"shipping-taxable","12":"purchasable","13":"product-type-simple"},"_links":{"self":[{"href":"https:\/\/simicur.com\/de\/wp-json\/wp\/v2\/product\/1443","targetHints":{"allow":["GET"]}}],"collection":[{"href":"https:\/\/simicur.com\/de\/wp-json\/wp\/v2\/product"}],"about":[{"href":"https:\/\/simicur.com\/de\/wp-json\/wp\/v2\/types\/product"}],"wp:featuredmedia":[{"embeddable":true,"href":"https:\/\/simicur.com\/de\/wp-json\/wp\/v2\/media\/1735"}],"wp:attachment":[{"href":"https:\/\/simicur.com\/de\/wp-json\/wp\/v2\/media?parent=1443"}],"wp:term":[{"taxonomy":"product_brand","embeddable":true,"href":"https:\/\/simicur.com\/de\/wp-json\/wp\/v2\/product_brand?post=1443"},{"taxonomy":"product_cat","embeddable":true,"href":"https:\/\/simicur.com\/de\/wp-json\/wp\/v2\/product_cat?post=1443"},{"taxonomy":"product_tag","embeddable":true,"href":"https:\/\/simicur.com\/de\/wp-json\/wp\/v2\/product_tag?post=1443"}],"curies":[{"name":"wp","href":"https:\/\/api.w.org\/{rel}","templated":true}]}}