{"id":1444,"date":"2019-05-28T12:33:33","date_gmt":"2019-05-28T12:33:33","guid":{"rendered":"https:\/\/simicur.dalphes.com\/shop\/unkategorisiert\/graphicur-1\/"},"modified":"2025-10-30T22:08:18","modified_gmt":"2025-10-30T22:08:18","slug":"graphicur-1","status":"publish","type":"product","link":"https:\/\/simicur.com\/de\/shop\/homoopathische-arzneimittel\/graphicur-1\/","title":{"rendered":"Graphicur 1"},"content":{"rendered":"<p><strong>GRAPHICUR I &#8211; compositum f\u00fcr trocken Mauke und Ekzem<\/strong><\/p>\n<p>Graphicur I ist eine hom\u00f6opathische Tinktur in eine 100 ml Tropfflasche von SIMICUR zur oralen Anwendung bei Hunden, Katzen, Pferden und Ponys.<br \/>\nGraphicur I ist auf der Basis von Hom\u00f6opathie und Phytotherapie aus stark verd\u00fcnnten Pflanzenextrakten und Mineralien zusammengesetzt:<\/p>\n<ul>\n<li>Carbo mineralis D6 (risse, chronisches ekzem)<\/li>\n<li>Calendula off. D3 (entz\u00fcndungshemmend)<\/li>\n<li>Viola tricolor D3 (ekzem)<\/li>\n<\/ul>\n<hr \/>\n<p><strong>Anwendung:<\/strong> Dem Futter beigef\u00fcgt sorgt Graphicur I f\u00fcr einen optimalen Stoffwechsel der Haut. Graphicur I wirkt regulierend auf chronischen Hautausschlag und ist dadurch anwendbar bei der Behandlung von trockener Mauke und trockenem Ekzem, welche mit Schuppen- und Rissbildung einhergeht. Vorzugsweise erfolgt die Anwendung in Kombination mit SIMICUR Wundspray. Bei gravierender Rissbildung die Risse gleichzeitig mit SIMICUR Wundsalbe einschmieren.<\/p>\n<hr \/>\n<p><strong>Wirkung:<\/strong> Mauke ist eine Sammelname f\u00fcr verschiedenartige Formen von Hautentz\u00fcndung an den F\u00fc\u00dfen. Trockenen Mauke ist durch Risse gekennzeichnet. Graphicur I weist eine heilende Wirkung auf trockene Mauke auf. Die Wirkung von Graphites (Carbo mineralis) auf Hautrisse wird durch Calendula verst\u00e4rkt, das ebenfalls entz\u00fcndungshemmend wirkt und durch Viola tricolor, das vor allem gegen Hautausschl\u00e4ge wirksam ist.<\/p>\n<hr \/>\n<p><strong>Dosierung:<\/strong> Graphicur I soll oral durch das Futter, in das Trinkwasser oder direkt in das Maul in folgenden Dosierungen verabreicht werden:<\/p>\n<table border=\"0\" align=\"left\">\n<tbody>\n<tr>\n<td>Pferde\/Pony:<\/td>\n<td>2 x t\u00e4glich 30 Tropfen<\/td>\n<\/tr>\n<tr>\n<td>Hunde:<\/td>\n<td>2 x t\u00e4glich 15-25 Tropfen<\/td>\n<\/tr>\n<tr>\n<td>Katze:<\/td>\n<td>2 x t\u00e4glich 10-15 Tropfen<\/td>\n<\/tr>\n<\/tbody>\n<\/table>\n<p>&nbsp;<\/p>\n<p>&nbsp;<\/p>\n<p><strong><br \/>\nInhalt:<\/strong> 100 ml = 2250 tropfen<\/p>\n<hr \/>\n<p><strong>Anmerkung:<\/strong> Bei der Behandlung von Mauke emfehlt es sich, die befallenen Teile trocken und sauber zu halten. Lange Haare m\u00fcssen weggeschnitten werden und wenn die Haut na\u00df geworden ist, mu\u00df diese sorgf\u00e4ltig getrocknet werden. Es empfiehlt sich, SIMICUR Wundspray in Kombination mit Graphicur anzuwenden.<\/p>\n<hr \/>\n<p><strong>Indikationen f\u00fcr Graphicur I sind:<\/strong><\/p>\n<table border=\"0\">\n<tbody>\n<tr>\n<td><strong>Pferde\/Pony<\/strong><\/td>\n<td><strong>Hunde<\/strong><\/td>\n<td><strong>Katze<\/strong><\/td>\n<\/tr>\n<tr>\n<td>ekzem<\/td>\n<td>trockenem ekzem<\/td>\n<td>trockenem ekzem<\/td>\n<\/tr>\n<tr>\n<td>trockener mauke<\/td>\n<td>schupprige haut<\/td>\n<td>schimmelpilzbefall<\/td>\n<\/tr>\n<\/tbody>\n<\/table>\n","protected":false},"excerpt":{"rendered":"<p><b>Anwendung:<\/b> Trockene Mauke, (trockenes) Ekzem, einhergehend mit Schuppen- und Rissbildung.<\/p>\n","protected":false},"featured_media":1733,"template":"","meta":[],"product_brand":[],"product_cat":[50],"product_tag":[],"class_list":{"0":"post-1444","1":"product","2":"type-product","3":"status-publish","4":"has-post-thumbnail","6":"product_cat-homoopathische-arzneimittel","8":"first","9":"instock","10":"taxable","11":"shipping-taxable","12":"purchasable","13":"product-type-simple"},"_links":{"self":[{"href":"https:\/\/simicur.com\/de\/wp-json\/wp\/v2\/product\/1444","targetHints":{"allow":["GET"]}}],"collection":[{"href":"https:\/\/simicur.com\/de\/wp-json\/wp\/v2\/product"}],"about":[{"href":"https:\/\/simicur.com\/de\/wp-json\/wp\/v2\/types\/product"}],"wp:featuredmedia":[{"embeddable":true,"href":"https:\/\/simicur.com\/de\/wp-json\/wp\/v2\/media\/1733"}],"wp:attachment":[{"href":"https:\/\/simicur.com\/de\/wp-json\/wp\/v2\/media?parent=1444"}],"wp:term":[{"taxonomy":"product_brand","embeddable":true,"href":"https:\/\/simicur.com\/de\/wp-json\/wp\/v2\/product_brand?post=1444"},{"taxonomy":"product_cat","embeddable":true,"href":"https:\/\/simicur.com\/de\/wp-json\/wp\/v2\/product_cat?post=1444"},{"taxonomy":"product_tag","embeddable":true,"href":"https:\/\/simicur.com\/de\/wp-json\/wp\/v2\/product_tag?post=1444"}],"curies":[{"name":"wp","href":"https:\/\/api.w.org\/{rel}","templated":true}]}}