{"id":1445,"date":"2019-05-28T12:32:24","date_gmt":"2019-05-28T12:32:24","guid":{"rendered":"https:\/\/simicur.dalphes.com\/shop\/unkategorisiert\/gastricur\/"},"modified":"2025-10-30T22:08:19","modified_gmt":"2025-10-30T22:08:19","slug":"gastricur","status":"publish","type":"product","link":"https:\/\/simicur.com\/de\/shop\/homoopathische-arzneimittel\/gastricur\/","title":{"rendered":"Gastricur"},"content":{"rendered":"<p><strong>GASTRICUR &#8211; compositum f\u00fcr Apetit und Koliken<\/strong><\/p>\n<p>Gastricur ist eine hom\u00f6opathische Tinktur in eine 100 ml Tropfflasche von SIMICUR zur oralen Anwendung bei Hunden, Katzen, Pferden und Ponys.<br \/>\nGastricur ist auf der Basis von Hom\u00f6opathie und Phytotherapie aus stark verd\u00fcnnten Pflanzenextrakten zusammengesetzt:<\/p>\n<ul>\n<li>Artemisa absinthum D3 (apetitanregend, stoffwechselanregend)<\/li>\n<li>Rosmarinus off. D3 (anregung zur ausscheidung der Verdauungss\u00e4fte)<\/li>\n<li>Acorus calamus D3 (F\u00f6rderung der Nahrungsverdauung)<\/li>\n<\/ul>\n<hr \/>\n<p><strong>Anwendung:<\/strong> Dem Futter beigef\u00fcgt sorgt Gastricur f\u00fcr eine optimale Durchblutung des Verdauungsorgane, wodurch es einen stark sch\u00fctzenden und heilenden Einfluss auf das Magen- und Darmsystem hat. Gastricur hat gleichzeitig eine anregende Wirkung auf die Ausscheidung der Verdauungss\u00e4fte, was zu einer optimalen Verdauung des Futters f\u00fchrt. Gastricur ist anzuwenden bei Appetitlosigkeit, regelm\u00e4\u00dfig wiederkehrenden kolikartigen Erschainungen und bei Entz\u00fcndungen von Magen und Darm.<\/p>\n<hr \/>\n<p><strong>Wirkung:<\/strong> Durch die St\u00e4rkung der funktionell miteinander verbundenen Organe Magen, Leber, Bauchspeicheldr\u00fcse und D\u00e4rme hat Gastricur eine stark sch\u00fctzende und heilende Wirkung auf die Verdauung und den Stoffwechsel (Rosmarinus officinalis). Gastricur hat eine anregende Wirkung auf die Ausscheidung der Verdauungss\u00e4fte (Artemisa absinthum), wodurch die Darmfunktion optimalisiert wird. Gleichzeitig werden Magen- und Darmbewegungen reguliert (Acorus calamus), so dass Gastricur eine Schutzwirkung bei Darmkoliken gibt. Gastricur hat eine stark sch\u00fctzende und heilende Wirkung auf die Verdauungsorgane.<\/p>\n<hr \/>\n<p><strong>Dosierung:<\/strong> Gastricur soll oral durch das Futter, in das Trinkwasser oder direkt in das Maul in folgenden Dosierungen verabreicht werden:<\/p>\n<table border=\"0\" align=\"left\">\n<tbody>\n<tr>\n<td>Pferde\/Pony:<\/td>\n<td>2 x t\u00e4glich 30 Tropfen<\/td>\n<\/tr>\n<tr>\n<td>Hunde:<\/td>\n<td>2 x t\u00e4glich 15-25 Tropfen<\/td>\n<\/tr>\n<tr>\n<td>Katze:<\/td>\n<td>2 x t\u00e4glich 10-15 Tropfen<\/td>\n<\/tr>\n<\/tbody>\n<\/table>\n<p>&nbsp;<\/p>\n<p>&nbsp;<\/p>\n<p><strong><br \/>\nInhalt:<\/strong> 100 ml = 2250 tropfen<\/p>\n<hr \/>\n<p><strong>Anmerkung:<\/strong> Zur F\u00f6rderung des Appetits empfiehlt es sich, Gastricur eine halbe Stunde vor dem F\u00fcttern auf einem St\u00fcck Brot zu verabreichen. Bei Kolik jede halbe Stunde 4 ml Gastricur ins Maul spritzen.<\/p>\n<hr \/>\n<p><strong>Indikationen f\u00fcr Gastricur sind:<\/strong><\/p>\n<table border=\"0\">\n<tbody>\n<tr>\n<td><strong>Pferde\/Pony<\/strong><\/td>\n<td><strong>Hunde<\/strong><\/td>\n<td><strong>Katze<\/strong><\/td>\n<\/tr>\n<tr>\n<td>kolik<\/td>\n<td>erbrechen<\/td>\n<td>erbrechen<\/td>\n<\/tr>\n<tr>\n<td>magengeschw\u00fcr<\/td>\n<td>magen- und Darmentz\u00fcndung<\/td>\n<td>magen- und Darmentz\u00fcndung.<\/td>\n<\/tr>\n<tr>\n<td>slechte Appetit<\/td>\n<td>slechte Appetit<\/td>\n<td>slechte Appetit<\/td>\n<\/tr>\n<tr>\n<td>wurmbefall<\/td>\n<\/tr>\n<\/tbody>\n<\/table>\n","protected":false},"excerpt":{"rendered":"<p><b>Anwendung:<\/b> Kolik und regelm\u00e4\u00dfig wiederkehrende Koliksymptome, Erbrechen und \u00dcbelkeit, Magengeschw\u00fcr, Magen-Darmentz\u00fcndung, Appetitlosigkeit, Schleimhautentz\u00fcndung von Magen und\/ oder D\u00e4rmen, Verstopfung, Wurminfektion.<\/p>\n","protected":false},"featured_media":1729,"template":"","meta":[],"product_brand":[],"product_cat":[50],"product_tag":[],"class_list":{"0":"post-1445","1":"product","2":"type-product","3":"status-publish","4":"has-post-thumbnail","6":"product_cat-homoopathische-arzneimittel","8":"first","9":"instock","10":"featured","11":"taxable","12":"shipping-taxable","13":"purchasable","14":"product-type-simple"},"_links":{"self":[{"href":"https:\/\/simicur.com\/de\/wp-json\/wp\/v2\/product\/1445","targetHints":{"allow":["GET"]}}],"collection":[{"href":"https:\/\/simicur.com\/de\/wp-json\/wp\/v2\/product"}],"about":[{"href":"https:\/\/simicur.com\/de\/wp-json\/wp\/v2\/types\/product"}],"wp:featuredmedia":[{"embeddable":true,"href":"https:\/\/simicur.com\/de\/wp-json\/wp\/v2\/media\/1729"}],"wp:attachment":[{"href":"https:\/\/simicur.com\/de\/wp-json\/wp\/v2\/media?parent=1445"}],"wp:term":[{"taxonomy":"product_brand","embeddable":true,"href":"https:\/\/simicur.com\/de\/wp-json\/wp\/v2\/product_brand?post=1445"},{"taxonomy":"product_cat","embeddable":true,"href":"https:\/\/simicur.com\/de\/wp-json\/wp\/v2\/product_cat?post=1445"},{"taxonomy":"product_tag","embeddable":true,"href":"https:\/\/simicur.com\/de\/wp-json\/wp\/v2\/product_tag?post=1445"}],"curies":[{"name":"wp","href":"https:\/\/api.w.org\/{rel}","templated":true}]}}