{"id":1446,"date":"2019-05-28T12:31:29","date_gmt":"2019-05-28T12:31:29","guid":{"rendered":"https:\/\/simicur.dalphes.com\/shop\/unkategorisiert\/glandulacur\/"},"modified":"2025-10-30T22:08:20","modified_gmt":"2025-10-30T22:08:20","slug":"glandulacur","status":"publish","type":"product","link":"https:\/\/simicur.com\/de\/shop\/homoopathische-arzneimittel\/glandulacur\/","title":{"rendered":"Glandulacur"},"content":{"rendered":"<p><strong>GLANDULACUR &#8211; compositum f\u00fcr Dr\u00fcsen und Entz\u00fcndungen<\/strong><\/p>\n<p>Glandulacur ist eine hom\u00f6opathische Tinktur in eine 100 ml Tropfflasche von SIMICUR zur oralen Anwendung bei Hunden, Katzen, Pferden und Ponys.<br \/>\nGlandulacur ist auf der Basis von Hom\u00f6opathie und Phytotherapie aus stark verd\u00fcnnten Pflanzenextrakten und Mineralien zusammengesetzt:<\/p>\n<ul>\n<li>Phytolacca D3 (Dr\u00fcsenverh\u00e4rtung)<\/li>\n<li>Sulfur D6 (Entz\u00fcndungsprozesse)<\/li>\n<li>Silicea D6 (Dr\u00fcsenschwellungen)<\/li>\n<\/ul>\n<hr \/>\n<p><strong>Anwendung:<\/strong> Dem Futter beigef\u00fcgt sorgt Bronscur f\u00fcr einen optimalen Stoffwechsel, wodurch eine gesunde und normale Reaktion auf Entz\u00fcndungen sichergestellt wird. Deshalb kan Glandulacur bei Entz\u00fcndungen von Dr\u00fcsen, wie Ohrspeicheldr\u00fcsen und Lymphknoten (Druse) bei Pferden, \u00fcberf\u00fchlten und entz\u00fcndeten Analdr\u00fcsen bei Hunden und bei entz\u00fcndeten Ohren angewendet werden. Glandulacur ist auch anwendbar bei chronischer Empfindlichkeit der Lunge (chronischer Bronchitis), Entz\u00fcndungen der Kehle, bei Entz\u00fcndungen die mit Fistelbildung einhergehen und bei Entz\u00fcndungen der Milchdr\u00fcsen.<\/p>\n<hr \/>\n<p><strong>Wirkung:<\/strong> Glandulacur wird angewendet, um die Abwehr gegen Entz\u00fcndungsprozesse in den Dr\u00fcsen zu verst\u00e4rken. Phytolacca wirkt dabei spezifisch auf Entz\u00fcndungsherde in den Dr\u00fcsen, welche die Dr\u00fcsen verh\u00e4rten. Silicea hat einen regulierenden Effekt auf hartn\u00e4ckige Entz\u00fcndungsprozesse, w\u00e4hrend Sulfur als Konstitutions- und Stoffwechselmittel chronische, reaktionsarme Entz\u00fcndungsprozesse aktiviert.<\/p>\n<hr \/>\n<p><strong>Dosierung:<\/strong> Glandulacur soll oral durch das Futter, in das Trinkwasser oder direkt in das Maul in folgenden Dosierungen verabreicht werden:<\/p>\n<table border=\"0\" align=\"left\">\n<tbody>\n<tr>\n<td>Pferde\/Pony:<\/td>\n<td>2 x t\u00e4glich 30 Tropfen<\/td>\n<\/tr>\n<tr>\n<td>Hunde:<\/td>\n<td>2 x t\u00e4glich 15-25 Tropfen<\/td>\n<\/tr>\n<tr>\n<td>Katze:<\/td>\n<td>2 x t\u00e4glich 10-15 Tropfen<\/td>\n<\/tr>\n<\/tbody>\n<\/table>\n<p>&nbsp;<\/p>\n<p>&nbsp;<\/p>\n<p><strong><br \/>\nInhalt:<\/strong> 100 ml = 2250 tropfen<\/p>\n<hr \/>\n<p><strong>Anmerkung:<\/strong> Bei Entz\u00fcndungen die mit Fistelbildung einhergehen ist es zu empfehlen Glandulacur zu kombineiren mit Myristica D6.<\/p>\n<hr \/>\n<p><strong>Indikationen f\u00fcr Glandulacur sind:<\/strong><\/p>\n<table border=\"0\">\n<tbody>\n<tr>\n<td><strong>Pferde\/Pony<\/strong><\/td>\n<td><strong>Hunde<\/strong><\/td>\n<td><strong>Katze<\/strong><\/td>\n<\/tr>\n<tr>\n<td>druse<\/td>\n<td>\u00fcberf\u00fchlten und entz\u00fcndeten analdr\u00fcsen<\/td>\n<td>abces<\/td>\n<\/tr>\n<tr>\n<td>chronische Bronchitis<\/td>\n<td>entz\u00fcndeten Ohren<\/td>\n<td>bronchitis<\/td>\n<\/tr>\n<tr>\n<td>fisteln<\/td>\n<td>entz\u00fcndungen der Milchdr\u00fcsen<\/td>\n<td>katzenschnupfen<\/td>\n<\/tr>\n<tr>\n<td>sinusitis<\/td>\n<td>fisteln<\/td>\n<td><\/td>\n<\/tr>\n<tr>\n<td>luftsackentz\u00fcndung<\/td>\n<td><\/td>\n<td><\/td>\n<\/tr>\n<tr>\n<td>mittelohrentz\u00fcndung<\/td>\n<td><\/td>\n<td><\/td>\n<\/tr>\n<tr>\n<td>entz\u00fcndeten ohrspeicheldr\u00fcsen<\/td>\n<td><\/td>\n<td><\/td>\n<\/tr>\n<tr>\n<td>mastitis<\/td>\n<\/tr>\n<\/tbody>\n<\/table>\n","protected":false},"excerpt":{"rendered":"<p><b>Anwendung:<\/b> Entz\u00fcndete\/ \u00fcberf\u00fcllte Analdr\u00fcsen, Druse, Abszess, Stirnh\u00f6hlenentz\u00fcndung Sinusitis, Mittelohrentz\u00fcndung, (chronische) Bronchitis, Schnupfen, entz\u00fcndete Ohren (Otitis), Fisteln, Milchdr\u00fcsen\/ Euterentz\u00fcndung, Hufgeschw\u00fcr.<\/p>\n","protected":false},"featured_media":1731,"template":"","meta":[],"product_brand":[],"product_cat":[50],"product_tag":[],"class_list":{"0":"post-1446","1":"product","2":"type-product","3":"status-publish","4":"has-post-thumbnail","6":"product_cat-homoopathische-arzneimittel","8":"first","9":"instock","10":"taxable","11":"shipping-taxable","12":"purchasable","13":"product-type-simple"},"_links":{"self":[{"href":"https:\/\/simicur.com\/de\/wp-json\/wp\/v2\/product\/1446","targetHints":{"allow":["GET"]}}],"collection":[{"href":"https:\/\/simicur.com\/de\/wp-json\/wp\/v2\/product"}],"about":[{"href":"https:\/\/simicur.com\/de\/wp-json\/wp\/v2\/types\/product"}],"wp:featuredmedia":[{"embeddable":true,"href":"https:\/\/simicur.com\/de\/wp-json\/wp\/v2\/media\/1731"}],"wp:attachment":[{"href":"https:\/\/simicur.com\/de\/wp-json\/wp\/v2\/media?parent=1446"}],"wp:term":[{"taxonomy":"product_brand","embeddable":true,"href":"https:\/\/simicur.com\/de\/wp-json\/wp\/v2\/product_brand?post=1446"},{"taxonomy":"product_cat","embeddable":true,"href":"https:\/\/simicur.com\/de\/wp-json\/wp\/v2\/product_cat?post=1446"},{"taxonomy":"product_tag","embeddable":true,"href":"https:\/\/simicur.com\/de\/wp-json\/wp\/v2\/product_tag?post=1446"}],"curies":[{"name":"wp","href":"https:\/\/api.w.org\/{rel}","templated":true}]}}