{"id":1449,"date":"2019-05-28T12:26:23","date_gmt":"2019-05-28T12:26:23","guid":{"rendered":"https:\/\/simicur.dalphes.com\/shop\/unkategorisiert\/bronscur\/"},"modified":"2025-10-30T22:08:21","modified_gmt":"2025-10-30T22:08:21","slug":"bronscur","status":"publish","type":"product","link":"https:\/\/simicur.com\/de\/shop\/homoopathische-arzneimittel\/bronscur\/","title":{"rendered":"Bronscur"},"content":{"rendered":"<p><strong>BRONSCUR &#8211; compositum f\u00fcr Hormonen und Geslechtsorganen<\/strong><\/p>\n<p>Arthricur ist eine hom\u00f6opathische Tinktur in eine 100 ml Tropfflasche von SIMICUR zur oralen Anwendung bei Hunden, Katzen, Pferden und Ponys.<br \/>\nBronscur ist auf der Basis von Hom\u00f6opathie und Phytotherapie aus stark verd\u00fcnnten Pflanzenextrakten zusammengesetzt:<\/p>\n<ul>\n<li>Equisetum arvense D3 (entw\u00e4ssernd und st\u00e4rkend)<\/li>\n<li>Pulsatilla pratensis D6 (eierstockregulierend)<\/li>\n<li>Alchemilla vulgaris D6 (Herstellung des normalen Geschlechtszyklus)<\/li>\n<li>Arnica montana D12 (Entz\u00fcndungshemmend)<\/li>\n<\/ul>\n<hr \/>\n<p><strong>Anwendung:<\/strong> Dem Futter beigef\u00fcgt sorgt Corneacur f\u00fcr einen optimalen Stoffwechsel wodurch ein gesunder und normaler Hormonhaushalt und die Kondition der weiblichen Geschletsorgane sichergestellt werden. Deshalb kann Bronscur angewendet werden bei einem anormalen Zyklus (zu wenig oder zu heftig), Unfruchtbarkeit, Entz\u00fcndungen von Geb\u00e4rmutter und\/oder Eierst\u00f6cken und bei zystischen Ver\u00e4nderungen der Eierst\u00f6cke. Bronscur ist auch bei Hunden zur Behandlung der Scheintr\u00e4chtigkeit anwendbar.<\/p>\n<hr \/>\n<p><strong>Wirkung:<\/strong> Bronscur wirkt aktivierend und regulierend auf die weiblichen Fortpflanzungsorgane. Das Produkt hat eine regulierende Wirkung auf die Eierstockfunktion (Pulsatilla pratensis) und eine entz\u00fcndungshemmende Wirkung (Arnica montana und Equisetum arvense) auf die Geb\u00e4rmutter. Bronscur normalisiert den Zyklus (Alchemillia vulgaris), wobei Tiere, die nicht l\u00e4ufig\/br\u00fcnstig werden innerhalb einiger Wochen l\u00e4ufig\/br\u00fcnstig sind und \u00fcberm\u00e4\u00dfig l\u00e4ufige\/br\u00fcnstige H\u00fcndinnen\/Katzen beachtlich ruhiger werden. Erkrankungen der weiblichen Fortpflanzungsorgane k\u00f6nnen sich im anormalen Zyklus \u00e4u\u00dfern (zu h\u00e4ufige und zu lange Rosse oder Ausbleiben der Rosse), durch Erkrankungen der Eierst\u00f6cke oder Geb\u00e4rmutterentz\u00fcndung. Derartige Erkrankungen gehen im Allgemeinen einher mit einem ver\u00e4nderten Verhalten und\/oder Ausfluss.<\/p>\n<hr \/>\n<p><strong>Dosierung:<\/strong> Bronscur soll oral durch das Futter, in das Trinkwasser oder direkt in das Maul in folgenden Dosierungen verabreicht werden:<\/p>\n<table border=\"0\" align=\"left\">\n<tbody>\n<tr>\n<td>Pferde\/Pony:<\/td>\n<td>2 x t\u00e4glich 30 Tropfen<\/td>\n<\/tr>\n<tr>\n<td>Hunde:<\/td>\n<td>2 x t\u00e4glich 15-25 Tropfen<\/td>\n<\/tr>\n<tr>\n<td>Katze:<\/td>\n<td>2 x t\u00e4glich 10-15 Tropfen<\/td>\n<\/tr>\n<\/tbody>\n<\/table>\n<p>&nbsp;<\/p>\n<p>&nbsp;<\/p>\n<p><strong><br \/>\nInhalt:<\/strong> 100 ml = 2250 tropfen<\/p>\n<hr \/>\n<p><strong>Anmerkung:<\/strong> Im Falle einer Geb\u00e4rmutterentz\u00fcndung, welche sich vielfach in nicht tragend werden und \/oder Scheidenausfluss offenbart, ist es ratsam eine Scheidensp\u00fclung mit Bronscur zu machen. Scheintr\u00e4chtige Hunde w\u00e4hrend den L\u00e4ufigkeit Bronscur geben bis alle Symptomen weg sind. Zugleich die Milchleiste mit Spiergel einreiben zu Linderung von Schwellungen und Schmerzen.<\/p>\n<hr \/>\n<p><strong>Indikationen f\u00fcr Bronscur sind:<\/strong><\/p>\n<table border=\"0\">\n<tbody>\n<tr>\n<td><strong>Pferde\/Pony<\/strong><\/td>\n<td><strong>Hunde<\/strong><\/td>\n<td><strong>Katze<\/strong><\/td>\n<\/tr>\n<tr>\n<td>geb\u00e4rmutterentz\u00fcndung<\/td>\n<td>scheintracht<\/td>\n<td>geb\u00e4rmutterentz\u00fcndung<\/td>\n<\/tr>\n<tr>\n<td>anormalen Zyklus<\/td>\n<td>unfruchtbarkeit<\/td>\n<td>unfruchtbarkeit.<\/td>\n<\/tr>\n<tr>\n<td>zystischen Ver\u00e4nderungen der Eierst\u00f6cke<\/td>\n<td>geb\u00e4rmutterentz\u00fcndung<\/td>\n<td>anormalen Zyklus<\/td>\n<\/tr>\n<\/tbody>\n<\/table>\n","protected":false},"excerpt":{"rendered":"<p><b>Anwendung:<\/b> Geb\u00e4rmutterentz\u00fcndung, Scheintr\u00e4chtigkeit, unregelm\u00e4\u00dfiger Zyklus, Unfruchtbarkeit, Eierstockzysten, hormonelle Probleme (Nymphomanie, nicht rossig \/ l\u00e4ufig werden), Milchdr\u00fcsenentz\u00fcndung, Euterentz\u00fcndung.<\/p>\n","protected":false},"featured_media":1723,"template":"","meta":[],"product_brand":[],"product_cat":[50],"product_tag":[],"class_list":{"0":"post-1449","1":"product","2":"type-product","3":"status-publish","4":"has-post-thumbnail","6":"product_cat-homoopathische-arzneimittel","8":"first","9":"instock","10":"taxable","11":"shipping-taxable","12":"purchasable","13":"product-type-simple"},"_links":{"self":[{"href":"https:\/\/simicur.com\/de\/wp-json\/wp\/v2\/product\/1449","targetHints":{"allow":["GET"]}}],"collection":[{"href":"https:\/\/simicur.com\/de\/wp-json\/wp\/v2\/product"}],"about":[{"href":"https:\/\/simicur.com\/de\/wp-json\/wp\/v2\/types\/product"}],"wp:featuredmedia":[{"embeddable":true,"href":"https:\/\/simicur.com\/de\/wp-json\/wp\/v2\/media\/1723"}],"wp:attachment":[{"href":"https:\/\/simicur.com\/de\/wp-json\/wp\/v2\/media?parent=1449"}],"wp:term":[{"taxonomy":"product_brand","embeddable":true,"href":"https:\/\/simicur.com\/de\/wp-json\/wp\/v2\/product_brand?post=1449"},{"taxonomy":"product_cat","embeddable":true,"href":"https:\/\/simicur.com\/de\/wp-json\/wp\/v2\/product_cat?post=1449"},{"taxonomy":"product_tag","embeddable":true,"href":"https:\/\/simicur.com\/de\/wp-json\/wp\/v2\/product_tag?post=1449"}],"curies":[{"name":"wp","href":"https:\/\/api.w.org\/{rel}","templated":true}]}}