{"id":1450,"date":"2019-05-28T12:24:00","date_gmt":"2019-05-28T12:24:00","guid":{"rendered":"https:\/\/simicur.dalphes.com\/shop\/unkategorisiert\/arthricur\/"},"modified":"2025-10-30T22:08:23","modified_gmt":"2025-10-30T22:08:23","slug":"arthricur","status":"publish","type":"product","link":"https:\/\/simicur.com\/de\/shop\/homoopathische-arzneimittel\/arthricur\/","title":{"rendered":"Arthricur"},"content":{"rendered":"<p><strong>ARTHRICUR- compositum f\u00fcr Muskel und Gelenke<\/strong><\/p>\n<p>Arthricur ist eine hom\u00f6opathische Tinktur in eine 100 ml Tropfflasche von SIMICUR zur oralen Anwendung bei Hunden, Katzen, Pferden und Ponys.<br \/>\nArthricur ist auf der Basis von Hom\u00f6opathie und Phytotherapie aus stark verd\u00fcnnten Pflanzenextrakten zusammengesetzt:<\/p>\n<ul>\n<li>Rubia tinctorum D3 (entkrampfend und entw\u00e4ssernd<\/li>\n<li>Solidago virgaurum D3 (st\u00e4rkung der kapillarw\u00e4nde)<\/li>\n<li>Rhus toxicodendron D6 (muskelstoffwechsel, arthrose)<\/li>\n<\/ul>\n<hr \/>\n<p><strong>Anwendung:<\/strong> Anwendung: Dem Futter beigef\u00fcgt sorgt Arthricur f\u00fcr einen optimalen Muskelstoffwechsel und f\u00fcr eine starke Durchblutung der Muskeln und Gelenke. Durch diese Wirkung ist Arthricur bei Muskelsteifheit und Muskelverletzungen anwendbar, insbesondere bei Verspannungen und R\u00fcckenschmerzen. Weiterhin ist Arthricur indiziert bei Kreuzverslag, Muskelrisse, Prellungen und Schulterlahmheit. Durch die St\u00e4rkung der Durchblutung der Gelenkkapseln ist Arthricur ebenfalls das richtige Mittel zur Behandlung von steifen Gelenken infolge Arthrose.<\/p>\n<hr \/>\n<p><strong>Wirkung:<\/strong> Bei R\u00fcckenschmerzen und nach schwerer Anstrengung k\u00f6nnen Muskelverkrampfungen durch unm\u00e4\u00dfige H\u00e4ufung von Giftstoffen (Milchs\u00e4ure) in den Muskeln auftreten. Um Stoffwechsel und Durchblutung der Muskeln anzuregen und die Abfuhr von von giftigen Stoffen durch die Nieren zu verst\u00e4rken, ist Arthricur au\u00dferordentlich geeignet zur Anwendung bei steifen Muskeln und Kreuzverschlag. Arthrose ist eine chronische Entz\u00fcndung und Deformierung eines Gelenkes. Diese wird verursacht durch Anh\u00e4ufung von giftigen Stoffwechselprodukten in und um das Gelenk. Durch Verst\u00e4rkung der Durchblutung und Abfuhr dieser Stoffwechselprodukte ist Arthricur das geeignete Mittel bei steifen Gelenken infolge von Arthrose.<\/p>\n<hr \/>\n<p><strong>Dosierung:<\/strong> Arthricur soll oral durch das Futter, in das Trinkwasser oder direkt in das Maul in folgenden Dosierungen verabreicht werden:<\/p>\n<table border=\"0\" align=\"left\">\n<tbody>\n<tr>\n<td>Pferde\/Pony:<\/td>\n<td>2 x t\u00e4glich 30 Tropfen<\/td>\n<\/tr>\n<tr>\n<td>Hunde:<\/td>\n<td>2 x t\u00e4glich 15-25 Tropfen<\/td>\n<\/tr>\n<tr>\n<td>Katze:<\/td>\n<td>2 x t\u00e4glich 10-15 Tropfen<\/td>\n<\/tr>\n<\/tbody>\n<\/table>\n<p>&nbsp;<\/p>\n<p>&nbsp;<\/p>\n<p><strong><br \/>\nInhalt:<\/strong> 100 ml = 2250 tropfen<\/p>\n<hr \/>\n<p><strong>Anmerkung:<\/strong> W\u00e4hrend der Behandlung sollte man Ihr Tier normal bewegen und vor der Bewegung die verletzte Muskeln einmassieren mit Spiergel. Bei der Behandlung von Arthrose empfiehlt es sich Osteocur in Kombination mit Arthricur zu gebrauchen, weil Osteocur regulierend auf das Knochenger\u00fcst wirkt.<\/p>\n<hr \/>\n<p><strong>Indikationen f\u00fcr Arthricur sind:<\/strong><\/p>\n<table border=\"0\">\n<tbody>\n<tr>\n<td><strong>Pferde\/Pony<\/strong><\/td>\n<td><strong>Hunde<\/strong><\/td>\n<td><strong>Katze<\/strong><\/td>\n<\/tr>\n<tr>\n<td>r\u00fcckenschmerzen<\/td>\n<td>artrose<\/td>\n<td>artrose<\/td>\n<\/tr>\n<tr>\n<td>kreuzverslag<\/td>\n<td>muskelsteifheit<\/td>\n<td>muskelverletzungen.<\/td>\n<\/tr>\n<tr>\n<td>muskelrisse<\/td>\n<td>muskelverletzungen<\/td>\n<td><\/td>\n<\/tr>\n<tr>\n<td>artrose und schulterlahmheit<\/td>\n<\/tr>\n<\/tbody>\n<\/table>\n","protected":false},"excerpt":{"rendered":"<p><b>Anwendung:<\/b> R\u00fcckenschmerzen, &#8218;Kissing Spines&#8216;, Muskelschmerzen, Arthrose, steife Muskeln, Muskelverletzungen, Kreuzverschlag, Arthritis.<\/p>\n","protected":false},"featured_media":1721,"template":"","meta":[],"product_brand":[],"product_cat":[50],"product_tag":[],"class_list":{"0":"post-1450","1":"product","2":"type-product","3":"status-publish","4":"has-post-thumbnail","6":"product_cat-homoopathische-arzneimittel","8":"first","9":"instock","10":"taxable","11":"shipping-taxable","12":"purchasable","13":"product-type-simple"},"_links":{"self":[{"href":"https:\/\/simicur.com\/de\/wp-json\/wp\/v2\/product\/1450","targetHints":{"allow":["GET"]}}],"collection":[{"href":"https:\/\/simicur.com\/de\/wp-json\/wp\/v2\/product"}],"about":[{"href":"https:\/\/simicur.com\/de\/wp-json\/wp\/v2\/types\/product"}],"wp:featuredmedia":[{"embeddable":true,"href":"https:\/\/simicur.com\/de\/wp-json\/wp\/v2\/media\/1721"}],"wp:attachment":[{"href":"https:\/\/simicur.com\/de\/wp-json\/wp\/v2\/media?parent=1450"}],"wp:term":[{"taxonomy":"product_brand","embeddable":true,"href":"https:\/\/simicur.com\/de\/wp-json\/wp\/v2\/product_brand?post=1450"},{"taxonomy":"product_cat","embeddable":true,"href":"https:\/\/simicur.com\/de\/wp-json\/wp\/v2\/product_cat?post=1450"},{"taxonomy":"product_tag","embeddable":true,"href":"https:\/\/simicur.com\/de\/wp-json\/wp\/v2\/product_tag?post=1450"}],"curies":[{"name":"wp","href":"https:\/\/api.w.org\/{rel}","templated":true}]}}