{"id":1451,"date":"2019-05-28T11:42:25","date_gmt":"2019-05-28T11:42:25","guid":{"rendered":"https:\/\/simicur.dalphes.com\/shop\/unkategorisiert\/anemiacur\/"},"modified":"2025-10-30T22:08:24","modified_gmt":"2025-10-30T22:08:24","slug":"anemiacur","status":"publish","type":"product","link":"https:\/\/simicur.com\/de\/shop\/homoopathische-arzneimittel\/anemiacur\/","title":{"rendered":"Anemiacur"},"content":{"rendered":"<p><strong>ANEMIACUR &#8211; compositum f\u00fcr Kondition und Kreislauf<\/strong><br \/>\nAnemiacur ist eine hom\u00f6opathische Tinktur in eine 100 ml Tropfflasche von SIMICUR zur oralen Anwendung bei Hunden, Katzen, Pferden und Ponys. Anemiacur ist auf der Basis von Hom\u00f6opathie und Phytotherapie aus stark verd\u00fcnnten Pflanzenextrakten und Mineralien zusammengesetzt.<\/p>\n<ul>\n<li>Marrubium vulgare D3 (herstellung von erythrozyten)<\/li>\n<li>Arsenicum album D6 (stimulation des zellstoffwechsels)<\/li>\n<li>Ferrum phosphoricum D8 (blutarmut)<\/li>\n<li>Calcium phosphoricum D8 (konstitutionsmittel)<\/li>\n<\/ul>\n<hr \/>\n<p><strong>Anwendung:<\/strong> TDem Futter beigef\u00fcgt sorgt Anemiacur f\u00fcr einen optimalen Stoffwechsel, wodurch eine gesunde und normale Kondition und Blutbildung sichergestellt wird. Deshalb kann Anemiacur bei verminderter Kondition und Blutarmut verwendet werden. Anemiacur ist auch anwendbar bei M\u00fcdigkeit und verminderter Widerstandskraft. Anemiacur unterst\u00fctzt die nat\u00fcrliche Heilkraft des K\u00f6rp.<\/p>\n<hr \/>\n<p><strong>Wirkung:<\/strong> Die konstitutionsanregende Wirkung von Calcium fosforicum in Kombination mit der zellstoffwechselanregende Wirkung von Arsenicum album vertreibt die M\u00fcdigkeit. Durch das Aufheben der Blutarmut durch sowohl Marrubium als auch Ferrum fosforicum entsteht gleichzeitig eine bessere Kondition.<\/p>\n<hr \/>\n<p><strong>Dosierung:<\/strong> Anemiacur soll oral durch das Futter, in das Trinkwasser oder direkt in das Maul in folgenden Dosierungen verabreicht werden:<\/p>\n<table border=\"0\" align=\"left\">\n<tbody>\n<tr>\n<td>Pferde\/Pony:<\/td>\n<td>2 x t\u00e4glich 30 Tropfen<\/td>\n<\/tr>\n<tr>\n<td>Hunde:<\/td>\n<td>2 x t\u00e4glich 15-25 Tropfen<\/td>\n<\/tr>\n<tr>\n<td>Katze:<\/td>\n<td>2 x t\u00e4glich 10-15 Tropfen<\/td>\n<\/tr>\n<\/tbody>\n<\/table>\n<p>&nbsp;<\/p>\n<p>&nbsp;<\/p>\n<p><strong><br \/>\nInhalt:<\/strong> 100 ml = 2250 tropfen.<\/p>\n<hr \/>\n<p><strong>Indikationen f\u00fcr Anemiacur sind:<\/strong><\/p>\n<table border=\"0\">\n<tbody>\n<tr>\n<td><strong>Pferde\/Pony<\/strong><\/td>\n<td><strong>Hunde<\/strong><\/td>\n<td><strong>Katze<\/strong><\/td>\n<\/tr>\n<tr>\n<td>slechte kondition<\/td>\n<td>slechte kondition<\/td>\n<td>slechte kondition<\/td>\n<\/tr>\n<tr>\n<td>blutarmut<\/td>\n<td>blutarmut<\/td>\n<td>blutarmut<\/td>\n<\/tr>\n<tr>\n<td>schwache kreislauf<\/td>\n<td>schwache kreislau<\/td>\n<td>schwache kreislau<\/td>\n<\/tr>\n<\/tbody>\n<\/table>\n","protected":false},"excerpt":{"rendered":"<p><b>Anwendung:<\/b> Blutarmut (An\u00e4mie), schwacher Blutkreislauf, schlechte Kondition, schwacher Herzschlag.<\/p>\n","protected":false},"featured_media":1719,"template":"","meta":[],"product_brand":[],"product_cat":[50],"product_tag":[],"class_list":{"0":"post-1451","1":"product","2":"type-product","3":"status-publish","4":"has-post-thumbnail","6":"product_cat-homoopathische-arzneimittel","8":"first","9":"instock","10":"taxable","11":"shipping-taxable","12":"purchasable","13":"product-type-simple"},"_links":{"self":[{"href":"https:\/\/simicur.com\/de\/wp-json\/wp\/v2\/product\/1451","targetHints":{"allow":["GET"]}}],"collection":[{"href":"https:\/\/simicur.com\/de\/wp-json\/wp\/v2\/product"}],"about":[{"href":"https:\/\/simicur.com\/de\/wp-json\/wp\/v2\/types\/product"}],"wp:featuredmedia":[{"embeddable":true,"href":"https:\/\/simicur.com\/de\/wp-json\/wp\/v2\/media\/1719"}],"wp:attachment":[{"href":"https:\/\/simicur.com\/de\/wp-json\/wp\/v2\/media?parent=1451"}],"wp:term":[{"taxonomy":"product_brand","embeddable":true,"href":"https:\/\/simicur.com\/de\/wp-json\/wp\/v2\/product_brand?post=1451"},{"taxonomy":"product_cat","embeddable":true,"href":"https:\/\/simicur.com\/de\/wp-json\/wp\/v2\/product_cat?post=1451"},{"taxonomy":"product_tag","embeddable":true,"href":"https:\/\/simicur.com\/de\/wp-json\/wp\/v2\/product_tag?post=1451"}],"curies":[{"name":"wp","href":"https:\/\/api.w.org\/{rel}","templated":true}]}}