{"id":1452,"date":"2019-05-27T12:25:36","date_gmt":"2019-05-27T12:25:36","guid":{"rendered":"https:\/\/simicur.dalphes.com\/shop\/unkategorisiert\/allergicur\/"},"modified":"2025-10-30T22:08:24","modified_gmt":"2025-10-30T22:08:24","slug":"allergicur","status":"publish","type":"product","link":"https:\/\/simicur.com\/de\/shop\/homoopathische-arzneimittel\/allergicur\/","title":{"rendered":"Allergicur"},"content":{"rendered":"<p><strong>Allergicur, hom\u00f6opathisches Tierarzneimittel zur Behandlung von Juckreiz und Allergie<\/strong><\/p>\n<p><b>Allergicur besteht aus:<\/b><\/p>\n<ul>\n<li>Apis mellifica D6 (entz\u00fcndungshemmend)<\/li>\n<li>Carbo mineralis D6 (wirkung auf Haut und Haare)<\/li>\n<li>Calendula off. D3 (ntz\u00fcndungshemmend, wundheilend)<\/li>\n<\/ul>\n<hr \/>\n<p><strong>Anwendung:<\/strong> Dem Futter beigef\u00fcgt f\u00fchrt Allergicur zu einer gesunden und normalen Reaktion auf Allergene. Darum kann Allergicur bei allergischen Reaktionen angewendet werden, die mit Juckreiz und Hautschuppung einhergehen. Insbesondere bei Hautallergien, wie Sommerekzem bei Pferden und Futter- und\/ oder Flohallergie bei Hunden oder Katzen. Allergicur ist auch anwendbar bei \u00dcberempfindlichkeit der Lungen und Atemwege (allergisches Asthma) und bei allergischer \u00dcberempfindlichkeit der D\u00e4rme (Darmkr\u00e4mpfe).<\/p>\n<hr \/>\n<p><strong>Wirkung:<\/strong> Die entz\u00fcndungshemmende Wirkung von Apis mellifica, speziell auf allergische Reaktionen im K\u00f6rper, wird unterst\u00fctzt durch die heilende Wirkung von Calendula und die st\u00e4rkende Wirkung von Carbo mineralis auf das Bindegewebe.<\/p>\n<hr \/>\n<p><strong>Dosierung:<\/strong> Allergicur oral \u00fcber das Futter, \u00fcber das Trinkwasser oder direkt ins Maul in folgender Dosierung verabreichen:<\/p>\n<table border=\"0\" align=\"left\">\n<tbody>\n<tr>\n<td>Pferde\/Pony:<\/td>\n<td>2 x t\u00e4glich 30 Tropfen<\/td>\n<\/tr>\n<tr>\n<td>Hunde:<\/td>\n<td>2 x t\u00e4glich 15-25 Tropfen<\/td>\n<\/tr>\n<tr>\n<td>Katze:<\/td>\n<td>2 x t\u00e4glich 10-15 Tropfen<\/td>\n<\/tr>\n<\/tbody>\n<\/table>\n<p>&nbsp;<\/p>\n<p>&nbsp;<\/p>\n<p><strong><br \/>\nInhalt:<\/strong> 100 ml = 2250 tropfen<\/p>\n<hr \/>\n<p><strong>Hinweis:<\/strong> Pferden, die anf\u00e4llig f\u00fcr Schweif- und M\u00e4hnenekzem sind n\u00fctzt es schon, weit vor dem Sommer (im M\u00e4rz) mit Allergicur behandelt zu werden, damit sich keine allergischen Reaktionen entwickeln. Es empfiehlt sich, diese Pferde w\u00e4hrend des ganzen Sommers (bis September) zu behandeln, in Kombination mit SIMICUR Haut\u00f6l gegen den Juckreiz.<\/p>\n<hr \/>\n<p><strong>Hinweis:<\/strong> Einige Tage nach Beginn der Behandlung kann eine Verschlimmerung der Symptome auftreten, wie Nesselsucht oder Verschlimmerung des Hustens. Diese Verschlimmerung ist eine vor\u00fcbergehende Erscheinung, es ist aber in diesen F\u00e4llen vern\u00fcnftig die Behandlung 1-2 Tage auszusetzen, um daraufhin dieselbe Behandlung fortzuf\u00fchren.<\/p>\n<hr \/>\n<p><strong>Indikationen f\u00fcr die Anwendung von Allergicur:<\/strong><\/p>\n<table border=\"0\">\n<tbody>\n<tr>\n<td><strong>Pferde\/Pony<\/strong><\/td>\n<td><strong>Hund<\/strong><\/td>\n<td><strong>Katze<\/strong><\/td>\n<\/tr>\n<tr>\n<td>Sommerekzem<\/td>\n<td>Flohallergie<\/td>\n<td>Flohallergie<\/td>\n<\/tr>\n<tr>\n<td>Asthmatische Bronchitis<\/td>\n<td>Allergie \/ Juckreiz<\/td>\n<td>Allergie \/ Juckreiz<\/td>\n<\/tr>\n<tr>\n<td>Empfindliche Haut\/ Juckreiz<\/td>\n<td>Asthma<\/td>\n<td>Asthma<\/td>\n<\/tr>\n<tr>\n<td>Urtikaria \/ Nesselsucht<\/td>\n<td>Futterallergie<\/td>\n<td>Futterallergie<\/td>\n<\/tr>\n<\/tbody>\n<\/table>\n","protected":false},"excerpt":{"rendered":"<p><strong>Anwendung:<\/strong> Sommerekzem, Scheuern von Schweif und M\u00e4hne, \u00dcberempfindlichkeit gegen Fliegen, Juckreiz und Hautschuppung infolge einer Allergie (Futter, Kontakt), Juckreiz, Allergie (Fl\u00f6he, Staub), asthmatische Bronchitis, Futterallergie, Urtikaria \/ Gallenbeulen.<\/p>\n","protected":false},"featured_media":1717,"template":"","meta":[],"product_brand":[],"product_cat":[50],"product_tag":[],"class_list":{"0":"post-1452","1":"product","2":"type-product","3":"status-publish","4":"has-post-thumbnail","6":"product_cat-homoopathische-arzneimittel","8":"first","9":"instock","10":"taxable","11":"shipping-taxable","12":"purchasable","13":"product-type-simple"},"_links":{"self":[{"href":"https:\/\/simicur.com\/de\/wp-json\/wp\/v2\/product\/1452","targetHints":{"allow":["GET"]}}],"collection":[{"href":"https:\/\/simicur.com\/de\/wp-json\/wp\/v2\/product"}],"about":[{"href":"https:\/\/simicur.com\/de\/wp-json\/wp\/v2\/types\/product"}],"wp:featuredmedia":[{"embeddable":true,"href":"https:\/\/simicur.com\/de\/wp-json\/wp\/v2\/media\/1717"}],"wp:attachment":[{"href":"https:\/\/simicur.com\/de\/wp-json\/wp\/v2\/media?parent=1452"}],"wp:term":[{"taxonomy":"product_brand","embeddable":true,"href":"https:\/\/simicur.com\/de\/wp-json\/wp\/v2\/product_brand?post=1452"},{"taxonomy":"product_cat","embeddable":true,"href":"https:\/\/simicur.com\/de\/wp-json\/wp\/v2\/product_cat?post=1452"},{"taxonomy":"product_tag","embeddable":true,"href":"https:\/\/simicur.com\/de\/wp-json\/wp\/v2\/product_tag?post=1452"}],"curies":[{"name":"wp","href":"https:\/\/api.w.org\/{rel}","templated":true}]}}