{"id":4826,"date":"2020-07-16T20:52:39","date_gmt":"2020-07-16T20:52:39","guid":{"rendered":"https:\/\/simicur.com\/?post_type=product&#038;p=4826"},"modified":"2025-10-30T22:08:09","modified_gmt":"2025-10-30T22:08:09","slug":"traumacur","status":"publish","type":"product","link":"https:\/\/simicur.com\/de\/shop\/homoopathische-arzneimittel\/traumacur\/","title":{"rendered":"Traumacur"},"content":{"rendered":"<p><strong>TRAUMACUR &#8211; compositum f\u00fcr Schmerzen und Prellung<\/strong><\/p>\n<p>Traumacur ist eine hom\u00f6opathische Tinktur in eine 100 ml Tropfflasche von SIMICUR zur oralen Anwendung bei Hunden, Katzen, Pferden und Ponys.<br \/>\nTraumacur ist auf der Basis von Hom\u00f6opathie und Phytotherapie aus stark verd\u00fcnnten Pflanzenextrakten zusammengesetzt:<\/p>\n<ul>\n<li>Arnica montana D6 (entz\u00fcndungshemmend, Resorptionsmittel)<\/li>\n<li>Hypericum perf. D3 (Nervenschmerzen durch Verletzungen)<\/li>\n<\/ul>\n<hr \/>\n<p><strong>Anwendung:<\/strong> Dem Futter beigef\u00fcgt wirkt Traumacur regulierend auf traumatische Folgen mit Gewebebesch\u00e4digung wie Verletzungen, Bluterg\u00fcsse und Verrenkungen. Traumacur ist anzuwenden bei der Behandlung einer Verletzung (Schnittwunde, Drahtwunde und Prellung) und zur Nachbehandlung bei einer langsamen Heilung (nach einer Operation). Durch die schmerzstillende Wirkung ist Traumacur ebenfalls indiziert bei einem schmerzenden und steifen Genick und bei sonstigen schmerzenden Gelenkproblemen.<\/p>\n<hr \/>\n<p><strong>Wirkung:<\/strong> Arnica montana wirkt entz\u00fcndungshemmend, blutstillend, resorbtionssteigernd und gewebewiederherstellend. Durch die Kombination mit Hypericum perforatum, beschleunigt Traumacur die Wundheilung und stillt den Schmerz. Traumacur kann deshalb auch eingesetzt werden zur Nachbehandlung bei einer verz\u00f6gerten Heilung (nach einer Operation).<\/p>\n<hr \/>\n<p><strong>Dosierung:<\/strong> Traumacur soll oral durch das Futter, in das Trinkwasser oder direkt in das Maul in folgenden Dosierungen verabreicht werden:<\/p>\n<table border=\"0\" align=\"left\">\n<tbody>\n<tr>\n<td>Pferde\/Pony:<\/td>\n<td>2 x t\u00e4glich 30 Tropfen<\/td>\n<\/tr>\n<tr>\n<td>Hunde:<\/td>\n<td>2 x t\u00e4glich 15-25 Tropfen<\/td>\n<\/tr>\n<tr>\n<td>Katze:<\/td>\n<td>2 x t\u00e4glich 10-15 Tropfen<\/td>\n<\/tr>\n<\/tbody>\n<\/table>\n<p><strong><br \/>\nInhalt:<\/strong> 100 ml = 2250 tropfen<\/p>\n<hr \/>\n<p><strong>Anmerkung:<\/strong> Drei Tagen vor einer Operation Traumacur zweimal t\u00e4glich verabreichen beschleunigt die Heilung.<\/p>\n<hr \/>\n<p><strong>Indikationen f\u00fcr Tramacur sind:<\/strong><\/p>\n<table border=\"0\">\n<tbody>\n<tr>\n<td><strong>Pferde\/Pony<\/strong><\/td>\n<td><strong>Hunde<\/strong><\/td>\n<td><strong>Katze<\/strong><\/td>\n<\/tr>\n<tr>\n<td>verrenkungen<\/td>\n<td>verrenkungen<\/td>\n<td>verrenkungen<\/td>\n<\/tr>\n<tr>\n<td>schnittwunde<\/td>\n<td>schnittwunde<\/td>\n<td>schnittwunde<\/td>\n<\/tr>\n<tr>\n<td>drahtwunde und prellung<\/td>\n<td>drahtwunde und prellung<\/td>\n<td>drahtwunde und prellung<\/td>\n<\/tr>\n<tr>\n<td>schmerze<\/td>\n<td>schmerze<\/td>\n<td>schmerze<\/td>\n<\/tr>\n<tr>\n<td>artrose<\/td>\n<td>artrose effekt auf das verhalten von r\u00fcden<\/td>\n<td>artrose<\/td>\n<\/tr>\n<tr>\n<td>bluterg\u00fcsse<\/td>\n<td><\/td>\n<td><\/td>\n<\/tr>\n<\/tbody>\n<\/table>\n","protected":false},"excerpt":{"rendered":"<p><strong>Anwendung:<\/strong> Schmerzen, Zerrungen und Verstauchungen, Verletzung, Bluterguss (H\u00e4matom), Arthrose und Unfall, Wunden (Bisswunde, Schnittwunde, Drahtwunde), Nachbehandlung von Operationswunden, Entz\u00fcndung der Blutgef\u00e4\u00dfe, schmerzender steifer Nacken.    <\/p>\n","protected":false},"featured_media":1751,"template":"","meta":[],"product_brand":[],"product_cat":[50],"product_tag":[],"class_list":{"0":"post-4826","1":"product","2":"type-product","3":"status-publish","4":"has-post-thumbnail","6":"product_cat-homoopathische-arzneimittel","8":"first","9":"instock","10":"taxable","11":"shipping-taxable","12":"purchasable","13":"product-type-simple"},"_links":{"self":[{"href":"https:\/\/simicur.com\/de\/wp-json\/wp\/v2\/product\/4826","targetHints":{"allow":["GET"]}}],"collection":[{"href":"https:\/\/simicur.com\/de\/wp-json\/wp\/v2\/product"}],"about":[{"href":"https:\/\/simicur.com\/de\/wp-json\/wp\/v2\/types\/product"}],"wp:featuredmedia":[{"embeddable":true,"href":"https:\/\/simicur.com\/de\/wp-json\/wp\/v2\/media\/1751"}],"wp:attachment":[{"href":"https:\/\/simicur.com\/de\/wp-json\/wp\/v2\/media?parent=4826"}],"wp:term":[{"taxonomy":"product_brand","embeddable":true,"href":"https:\/\/simicur.com\/de\/wp-json\/wp\/v2\/product_brand?post=4826"},{"taxonomy":"product_cat","embeddable":true,"href":"https:\/\/simicur.com\/de\/wp-json\/wp\/v2\/product_cat?post=4826"},{"taxonomy":"product_tag","embeddable":true,"href":"https:\/\/simicur.com\/de\/wp-json\/wp\/v2\/product_tag?post=4826"}],"curies":[{"name":"wp","href":"https:\/\/api.w.org\/{rel}","templated":true}]}}